{"id":11517,"date":"2023-08-29T09:51:01","date_gmt":"2023-08-29T07:51:01","guid":{"rendered":"https:\/\/hifmb.de\/institut\/culture\/"},"modified":"2024-05-15T12:53:48","modified_gmt":"2024-05-15T10:53:48","slug":"culture","status":"publish","type":"page","link":"https:\/\/hifmb.de\/de\/institut\/culture\/","title":{"rendered":"Kultur"},"content":{"rendered":"\n<div class=\"wp-block-theme-spacer  height-xxs\"><\/div>\n\n\n\n<div class=\"wp-block-group is-style-cards-wrapper-3 p-0 is-layout-constrained wp-container-core-group-is-layout-41e695cb wp-block-group-is-layout-constrained\" style=\"margin-top:0;margin-bottom:0;padding-top:0;padding-right:0;padding-bottom:0;padding-left:0\">\n<div class=\"wp-block-group is-style-card has-primary-background-color has-background is-layout-flow wp-block-group-is-layout-flow\">\n<figure class=\"wp-block-image size-full\"><img loading=\"lazy\" decoding=\"async\" width=\"562\" height=\"562\" src=\"https:\/\/hifmb.de\/wp-content\/uploads\/2024\/05\/underwater-694612_1280.jpg\" alt=\"\" class=\"wp-image-13272\" srcset=\"https:\/\/hifmb.de\/wp-content\/uploads\/2024\/05\/underwater-694612_1280.jpg 562w, https:\/\/hifmb.de\/wp-content\/uploads\/2024\/05\/underwater-694612_1280-328x328.jpg 328w, https:\/\/hifmb.de\/wp-content\/uploads\/2024\/05\/underwater-694612_1280-150x150.jpg 150w\" sizes=\"auto, (max-width: 562px) 100vw, 562px\" \/><\/figure>\n\n\n\n<h3 class=\"wp-block-heading\"><a href=\"https:\/\/hifmb.de\/institute\/culture\/social-and-cultural-contract-of-hifmb\/\">Social and Cultural Contract<\/a><\/h3>\n<\/div>\n\n\n\n<div class=\"wp-block-group is-style-card has-primary-background-color has-background is-layout-flow wp-block-group-is-layout-flow\">\n<figure class=\"wp-block-image size-full\"><img loading=\"lazy\" decoding=\"async\" width=\"562\" height=\"562\" src=\"https:\/\/hifmb.de\/wp-content\/uploads\/2024\/05\/Screenshot-2024-05-15-121026.png\" alt=\"\" class=\"wp-image-13270\" srcset=\"https:\/\/hifmb.de\/wp-content\/uploads\/2024\/05\/Screenshot-2024-05-15-121026.png 562w, https:\/\/hifmb.de\/wp-content\/uploads\/2024\/05\/Screenshot-2024-05-15-121026-328x328.png 328w, https:\/\/hifmb.de\/wp-content\/uploads\/2024\/05\/Screenshot-2024-05-15-121026-150x150.png 150w\" sizes=\"auto, (max-width: 562px) 100vw, 562px\" \/><\/figure>\n\n\n\n<h3 class=\"wp-block-heading\"><a href=\"https:\/\/hifmb.de\/de\/institut\/pot\/\">Persons of Trust Team<\/a><\/h3>\n<\/div>\n<\/div>\n\n\n\n<div class=\"wp-block-theme-spacer\"><\/div>\n\n\n\n<p>Das HIFMB besch\u00e4ftigt eine internationale Gemeinschaft von Forschenden und Mitarbeitenden unterschiedlicher geografischer, kultureller und geschlechtsspezifischer Herkunft. Neben unserem Auftrag, Spitzenleistungen in Forschung und Lehre zu erbringen, ist das HIFMB bestrebt, <strong>ein gesundes Arbeitsumfeld f\u00fcr alle<\/strong> zu schaffen.<\/p>\n\n\n\n<p>Als Gemeinschaft sind wir uns bewusst, dass Belange, die f\u00fcr das Wohlergehen einer Person entscheidend sind, f\u00fcr eine andere Person unwichtig erscheinen k\u00f6nnen. <strong>Ein solidarisches und gesundes Umfeld erfordert daher zus\u00e4tzliche Anstrengungen von jedem einzelnen Mitglied<\/strong>. Wir sind uns auch bewusst, dass dies Zeit und kontinuierliches Lernen erfordert.<\/p>\n\n\n\n<p>Wir n\u00e4hern uns diesem Ziel aus verschiedenen Richtungen.<\/p>\n\n\n\n<p>Am Institut sind wir besonders um die <strong>psychische Gesundheit junger Forschender <\/strong>bem\u00fcht. Deshalb bieten wir Workshops an, deren Themen von der t\u00e4glichen Motivation \u00fcber den Umgang mit Frustration und \u00c4ngsten bis hin zur F\u00f6rderung einer gesunden Fehlerkultur reichen. Unser Ziel ist es, den Teammitgliedern Werkzeuge an die Hand zu geben, die<strong> zu einer erfolgreichen und widerstandsf\u00e4higen akademischen Gemeinschaft beitragen<\/strong>.<\/p>\n\n\n\n<p>Dar\u00fcber hinaus haben wir f\u00fcr uns am HIFMB einen &#8220;<strong>Sozialen und kulturellen Vertrag<\/strong>&#8221; erarbeitet. Wir sind uns bewusst, dass es sich dabei um ein unvollst\u00e4ndiges und sich weiterentwickelndes Dokument handelt.<\/p>\n\n\n\n<div class=\"wp-block-columns is-layout-flex wp-container-core-columns-is-layout-9d6595d7 wp-block-columns-is-layout-flex\">\n<div class=\"wp-block-column is-layout-flow wp-block-column-is-layout-flow\" style=\"flex-basis:25%\"><\/div>\n\n\n\n<div class=\"wp-block-column is-layout-flow wp-block-column-is-layout-flow\" style=\"flex-basis:50%\">\n<div class=\"wp-block-buttons is-layout-flex wp-block-buttons-is-layout-flex\">\n<div class=\"wp-block-button has-custom-width wp-block-button__width-100\"><a class=\"wp-block-button__link wp-element-button\" href=\"https:\/\/hifmb.de\/institute\/culture\/social-and-cultural-contract-of-hifmb\/\">Zum &#8220;Social and <br>Cultural Contract&#8221; (englisch)<\/a><\/div>\n<\/div>\n<\/div>\n\n\n\n<div class=\"wp-block-column is-layout-flow wp-block-column-is-layout-flow\" style=\"flex-basis:25%\"><\/div>\n<\/div>\n\n\n\n<p>Unser Team von <strong>Vertrauenspersonen<\/strong> dient als niederschwellige und informelle Anlaufstelle f\u00fcr aktuelle und akute Anliegen aller HIFMB-Mitarbeiterinnen und -Mitarbeiter. Sie beraten und unterst\u00fctzen bei der Suche nach einer dauerhaften und befriedigenden L\u00f6sung des jeweiligen Anliegens oder Konflikts und geben Auskunft \u00fcber bestehende Anlaufstellen oder Unterst\u00fctzungszentren.<\/p>\n\n\n\n<div class=\"wp-block-columns is-layout-flex wp-container-core-columns-is-layout-9d6595d7 wp-block-columns-is-layout-flex\">\n<div class=\"wp-block-column is-layout-flow wp-block-column-is-layout-flow\" style=\"flex-basis:25%\"><\/div>\n\n\n\n<div class=\"wp-block-column is-layout-flow wp-block-column-is-layout-flow\" style=\"flex-basis:50%\">\n<div class=\"wp-block-buttons is-layout-flex wp-block-buttons-is-layout-flex\">\n<div class=\"wp-block-button has-custom-width wp-block-button__width-100\"><a class=\"wp-block-button__link wp-element-button\" href=\"https:\/\/hifmb.de\/de\/institut\/pot\/\">Mehr \u00fcber das <br>Persons of Trust Team<\/a><\/div>\n<\/div>\n<\/div>\n\n\n\n<div class=\"wp-block-column is-layout-flow wp-block-column-is-layout-flow\" style=\"flex-basis:25%\"><\/div>\n<\/div>\n\n\n\n<div class=\"wp-block-buttons is-layout-flex wp-block-buttons-is-layout-flex\"><\/div>\n\n\n\n<div class=\"wp-block-theme-spacer  height-xxxxl\"><\/div>\n","protected":false},"excerpt":{"rendered":"<p>Social and Cultural Contract<\/p>\n<p>Persons of Trust Team<\/p>\n<p>Das HIFMB besch\u00e4ftigt eine internationale Gemeinschaft von Forschenden und Mitarbeitenden unterschiedlicher geografischer, kultureller und geschlechtsspezifischer Herkunft. Neben unserem Auftrag, Spitzenleistungen in Forschung und Lehre zu erbringen, ist das HIFMB bestrebt, ein gesundes Arbeitsumfeld f\u00fcr alle zu schaffen.<\/p>\n<p>Als Gemeinschaft sind wir uns bewusst, dass Belange, die f\u00fcr das Wohlergehen einer &#8230;<\/p>\n<p><a class=\"btn btn-primary theme-read-more-link mt-3 no-link-style\"\n                    href=\"https:\/\/hifmb.de\/de\/institut\/culture\/\"\n                    aria-describedby=\"teaser-headline-11517\">Weiterlesen<\/a><\/p>\n","protected":false},"author":2,"featured_media":11417,"parent":3167,"menu_order":4,"comment_status":"closed","ping_status":"closed","template":"","meta":{"_acf_changed":false,"footnotes":""},"class_list":["post-11517","page","type-page","status-publish","has-post-thumbnail","hentry"],"acf":[],"yoast_head":"<!-- This site is optimized with the Yoast SEO plugin v27.4 - https:\/\/yoast.com\/product\/yoast-seo-wordpress\/ -->\n<title>Kultur - HIFMB Oldenburg<\/title>\n<meta name=\"robots\" content=\"index, follow, max-snippet:-1, max-image-preview:large, max-video-preview:-1\" \/>\n<link rel=\"canonical\" href=\"https:\/\/hifmb.de\/de\/institut\/culture\/\" \/>\n<meta property=\"og:locale\" content=\"de_DE\" \/>\n<meta property=\"og:type\" content=\"article\" \/>\n<meta property=\"og:title\" content=\"Kultur - HIFMB Oldenburg\" \/>\n<meta property=\"og:description\" content=\"Social and Cultural Contract     Persons of Trust Team     Das HIFMB besch\u00e4ftigt eine internationale Gemeinschaft von Forschenden und Mitarbeitenden unterschiedlicher geografischer, kultureller und geschlechtsspezifischer Herkunft. Neben unserem Auftrag, Spitzenleistungen in Forschung und Lehre zu erbringen, ist das HIFMB bestrebt, ein gesundes Arbeitsumfeld f\u00fcr alle zu schaffen.  Als Gemeinschaft sind wir uns bewusst, dass Belange, die f\u00fcr das Wohlergehen einer ...Weiterlesen\" \/>\n<meta property=\"og:url\" content=\"https:\/\/hifmb.de\/de\/institut\/culture\/\" \/>\n<meta property=\"og:site_name\" content=\"HIFMB Oldenburg\" \/>\n<meta property=\"article:modified_time\" content=\"2024-05-15T10:53:48+00:00\" \/>\n<meta property=\"og:image\" content=\"https:\/\/hifmb.de\/wp-content\/uploads\/2023\/08\/Culture_HIFMBTeam2.png\" \/>\n\t<meta property=\"og:image:width\" content=\"2560\" \/>\n\t<meta property=\"og:image:height\" content=\"720\" \/>\n\t<meta property=\"og:image:type\" content=\"image\/png\" \/>\n<meta name=\"twitter:card\" content=\"summary_large_image\" \/>\n<meta name=\"twitter:label1\" content=\"Est. reading time\" \/>\n\t<meta name=\"twitter:data1\" content=\"2 minutes\" \/>\n<script type=\"application\/ld+json\" class=\"yoast-schema-graph\">{\"@context\":\"https:\\\/\\\/schema.org\",\"@graph\":[{\"@type\":\"WebPage\",\"@id\":\"https:\\\/\\\/hifmb.de\\\/de\\\/institut\\\/culture\\\/\",\"url\":\"https:\\\/\\\/hifmb.de\\\/de\\\/institut\\\/culture\\\/\",\"name\":\"Kultur - HIFMB Oldenburg\",\"isPartOf\":{\"@id\":\"https:\\\/\\\/hifmb.de\\\/de\\\/#website\"},\"primaryImageOfPage\":{\"@id\":\"https:\\\/\\\/hifmb.de\\\/de\\\/institut\\\/culture\\\/#primaryimage\"},\"image\":{\"@id\":\"https:\\\/\\\/hifmb.de\\\/de\\\/institut\\\/culture\\\/#primaryimage\"},\"thumbnailUrl\":\"https:\\\/\\\/hifmb.de\\\/wp-content\\\/uploads\\\/2023\\\/08\\\/Culture_HIFMBTeam2.png\",\"datePublished\":\"2023-08-29T07:51:01+00:00\",\"dateModified\":\"2024-05-15T10:53:48+00:00\",\"breadcrumb\":{\"@id\":\"https:\\\/\\\/hifmb.de\\\/de\\\/institut\\\/culture\\\/#breadcrumb\"},\"inLanguage\":\"de-DE\",\"potentialAction\":[{\"@type\":\"ReadAction\",\"target\":[\"https:\\\/\\\/hifmb.de\\\/de\\\/institut\\\/culture\\\/\"]}]},{\"@type\":\"ImageObject\",\"inLanguage\":\"de-DE\",\"@id\":\"https:\\\/\\\/hifmb.de\\\/de\\\/institut\\\/culture\\\/#primaryimage\",\"url\":\"https:\\\/\\\/hifmb.de\\\/wp-content\\\/uploads\\\/2023\\\/08\\\/Culture_HIFMBTeam2.png\",\"contentUrl\":\"https:\\\/\\\/hifmb.de\\\/wp-content\\\/uploads\\\/2023\\\/08\\\/Culture_HIFMBTeam2.png\",\"width\":2560,\"height\":720,\"caption\":\"Group photo of HIFMB team\"},{\"@type\":\"BreadcrumbList\",\"@id\":\"https:\\\/\\\/hifmb.de\\\/de\\\/institut\\\/culture\\\/#breadcrumb\",\"itemListElement\":[{\"@type\":\"ListItem\",\"position\":1,\"name\":\"Home\",\"item\":\"https:\\\/\\\/hifmb.de\\\/de\\\/\"},{\"@type\":\"ListItem\",\"position\":2,\"name\":\"Institut\",\"item\":\"https:\\\/\\\/hifmb.de\\\/de\\\/institut\\\/\"},{\"@type\":\"ListItem\",\"position\":3,\"name\":\"Kultur\"}]},{\"@type\":\"WebSite\",\"@id\":\"https:\\\/\\\/hifmb.de\\\/de\\\/#website\",\"url\":\"https:\\\/\\\/hifmb.de\\\/de\\\/\",\"name\":\"HIFMB Oldenburg\",\"description\":\"The Helmholtz Institute for Functional Marine Biodiversity (HIFMB)\",\"publisher\":{\"@id\":\"https:\\\/\\\/hifmb.de\\\/de\\\/#organization\"},\"potentialAction\":[{\"@type\":\"SearchAction\",\"target\":{\"@type\":\"EntryPoint\",\"urlTemplate\":\"https:\\\/\\\/hifmb.de\\\/de\\\/?s={search_term_string}\"},\"query-input\":{\"@type\":\"PropertyValueSpecification\",\"valueRequired\":true,\"valueName\":\"search_term_string\"}}],\"inLanguage\":\"de-DE\"},{\"@type\":\"Organization\",\"@id\":\"https:\\\/\\\/hifmb.de\\\/de\\\/#organization\",\"name\":\"HIFMB Oldenburg\",\"url\":\"https:\\\/\\\/hifmb.de\\\/de\\\/\",\"logo\":{\"@type\":\"ImageObject\",\"inLanguage\":\"de-DE\",\"@id\":\"https:\\\/\\\/hifmb.de\\\/de\\\/#\\\/schema\\\/logo\\\/image\\\/\",\"url\":\"https:\\\/\\\/hifmb.de\\\/wp-content\\\/uploads\\\/2021\\\/01\\\/hifmb-logo-neg-de.svg\",\"contentUrl\":\"https:\\\/\\\/hifmb.de\\\/wp-content\\\/uploads\\\/2021\\\/01\\\/hifmb-logo-neg-de.svg\",\"width\":300,\"height\":87,\"caption\":\"HIFMB Oldenburg\"},\"image\":{\"@id\":\"https:\\\/\\\/hifmb.de\\\/de\\\/#\\\/schema\\\/logo\\\/image\\\/\"}}]}<\/script>\n<!-- \/ Yoast SEO plugin. -->","yoast_head_json":{"title":"Kultur - HIFMB Oldenburg","robots":{"index":"index","follow":"follow","max-snippet":"max-snippet:-1","max-image-preview":"max-image-preview:large","max-video-preview":"max-video-preview:-1"},"canonical":"https:\/\/hifmb.de\/de\/institut\/culture\/","og_locale":"de_DE","og_type":"article","og_title":"Kultur - HIFMB Oldenburg","og_description":"Social and Cultural Contract     Persons of Trust Team     Das HIFMB besch\u00e4ftigt eine internationale Gemeinschaft von Forschenden und Mitarbeitenden unterschiedlicher geografischer, kultureller und geschlechtsspezifischer Herkunft. Neben unserem Auftrag, Spitzenleistungen in Forschung und Lehre zu erbringen, ist das HIFMB bestrebt, ein gesundes Arbeitsumfeld f\u00fcr alle zu schaffen.  Als Gemeinschaft sind wir uns bewusst, dass Belange, die f\u00fcr das Wohlergehen einer ...Weiterlesen","og_url":"https:\/\/hifmb.de\/de\/institut\/culture\/","og_site_name":"HIFMB Oldenburg","article_modified_time":"2024-05-15T10:53:48+00:00","og_image":[{"width":2560,"height":720,"url":"https:\/\/hifmb.de\/wp-content\/uploads\/2023\/08\/Culture_HIFMBTeam2.png","type":"image\/png"}],"twitter_card":"summary_large_image","twitter_misc":{"Est. reading time":"2 minutes"},"schema":{"@context":"https:\/\/schema.org","@graph":[{"@type":"WebPage","@id":"https:\/\/hifmb.de\/de\/institut\/culture\/","url":"https:\/\/hifmb.de\/de\/institut\/culture\/","name":"Kultur - HIFMB Oldenburg","isPartOf":{"@id":"https:\/\/hifmb.de\/de\/#website"},"primaryImageOfPage":{"@id":"https:\/\/hifmb.de\/de\/institut\/culture\/#primaryimage"},"image":{"@id":"https:\/\/hifmb.de\/de\/institut\/culture\/#primaryimage"},"thumbnailUrl":"https:\/\/hifmb.de\/wp-content\/uploads\/2023\/08\/Culture_HIFMBTeam2.png","datePublished":"2023-08-29T07:51:01+00:00","dateModified":"2024-05-15T10:53:48+00:00","breadcrumb":{"@id":"https:\/\/hifmb.de\/de\/institut\/culture\/#breadcrumb"},"inLanguage":"de-DE","potentialAction":[{"@type":"ReadAction","target":["https:\/\/hifmb.de\/de\/institut\/culture\/"]}]},{"@type":"ImageObject","inLanguage":"de-DE","@id":"https:\/\/hifmb.de\/de\/institut\/culture\/#primaryimage","url":"https:\/\/hifmb.de\/wp-content\/uploads\/2023\/08\/Culture_HIFMBTeam2.png","contentUrl":"https:\/\/hifmb.de\/wp-content\/uploads\/2023\/08\/Culture_HIFMBTeam2.png","width":2560,"height":720,"caption":"Group photo of HIFMB team"},{"@type":"BreadcrumbList","@id":"https:\/\/hifmb.de\/de\/institut\/culture\/#breadcrumb","itemListElement":[{"@type":"ListItem","position":1,"name":"Home","item":"https:\/\/hifmb.de\/de\/"},{"@type":"ListItem","position":2,"name":"Institut","item":"https:\/\/hifmb.de\/de\/institut\/"},{"@type":"ListItem","position":3,"name":"Kultur"}]},{"@type":"WebSite","@id":"https:\/\/hifmb.de\/de\/#website","url":"https:\/\/hifmb.de\/de\/","name":"HIFMB Oldenburg","description":"The Helmholtz Institute for Functional Marine Biodiversity (HIFMB)","publisher":{"@id":"https:\/\/hifmb.de\/de\/#organization"},"potentialAction":[{"@type":"SearchAction","target":{"@type":"EntryPoint","urlTemplate":"https:\/\/hifmb.de\/de\/?s={search_term_string}"},"query-input":{"@type":"PropertyValueSpecification","valueRequired":true,"valueName":"search_term_string"}}],"inLanguage":"de-DE"},{"@type":"Organization","@id":"https:\/\/hifmb.de\/de\/#organization","name":"HIFMB Oldenburg","url":"https:\/\/hifmb.de\/de\/","logo":{"@type":"ImageObject","inLanguage":"de-DE","@id":"https:\/\/hifmb.de\/de\/#\/schema\/logo\/image\/","url":"https:\/\/hifmb.de\/wp-content\/uploads\/2021\/01\/hifmb-logo-neg-de.svg","contentUrl":"https:\/\/hifmb.de\/wp-content\/uploads\/2021\/01\/hifmb-logo-neg-de.svg","width":300,"height":87,"caption":"HIFMB Oldenburg"},"image":{"@id":"https:\/\/hifmb.de\/de\/#\/schema\/logo\/image\/"}}]}},"_links":{"self":[{"href":"https:\/\/hifmb.de\/de\/wp-json\/wp\/v2\/pages\/11517","targetHints":{"allow":["GET"]}}],"collection":[{"href":"https:\/\/hifmb.de\/de\/wp-json\/wp\/v2\/pages"}],"about":[{"href":"https:\/\/hifmb.de\/de\/wp-json\/wp\/v2\/types\/page"}],"author":[{"embeddable":true,"href":"https:\/\/hifmb.de\/de\/wp-json\/wp\/v2\/users\/2"}],"replies":[{"embeddable":true,"href":"https:\/\/hifmb.de\/de\/wp-json\/wp\/v2\/comments?post=11517"}],"version-history":[{"count":11,"href":"https:\/\/hifmb.de\/de\/wp-json\/wp\/v2\/pages\/11517\/revisions"}],"predecessor-version":[{"id":13278,"href":"https:\/\/hifmb.de\/de\/wp-json\/wp\/v2\/pages\/11517\/revisions\/13278"}],"up":[{"embeddable":true,"href":"https:\/\/hifmb.de\/de\/wp-json\/wp\/v2\/pages\/3167"}],"wp:featuredmedia":[{"embeddable":true,"href":"https:\/\/hifmb.de\/de\/wp-json\/wp\/v2\/media\/11417"}],"wp:attachment":[{"href":"https:\/\/hifmb.de\/de\/wp-json\/wp\/v2\/media?parent=11517"}],"curies":[{"name":"wp","href":"https:\/\/api.w.org\/{rel}","templated":true}]}}