{"id":12980,"date":"2024-03-28T13:05:10","date_gmt":"2024-03-28T12:05:10","guid":{"rendered":"https:\/\/hifmb.de\/?page_id=12980"},"modified":"2024-03-28T13:05:11","modified_gmt":"2024-03-28T12:05:11","slug":"neue-definition-von-destruktiver-fischerei-soll-neue-aera-in-der-fischereipolitik-einlaeuten","status":"publish","type":"page","link":"https:\/\/hifmb.de\/de\/news\/presse\/neue-definition-von-destruktiver-fischerei-soll-neue-aera-in-der-fischereipolitik-einlaeuten\/","title":{"rendered":"Neue Definition von &#8220;destruktiver Fischerei&#8221; soll neue \u00c4ra in der Fischereipolitik einl\u00e4uten"},"content":{"rendered":"\n<p>Nach einem strengen Konsultationsprozess, an dem 80 Fischereiexperten aus \u00fcber 30 L\u00e4ndern beteiligt waren, wurde eine neue Arbeitsdefinition des Begriffs &#8220;destruktive Fischerei&#8221; ausgearbeitet.<\/p>\n\n\n\n<p>Viele politische Ma\u00dfnahmen und internationale Rahmenwerke \u2013 darunter die UN-Ziele f\u00fcr nachhaltige Entwicklung \u2013 erkennen die Notwendigkeit an, zerst\u00f6rerische Fischereipraktiken zu beenden, um die Meeresressourcen zu erhalten, die Ozeane zu sch\u00fctzen und Frieden und Wohlstand f\u00fcr die Menschen und den Planeten zu gew\u00e4hrleisten. Trotz seiner weit verbreiteten Verwendung ist der Begriff &#8220;destruktive Fischerei&#8221; derzeit jedoch nicht definiert und daher nicht messbar.<\/p>\n\n\n\n<p>Die Unbestimmtheit des Begriffs hat ihn zu einem Quasi-Konzept gemacht, das die Entwicklung und Umsetzung wirksamer L\u00f6sungen untergr\u00e4bt. Die Hauptautorin, Dr. Arlie McCarthy, erkl\u00e4rt: &#8220;Wir k\u00f6nnen keine Fortschritte bei der Reduzierung destruktiver Fischereipraktiken messen, wenn wir nicht wissen, was als &#8216;destruktive Fischerei&#8217; gilt&#8221;.<\/p>\n\n\n\n<blockquote class=\"wp-block-quote is-layout-flow wp-block-quote-is-layout-flow\">\n<p>&#8220;Wir k\u00f6nnen die Fortschritte bei der Reduzierung destruktiver Fischereipraktiken nicht messen, ohne zu wissen, was als &#8216;destruktive Fischerei&#8217; gilt.&#8221;<\/p>\n<cite>Arlie McCarthy, Hauptautorin<\/cite><\/blockquote>\n\n\n\n<p>Die Definition, die heute in der Fachzeitschrift Conservation Letters ver\u00f6ffentlicht wurde, stellt einen konsensbasierten Entwurf dar, auf den sich die politischen Entscheidungstr\u00e4ger in den internationalen politischen Diskussionen st\u00fctzen k\u00f6nnen, und wird die L\u00e4nder beim Verbot destruktiver Fischereipraktiken sinnvoll unterst\u00fctzen.<\/p>\n\n\n\n<p>Das Projektteam bestand aus Fauna &amp; Flora, der Brunel University London, BirdLife International, der University of Cambridge, dem Helmholtz-Institut f\u00fcr Funktionelle Marine Biodiversit\u00e4t an der Universit\u00e4t Oldenburg und dem UN Environment Programme World Conservation Monitoring Centre (UNEP-WCMC). Als Teil des Prozesses f\u00f6rderte das Team einen beratenden, von Experten geleiteten Prozess, in dem destruktive Fischerei wie folgt definiert wurde:<\/p>\n\n\n\n<p>&#8220;Destruktive Fischerei ist jede Fischereipraktik, die zu einer unwiederbringlichen Verschlechterung der Lebensr\u00e4ume oder zu erheblichen negativen Umweltauswirkungen f\u00fchrt, die einen langfristigen R\u00fcckgang der Ziel- oder Nichtzielarten \u00fcber die biologisch sicheren Grenzen hinaus zur Folge hat und sich negativ auf den Lebensunterhalt auswirkt.&#8221;<\/p>\n\n\n\n<p>Hannah Richardson, Projektleiterin und technische Spezialistin f\u00fcr destruktive Fischerei bei Fauna &amp; Flora, kommentiert: &#8220;Die Fischerei ist von grundlegender Bedeutung f\u00fcr die weltweite Ern\u00e4hrungssicherheit, aber wenn wir die Gesundheit der Fischbest\u00e4nde \u2013 und unserer Ozeane \u2013 f\u00fcr die Zukunft sichern wollen, m\u00fcssen wir Fischereimethoden vermeiden, die f\u00fcr die marinen \u00d6kosysteme und alles, was darin lebt, zerst\u00f6rerisch sind. Diese neue Definition ist ein unglaublich wichtiger Schritt nach vorn f\u00fcr die Meere und den nachhaltigen Lebensunterhalt von Fischern auf der ganzen Welt. Ohne klare Richtlinien, was destruktive Fischerei ist, ist es nahezu unm\u00f6glich, eine internationale Politik oder Ma\u00dfnahmen zu deren Bek\u00e4mpfung zu entwickeln.&#8221;<\/p>\n\n\n\n<p>Um einen Konsens \u00fcber die Arbeitsdefinition zu erzielen, wurde die Delphi-Technik &#8211; ein anonymer, iterativer Prozess der Expertenbefragung &#8211; angewandt, um die Meinungen von 80 Fischereiexperten aus 32 L\u00e4ndern zusammenzufassen, darunter Wissenschaftler, Praktiker in Nichtregierungsorganisationen und Personen, die direkt in der Fischereiindustrie und damit verbundenen Bereichen t\u00e4tig sind.<\/p>\n\n\n\n<p>Dr. Nibedita Mukherjee, Senior Lecturer an der Brunel University London, erkl\u00e4rt: &#8220;Durch die Zusammenstellung von Expertenwissen von Personen aus verschiedenen fischereibezogenen Bereichen wollten wir verstehen, wie eine Definition angewendet werden k\u00f6nnte, und eine Ausgangsdefinition vorschlagen. Die Entwicklung einer Definition, auf die sich alle Beteiligten einigen k\u00f6nnen, ist unerl\u00e4sslich, wenn wir L\u00f6sungen und Vorteile f\u00fcr Mensch und Natur finden wollen.&#8221;<\/p>\n\n\n\n<p>Nachdem nun eine erste Definition vorgeschlagen wurde, m\u00f6chte das Projektteam mit politischen Entscheidungstr\u00e4gern zusammenarbeiten, um auf internationalen politischen Foren eine konsensf\u00e4hige Definition der &#8220;destruktiven Fischerei&#8221; zu entwickeln und die Annahme der Definition auf internationaler und nationaler Ebene zu f\u00f6rdern.<\/p>\n\n\n\n<p>Das Team beabsichtigt auch, Ans\u00e4tze zur Messung der Verbreitung und des Ausma\u00dfes des destruktiven Fischfangs durch ein \u00dcberwachungsrahmenprogramm zu erproben, das 2023 gestartet wurde. Der Rahmen umrei\u00dft die Arten von Beweisen, die verwendet werden k\u00f6nnten, um festzustellen, ob und wie destruktive Fischerei stattfindet, und gibt nationalen Regierungen und dem Privatsektor ein entscheidendes Instrument an die Hand, um destruktive Fischerei zu erkennen und einzud\u00e4mmen.<\/p>\n\n\n\n<p>Chris McOwen, leitender Meereswissenschaftler beim UNEP-WCMC, f\u00fcgt hinzu: &#8220;Es ist wichtig, dass wir auf der derzeitigen Dynamik aufbauen und weiterhin mit interessierten Regierungen und der Industrie zusammenarbeiten, um die Definition zu verfeinern und zu untersuchen, wie sie auf den Kontext und die Bed\u00fcrfnisse der L\u00e4nder und Regionen zugeschnitten werden kann. In Zukunft werden wir daran arbeiten, das Bewusstsein f\u00fcr destruktive Fischerei in internationalen Diskussionen zu sch\u00e4rfen und zu untersuchen, wie die Definition erweitert werden kann, um destruktive Fischerei im Hinblick auf die gesellschaftlichen und wirtschaftlichen Auswirkungen zu ber\u00fccksichtigen.&#8221;<\/p>\n\n\n\n<p>Die neue Arbeit mit dem Titel &#8220;Destructive Fishing: an expert-driven definition and exploration of this quasi-concept&#8221; wurde in Conservation Letters ver\u00f6ffentlicht: <a href=\"https:\/\/doi.org\/10.1111\/conl.13015\">https:\/\/doi.org\/10.1111\/conl.13015<\/a><\/p>\n\n\n\n<p>Das Projekt zur destruktiven Fischerei wird vom Cambridge Conservation Initiative (CCI) Collaborative Fund finanziert, der von Arcadia &#8211; einem Wohlt\u00e4tigkeitsfonds von Lisbet Rausing und Peter Baldwin, der Rothschild Foundation, der A.G. Leventis Foundation, dem Isaac Newton Trust und der Prince Albert II of Monaco Foundation unterst\u00fctzt wird.<\/p>\n\n\n\n<p><\/p>\n\n\n\n<p>Bildunterschrift 1: Ein Fischschwarm an der t\u00fcrkischen Mittelmeerk\u00fcste \u00a9 Zafer Kizilkaya<\/p>\n\n\n\n<p><strong>F\u00fcr weitere Informationen wenden Sie sich bitte an:<\/strong><\/p>\n\n\n\n<p>Joanna Colley, Media Relations Manager, Fauna &amp; Flora Joanna.Colley@fauna-flora.org; Press@fauna-flora.org<\/p>\n\n\n\n<p>+44 (0) 7818040144<\/p>\n\n\n\n<p>+44 (0) 7702 255268<\/p>\n\n\n\n<div class=\"wp-block-theme-spacer\"><\/div>\n\n\n\n<p><strong>\u00dcber Fauna &amp; Flora<\/strong><\/p>\n\n\n\n<p>Fauna &amp; Flora ist eine gemeinn\u00fctzige Naturschutzorganisation, die die Vielfalt des Lebens auf der Erde sch\u00fctzt. F\u00fcr das \u00dcberleben von Arten und Lebensr\u00e4umen, des Planeten und der Menschen.<\/p>\n\n\n\n<p>Als erste internationale Naturschutzorganisation der Welt pr\u00e4gt Fauna &amp; Flora seit \u00fcber 120 Jahren bew\u00e4hrte Praktiken f\u00fcr einen gemeinschaftsorientierten Naturschutz. Heute arbeitet die Organisation eng mit lokalen Partnern in fast 50 L\u00e4ndern zusammen, um Lebensr\u00e4ume zu sch\u00fctzen, die Meere wiederzubeleben, das Artensterben einzud\u00e4mmen, den illegalen Handel mit Wildtieren zu stoppen, den Klimawandel zu bek\u00e4mpfen und die globale Politik und die Nachhaltigkeit von Unternehmen zu beeinflussen. www.fauna-flora.org<\/p>\n\n\n\n<p><strong>\u00dcber UNEP-WCMC<\/strong><\/p>\n\n\n\n<p>Das World Conservation Monitoring Centre des UN-Umweltprogramms (UNEP-WCMC) ist ein globales Kompetenzzentrum f\u00fcr die biologische Vielfalt und den Beitrag der Natur zu Gesellschaft und Wirtschaft. Es wird in Zusammenarbeit zwischen dem Umweltprogramm der Vereinten Nationen und der britischen Wohlt\u00e4tigkeitsorganisation WCMC betrieben. UNEP-WCMC arbeitet an der Schnittstelle von Wissenschaft, Politik und Praxis, um die globale Krise der Natur zu bew\u00e4ltigen und den \u00dcbergang zu einer nachhaltigen Zukunft f\u00fcr die Menschen und den Planeten zu unterst\u00fctzen: www.unep-wcmc.org\u202f<\/p>\n\n\n\n<p>F\u00fcr weitere Informationen wenden Sie sich bitte an die UNEP-WCMC-Kommunikationsmanagerin Emma Cooper \u00fcber emma.cooper@unep-wcmc.org und die Kommunikationsbeauftragte Natalie Taylor \u00fcber natalie.taylor@unep-wcmc.org.<\/p>\n\n\n\n<p><strong>\u00dcber die Brunel Universit\u00e4t London<\/strong><\/p>\n\n\n\n<p>Die Brunel University London ist eine forschungsintensive Universit\u00e4t auf dem Campus im Westen Londons mit 16.000 Studenten und rund 2.500 Akademikern, Forschern und Mitarbeitern. Die Universit\u00e4t bietet ein breites Spektrum an Studieng\u00e4ngen in den Bereichen Wirtschaft, Wissenschaft, Technik, Sozialwissenschaften und Kunst an. Ihre aktiven und breit gef\u00e4cherten Forschungsinstitute und -zentren konzentrieren sich auf die Entwicklung von Erkenntnissen von Weltrang und praktischen L\u00f6sungen f\u00fcr globale Probleme.<\/p>\n\n\n\n<p><strong>\u00dcber das HIFMB<\/strong><\/p>\n\n\n\n<p>Das Helmholtz-Institut f\u00fcr Funktionelle Marine Biodiversit\u00e4t ist eine institutionelle Kooperation zwischen dem Bremerhavener Alfred-Wegener-Institut Helmholtz-Zentrum f\u00fcr Polar- und Meeresforschung und der Carl von Ossietzky Universit\u00e4t Oldenburg. Es erforscht die marine Biodiversit\u00e4t und ihre Bedeutung f\u00fcr die Funktion mariner \u00d6kosysteme. Damit entwickelt es die wissenschaftlichen Grundlagen f\u00fcr den Meeresnaturschutz und das \u00d6kosystemmanagement.<\/p>\n","protected":false},"excerpt":{"rendered":"<p>Nach einem strengen Konsultationsprozess, an dem 80 Fischereiexperten aus \u00fcber 30 L\u00e4ndern beteiligt waren, wurde eine neue Arbeitsdefinition des Begriffs &#8220;destruktive Fischerei&#8221; ausgearbeitet.<\/p>\n<p>Viele politische Ma\u00dfnahmen und internationale Rahmenwerke \u2013 darunter die UN-Ziele f\u00fcr nachhaltige Entwicklung \u2013 erkennen die Notwendigkeit an, zerst\u00f6rerische Fischereipraktiken zu beenden, um die Meeresressourcen zu erhalten, die Ozeane zu sch\u00fctzen und Frieden &#8230;<\/p>\n<p><a class=\"btn btn-primary theme-read-more-link mt-3 no-link-style\"\n                    href=\"https:\/\/hifmb.de\/de\/news\/presse\/neue-definition-von-destruktiver-fischerei-soll-neue-aera-in-der-fischereipolitik-einlaeuten\/\"\n                    aria-describedby=\"teaser-headline-12980\">Weiterlesen<\/a><\/p>\n","protected":false},"author":2,"featured_media":12972,"parent":3148,"menu_order":13,"comment_status":"closed","ping_status":"closed","template":"","meta":{"_acf_changed":false,"footnotes":""},"class_list":["post-12980","page","type-page","status-publish","has-post-thumbnail","hentry"],"acf":[],"yoast_head":"<!-- This site is optimized with the Yoast SEO plugin v27.3 - https:\/\/yoast.com\/product\/yoast-seo-wordpress\/ -->\n<title>Neue Definition von &quot;destruktiver Fischerei&quot; soll neue \u00c4ra in der Fischereipolitik einl\u00e4uten - HIFMB Oldenburg<\/title>\n<meta name=\"robots\" content=\"index, follow, max-snippet:-1, max-image-preview:large, max-video-preview:-1\" \/>\n<link rel=\"canonical\" href=\"https:\/\/hifmb.de\/de\/news\/presse\/neue-definition-von-destruktiver-fischerei-soll-neue-aera-in-der-fischereipolitik-einlaeuten\/\" \/>\n<meta property=\"og:locale\" content=\"de_DE\" \/>\n<meta property=\"og:type\" content=\"article\" \/>\n<meta property=\"og:title\" content=\"Neue Definition von &quot;destruktiver Fischerei&quot; soll neue \u00c4ra in der Fischereipolitik einl\u00e4uten - HIFMB Oldenburg\" \/>\n<meta property=\"og:description\" content=\"Nach einem strengen Konsultationsprozess, an dem 80 Fischereiexperten aus \u00fcber 30 L\u00e4ndern beteiligt waren, wurde eine neue Arbeitsdefinition des Begriffs &#8220;destruktive Fischerei&#8221; ausgearbeitet.  Viele politische Ma\u00dfnahmen und internationale Rahmenwerke \u2013 darunter die UN-Ziele f\u00fcr nachhaltige Entwicklung \u2013 erkennen die Notwendigkeit an, zerst\u00f6rerische Fischereipraktiken zu beenden, um die Meeresressourcen zu erhalten, die Ozeane zu sch\u00fctzen und Frieden ...Weiterlesen\" \/>\n<meta property=\"og:url\" content=\"https:\/\/hifmb.de\/de\/news\/presse\/neue-definition-von-destruktiver-fischerei-soll-neue-aera-in-der-fischereipolitik-einlaeuten\/\" \/>\n<meta property=\"og:site_name\" content=\"HIFMB Oldenburg\" \/>\n<meta property=\"article:modified_time\" content=\"2024-03-28T12:05:11+00:00\" \/>\n<meta property=\"og:image\" content=\"https:\/\/hifmb.de\/wp-content\/uploads\/2024\/03\/Fischnernetz_Pixabay_Nadine_Doerle.jpg\" \/>\n\t<meta property=\"og:image:width\" content=\"1440\" \/>\n\t<meta property=\"og:image:height\" content=\"720\" \/>\n\t<meta property=\"og:image:type\" content=\"image\/jpeg\" \/>\n<meta name=\"twitter:card\" content=\"summary_large_image\" \/>\n<meta name=\"twitter:label1\" content=\"Est. reading time\" \/>\n\t<meta name=\"twitter:data1\" content=\"5 minutes\" \/>\n<script type=\"application\/ld+json\" class=\"yoast-schema-graph\">{\"@context\":\"https:\\\/\\\/schema.org\",\"@graph\":[{\"@type\":\"WebPage\",\"@id\":\"https:\\\/\\\/hifmb.de\\\/de\\\/news\\\/presse\\\/neue-definition-von-destruktiver-fischerei-soll-neue-aera-in-der-fischereipolitik-einlaeuten\\\/\",\"url\":\"https:\\\/\\\/hifmb.de\\\/de\\\/news\\\/presse\\\/neue-definition-von-destruktiver-fischerei-soll-neue-aera-in-der-fischereipolitik-einlaeuten\\\/\",\"name\":\"Neue Definition von \\\"destruktiver Fischerei\\\" soll neue \u00c4ra in der Fischereipolitik einl\u00e4uten - HIFMB Oldenburg\",\"isPartOf\":{\"@id\":\"https:\\\/\\\/hifmb.de\\\/#website\"},\"primaryImageOfPage\":{\"@id\":\"https:\\\/\\\/hifmb.de\\\/de\\\/news\\\/presse\\\/neue-definition-von-destruktiver-fischerei-soll-neue-aera-in-der-fischereipolitik-einlaeuten\\\/#primaryimage\"},\"image\":{\"@id\":\"https:\\\/\\\/hifmb.de\\\/de\\\/news\\\/presse\\\/neue-definition-von-destruktiver-fischerei-soll-neue-aera-in-der-fischereipolitik-einlaeuten\\\/#primaryimage\"},\"thumbnailUrl\":\"https:\\\/\\\/hifmb.de\\\/wp-content\\\/uploads\\\/2024\\\/03\\\/Fischnernetz_Pixabay_Nadine_Doerle.jpg\",\"datePublished\":\"2024-03-28T12:05:10+00:00\",\"dateModified\":\"2024-03-28T12:05:11+00:00\",\"breadcrumb\":{\"@id\":\"https:\\\/\\\/hifmb.de\\\/de\\\/news\\\/presse\\\/neue-definition-von-destruktiver-fischerei-soll-neue-aera-in-der-fischereipolitik-einlaeuten\\\/#breadcrumb\"},\"inLanguage\":\"de-DE\",\"potentialAction\":[{\"@type\":\"ReadAction\",\"target\":[\"https:\\\/\\\/hifmb.de\\\/de\\\/news\\\/presse\\\/neue-definition-von-destruktiver-fischerei-soll-neue-aera-in-der-fischereipolitik-einlaeuten\\\/\"]}]},{\"@type\":\"ImageObject\",\"inLanguage\":\"de-DE\",\"@id\":\"https:\\\/\\\/hifmb.de\\\/de\\\/news\\\/presse\\\/neue-definition-von-destruktiver-fischerei-soll-neue-aera-in-der-fischereipolitik-einlaeuten\\\/#primaryimage\",\"url\":\"https:\\\/\\\/hifmb.de\\\/wp-content\\\/uploads\\\/2024\\\/03\\\/Fischnernetz_Pixabay_Nadine_Doerle.jpg\",\"contentUrl\":\"https:\\\/\\\/hifmb.de\\\/wp-content\\\/uploads\\\/2024\\\/03\\\/Fischnernetz_Pixabay_Nadine_Doerle.jpg\",\"width\":1440,\"height\":720,\"caption\":\"Photo: Pixabay | Nadine Doerle\"},{\"@type\":\"BreadcrumbList\",\"@id\":\"https:\\\/\\\/hifmb.de\\\/de\\\/news\\\/presse\\\/neue-definition-von-destruktiver-fischerei-soll-neue-aera-in-der-fischereipolitik-einlaeuten\\\/#breadcrumb\",\"itemListElement\":[{\"@type\":\"ListItem\",\"position\":1,\"name\":\"Home\",\"item\":\"https:\\\/\\\/hifmb.de\\\/de\\\/\"},{\"@type\":\"ListItem\",\"position\":2,\"name\":\"News\",\"item\":\"https:\\\/\\\/hifmb.de\\\/de\\\/news\\\/\"},{\"@type\":\"ListItem\",\"position\":3,\"name\":\"Presse\",\"item\":\"https:\\\/\\\/hifmb.de\\\/de\\\/news\\\/presse\\\/\"},{\"@type\":\"ListItem\",\"position\":4,\"name\":\"Neue Definition von &#8220;destruktiver Fischerei&#8221; soll neue \u00c4ra in der Fischereipolitik einl\u00e4uten\"}]},{\"@type\":\"WebSite\",\"@id\":\"https:\\\/\\\/hifmb.de\\\/#website\",\"url\":\"https:\\\/\\\/hifmb.de\\\/\",\"name\":\"HIFMB Oldenburg\",\"description\":\"The Helmholtz Institute for Functional Marine Biodiversity (HIFMB)\",\"publisher\":{\"@id\":\"https:\\\/\\\/hifmb.de\\\/#organization\"},\"potentialAction\":[{\"@type\":\"SearchAction\",\"target\":{\"@type\":\"EntryPoint\",\"urlTemplate\":\"https:\\\/\\\/hifmb.de\\\/?s={search_term_string}\"},\"query-input\":{\"@type\":\"PropertyValueSpecification\",\"valueRequired\":true,\"valueName\":\"search_term_string\"}}],\"inLanguage\":\"de-DE\"},{\"@type\":\"Organization\",\"@id\":\"https:\\\/\\\/hifmb.de\\\/#organization\",\"name\":\"HIFMB Oldenburg\",\"url\":\"https:\\\/\\\/hifmb.de\\\/\",\"logo\":{\"@type\":\"ImageObject\",\"inLanguage\":\"de-DE\",\"@id\":\"https:\\\/\\\/hifmb.de\\\/#\\\/schema\\\/logo\\\/image\\\/\",\"url\":\"https:\\\/\\\/hifmb.de\\\/wp-content\\\/uploads\\\/2021\\\/01\\\/hifmb-logo-neg-de.svg\",\"contentUrl\":\"https:\\\/\\\/hifmb.de\\\/wp-content\\\/uploads\\\/2021\\\/01\\\/hifmb-logo-neg-de.svg\",\"width\":300,\"height\":87,\"caption\":\"HIFMB Oldenburg\"},\"image\":{\"@id\":\"https:\\\/\\\/hifmb.de\\\/#\\\/schema\\\/logo\\\/image\\\/\"}}]}<\/script>\n<!-- \/ Yoast SEO plugin. -->","yoast_head_json":{"title":"Neue Definition von \"destruktiver Fischerei\" soll neue \u00c4ra in der Fischereipolitik einl\u00e4uten - HIFMB Oldenburg","robots":{"index":"index","follow":"follow","max-snippet":"max-snippet:-1","max-image-preview":"max-image-preview:large","max-video-preview":"max-video-preview:-1"},"canonical":"https:\/\/hifmb.de\/de\/news\/presse\/neue-definition-von-destruktiver-fischerei-soll-neue-aera-in-der-fischereipolitik-einlaeuten\/","og_locale":"de_DE","og_type":"article","og_title":"Neue Definition von \"destruktiver Fischerei\" soll neue \u00c4ra in der Fischereipolitik einl\u00e4uten - HIFMB Oldenburg","og_description":"Nach einem strengen Konsultationsprozess, an dem 80 Fischereiexperten aus \u00fcber 30 L\u00e4ndern beteiligt waren, wurde eine neue Arbeitsdefinition des Begriffs &#8220;destruktive Fischerei&#8221; ausgearbeitet.  Viele politische Ma\u00dfnahmen und internationale Rahmenwerke \u2013 darunter die UN-Ziele f\u00fcr nachhaltige Entwicklung \u2013 erkennen die Notwendigkeit an, zerst\u00f6rerische Fischereipraktiken zu beenden, um die Meeresressourcen zu erhalten, die Ozeane zu sch\u00fctzen und Frieden ...Weiterlesen","og_url":"https:\/\/hifmb.de\/de\/news\/presse\/neue-definition-von-destruktiver-fischerei-soll-neue-aera-in-der-fischereipolitik-einlaeuten\/","og_site_name":"HIFMB Oldenburg","article_modified_time":"2024-03-28T12:05:11+00:00","og_image":[{"width":1440,"height":720,"url":"https:\/\/hifmb.de\/wp-content\/uploads\/2024\/03\/Fischnernetz_Pixabay_Nadine_Doerle.jpg","type":"image\/jpeg"}],"twitter_card":"summary_large_image","twitter_misc":{"Est. reading time":"5 minutes"},"schema":{"@context":"https:\/\/schema.org","@graph":[{"@type":"WebPage","@id":"https:\/\/hifmb.de\/de\/news\/presse\/neue-definition-von-destruktiver-fischerei-soll-neue-aera-in-der-fischereipolitik-einlaeuten\/","url":"https:\/\/hifmb.de\/de\/news\/presse\/neue-definition-von-destruktiver-fischerei-soll-neue-aera-in-der-fischereipolitik-einlaeuten\/","name":"Neue Definition von \"destruktiver Fischerei\" soll neue \u00c4ra in der Fischereipolitik einl\u00e4uten - HIFMB Oldenburg","isPartOf":{"@id":"https:\/\/hifmb.de\/#website"},"primaryImageOfPage":{"@id":"https:\/\/hifmb.de\/de\/news\/presse\/neue-definition-von-destruktiver-fischerei-soll-neue-aera-in-der-fischereipolitik-einlaeuten\/#primaryimage"},"image":{"@id":"https:\/\/hifmb.de\/de\/news\/presse\/neue-definition-von-destruktiver-fischerei-soll-neue-aera-in-der-fischereipolitik-einlaeuten\/#primaryimage"},"thumbnailUrl":"https:\/\/hifmb.de\/wp-content\/uploads\/2024\/03\/Fischnernetz_Pixabay_Nadine_Doerle.jpg","datePublished":"2024-03-28T12:05:10+00:00","dateModified":"2024-03-28T12:05:11+00:00","breadcrumb":{"@id":"https:\/\/hifmb.de\/de\/news\/presse\/neue-definition-von-destruktiver-fischerei-soll-neue-aera-in-der-fischereipolitik-einlaeuten\/#breadcrumb"},"inLanguage":"de-DE","potentialAction":[{"@type":"ReadAction","target":["https:\/\/hifmb.de\/de\/news\/presse\/neue-definition-von-destruktiver-fischerei-soll-neue-aera-in-der-fischereipolitik-einlaeuten\/"]}]},{"@type":"ImageObject","inLanguage":"de-DE","@id":"https:\/\/hifmb.de\/de\/news\/presse\/neue-definition-von-destruktiver-fischerei-soll-neue-aera-in-der-fischereipolitik-einlaeuten\/#primaryimage","url":"https:\/\/hifmb.de\/wp-content\/uploads\/2024\/03\/Fischnernetz_Pixabay_Nadine_Doerle.jpg","contentUrl":"https:\/\/hifmb.de\/wp-content\/uploads\/2024\/03\/Fischnernetz_Pixabay_Nadine_Doerle.jpg","width":1440,"height":720,"caption":"Photo: Pixabay | Nadine Doerle"},{"@type":"BreadcrumbList","@id":"https:\/\/hifmb.de\/de\/news\/presse\/neue-definition-von-destruktiver-fischerei-soll-neue-aera-in-der-fischereipolitik-einlaeuten\/#breadcrumb","itemListElement":[{"@type":"ListItem","position":1,"name":"Home","item":"https:\/\/hifmb.de\/de\/"},{"@type":"ListItem","position":2,"name":"News","item":"https:\/\/hifmb.de\/de\/news\/"},{"@type":"ListItem","position":3,"name":"Presse","item":"https:\/\/hifmb.de\/de\/news\/presse\/"},{"@type":"ListItem","position":4,"name":"Neue Definition von &#8220;destruktiver Fischerei&#8221; soll neue \u00c4ra in der Fischereipolitik einl\u00e4uten"}]},{"@type":"WebSite","@id":"https:\/\/hifmb.de\/#website","url":"https:\/\/hifmb.de\/","name":"HIFMB Oldenburg","description":"The Helmholtz Institute for Functional Marine Biodiversity (HIFMB)","publisher":{"@id":"https:\/\/hifmb.de\/#organization"},"potentialAction":[{"@type":"SearchAction","target":{"@type":"EntryPoint","urlTemplate":"https:\/\/hifmb.de\/?s={search_term_string}"},"query-input":{"@type":"PropertyValueSpecification","valueRequired":true,"valueName":"search_term_string"}}],"inLanguage":"de-DE"},{"@type":"Organization","@id":"https:\/\/hifmb.de\/#organization","name":"HIFMB Oldenburg","url":"https:\/\/hifmb.de\/","logo":{"@type":"ImageObject","inLanguage":"de-DE","@id":"https:\/\/hifmb.de\/#\/schema\/logo\/image\/","url":"https:\/\/hifmb.de\/wp-content\/uploads\/2021\/01\/hifmb-logo-neg-de.svg","contentUrl":"https:\/\/hifmb.de\/wp-content\/uploads\/2021\/01\/hifmb-logo-neg-de.svg","width":300,"height":87,"caption":"HIFMB Oldenburg"},"image":{"@id":"https:\/\/hifmb.de\/#\/schema\/logo\/image\/"}}]}},"_links":{"self":[{"href":"https:\/\/hifmb.de\/de\/wp-json\/wp\/v2\/pages\/12980","targetHints":{"allow":["GET"]}}],"collection":[{"href":"https:\/\/hifmb.de\/de\/wp-json\/wp\/v2\/pages"}],"about":[{"href":"https:\/\/hifmb.de\/de\/wp-json\/wp\/v2\/types\/page"}],"author":[{"embeddable":true,"href":"https:\/\/hifmb.de\/de\/wp-json\/wp\/v2\/users\/2"}],"replies":[{"embeddable":true,"href":"https:\/\/hifmb.de\/de\/wp-json\/wp\/v2\/comments?post=12980"}],"version-history":[{"count":2,"href":"https:\/\/hifmb.de\/de\/wp-json\/wp\/v2\/pages\/12980\/revisions"}],"predecessor-version":[{"id":12982,"href":"https:\/\/hifmb.de\/de\/wp-json\/wp\/v2\/pages\/12980\/revisions\/12982"}],"up":[{"embeddable":true,"href":"https:\/\/hifmb.de\/de\/wp-json\/wp\/v2\/pages\/3148"}],"wp:featuredmedia":[{"embeddable":true,"href":"https:\/\/hifmb.de\/de\/wp-json\/wp\/v2\/media\/12972"}],"wp:attachment":[{"href":"https:\/\/hifmb.de\/de\/wp-json\/wp\/v2\/media?parent=12980"}],"curies":[{"name":"wp","href":"https:\/\/api.w.org\/{rel}","templated":true}]}}