{"id":13528,"date":"2024-06-25T12:38:10","date_gmt":"2024-06-25T10:38:10","guid":{"rendered":"https:\/\/hifmb.de\/transfer\/transfer\/"},"modified":"2024-06-25T14:48:12","modified_gmt":"2024-06-25T12:48:12","slug":"transfer","status":"publish","type":"page","link":"https:\/\/hifmb.de\/de\/transfer\/","title":{"rendered":"Transfer"},"content":{"rendered":"\n<div class=\"wp-block-theme-spacer\"><\/div>\n\n\n\n<h2 class=\"wp-block-heading\">Transfer am HIFMB<\/h2>\n\n\n\n<p><strong>Transfer ist f\u00fcr uns der dynamische und wechselseitige Prozess des Austauschs, der Vermittlung und der gemeinsamen Nutzung von Wissen, Erfahrungen und Ideen zwischen Wissenschaft, Politik, Naturschutzbeh\u00f6rden und der Gesellschaft. Ziel dieses Transfers ist es, die \u00dcberf\u00fchrung wissenschaftlicher Erkenntnisse in konkrete, evidenzbasierte Entscheidungen und nachhaltige Handlungen, die den Schutz und die nachhaltige Nutzung der marinen Biodiversit\u00e4t f\u00f6rdern, zu unterst\u00fctzen.<\/strong><\/p>\n\n\n\n<p><br>In unserem Kontext bedeutet Transfer:<\/p>\n\n\n\n<ol class=\"wp-block-list\">\n<li><strong>Dialogorientiert:<\/strong>\u00a0Ein kontinuierlicher Dialog zwischen allen Beteiligten, der auf gegenseitigem Verst\u00e4ndnis und Offenheit basiert.<\/li>\n\n\n\n<li><strong>Transformativ:<\/strong>\u00a0Der Transferprozess tr\u00e4gt zur nachhaltigen Ver\u00e4nderung von Politiken, Praktiken und gesellschaftlichen Normen bei.<\/li>\n\n\n\n<li><strong>Inklusiv:<\/strong>\u00a0Alle relevanten Akteure und Perspektiven werden in den Prozess einbezogen, um umfassende und akzeptierte L\u00f6sungen zu entwickeln.<\/li>\n<\/ol>\n\n\n\n<p><\/p>\n\n\n\n<p>Der Transfer erfordert angemessene Ressourcen und ein (neues) Anerkennungssystem, das die Beitr\u00e4ge aller Beteiligten w\u00fcrdigt und f\u00f6rdert. Durch den Transfer st\u00e4rken wir Konnektivit\u00e4t, Vertrauen und gemeinsame Verantwortung, um positive Ver\u00e4nderungen im Bereich des marinen Naturschutzes und der nachhaltigen Entwicklung zu bewirken<\/p>\n\n\n\n<div class=\"wp-block-theme-spacer\"><\/div>\n\n\n\n<div class=\"wp-block-columns is-layout-flex wp-container-core-columns-is-layout-9d6595d7 wp-block-columns-is-layout-flex\">\n<div class=\"wp-block-column is-layout-flow wp-block-column-is-layout-flow\" style=\"flex-basis:16%\"><\/div>\n\n\n\n<div class=\"wp-block-column is-layout-flow wp-block-column-is-layout-flow\" style=\"flex-basis:33%\">\n<div class=\"wp-block-group is-style-card has-primary-background-color has-background is-layout-flow wp-block-group-is-layout-flow\">\n<figure class=\"wp-block-image size-full\"><img loading=\"lazy\" decoding=\"async\" width=\"562\" height=\"562\" src=\"https:\/\/hifmb.de\/wp-content\/uploads\/2024\/06\/TransferOffice_quadrat_Pexels_TobiasBjorkli.png\" alt=\"\" class=\"wp-image-13523\" srcset=\"https:\/\/hifmb.de\/wp-content\/uploads\/2024\/06\/TransferOffice_quadrat_Pexels_TobiasBjorkli.png 562w, https:\/\/hifmb.de\/wp-content\/uploads\/2024\/06\/TransferOffice_quadrat_Pexels_TobiasBjorkli-328x328.png 328w, https:\/\/hifmb.de\/wp-content\/uploads\/2024\/06\/TransferOffice_quadrat_Pexels_TobiasBjorkli-150x150.png 150w\" sizes=\"auto, (max-width: 562px) 100vw, 562px\" \/><\/figure>\n\n\n\n<h3 class=\"wp-block-heading\"><a href=\"https:\/\/hifmb.de\/de\/transfer\/transferbuero\/\">Transferb\u00fcro f\u00fcr marinen Biodiversit\u00e4tswandel<\/a><\/h3>\n<\/div>\n<\/div>\n\n\n\n<div class=\"wp-block-column is-layout-flow wp-block-column-is-layout-flow\" style=\"flex-basis:33%\">\n<div class=\"wp-block-group is-style-card has-primary-background-color has-background is-layout-flow wp-block-group-is-layout-flow\">\n<figure class=\"wp-block-image size-full\"><img loading=\"lazy\" decoding=\"async\" width=\"562\" height=\"562\" src=\"https:\/\/hifmb.de\/wp-content\/uploads\/2024\/06\/ArtScienceCollab_Quadrat_Pexels_Jeswin_Thomas.png\" alt=\"\" class=\"wp-image-13525\" srcset=\"https:\/\/hifmb.de\/wp-content\/uploads\/2024\/06\/ArtScienceCollab_Quadrat_Pexels_Jeswin_Thomas.png 562w, https:\/\/hifmb.de\/wp-content\/uploads\/2024\/06\/ArtScienceCollab_Quadrat_Pexels_Jeswin_Thomas-328x328.png 328w, https:\/\/hifmb.de\/wp-content\/uploads\/2024\/06\/ArtScienceCollab_Quadrat_Pexels_Jeswin_Thomas-150x150.png 150w\" sizes=\"auto, (max-width: 562px) 100vw, 562px\" \/><\/figure>\n\n\n\n<h3 class=\"wp-block-heading\"><a href=\"https:\/\/hifmb.de\/de\/transfer\/kunst-wissenschaft\/\">Kunst-Wissenschaft-Kooperationen<\/a><\/h3>\n<\/div>\n<\/div>\n\n\n\n<div class=\"wp-block-column is-layout-flow wp-block-column-is-layout-flow\" style=\"flex-basis:17%\"><\/div>\n<\/div>\n","protected":false},"excerpt":{"rendered":"<p>Transfer am HIFMB<\/p>\n<p>Transfer ist f\u00fcr uns der dynamische und wechselseitige Prozess des Austauschs, der Vermittlung und der gemeinsamen Nutzung von Wissen, Erfahrungen und Ideen zwischen Wissenschaft, Politik, Naturschutzbeh\u00f6rden und der Gesellschaft. Ziel dieses Transfers ist es, die \u00dcberf\u00fchrung wissenschaftlicher Erkenntnisse in konkrete, evidenzbasierte Entscheidungen und nachhaltige Handlungen, die den Schutz und die nachhaltige Nutzung der &#8230;<\/p>\n<p><a class=\"btn btn-primary theme-read-more-link mt-3 no-link-style\"\n                    href=\"https:\/\/hifmb.de\/de\/transfer\/\"\n                    aria-describedby=\"teaser-headline-13528\">Weiterlesen<\/a><\/p>\n","protected":false},"author":2,"featured_media":13543,"parent":0,"menu_order":8,"comment_status":"closed","ping_status":"closed","template":"","meta":{"_acf_changed":false,"footnotes":""},"class_list":["post-13528","page","type-page","status-publish","has-post-thumbnail","hentry"],"acf":[],"yoast_head":"<!-- This site is optimized with the Yoast SEO plugin v27.3 - https:\/\/yoast.com\/product\/yoast-seo-wordpress\/ -->\n<title>Transfer - HIFMB Oldenburg<\/title>\n<meta name=\"robots\" content=\"noindex, follow\" \/>\n<meta property=\"og:locale\" content=\"de_DE\" \/>\n<meta property=\"og:type\" content=\"article\" \/>\n<meta property=\"og:title\" content=\"Transfer - HIFMB Oldenburg\" \/>\n<meta property=\"og:description\" content=\"Transfer am HIFMB  Transfer ist f\u00fcr uns der dynamische und wechselseitige Prozess des Austauschs, der Vermittlung und der gemeinsamen Nutzung von Wissen, Erfahrungen und Ideen zwischen Wissenschaft, Politik, Naturschutzbeh\u00f6rden und der Gesellschaft. Ziel dieses Transfers ist es, die \u00dcberf\u00fchrung wissenschaftlicher Erkenntnisse in konkrete, evidenzbasierte Entscheidungen und nachhaltige Handlungen, die den Schutz und die nachhaltige Nutzung der ...Weiterlesen\" \/>\n<meta property=\"og:url\" content=\"https:\/\/hifmb.de.w01b8649.kasserver.com\/de\/transfer\/\" \/>\n<meta property=\"og:site_name\" content=\"HIFMB Oldenburg\" \/>\n<meta property=\"article:modified_time\" content=\"2024-06-25T12:48:12+00:00\" \/>\n<meta property=\"og:image\" content=\"https:\/\/hifmb.de.w01b8649.kasserver.com\/wp-content\/uploads\/2024\/06\/Header_Transger_Pixabay_RedZeppelin.png\" \/>\n\t<meta property=\"og:image:width\" content=\"2560\" \/>\n\t<meta property=\"og:image:height\" content=\"720\" \/>\n\t<meta property=\"og:image:type\" content=\"image\/png\" \/>\n<meta name=\"twitter:card\" content=\"summary_large_image\" \/>\n<meta name=\"twitter:label1\" content=\"Est. reading time\" \/>\n\t<meta name=\"twitter:data1\" content=\"3 minutes\" \/>\n<script type=\"application\/ld+json\" class=\"yoast-schema-graph\">{\"@context\":\"https:\\\/\\\/schema.org\",\"@graph\":[{\"@type\":\"WebPage\",\"@id\":\"https:\\\/\\\/hifmb.de.w01b8649.kasserver.com\\\/de\\\/transfer\\\/\",\"url\":\"https:\\\/\\\/hifmb.de.w01b8649.kasserver.com\\\/de\\\/transfer\\\/\",\"name\":\"Transfer - HIFMB Oldenburg\",\"isPartOf\":{\"@id\":\"https:\\\/\\\/hifmb.de.w01b8649.kasserver.com\\\/#website\"},\"primaryImageOfPage\":{\"@id\":\"https:\\\/\\\/hifmb.de.w01b8649.kasserver.com\\\/de\\\/transfer\\\/#primaryimage\"},\"image\":{\"@id\":\"https:\\\/\\\/hifmb.de.w01b8649.kasserver.com\\\/de\\\/transfer\\\/#primaryimage\"},\"thumbnailUrl\":\"https:\\\/\\\/hifmb.de\\\/wp-content\\\/uploads\\\/2024\\\/06\\\/Header_Transger_Pixabay_RedZeppelin.png\",\"datePublished\":\"2024-06-25T10:38:10+00:00\",\"dateModified\":\"2024-06-25T12:48:12+00:00\",\"breadcrumb\":{\"@id\":\"https:\\\/\\\/hifmb.de.w01b8649.kasserver.com\\\/de\\\/transfer\\\/#breadcrumb\"},\"inLanguage\":\"de-DE\",\"potentialAction\":[{\"@type\":\"ReadAction\",\"target\":[\"https:\\\/\\\/hifmb.de.w01b8649.kasserver.com\\\/de\\\/transfer\\\/\"]}]},{\"@type\":\"ImageObject\",\"inLanguage\":\"de-DE\",\"@id\":\"https:\\\/\\\/hifmb.de.w01b8649.kasserver.com\\\/de\\\/transfer\\\/#primaryimage\",\"url\":\"https:\\\/\\\/hifmb.de\\\/wp-content\\\/uploads\\\/2024\\\/06\\\/Header_Transger_Pixabay_RedZeppelin.png\",\"contentUrl\":\"https:\\\/\\\/hifmb.de\\\/wp-content\\\/uploads\\\/2024\\\/06\\\/Header_Transger_Pixabay_RedZeppelin.png\",\"width\":2560,\"height\":720,\"caption\":\"Photo: Pixabay | Red zeppelin\"},{\"@type\":\"BreadcrumbList\",\"@id\":\"https:\\\/\\\/hifmb.de.w01b8649.kasserver.com\\\/de\\\/transfer\\\/#breadcrumb\",\"itemListElement\":[{\"@type\":\"ListItem\",\"position\":1,\"name\":\"Home\",\"item\":\"https:\\\/\\\/hifmb.de\\\/de\\\/\"},{\"@type\":\"ListItem\",\"position\":2,\"name\":\"Transfer\"}]},{\"@type\":\"WebSite\",\"@id\":\"https:\\\/\\\/hifmb.de.w01b8649.kasserver.com\\\/#website\",\"url\":\"https:\\\/\\\/hifmb.de.w01b8649.kasserver.com\\\/\",\"name\":\"HIFMB Oldenburg\",\"description\":\"The Helmholtz Institute for Functional Marine Biodiversity (HIFMB)\",\"publisher\":{\"@id\":\"https:\\\/\\\/hifmb.de.w01b8649.kasserver.com\\\/#organization\"},\"potentialAction\":[{\"@type\":\"SearchAction\",\"target\":{\"@type\":\"EntryPoint\",\"urlTemplate\":\"https:\\\/\\\/hifmb.de.w01b8649.kasserver.com\\\/?s={search_term_string}\"},\"query-input\":{\"@type\":\"PropertyValueSpecification\",\"valueRequired\":true,\"valueName\":\"search_term_string\"}}],\"inLanguage\":\"de-DE\"},{\"@type\":\"Organization\",\"@id\":\"https:\\\/\\\/hifmb.de.w01b8649.kasserver.com\\\/#organization\",\"name\":\"HIFMB Oldenburg\",\"url\":\"https:\\\/\\\/hifmb.de.w01b8649.kasserver.com\\\/\",\"logo\":{\"@type\":\"ImageObject\",\"inLanguage\":\"de-DE\",\"@id\":\"https:\\\/\\\/hifmb.de.w01b8649.kasserver.com\\\/#\\\/schema\\\/logo\\\/image\\\/\",\"url\":\"https:\\\/\\\/hifmb.de\\\/wp-content\\\/uploads\\\/2021\\\/01\\\/hifmb-logo-neg-de.svg\",\"contentUrl\":\"https:\\\/\\\/hifmb.de\\\/wp-content\\\/uploads\\\/2021\\\/01\\\/hifmb-logo-neg-de.svg\",\"width\":300,\"height\":87,\"caption\":\"HIFMB Oldenburg\"},\"image\":{\"@id\":\"https:\\\/\\\/hifmb.de.w01b8649.kasserver.com\\\/#\\\/schema\\\/logo\\\/image\\\/\"}}]}<\/script>\n<!-- \/ Yoast SEO plugin. -->","yoast_head_json":{"title":"Transfer - HIFMB Oldenburg","robots":{"index":"noindex","follow":"follow"},"og_locale":"de_DE","og_type":"article","og_title":"Transfer - HIFMB Oldenburg","og_description":"Transfer am HIFMB  Transfer ist f\u00fcr uns der dynamische und wechselseitige Prozess des Austauschs, der Vermittlung und der gemeinsamen Nutzung von Wissen, Erfahrungen und Ideen zwischen Wissenschaft, Politik, Naturschutzbeh\u00f6rden und der Gesellschaft. Ziel dieses Transfers ist es, die \u00dcberf\u00fchrung wissenschaftlicher Erkenntnisse in konkrete, evidenzbasierte Entscheidungen und nachhaltige Handlungen, die den Schutz und die nachhaltige Nutzung der ...Weiterlesen","og_url":"https:\/\/hifmb.de.w01b8649.kasserver.com\/de\/transfer\/","og_site_name":"HIFMB Oldenburg","article_modified_time":"2024-06-25T12:48:12+00:00","og_image":[{"width":2560,"height":720,"url":"https:\/\/hifmb.de.w01b8649.kasserver.com\/wp-content\/uploads\/2024\/06\/Header_Transger_Pixabay_RedZeppelin.png","type":"image\/png"}],"twitter_card":"summary_large_image","twitter_misc":{"Est. reading time":"3 minutes"},"schema":{"@context":"https:\/\/schema.org","@graph":[{"@type":"WebPage","@id":"https:\/\/hifmb.de.w01b8649.kasserver.com\/de\/transfer\/","url":"https:\/\/hifmb.de.w01b8649.kasserver.com\/de\/transfer\/","name":"Transfer - HIFMB Oldenburg","isPartOf":{"@id":"https:\/\/hifmb.de.w01b8649.kasserver.com\/#website"},"primaryImageOfPage":{"@id":"https:\/\/hifmb.de.w01b8649.kasserver.com\/de\/transfer\/#primaryimage"},"image":{"@id":"https:\/\/hifmb.de.w01b8649.kasserver.com\/de\/transfer\/#primaryimage"},"thumbnailUrl":"https:\/\/hifmb.de\/wp-content\/uploads\/2024\/06\/Header_Transger_Pixabay_RedZeppelin.png","datePublished":"2024-06-25T10:38:10+00:00","dateModified":"2024-06-25T12:48:12+00:00","breadcrumb":{"@id":"https:\/\/hifmb.de.w01b8649.kasserver.com\/de\/transfer\/#breadcrumb"},"inLanguage":"de-DE","potentialAction":[{"@type":"ReadAction","target":["https:\/\/hifmb.de.w01b8649.kasserver.com\/de\/transfer\/"]}]},{"@type":"ImageObject","inLanguage":"de-DE","@id":"https:\/\/hifmb.de.w01b8649.kasserver.com\/de\/transfer\/#primaryimage","url":"https:\/\/hifmb.de\/wp-content\/uploads\/2024\/06\/Header_Transger_Pixabay_RedZeppelin.png","contentUrl":"https:\/\/hifmb.de\/wp-content\/uploads\/2024\/06\/Header_Transger_Pixabay_RedZeppelin.png","width":2560,"height":720,"caption":"Photo: Pixabay | Red zeppelin"},{"@type":"BreadcrumbList","@id":"https:\/\/hifmb.de.w01b8649.kasserver.com\/de\/transfer\/#breadcrumb","itemListElement":[{"@type":"ListItem","position":1,"name":"Home","item":"https:\/\/hifmb.de\/de\/"},{"@type":"ListItem","position":2,"name":"Transfer"}]},{"@type":"WebSite","@id":"https:\/\/hifmb.de.w01b8649.kasserver.com\/#website","url":"https:\/\/hifmb.de.w01b8649.kasserver.com\/","name":"HIFMB Oldenburg","description":"The Helmholtz Institute for Functional Marine Biodiversity (HIFMB)","publisher":{"@id":"https:\/\/hifmb.de.w01b8649.kasserver.com\/#organization"},"potentialAction":[{"@type":"SearchAction","target":{"@type":"EntryPoint","urlTemplate":"https:\/\/hifmb.de.w01b8649.kasserver.com\/?s={search_term_string}"},"query-input":{"@type":"PropertyValueSpecification","valueRequired":true,"valueName":"search_term_string"}}],"inLanguage":"de-DE"},{"@type":"Organization","@id":"https:\/\/hifmb.de.w01b8649.kasserver.com\/#organization","name":"HIFMB Oldenburg","url":"https:\/\/hifmb.de.w01b8649.kasserver.com\/","logo":{"@type":"ImageObject","inLanguage":"de-DE","@id":"https:\/\/hifmb.de.w01b8649.kasserver.com\/#\/schema\/logo\/image\/","url":"https:\/\/hifmb.de\/wp-content\/uploads\/2021\/01\/hifmb-logo-neg-de.svg","contentUrl":"https:\/\/hifmb.de\/wp-content\/uploads\/2021\/01\/hifmb-logo-neg-de.svg","width":300,"height":87,"caption":"HIFMB Oldenburg"},"image":{"@id":"https:\/\/hifmb.de.w01b8649.kasserver.com\/#\/schema\/logo\/image\/"}}]}},"_links":{"self":[{"href":"https:\/\/hifmb.de\/de\/wp-json\/wp\/v2\/pages\/13528","targetHints":{"allow":["GET"]}}],"collection":[{"href":"https:\/\/hifmb.de\/de\/wp-json\/wp\/v2\/pages"}],"about":[{"href":"https:\/\/hifmb.de\/de\/wp-json\/wp\/v2\/types\/page"}],"author":[{"embeddable":true,"href":"https:\/\/hifmb.de\/de\/wp-json\/wp\/v2\/users\/2"}],"replies":[{"embeddable":true,"href":"https:\/\/hifmb.de\/de\/wp-json\/wp\/v2\/comments?post=13528"}],"version-history":[{"count":5,"href":"https:\/\/hifmb.de\/de\/wp-json\/wp\/v2\/pages\/13528\/revisions"}],"predecessor-version":[{"id":13547,"href":"https:\/\/hifmb.de\/de\/wp-json\/wp\/v2\/pages\/13528\/revisions\/13547"}],"wp:featuredmedia":[{"embeddable":true,"href":"https:\/\/hifmb.de\/de\/wp-json\/wp\/v2\/media\/13543"}],"wp:attachment":[{"href":"https:\/\/hifmb.de\/de\/wp-json\/wp\/v2\/media?parent=13528"}],"curies":[{"name":"wp","href":"https:\/\/api.w.org\/{rel}","templated":true}]}}