{"id":17344,"date":"2026-01-22T10:49:43","date_gmt":"2026-01-22T09:49:43","guid":{"rendered":"https:\/\/hifmb.de\/forschung\/arbeitsgruppen\/marine-policy-and-management\/"},"modified":"2026-03-10T10:19:03","modified_gmt":"2026-03-10T09:19:03","slug":"marine-policy-and-management","status":"publish","type":"page","link":"https:\/\/hifmb.de\/de\/forschung\/arbeitsgruppen\/marine-policy-and-management\/","title":{"rendered":"Marine Policy and Management"},"content":{"rendered":"\n<p>Unsere Forschung zielt darauf ab, <strong>kreativ und kritisch M\u00f6glichkeiten und Praktiken f\u00fcr gesunde und gerechte Beziehungen zwischen Wasser und Gesellschaft in Fl\u00fcssen, Lagunen, K\u00fcstenregionen und Ozeanen zu untersuchen<\/strong>. Wir interessieren uns f\u00fcr Forschungsarbeiten zum Schutz, zur Bewirtschaftung und zur R\u00fcckgewinnung von Gew\u00e4ssern, wobei wir <strong>Infrastruktur, Wissen und politische Praktiken<\/strong> als analytischen Ansatzpunkt nehmen.<\/p>\n\n\n\n<p>Unsere Arbeit basiert auf <strong>sozialwissenschaftlichen Erkenntnissen<\/strong>, insbesondere aus den Bereichen Humangeographie, politische \u00d6kologie, feministische Science and Technology Studies und Governance-Forschung. Wir verwenden \u00fcberwiegend qualitative Methoden, experimentieren jedoch auch mit multimodalen Methoden, um <strong>menschliche und dar\u00fcber hinausgehende Beziehungen besser zu verstehen<\/strong>.<\/p>\n\n\n\n<p>Die <strong>Reflexion \u00fcber die Rolle von Forschenden und Wissenschaft(en)<\/strong> bei der Gestaltung (unseres) Verst\u00e4ndnisses sozialer und \u00f6kologischer Beziehungen ist ein zentraler Bestandteil unserer Arbeit. Ebenso wichtig ist es, eine <strong>kritische Perspektive<\/strong> zu entwickeln, die ungleichen Machtverh\u00e4ltnissen und Ungleichheiten Rechnung tr\u00e4gt und gleichzeitig konstruktives Denken und konstruktive Interventionen unterst\u00fctzt.<\/p>\n\n\n\n<p>Wir legen Wert auf <strong>Zusammenarbeit innerhalb und au\u00dferhalb der akademischen Welt<\/strong>. Dazu geh\u00f6rt die Beteiligung an gr\u00f6\u00dferen inter- und transdisziplin\u00e4ren Forschungsprojekten, die Entwicklung von R\u00e4umen, Rahmenbedingungen und Formaten zur Unterst\u00fctzung von Kooperationen sowie die t\u00e4gliche Pflege des Dialogs zwischen den Sozialwissenschaften und anderen Disziplinen und der \u00d6ffentlichkeit.<\/p>\n\n\n\n<p>Unsere Arbeit entsteht in enger Zusammenarbeit mit der <a href=\"https:\/\/hifmb.de\/de\/forschung\/arbeitsgruppen\/marine-governance\/\" type=\"page\" id=\"3160\">Marine Governance Gruppe<\/a>, da wir gemeinsam bestrebt sind, die sozialwissenschaftlichen Perspektiven am HIFMB und dar\u00fcber hinaus in der Meeresforschung zu st\u00e4rken. Mit der Marine Governance Gruppe teilen wir ein gut ausgestattetes qualitatives Forschungslabor und vor allem die Erkenntnis, dass sozialwissenschaftliche Forschung f\u00fcr den Schutz der Ozeane und ihrer Funktion f\u00fcr Mensch und Umwelt von grundlegender Bedeutung ist.<\/p>\n\n\n\n<div class=\"wp-block-theme-spacer  height-xxs\"><\/div>\n\n\n\n<div class=\"wp-block-theme-spacer  height-xs\"><\/div>\n\n\n\n<h2 class=\"wp-block-heading mb-xxxs\">Unser Team f\u00fcr Marine Policy and Management<\/h2>\n\n\n\n<div class=\"wp-block-theme-section  is-fullwidth\" style=\"\"><div class=\"container\">\n<div id=\"people-block\" class=\"wp-block-theme-filter-posts\">\n\n    <h3 class=\"pt-0 mb-xl container-md\">Team lead<\/h3><div class=\"row\"><article id=\"post-17137\" class=\"people-teaser zoom-onhover col-12 col-sm-6 col-md-4 col-lg-3 mb-xxl post-17137 people type-people status-publish has-post-thumbnail hentry\">\n\n            <a class=\"post-thumbnail\" href=\"https:\/\/hifmb.de\/people\/rossella-alba\/\" aria-hidden=\"true\" tabindex=\"-1\"><img loading=\"lazy\" decoding=\"async\" width=\"328\" height=\"328\" src=\"https:\/\/hifmb.de\/wp-content\/uploads\/2026\/01\/Rossella_square_3-328x328.png\" class=\"size-medium w-100 img-bordered people-teaser--img-main wp-post-image\" alt=\"Rossella Alba\" srcset=\"https:\/\/hifmb.de\/wp-content\/uploads\/2026\/01\/Rossella_square_3-328x328.png 328w, https:\/\/hifmb.de\/wp-content\/uploads\/2026\/01\/Rossella_square_3-150x150.png 150w, https:\/\/hifmb.de\/wp-content\/uploads\/2026\/01\/Rossella_square_3.png 562w\" sizes=\"auto, (max-width: 328px) 100vw, 328px\" \/><\/a>    \n    <header class=\"entry-header\">\n\n        <h2 class=\"entry-title pt-2 mb-xxxs\"><a href=\"https:\/\/hifmb.de\/people\/rossella-alba\/\" rel=\"bookmark\" class=\"no-link-style people-teaser-title\">Rossella Alba<\/a><\/h2>\n        <div><strong>Head of Marine Policy and Management<\/strong><\/div>\n        <span>Junior Professor in Marine Policy and Management<\/span>\n\n\n\n    <\/header>\n\n<\/article>\n<\/div>\n    <div id=\"append-people-block_85e55dc797b36d582d7c49ed42308fcc\" class=\"people-query row\" aria-live=\"polite\">\n\n        \n        \n        \n    <\/div> \n    <p id=\"back-to-top\" class=\"container mt-5 text-right\" style=\"display:none\"><a href=\"#page\"\n                                                                                  class=\"btn btn-primary icon-round\">\n            <span class=\"sr-only\">Zur\u00fcck nach oben<\/span>\n            <svg class=\"icon icon-size-xs\">\n                <use xlink:href=\"#arrow-double-up\"\/>\n            <\/svg>\n        <\/a><\/p>\n\n<\/div> <\/div><\/div>\n\n\n\n<h3 class=\"wp-block-heading\"><strong>Assoziierte Forsche<\/strong>nde<\/h3>\n\n\n\n<figure class=\"wp-block-image size-full is-resized\"><img loading=\"lazy\" decoding=\"async\" width=\"542\" height=\"702\" src=\"https:\/\/hifmb.de\/wp-content\/uploads\/2026\/02\/Laura.png\" alt=\"\" class=\"wp-image-17561\" style=\"width:169px;height:auto\" srcset=\"https:\/\/hifmb.de\/wp-content\/uploads\/2026\/02\/Laura.png 542w, https:\/\/hifmb.de\/wp-content\/uploads\/2026\/02\/Laura-263x341.png 263w\" sizes=\"auto, (max-width: 542px) 100vw, 542px\" \/><\/figure>\n\n\n\n<h3 class=\"wp-block-heading\">Du m\u00f6chtest Teil des Teams werden?<\/h3>\n\n\n\n<p class=\"mb-0\">Bewirb dich um eine der <a href=\"https:\/\/jobs.awi.de\/Vacancies\/2138\/Description\/2\">zwei ausgschriebenen PhD-Stellen<\/a>, Bewerbungsschluss ist der 18. M\u00e4rz.<\/p>\n\n\n\n<div class=\"wp-block-theme-spacer  height-xxxl\"><\/div>\n\n\n\n<div class=\"wp-block-buttons is-layout-flex wp-block-buttons-is-layout-flex\"><\/div>\n","protected":false},"excerpt":{"rendered":"<p>Vita<\/p>\n<p>2026 \u2013 today<\/p>\n<p>Junior Professor Marine Policy and Management, joint appointment between University of Oldenburg, the Helmholtz Institute for Functional Marine Biodiversity (HIFMB) and the Alfred Wegener Institute (AWI), Germany<\/p>\n<p>2021 \u2013 2025<\/p>\n<p>Postdoctoral Researcher, Geography Institute and Integrative Research Institute on Transformations of Human-Environment Systems (IRI THESys), Humboldt-Universit\u00e4t zu Berlin, Germany<\/p>\n<p>2021 <\/p>\n<p>PhD in Human Geography, Trier University, &#8230;<\/p>\n<p><a class=\"btn btn-primary theme-read-more-link mt-3 no-link-style\"\n                    href=\"https:\/\/hifmb.de\/de\/forschung\/arbeitsgruppen\/marine-policy-and-management\/\"\n                    aria-describedby=\"teaser-headline-17344\">Weiterlesen<\/a><\/p>\n","protected":false},"author":2,"featured_media":17320,"parent":3172,"menu_order":1,"comment_status":"closed","ping_status":"closed","template":"","meta":{"_acf_changed":false,"footnotes":""},"class_list":["post-17344","page","type-page","status-publish","has-post-thumbnail","hentry"],"acf":[],"yoast_head":"<!-- This site is optimized with the Yoast SEO plugin v27.4 - https:\/\/yoast.com\/product\/yoast-seo-wordpress\/ -->\n<title>Marine Policy and Management - HIFMB Oldenburg<\/title>\n<meta name=\"robots\" content=\"index, follow, max-snippet:-1, max-image-preview:large, max-video-preview:-1\" \/>\n<link rel=\"canonical\" href=\"https:\/\/hifmb.de\/de\/forschung\/arbeitsgruppen\/marine-policy-and-management\/\" \/>\n<meta property=\"og:locale\" content=\"de_DE\" \/>\n<meta property=\"og:type\" content=\"article\" \/>\n<meta property=\"og:title\" content=\"Marine Policy and Management - HIFMB Oldenburg\" \/>\n<meta property=\"og:description\" content=\"Vita  2026 \u2013 today  Junior Professor Marine Policy and Management, joint appointment between University of Oldenburg, the Helmholtz Institute for Functional Marine Biodiversity (HIFMB) and the Alfred Wegener Institute (AWI), Germany  2021 \u2013 2025  Postdoctoral Researcher, Geography Institute and Integrative Research Institute on Transformations of Human-Environment Systems (IRI THESys), Humboldt-Universit\u00e4t zu Berlin, Germany  2021   PhD in Human Geography, Trier University, ...Weiterlesen\" \/>\n<meta property=\"og:url\" content=\"https:\/\/hifmb.de\/de\/forschung\/arbeitsgruppen\/marine-policy-and-management\/\" \/>\n<meta property=\"og:site_name\" content=\"HIFMB Oldenburg\" \/>\n<meta property=\"article:modified_time\" content=\"2026-03-10T09:19:03+00:00\" \/>\n<meta property=\"og:image\" content=\"https:\/\/hifmb.de\/wp-content\/uploads\/2026\/01\/Header_MarPolMan_yang-song-unsplash.png\" \/>\n\t<meta property=\"og:image:width\" content=\"2560\" \/>\n\t<meta property=\"og:image:height\" content=\"720\" \/>\n\t<meta property=\"og:image:type\" content=\"image\/png\" \/>\n<meta name=\"twitter:card\" content=\"summary_large_image\" \/>\n<meta name=\"twitter:label1\" content=\"Est. reading time\" \/>\n\t<meta name=\"twitter:data1\" content=\"2 minutes\" \/>\n<script type=\"application\/ld+json\" class=\"yoast-schema-graph\">{\"@context\":\"https:\\\/\\\/schema.org\",\"@graph\":[{\"@type\":\"WebPage\",\"@id\":\"https:\\\/\\\/hifmb.de\\\/de\\\/forschung\\\/arbeitsgruppen\\\/marine-policy-and-management\\\/\",\"url\":\"https:\\\/\\\/hifmb.de\\\/de\\\/forschung\\\/arbeitsgruppen\\\/marine-policy-and-management\\\/\",\"name\":\"Marine Policy and Management - HIFMB Oldenburg\",\"isPartOf\":{\"@id\":\"https:\\\/\\\/hifmb.de\\\/de\\\/#website\"},\"primaryImageOfPage\":{\"@id\":\"https:\\\/\\\/hifmb.de\\\/de\\\/forschung\\\/arbeitsgruppen\\\/marine-policy-and-management\\\/#primaryimage\"},\"image\":{\"@id\":\"https:\\\/\\\/hifmb.de\\\/de\\\/forschung\\\/arbeitsgruppen\\\/marine-policy-and-management\\\/#primaryimage\"},\"thumbnailUrl\":\"https:\\\/\\\/hifmb.de\\\/wp-content\\\/uploads\\\/2026\\\/01\\\/Header_MarPolMan_yang-song-unsplash.png\",\"datePublished\":\"2026-01-22T09:49:43+00:00\",\"dateModified\":\"2026-03-10T09:19:03+00:00\",\"breadcrumb\":{\"@id\":\"https:\\\/\\\/hifmb.de\\\/de\\\/forschung\\\/arbeitsgruppen\\\/marine-policy-and-management\\\/#breadcrumb\"},\"inLanguage\":\"de-DE\",\"potentialAction\":[{\"@type\":\"ReadAction\",\"target\":[\"https:\\\/\\\/hifmb.de\\\/de\\\/forschung\\\/arbeitsgruppen\\\/marine-policy-and-management\\\/\"]}]},{\"@type\":\"ImageObject\",\"inLanguage\":\"de-DE\",\"@id\":\"https:\\\/\\\/hifmb.de\\\/de\\\/forschung\\\/arbeitsgruppen\\\/marine-policy-and-management\\\/#primaryimage\",\"url\":\"https:\\\/\\\/hifmb.de\\\/wp-content\\\/uploads\\\/2026\\\/01\\\/Header_MarPolMan_yang-song-unsplash.png\",\"contentUrl\":\"https:\\\/\\\/hifmb.de\\\/wp-content\\\/uploads\\\/2026\\\/01\\\/Header_MarPolMan_yang-song-unsplash.png\",\"width\":2560,\"height\":720,\"caption\":\"Photo: Yang Song | Unsplash\"},{\"@type\":\"BreadcrumbList\",\"@id\":\"https:\\\/\\\/hifmb.de\\\/de\\\/forschung\\\/arbeitsgruppen\\\/marine-policy-and-management\\\/#breadcrumb\",\"itemListElement\":[{\"@type\":\"ListItem\",\"position\":1,\"name\":\"Home\",\"item\":\"https:\\\/\\\/hifmb.de\\\/de\\\/\"},{\"@type\":\"ListItem\",\"position\":2,\"name\":\"Forschung\",\"item\":\"https:\\\/\\\/hifmb.de\\\/de\\\/forschung\\\/\"},{\"@type\":\"ListItem\",\"position\":3,\"name\":\"Arbeitsgruppen\",\"item\":\"https:\\\/\\\/hifmb.de\\\/de\\\/forschung\\\/arbeitsgruppen\\\/\"},{\"@type\":\"ListItem\",\"position\":4,\"name\":\"Marine Policy and Management\"}]},{\"@type\":\"WebSite\",\"@id\":\"https:\\\/\\\/hifmb.de\\\/de\\\/#website\",\"url\":\"https:\\\/\\\/hifmb.de\\\/de\\\/\",\"name\":\"HIFMB Oldenburg\",\"description\":\"The Helmholtz Institute for Functional Marine Biodiversity (HIFMB)\",\"publisher\":{\"@id\":\"https:\\\/\\\/hifmb.de\\\/de\\\/#organization\"},\"potentialAction\":[{\"@type\":\"SearchAction\",\"target\":{\"@type\":\"EntryPoint\",\"urlTemplate\":\"https:\\\/\\\/hifmb.de\\\/de\\\/?s={search_term_string}\"},\"query-input\":{\"@type\":\"PropertyValueSpecification\",\"valueRequired\":true,\"valueName\":\"search_term_string\"}}],\"inLanguage\":\"de-DE\"},{\"@type\":\"Organization\",\"@id\":\"https:\\\/\\\/hifmb.de\\\/de\\\/#organization\",\"name\":\"HIFMB Oldenburg\",\"url\":\"https:\\\/\\\/hifmb.de\\\/de\\\/\",\"logo\":{\"@type\":\"ImageObject\",\"inLanguage\":\"de-DE\",\"@id\":\"https:\\\/\\\/hifmb.de\\\/de\\\/#\\\/schema\\\/logo\\\/image\\\/\",\"url\":\"https:\\\/\\\/hifmb.de\\\/wp-content\\\/uploads\\\/2021\\\/01\\\/hifmb-logo-neg-de.svg\",\"contentUrl\":\"https:\\\/\\\/hifmb.de\\\/wp-content\\\/uploads\\\/2021\\\/01\\\/hifmb-logo-neg-de.svg\",\"width\":300,\"height\":87,\"caption\":\"HIFMB Oldenburg\"},\"image\":{\"@id\":\"https:\\\/\\\/hifmb.de\\\/de\\\/#\\\/schema\\\/logo\\\/image\\\/\"}}]}<\/script>\n<!-- \/ Yoast SEO plugin. -->","yoast_head_json":{"title":"Marine Policy and Management - HIFMB Oldenburg","robots":{"index":"index","follow":"follow","max-snippet":"max-snippet:-1","max-image-preview":"max-image-preview:large","max-video-preview":"max-video-preview:-1"},"canonical":"https:\/\/hifmb.de\/de\/forschung\/arbeitsgruppen\/marine-policy-and-management\/","og_locale":"de_DE","og_type":"article","og_title":"Marine Policy and Management - HIFMB Oldenburg","og_description":"Vita  2026 \u2013 today  Junior Professor Marine Policy and Management, joint appointment between University of Oldenburg, the Helmholtz Institute for Functional Marine Biodiversity (HIFMB) and the Alfred Wegener Institute (AWI), Germany  2021 \u2013 2025  Postdoctoral Researcher, Geography Institute and Integrative Research Institute on Transformations of Human-Environment Systems (IRI THESys), Humboldt-Universit\u00e4t zu Berlin, Germany  2021   PhD in Human Geography, Trier University, ...Weiterlesen","og_url":"https:\/\/hifmb.de\/de\/forschung\/arbeitsgruppen\/marine-policy-and-management\/","og_site_name":"HIFMB Oldenburg","article_modified_time":"2026-03-10T09:19:03+00:00","og_image":[{"width":2560,"height":720,"url":"https:\/\/hifmb.de\/wp-content\/uploads\/2026\/01\/Header_MarPolMan_yang-song-unsplash.png","type":"image\/png"}],"twitter_card":"summary_large_image","twitter_misc":{"Est. reading time":"2 minutes"},"schema":{"@context":"https:\/\/schema.org","@graph":[{"@type":"WebPage","@id":"https:\/\/hifmb.de\/de\/forschung\/arbeitsgruppen\/marine-policy-and-management\/","url":"https:\/\/hifmb.de\/de\/forschung\/arbeitsgruppen\/marine-policy-and-management\/","name":"Marine Policy and Management - HIFMB Oldenburg","isPartOf":{"@id":"https:\/\/hifmb.de\/de\/#website"},"primaryImageOfPage":{"@id":"https:\/\/hifmb.de\/de\/forschung\/arbeitsgruppen\/marine-policy-and-management\/#primaryimage"},"image":{"@id":"https:\/\/hifmb.de\/de\/forschung\/arbeitsgruppen\/marine-policy-and-management\/#primaryimage"},"thumbnailUrl":"https:\/\/hifmb.de\/wp-content\/uploads\/2026\/01\/Header_MarPolMan_yang-song-unsplash.png","datePublished":"2026-01-22T09:49:43+00:00","dateModified":"2026-03-10T09:19:03+00:00","breadcrumb":{"@id":"https:\/\/hifmb.de\/de\/forschung\/arbeitsgruppen\/marine-policy-and-management\/#breadcrumb"},"inLanguage":"de-DE","potentialAction":[{"@type":"ReadAction","target":["https:\/\/hifmb.de\/de\/forschung\/arbeitsgruppen\/marine-policy-and-management\/"]}]},{"@type":"ImageObject","inLanguage":"de-DE","@id":"https:\/\/hifmb.de\/de\/forschung\/arbeitsgruppen\/marine-policy-and-management\/#primaryimage","url":"https:\/\/hifmb.de\/wp-content\/uploads\/2026\/01\/Header_MarPolMan_yang-song-unsplash.png","contentUrl":"https:\/\/hifmb.de\/wp-content\/uploads\/2026\/01\/Header_MarPolMan_yang-song-unsplash.png","width":2560,"height":720,"caption":"Photo: Yang Song | Unsplash"},{"@type":"BreadcrumbList","@id":"https:\/\/hifmb.de\/de\/forschung\/arbeitsgruppen\/marine-policy-and-management\/#breadcrumb","itemListElement":[{"@type":"ListItem","position":1,"name":"Home","item":"https:\/\/hifmb.de\/de\/"},{"@type":"ListItem","position":2,"name":"Forschung","item":"https:\/\/hifmb.de\/de\/forschung\/"},{"@type":"ListItem","position":3,"name":"Arbeitsgruppen","item":"https:\/\/hifmb.de\/de\/forschung\/arbeitsgruppen\/"},{"@type":"ListItem","position":4,"name":"Marine Policy and Management"}]},{"@type":"WebSite","@id":"https:\/\/hifmb.de\/de\/#website","url":"https:\/\/hifmb.de\/de\/","name":"HIFMB Oldenburg","description":"The Helmholtz Institute for Functional Marine Biodiversity (HIFMB)","publisher":{"@id":"https:\/\/hifmb.de\/de\/#organization"},"potentialAction":[{"@type":"SearchAction","target":{"@type":"EntryPoint","urlTemplate":"https:\/\/hifmb.de\/de\/?s={search_term_string}"},"query-input":{"@type":"PropertyValueSpecification","valueRequired":true,"valueName":"search_term_string"}}],"inLanguage":"de-DE"},{"@type":"Organization","@id":"https:\/\/hifmb.de\/de\/#organization","name":"HIFMB Oldenburg","url":"https:\/\/hifmb.de\/de\/","logo":{"@type":"ImageObject","inLanguage":"de-DE","@id":"https:\/\/hifmb.de\/de\/#\/schema\/logo\/image\/","url":"https:\/\/hifmb.de\/wp-content\/uploads\/2021\/01\/hifmb-logo-neg-de.svg","contentUrl":"https:\/\/hifmb.de\/wp-content\/uploads\/2021\/01\/hifmb-logo-neg-de.svg","width":300,"height":87,"caption":"HIFMB Oldenburg"},"image":{"@id":"https:\/\/hifmb.de\/de\/#\/schema\/logo\/image\/"}}]}},"_links":{"self":[{"href":"https:\/\/hifmb.de\/de\/wp-json\/wp\/v2\/pages\/17344","targetHints":{"allow":["GET"]}}],"collection":[{"href":"https:\/\/hifmb.de\/de\/wp-json\/wp\/v2\/pages"}],"about":[{"href":"https:\/\/hifmb.de\/de\/wp-json\/wp\/v2\/types\/page"}],"author":[{"embeddable":true,"href":"https:\/\/hifmb.de\/de\/wp-json\/wp\/v2\/users\/2"}],"replies":[{"embeddable":true,"href":"https:\/\/hifmb.de\/de\/wp-json\/wp\/v2\/comments?post=17344"}],"version-history":[{"count":5,"href":"https:\/\/hifmb.de\/de\/wp-json\/wp\/v2\/pages\/17344\/revisions"}],"predecessor-version":[{"id":17649,"href":"https:\/\/hifmb.de\/de\/wp-json\/wp\/v2\/pages\/17344\/revisions\/17649"}],"up":[{"embeddable":true,"href":"https:\/\/hifmb.de\/de\/wp-json\/wp\/v2\/pages\/3172"}],"wp:featuredmedia":[{"embeddable":true,"href":"https:\/\/hifmb.de\/de\/wp-json\/wp\/v2\/media\/17320"}],"wp:attachment":[{"href":"https:\/\/hifmb.de\/de\/wp-json\/wp\/v2\/media?parent=17344"}],"curies":[{"name":"wp","href":"https:\/\/api.w.org\/{rel}","templated":true}]}}