{"id":17433,"date":"2026-03-17T08:44:41","date_gmt":"2026-03-17T07:44:41","guid":{"rendered":"https:\/\/hifmb.de\/?page_id=17433"},"modified":"2026-04-14T08:49:18","modified_gmt":"2026-04-14T06:49:18","slug":"infrastruktur","status":"publish","type":"page","link":"https:\/\/hifmb.de\/de\/forschung\/infrastruktur\/","title":{"rendered":"Infrastruktur"},"content":{"rendered":"\n<div class=\"wp-block-theme-spacer  height-xl\"><\/div>\n\n\n\n<div class=\"wp-block-columns is-layout-flex wp-container-core-columns-is-layout-9d6595d7 wp-block-columns-is-layout-flex\">\n<div class=\"wp-block-column is-layout-flow wp-block-column-is-layout-flow\" style=\"flex-basis:100%\">\n<h2 class=\"wp-block-heading\">Labore und Tools<\/h2>\n<\/div>\n\n\n\n<div class=\"wp-block-column is-layout-flow wp-block-column-is-layout-flow\"><\/div>\n<\/div>\n\n\n\n<div class=\"wp-block-group is-style-cards-wrapper-3 is-layout-flow wp-block-group-is-layout-flow\">\n<div class=\"wp-block-group is-style-card has-primary-background-color has-background is-layout-flow wp-block-group-is-layout-flow\">\n<figure class=\"wp-block-image size-full\"><img loading=\"lazy\" decoding=\"async\" width=\"438\" height=\"438\" src=\"https:\/\/hifmb.de\/wp-content\/uploads\/2026\/02\/SocScLab_Gerd_Altmann_Pixapay.png\" alt=\"\" class=\"wp-image-17463\" srcset=\"https:\/\/hifmb.de\/wp-content\/uploads\/2026\/02\/SocScLab_Gerd_Altmann_Pixapay.png 438w, https:\/\/hifmb.de\/wp-content\/uploads\/2026\/02\/SocScLab_Gerd_Altmann_Pixapay-328x328.png 328w, https:\/\/hifmb.de\/wp-content\/uploads\/2026\/02\/SocScLab_Gerd_Altmann_Pixapay-150x150.png 150w\" sizes=\"auto, (max-width: 438px) 100vw, 438px\" \/><\/figure>\n\n\n\n<h3 class=\"wp-block-heading has-white-color has-text-color has-link-color wp-elements-d4bd31f9c35648bc529707121b2fa25b\"><a href=\"https:\/\/hifmb.de\/de\/forschung\/infrastruktur\/qualilab\/\" type=\"page\" id=\"17879\">Labor f\u00fcr Qualitative Marine Methoden (QualiLab)<\/a><\/h3>\n\n\n\n<p class=\"has-white-color has-text-color has-link-color wp-elements-1dcca43e6e16f7bb6a46a5da4b0cf7f9\" style=\"margin-right:var(--wp--preset--spacing--50);margin-left:var(--wp--preset--spacing--50)\">Infrastruktur zur Unterst\u00fctzung qualitativer Forschung in Meeres- und K\u00fcstenumgebungen<\/p>\n\n\n\n<div class=\"wp-block-theme-spacer\"><\/div>\n<\/div>\n\n\n\n<div class=\"wp-block-group is-style-card has-primary-background-color has-background is-layout-flow wp-block-group-is-layout-flow\">\n<figure class=\"wp-block-image size-full\"><img loading=\"lazy\" decoding=\"async\" width=\"438\" height=\"438\" src=\"https:\/\/hifmb.de\/wp-content\/uploads\/2026\/02\/Lab_Tatiana_Pixabay.png\" alt=\"\" class=\"wp-image-17467\" srcset=\"https:\/\/hifmb.de\/wp-content\/uploads\/2026\/02\/Lab_Tatiana_Pixabay.png 438w, https:\/\/hifmb.de\/wp-content\/uploads\/2026\/02\/Lab_Tatiana_Pixabay-328x328.png 328w, https:\/\/hifmb.de\/wp-content\/uploads\/2026\/02\/Lab_Tatiana_Pixabay-150x150.png 150w\" sizes=\"auto, (max-width: 438px) 100vw, 438px\" \/><\/figure>\n\n\n\n<h3 class=\"wp-block-heading has-white-color has-text-color has-link-color wp-elements-8ba1fbfd2699766a604a4502269ba92b\">Labor<\/h3>\n\n\n\n<p class=\"has-white-color has-text-color has-link-color wp-elements-23b37c43254235e6d408476c5836ea09\" style=\"margin-right:var(--wp--preset--spacing--50);margin-left:var(--wp--preset--spacing--50)\">Weitere Informationen folgen in K\u00fcrze<\/p>\n\n\n\n<div class=\"wp-block-theme-spacer\"><\/div>\n<\/div>\n\n\n\n<div class=\"wp-block-group is-style-card has-primary-background-color has-background is-layout-flow wp-block-group-is-layout-flow\">\n<figure class=\"wp-block-image size-full\"><img loading=\"lazy\" decoding=\"async\" width=\"562\" height=\"562\" src=\"https:\/\/hifmb.de\/wp-content\/uploads\/2026\/02\/agkaimal-coral-photo-pixabay.jpg\" alt=\"\" class=\"wp-image-17418\" srcset=\"https:\/\/hifmb.de\/wp-content\/uploads\/2026\/02\/agkaimal-coral-photo-pixabay.jpg 562w, https:\/\/hifmb.de\/wp-content\/uploads\/2026\/02\/agkaimal-coral-photo-pixabay-328x328.jpg 328w, https:\/\/hifmb.de\/wp-content\/uploads\/2026\/02\/agkaimal-coral-photo-pixabay-150x150.jpg 150w\" sizes=\"auto, (max-width: 562px) 100vw, 562px\" \/><\/figure>\n\n\n\n<h3 class=\"wp-block-heading has-white-color has-text-color has-link-color wp-elements-c60fc19acd253272ae9b5af949157d0c\"><a href=\"https:\/\/hifmb.de\/de\/forschung\/infrastruktur\/coral-stag-database\/\" type=\"page\" id=\"17588\">Coral STAG Datenbank<\/a><\/h3>\n\n\n\n<p class=\"has-white-color has-text-color has-link-color wp-elements-d27938bd699a4cc4d03f374a191191a5\" style=\"margin-right:var(--wp--preset--spacing--50);margin-left:var(--wp--preset--spacing--50)\">30K-SNP-Genotypisierungsarray und Science Gateway f\u00fcr <em>Acropora<\/em>-Korallen und ihre dinoflagellaten Symbionten<\/p>\n\n\n\n<div class=\"wp-block-theme-spacer\"><\/div>\n<\/div>\n\n\n\n<div class=\"wp-block-group is-style-card has-white-background-color has-background is-layout-flow wp-block-group-is-layout-flow\">\n<div class=\"wp-block-group is-style-card has-primary-background-color has-background is-layout-flow wp-block-group-is-layout-flow\">\n<figure class=\"wp-block-image size-full\"><img loading=\"lazy\" decoding=\"async\" width=\"562\" height=\"562\" src=\"https:\/\/hifmb.de\/wp-content\/uploads\/2026\/02\/anvio.jpg\" alt=\"\" class=\"wp-image-17413\" srcset=\"https:\/\/hifmb.de\/wp-content\/uploads\/2026\/02\/anvio.jpg 562w, https:\/\/hifmb.de\/wp-content\/uploads\/2026\/02\/anvio-328x328.jpg 328w, https:\/\/hifmb.de\/wp-content\/uploads\/2026\/02\/anvio-150x150.jpg 150w\" sizes=\"auto, (max-width: 562px) 100vw, 562px\" \/><\/figure>\n\n\n\n<h3 class=\"wp-block-heading has-white-color has-text-color has-link-color wp-elements-1af0dced660fea0150266e3ba9141125\"><a href=\"https:\/\/anvio.org\/\">Anvi&#8217;o<\/a><\/h3>\n\n\n\n<p class=\"has-white-color has-text-color has-link-color wp-elements-69b2ae06b63182e367101e673e828aa1\" style=\"margin-right:var(--wp--preset--spacing--50);margin-left:var(--wp--preset--spacing--50)\">Analyse- und Visualisierungsplattform f\u00fcr mikrobielle &#8216;Omics Daten<\/p>\n\n\n\n<div class=\"wp-block-theme-spacer\"><\/div>\n<\/div>\n<\/div>\n<\/div>\n\n\n\n<div class=\"wp-block-theme-spacer  height-xxxs\"><\/div>\n\n\n\n<div class=\"wp-block-theme-spacer  height-xxxxl\"><\/div>\n\n\n\n<p><\/p>\n","protected":false},"excerpt":{"rendered":"<p>Labore und Tools<\/p>\n<p>Labor f\u00fcr Qualitative Marine Methoden (QualiLab)<\/p>\n<p>Infrastruktur zur Unterst\u00fctzung qualitativer Forschung in Meeres- und K\u00fcstenumgebungen<\/p>\n<p>Labor<\/p>\n<p>Weitere Informationen folgen in K\u00fcrze<\/p>\n<p>Coral STAG Datenbank<\/p>\n<p>30K-SNP-Genotypisierungsarray und Science Gateway f\u00fcr Acropora-Korallen und ihre dinoflagellaten Symbionten<\/p>\n<p>Anvi&#8217;o<\/p>\n<p>Analyse- und Visualisierungsplattform f\u00fcr mikrobielle &#8216;Omics Daten<\/p>\n<p><a class=\"btn btn-primary theme-read-more-link mt-3 no-link-style\"\n                    href=\"https:\/\/hifmb.de\/de\/forschung\/infrastruktur\/\"\n                    aria-describedby=\"teaser-headline-17433\">Weiterlesen<\/a><\/p>\n","protected":false},"author":13,"featured_media":17417,"parent":3174,"menu_order":0,"comment_status":"closed","ping_status":"closed","template":"","meta":{"_acf_changed":false,"footnotes":""},"class_list":["post-17433","page","type-page","status-publish","has-post-thumbnail","hentry"],"acf":[],"yoast_head":"<!-- This site is optimized with the Yoast SEO plugin v27.5 - https:\/\/yoast.com\/product\/yoast-seo-wordpress\/ -->\n<title>Infrastruktur - HIFMB Oldenburg<\/title>\n<meta name=\"robots\" content=\"index, follow, max-snippet:-1, max-image-preview:large, max-video-preview:-1\" \/>\n<link rel=\"canonical\" href=\"https:\/\/hifmb.de\/de\/forschung\/infrastruktur\/\" \/>\n<meta property=\"og:locale\" content=\"de_DE\" \/>\n<meta property=\"og:type\" content=\"article\" \/>\n<meta property=\"og:title\" content=\"Infrastruktur - HIFMB Oldenburg\" \/>\n<meta property=\"og:description\" content=\"Labore und Tools        Labor f\u00fcr Qualitative Marine Methoden (QualiLab)  Infrastruktur zur Unterst\u00fctzung qualitativer Forschung in Meeres- und K\u00fcstenumgebungen       Labor  Weitere Informationen folgen in K\u00fcrze       Coral STAG Datenbank  30K-SNP-Genotypisierungsarray und Science Gateway f\u00fcr Acropora-Korallen und ihre dinoflagellaten Symbionten        Anvi&#8217;o  Analyse- und Visualisierungsplattform f\u00fcr mikrobielle &#8216;Omics DatenWeiterlesen\" \/>\n<meta property=\"og:url\" content=\"https:\/\/hifmb.de\/de\/forschung\/infrastruktur\/\" \/>\n<meta property=\"og:site_name\" content=\"HIFMB Oldenburg\" \/>\n<meta property=\"article:modified_time\" content=\"2026-04-14T06:49:18+00:00\" \/>\n<meta property=\"og:image\" content=\"https:\/\/hifmb.de\/wp-content\/uploads\/2026\/02\/hifmb-gebaude-header.jpg\" \/>\n\t<meta property=\"og:image:width\" content=\"2560\" \/>\n\t<meta property=\"og:image:height\" content=\"720\" \/>\n\t<meta property=\"og:image:type\" content=\"image\/jpeg\" \/>\n<meta name=\"twitter:card\" content=\"summary_large_image\" \/>\n<script type=\"application\/ld+json\" class=\"yoast-schema-graph\">{\"@context\":\"https:\\\/\\\/schema.org\",\"@graph\":[{\"@type\":\"WebPage\",\"@id\":\"https:\\\/\\\/hifmb.de\\\/de\\\/forschung\\\/infrastruktur\\\/\",\"url\":\"https:\\\/\\\/hifmb.de\\\/de\\\/forschung\\\/infrastruktur\\\/\",\"name\":\"Infrastruktur - HIFMB Oldenburg\",\"isPartOf\":{\"@id\":\"https:\\\/\\\/hifmb.de\\\/de\\\/#website\"},\"primaryImageOfPage\":{\"@id\":\"https:\\\/\\\/hifmb.de\\\/de\\\/forschung\\\/infrastruktur\\\/#primaryimage\"},\"image\":{\"@id\":\"https:\\\/\\\/hifmb.de\\\/de\\\/forschung\\\/infrastruktur\\\/#primaryimage\"},\"thumbnailUrl\":\"https:\\\/\\\/hifmb.de\\\/wp-content\\\/uploads\\\/2026\\\/02\\\/hifmb-gebaude-header.jpg\",\"datePublished\":\"2026-03-17T07:44:41+00:00\",\"dateModified\":\"2026-04-14T06:49:18+00:00\",\"breadcrumb\":{\"@id\":\"https:\\\/\\\/hifmb.de\\\/de\\\/forschung\\\/infrastruktur\\\/#breadcrumb\"},\"inLanguage\":\"de-DE\",\"potentialAction\":[{\"@type\":\"ReadAction\",\"target\":[\"https:\\\/\\\/hifmb.de\\\/de\\\/forschung\\\/infrastruktur\\\/\"]}]},{\"@type\":\"ImageObject\",\"inLanguage\":\"de-DE\",\"@id\":\"https:\\\/\\\/hifmb.de\\\/de\\\/forschung\\\/infrastruktur\\\/#primaryimage\",\"url\":\"https:\\\/\\\/hifmb.de\\\/wp-content\\\/uploads\\\/2026\\\/02\\\/hifmb-gebaude-header.jpg\",\"contentUrl\":\"https:\\\/\\\/hifmb.de\\\/wp-content\\\/uploads\\\/2026\\\/02\\\/hifmb-gebaude-header.jpg\",\"width\":2560,\"height\":720},{\"@type\":\"BreadcrumbList\",\"@id\":\"https:\\\/\\\/hifmb.de\\\/de\\\/forschung\\\/infrastruktur\\\/#breadcrumb\",\"itemListElement\":[{\"@type\":\"ListItem\",\"position\":1,\"name\":\"Home\",\"item\":\"https:\\\/\\\/hifmb.de.w01b8649.kasserver.com\\\/de\\\/\"},{\"@type\":\"ListItem\",\"position\":2,\"name\":\"Forschung\",\"item\":\"https:\\\/\\\/hifmb.de.w01b8649.kasserver.com\\\/de\\\/forschung\\\/\"},{\"@type\":\"ListItem\",\"position\":3,\"name\":\"Infrastruktur\"}]},{\"@type\":\"WebSite\",\"@id\":\"https:\\\/\\\/hifmb.de\\\/de\\\/#website\",\"url\":\"https:\\\/\\\/hifmb.de\\\/de\\\/\",\"name\":\"HIFMB Oldenburg\",\"description\":\"The Helmholtz Institute for Functional Marine Biodiversity (HIFMB)\",\"publisher\":{\"@id\":\"https:\\\/\\\/hifmb.de\\\/de\\\/#organization\"},\"potentialAction\":[{\"@type\":\"SearchAction\",\"target\":{\"@type\":\"EntryPoint\",\"urlTemplate\":\"https:\\\/\\\/hifmb.de\\\/de\\\/?s={search_term_string}\"},\"query-input\":{\"@type\":\"PropertyValueSpecification\",\"valueRequired\":true,\"valueName\":\"search_term_string\"}}],\"inLanguage\":\"de-DE\"},{\"@type\":\"Organization\",\"@id\":\"https:\\\/\\\/hifmb.de\\\/de\\\/#organization\",\"name\":\"HIFMB Oldenburg\",\"url\":\"https:\\\/\\\/hifmb.de\\\/de\\\/\",\"logo\":{\"@type\":\"ImageObject\",\"inLanguage\":\"de-DE\",\"@id\":\"https:\\\/\\\/hifmb.de\\\/de\\\/#\\\/schema\\\/logo\\\/image\\\/\",\"url\":\"https:\\\/\\\/hifmb.de\\\/wp-content\\\/uploads\\\/2021\\\/01\\\/hifmb-logo-neg-de.svg\",\"contentUrl\":\"https:\\\/\\\/hifmb.de\\\/wp-content\\\/uploads\\\/2021\\\/01\\\/hifmb-logo-neg-de.svg\",\"width\":300,\"height\":87,\"caption\":\"HIFMB Oldenburg\"},\"image\":{\"@id\":\"https:\\\/\\\/hifmb.de\\\/de\\\/#\\\/schema\\\/logo\\\/image\\\/\"}}]}<\/script>\n<!-- \/ Yoast SEO plugin. -->","yoast_head_json":{"title":"Infrastruktur - HIFMB Oldenburg","robots":{"index":"index","follow":"follow","max-snippet":"max-snippet:-1","max-image-preview":"max-image-preview:large","max-video-preview":"max-video-preview:-1"},"canonical":"https:\/\/hifmb.de\/de\/forschung\/infrastruktur\/","og_locale":"de_DE","og_type":"article","og_title":"Infrastruktur - HIFMB Oldenburg","og_description":"Labore und Tools        Labor f\u00fcr Qualitative Marine Methoden (QualiLab)  Infrastruktur zur Unterst\u00fctzung qualitativer Forschung in Meeres- und K\u00fcstenumgebungen       Labor  Weitere Informationen folgen in K\u00fcrze       Coral STAG Datenbank  30K-SNP-Genotypisierungsarray und Science Gateway f\u00fcr Acropora-Korallen und ihre dinoflagellaten Symbionten        Anvi&#8217;o  Analyse- und Visualisierungsplattform f\u00fcr mikrobielle &#8216;Omics DatenWeiterlesen","og_url":"https:\/\/hifmb.de\/de\/forschung\/infrastruktur\/","og_site_name":"HIFMB Oldenburg","article_modified_time":"2026-04-14T06:49:18+00:00","og_image":[{"width":2560,"height":720,"url":"https:\/\/hifmb.de\/wp-content\/uploads\/2026\/02\/hifmb-gebaude-header.jpg","type":"image\/jpeg"}],"twitter_card":"summary_large_image","schema":{"@context":"https:\/\/schema.org","@graph":[{"@type":"WebPage","@id":"https:\/\/hifmb.de\/de\/forschung\/infrastruktur\/","url":"https:\/\/hifmb.de\/de\/forschung\/infrastruktur\/","name":"Infrastruktur - HIFMB Oldenburg","isPartOf":{"@id":"https:\/\/hifmb.de\/de\/#website"},"primaryImageOfPage":{"@id":"https:\/\/hifmb.de\/de\/forschung\/infrastruktur\/#primaryimage"},"image":{"@id":"https:\/\/hifmb.de\/de\/forschung\/infrastruktur\/#primaryimage"},"thumbnailUrl":"https:\/\/hifmb.de\/wp-content\/uploads\/2026\/02\/hifmb-gebaude-header.jpg","datePublished":"2026-03-17T07:44:41+00:00","dateModified":"2026-04-14T06:49:18+00:00","breadcrumb":{"@id":"https:\/\/hifmb.de\/de\/forschung\/infrastruktur\/#breadcrumb"},"inLanguage":"de-DE","potentialAction":[{"@type":"ReadAction","target":["https:\/\/hifmb.de\/de\/forschung\/infrastruktur\/"]}]},{"@type":"ImageObject","inLanguage":"de-DE","@id":"https:\/\/hifmb.de\/de\/forschung\/infrastruktur\/#primaryimage","url":"https:\/\/hifmb.de\/wp-content\/uploads\/2026\/02\/hifmb-gebaude-header.jpg","contentUrl":"https:\/\/hifmb.de\/wp-content\/uploads\/2026\/02\/hifmb-gebaude-header.jpg","width":2560,"height":720},{"@type":"BreadcrumbList","@id":"https:\/\/hifmb.de\/de\/forschung\/infrastruktur\/#breadcrumb","itemListElement":[{"@type":"ListItem","position":1,"name":"Home","item":"https:\/\/hifmb.de.w01b8649.kasserver.com\/de\/"},{"@type":"ListItem","position":2,"name":"Forschung","item":"https:\/\/hifmb.de.w01b8649.kasserver.com\/de\/forschung\/"},{"@type":"ListItem","position":3,"name":"Infrastruktur"}]},{"@type":"WebSite","@id":"https:\/\/hifmb.de\/de\/#website","url":"https:\/\/hifmb.de\/de\/","name":"HIFMB Oldenburg","description":"The Helmholtz Institute for Functional Marine Biodiversity (HIFMB)","publisher":{"@id":"https:\/\/hifmb.de\/de\/#organization"},"potentialAction":[{"@type":"SearchAction","target":{"@type":"EntryPoint","urlTemplate":"https:\/\/hifmb.de\/de\/?s={search_term_string}"},"query-input":{"@type":"PropertyValueSpecification","valueRequired":true,"valueName":"search_term_string"}}],"inLanguage":"de-DE"},{"@type":"Organization","@id":"https:\/\/hifmb.de\/de\/#organization","name":"HIFMB Oldenburg","url":"https:\/\/hifmb.de\/de\/","logo":{"@type":"ImageObject","inLanguage":"de-DE","@id":"https:\/\/hifmb.de\/de\/#\/schema\/logo\/image\/","url":"https:\/\/hifmb.de\/wp-content\/uploads\/2021\/01\/hifmb-logo-neg-de.svg","contentUrl":"https:\/\/hifmb.de\/wp-content\/uploads\/2021\/01\/hifmb-logo-neg-de.svg","width":300,"height":87,"caption":"HIFMB Oldenburg"},"image":{"@id":"https:\/\/hifmb.de\/de\/#\/schema\/logo\/image\/"}}]}},"_links":{"self":[{"href":"https:\/\/hifmb.de\/de\/wp-json\/wp\/v2\/pages\/17433","targetHints":{"allow":["GET"]}}],"collection":[{"href":"https:\/\/hifmb.de\/de\/wp-json\/wp\/v2\/pages"}],"about":[{"href":"https:\/\/hifmb.de\/de\/wp-json\/wp\/v2\/types\/page"}],"author":[{"embeddable":true,"href":"https:\/\/hifmb.de\/de\/wp-json\/wp\/v2\/users\/13"}],"replies":[{"embeddable":true,"href":"https:\/\/hifmb.de\/de\/wp-json\/wp\/v2\/comments?post=17433"}],"version-history":[{"count":6,"href":"https:\/\/hifmb.de\/de\/wp-json\/wp\/v2\/pages\/17433\/revisions"}],"predecessor-version":[{"id":17996,"href":"https:\/\/hifmb.de\/de\/wp-json\/wp\/v2\/pages\/17433\/revisions\/17996"}],"up":[{"embeddable":true,"href":"https:\/\/hifmb.de\/de\/wp-json\/wp\/v2\/pages\/3174"}],"wp:featuredmedia":[{"embeddable":true,"href":"https:\/\/hifmb.de\/de\/wp-json\/wp\/v2\/media\/17417"}],"wp:attachment":[{"href":"https:\/\/hifmb.de\/de\/wp-json\/wp\/v2\/media?parent=17433"}],"curies":[{"name":"wp","href":"https:\/\/api.w.org\/{rel}","templated":true}]}}