{"id":17879,"date":"2026-04-13T12:42:29","date_gmt":"2026-04-13T10:42:29","guid":{"rendered":"https:\/\/hifmb.de\/?page_id=17879"},"modified":"2026-04-14T08:45:15","modified_gmt":"2026-04-14T06:45:15","slug":"qualilab","status":"publish","type":"page","link":"https:\/\/hifmb.de\/de\/forschung\/infrastruktur\/qualilab\/","title":{"rendered":"Labor f\u00fcr Qualitative Marine Methoden (QualiLab)"},"content":{"rendered":"\n<p>Das Qualitative Marine Methods Lab (QualiLab) bietet eine spezialisierte Infrastruktur zur Unterst\u00fctzung qualitativer Forschung in Meeres- und K\u00fcstenumgebungen.<\/p>\n\n\n\n<figure class=\"wp-block-image size-large\"><img loading=\"lazy\" decoding=\"async\" width=\"1080\" height=\"545\" src=\"https:\/\/hifmb.de\/wp-content\/uploads\/2026\/04\/QualiLab-3-1080x545.png\" alt=\"\" class=\"wp-image-17946\" srcset=\"https:\/\/hifmb.de\/wp-content\/uploads\/2026\/04\/QualiLab-3-1080x545.png 1080w, https:\/\/hifmb.de\/wp-content\/uploads\/2026\/04\/QualiLab-3-328x165.png 328w, https:\/\/hifmb.de\/wp-content\/uploads\/2026\/04\/QualiLab-3-1536x774.png 1536w, https:\/\/hifmb.de\/wp-content\/uploads\/2026\/04\/QualiLab-3-2048x1033.png 2048w\" sizes=\"auto, (max-width: 1080px) 100vw, 1080px\" \/><figcaption class=\"wp-element-caption\">Wir bieten eine breite Palette an hochwertiger Ausr\u00fcstung zur Unterst\u00fctzung vielf\u00e4ltiger Forschungsprojekte.<\/figcaption><\/figure>\n\n\n\n<p>Qualitative Forschung nutzt eine breite Palette von Ans\u00e4tzen, um zu dokumentieren und zu verstehen, wie Orte wahrgenommen werden, welche Bedeutungen sie haben und welche Beziehungen sie umfassen. Anstatt sich auf Zahlen und Statistiken zu st\u00fctzen, sammelt sie Worte, Beobachtungen, Bilder sowie Gedanken, Perspektiven und Interpretationen, um tiefere Einblicke in Mensch-Umwelt-Beziehungen zu gewinnen. Sie untersucht komplexe, vielschichtige und ineinandergreifende sozio-kulturelle, (geo-)politische und \u00f6kologische Perspektiven auf Themen wie Biodiversit\u00e4t, Naturschutz, Governance-Strukturen und Politik. Zu den qualitativen Methoden geh\u00f6ren unter anderem Interviews, Beobachtungen, Fokusgruppendiskussionen, Textanalysen, Archivrecherchen, Photovoice, mobile Methoden und viele weitere. Diese Ans\u00e4tze erfordern spezifische Ressourcen und Ausr\u00fcstung, die das QualiLab bereitstellt.<\/p>\n\n\n\n<p>Das Qualitative Marine Methods Lab ist vollst\u00e4ndig mit moderner Technik ausgestattet, um hochwertige Audio- und Videoaufnahmen zu erm\u00f6glichen, Veranstaltungen und Workshops durchzuf\u00fchren, sowie partizipative und kunstbasierte Forschung und Feldarbeit zu unterst\u00fctzen. Dazu geh\u00f6ren hochwertige Diktierger\u00e4te, DSLR-Kameras und sogar wasserdichte Feldtageb\u00fccher. Es handelt sich um ein einfaches und flexibles Ausleihsystem mit einer eigenen Plattform, auf der Ger\u00e4te zentral gelagert und je nach Projektbedarf verf\u00fcgbar sind. Ein Katalog sowie ein Nutzungsprotokoll f\u00fcr die Ausr\u00fcstung sind ebenfalls verf\u00fcgbar. QualiLab ist aus der Arbeitsgruppe <a href=\"https:\/\/hifmb.de\/de\/forschung\/arbeitsgruppen\/marine-governance\/\">Marine Governance<\/a> hervorgegangen und wird seit 2026 von der Arbeitsgruppe <a href=\"https:\/\/hifmb.de\/de\/forschung\/arbeitsgruppen\/marine-policy-and-management\/\">Marine Policy and Management<\/a> unterst\u00fctzt. Es f\u00f6rdert die Zusammenarbeit und unterst\u00fctzt eine Vielzahl von Meeresforschungsprojekten.<\/p>\n\n\n\n<div class=\"wp-block-theme-spacer\"><\/div>\n\n\n\n<div class=\"wp-block-group alignwide is-style-cards-wrapper-4 is-layout-flex wp-block-group-is-layout-flex\">\n<div class=\"wp-block-cover is-light has-custom-content-position is-position-bottom-left is-style-box-square has-primary-dark-background-color has-background\"><img loading=\"lazy\" decoding=\"async\" width=\"810\" height=\"1080\" class=\"wp-block-cover__image-background wp-image-17874 size-large\" alt=\"\" src=\"https:\/\/hifmb.de\/wp-content\/uploads\/2026\/04\/Mud_Camera_marco-lens_edit-810x1080.jpg\" data-object-fit=\"cover\" srcset=\"https:\/\/hifmb.de\/wp-content\/uploads\/2026\/04\/Mud_Camera_marco-lens_edit-810x1080.jpg 810w, https:\/\/hifmb.de\/wp-content\/uploads\/2026\/04\/Mud_Camera_marco-lens_edit-256x341.jpg 256w, https:\/\/hifmb.de\/wp-content\/uploads\/2026\/04\/Mud_Camera_marco-lens_edit.jpg 1000w\" sizes=\"auto, (max-width: 810px) 100vw, 810px\" \/><span aria-hidden=\"true\" class=\"wp-block-cover__background has-background-dim-0 has-background-dim\"><\/span><div class=\"wp-block-cover__inner-container is-layout-flow wp-block-cover-is-layout-flow\">\n<div class=\"wp-block-group is-style-box-square--inner-front is-layout-constrained wp-block-group-is-layout-constrained\">\n<p class=\"has-small-font-size\"><\/p>\n\n\n\n<h3 class=\"wp-block-heading\"><\/h3>\n<\/div>\n\n\n\n<div class=\"wp-block-group is-style-box-square--inner-back is-layout-flow wp-block-group-is-layout-flow\">\n<p><mark style=\"background-color:#003e6b\" class=\"has-inline-color has-white-color\">DSLR-Kamera mit RF-Makroobjektiv, Stativ sowie Mikrofon mit Windschutz f\u00fcr Feldarbeit.<\/mark><mark style=\"background-color:rgba(0, 0, 0, 0)\" class=\"has-inline-color has-white-color\"><\/mark><\/p>\n<\/div>\n<\/div><\/div>\n\n\n\n<div class=\"wp-block-cover is-light has-custom-content-position is-position-bottom-left is-style-box-square has-primary-dark-background-color has-background\"><img loading=\"lazy\" decoding=\"async\" width=\"1000\" height=\"750\" class=\"wp-block-cover__image-background wp-image-17880 size-full\" alt=\"\" src=\"https:\/\/hifmb.de\/wp-content\/uploads\/2026\/04\/Interview-recoder_cut-2.jpg\" data-object-fit=\"cover\" srcset=\"https:\/\/hifmb.de\/wp-content\/uploads\/2026\/04\/Interview-recoder_cut-2.jpg 1000w, https:\/\/hifmb.de\/wp-content\/uploads\/2026\/04\/Interview-recoder_cut-2-328x246.jpg 328w\" sizes=\"auto, (max-width: 1000px) 100vw, 1000px\" \/><span aria-hidden=\"true\" class=\"wp-block-cover__background has-background-dim-0 has-background-dim\"><\/span><div class=\"wp-block-cover__inner-container is-layout-flow wp-block-cover-is-layout-flow\">\n<div class=\"wp-block-group is-style-box-square--inner-front is-layout-constrained wp-block-group-is-layout-constrained\">\n<p class=\"has-small-font-size\"><\/p>\n\n\n\n<h3 class=\"wp-block-heading\"><\/h3>\n<\/div>\n\n\n\n<div class=\"wp-block-group is-style-box-square--inner-back is-layout-flow wp-block-group-is-layout-flow\">\n<p><mark style=\"background-color:#295c5d\" class=\"has-inline-color has-white-color\">Hochwertige digitale Aufnahmeger\u00e4te f\u00fcr Interviews, Meetings und Vorlesungen.<\/mark><\/p>\n<\/div>\n<\/div><\/div>\n\n\n\n<div class=\"wp-block-cover is-light has-custom-content-position is-position-bottom-left is-style-box-square has-primary-dark-background-color has-background\"><img loading=\"lazy\" decoding=\"async\" width=\"2560\" height=\"1707\" class=\"wp-block-cover__image-background wp-image-17852 size-full\" alt=\"\" src=\"https:\/\/hifmb.de\/wp-content\/uploads\/2026\/04\/Polarstern-Expedition-PS152_Canon_5-scaled.jpg\" data-object-fit=\"cover\" srcset=\"https:\/\/hifmb.de\/wp-content\/uploads\/2026\/04\/Polarstern-Expedition-PS152_Canon_5-scaled.jpg 2560w, https:\/\/hifmb.de\/wp-content\/uploads\/2026\/04\/Polarstern-Expedition-PS152_Canon_5-328x219.jpg 328w, https:\/\/hifmb.de\/wp-content\/uploads\/2026\/04\/Polarstern-Expedition-PS152_Canon_5-1080x720.jpg 1080w, https:\/\/hifmb.de\/wp-content\/uploads\/2026\/04\/Polarstern-Expedition-PS152_Canon_5-1536x1024.jpg 1536w, https:\/\/hifmb.de\/wp-content\/uploads\/2026\/04\/Polarstern-Expedition-PS152_Canon_5-2048x1365.jpg 2048w\" sizes=\"auto, (max-width: 2560px) 100vw, 2560px\" \/><span aria-hidden=\"true\" class=\"wp-block-cover__background has-background-dim-0 has-background-dim\"><\/span><div class=\"wp-block-cover__inner-container is-layout-flow wp-block-cover-is-layout-flow\">\n<div class=\"wp-block-group is-style-box-square--inner-front is-layout-constrained wp-block-group-is-layout-constrained\">\n<p class=\"has-small-font-size\"><\/p>\n\n\n\n<h3 class=\"wp-block-heading\"><\/h3>\n<\/div>\n\n\n\n<div class=\"wp-block-group is-style-box-square--inner-back is-layout-flow wp-block-group-is-layout-flow\">\n<p><mark style=\"background-color:#53afe8\" class=\"has-inline-color has-white-color\">Canon EOS R6 Mark II f\u00fcr leistungsstarke Bildaufnahmen unter extremen Bedingungen.<\/mark><\/p>\n<\/div>\n<\/div><\/div>\n\n\n\n<div class=\"wp-block-cover is-light has-custom-content-position is-position-bottom-left is-style-box-square has-primary-dark-background-color has-background\"><img loading=\"lazy\" decoding=\"async\" width=\"400\" height=\"400\" class=\"wp-block-cover__image-background wp-image-17978 size-full\" alt=\"\" src=\"https:\/\/hifmb.de\/wp-content\/uploads\/2026\/04\/Portable-Interactive-Touch-Board-for-smarter-workflow.png\" data-object-fit=\"cover\" srcset=\"https:\/\/hifmb.de\/wp-content\/uploads\/2026\/04\/Portable-Interactive-Touch-Board-for-smarter-workflow.png 400w, https:\/\/hifmb.de\/wp-content\/uploads\/2026\/04\/Portable-Interactive-Touch-Board-for-smarter-workflow-328x328.png 328w, https:\/\/hifmb.de\/wp-content\/uploads\/2026\/04\/Portable-Interactive-Touch-Board-for-smarter-workflow-150x150.png 150w\" sizes=\"auto, (max-width: 400px) 100vw, 400px\" \/><span aria-hidden=\"true\" class=\"wp-block-cover__background has-background-dim-0 has-background-dim\"><\/span><div class=\"wp-block-cover__inner-container is-layout-flow wp-block-cover-is-layout-flow\">\n<div class=\"wp-block-group is-style-box-square--inner-front is-layout-constrained wp-block-group-is-layout-constrained\">\n<p class=\"has-small-font-size\"><\/p>\n\n\n\n<h3 class=\"wp-block-heading\"><\/h3>\n<\/div>\n\n\n\n<div class=\"wp-block-group is-style-box-square--inner-back is-layout-flow wp-block-group-is-layout-flow\">\n<p><mark style=\"background-color:#003e6b\" class=\"has-inline-color\">Mobiles interaktives Touch-Board f\u00fcr einen optimierten Arbeitsablauf<\/mark><\/p>\n<\/div>\n<\/div><\/div>\n<\/div>\n\n\n\n<div class=\"wp-block-theme-spacer\"><\/div>\n\n\n\n<p>Du hast Fragen oder m\u00f6chtest etwas aus dem QualiLab f\u00fcr deine Forschung ausleihen?<br>Bitte kontaktiere Laura Barth: <a href=\"mailto:laura.antonia.barth.martinez@hifmb.de\">laura.antonia.barth.martinez@hifmb.de<\/a><\/p>\n\n\n\n<div class=\"wp-block-theme-spacer\"><\/div>\n\n\n\n<p><\/p>\n","protected":false},"excerpt":{"rendered":"<p>Das Qualitative Marine Methods Lab (QualiLab) bietet eine spezialisierte Infrastruktur zur Unterst\u00fctzung qualitativer Forschung in Meeres- und K\u00fcstenumgebungen.<\/p>\n<p>Wir bieten eine breite Palette an hochwertiger Ausr\u00fcstung zur Unterst\u00fctzung vielf\u00e4ltiger Forschungsprojekte.<\/p>\n<p>Qualitative Forschung nutzt eine breite Palette von Ans\u00e4tzen, um zu dokumentieren und zu verstehen, wie Orte wahrgenommen werden, welche Bedeutungen sie haben und welche Beziehungen sie umfassen. &#8230;<\/p>\n<p><a class=\"btn btn-primary theme-read-more-link mt-3 no-link-style\"\n                    href=\"https:\/\/hifmb.de\/de\/forschung\/infrastruktur\/qualilab\/\"\n                    aria-describedby=\"teaser-headline-17879\">Weiterlesen<\/a><\/p>\n","protected":false},"author":13,"featured_media":0,"parent":17433,"menu_order":0,"comment_status":"closed","ping_status":"closed","template":"","meta":{"_acf_changed":false,"footnotes":""},"class_list":["post-17879","page","type-page","status-publish","hentry"],"acf":[],"yoast_head":"<!-- This site is optimized with the Yoast SEO plugin v27.4 - https:\/\/yoast.com\/product\/yoast-seo-wordpress\/ -->\n<title>Labor f\u00fcr Qualitative Marine Methoden (QualiLab) - HIFMB Oldenburg<\/title>\n<meta name=\"robots\" content=\"index, follow, max-snippet:-1, max-image-preview:large, max-video-preview:-1\" \/>\n<link rel=\"canonical\" href=\"https:\/\/hifmb.de\/de\/forschung\/infrastruktur\/qualilab\/\" \/>\n<meta property=\"og:locale\" content=\"de_DE\" \/>\n<meta property=\"og:type\" content=\"article\" \/>\n<meta property=\"og:title\" content=\"Labor f\u00fcr Qualitative Marine Methoden (QualiLab) - HIFMB Oldenburg\" \/>\n<meta property=\"og:description\" content=\"Das Qualitative Marine Methods Lab (QualiLab) bietet eine spezialisierte Infrastruktur zur Unterst\u00fctzung qualitativer Forschung in Meeres- und K\u00fcstenumgebungen.  Wir bieten eine breite Palette an hochwertiger Ausr\u00fcstung zur Unterst\u00fctzung vielf\u00e4ltiger Forschungsprojekte.  Qualitative Forschung nutzt eine breite Palette von Ans\u00e4tzen, um zu dokumentieren und zu verstehen, wie Orte wahrgenommen werden, welche Bedeutungen sie haben und welche Beziehungen sie umfassen. ...Weiterlesen\" \/>\n<meta property=\"og:url\" content=\"https:\/\/hifmb.de\/de\/forschung\/infrastruktur\/qualilab\/\" \/>\n<meta property=\"og:site_name\" content=\"HIFMB Oldenburg\" \/>\n<meta property=\"article:modified_time\" content=\"2026-04-14T06:45:15+00:00\" \/>\n<meta property=\"og:image\" content=\"https:\/\/hifmb.de\/wp-content\/uploads\/2026\/04\/QualiLab-3-1080x545.png\" \/>\n\t<meta property=\"og:image:width\" content=\"1080\" \/>\n\t<meta property=\"og:image:height\" content=\"545\" \/>\n\t<meta property=\"og:image:type\" content=\"image\/png\" \/>\n<meta name=\"twitter:card\" content=\"summary_large_image\" \/>\n<meta name=\"twitter:label1\" content=\"Est. reading time\" \/>\n\t<meta name=\"twitter:data1\" content=\"2 minutes\" \/>\n<script type=\"application\/ld+json\" class=\"yoast-schema-graph\">{\"@context\":\"https:\\\/\\\/schema.org\",\"@graph\":[{\"@type\":\"WebPage\",\"@id\":\"https:\\\/\\\/hifmb.de\\\/de\\\/forschung\\\/infrastruktur\\\/qualilab\\\/\",\"url\":\"https:\\\/\\\/hifmb.de\\\/de\\\/forschung\\\/infrastruktur\\\/qualilab\\\/\",\"name\":\"Labor f\u00fcr Qualitative Marine Methoden (QualiLab) - HIFMB Oldenburg\",\"isPartOf\":{\"@id\":\"https:\\\/\\\/hifmb.de\\\/de\\\/#website\"},\"primaryImageOfPage\":{\"@id\":\"https:\\\/\\\/hifmb.de\\\/de\\\/forschung\\\/infrastruktur\\\/qualilab\\\/#primaryimage\"},\"image\":{\"@id\":\"https:\\\/\\\/hifmb.de\\\/de\\\/forschung\\\/infrastruktur\\\/qualilab\\\/#primaryimage\"},\"thumbnailUrl\":\"https:\\\/\\\/hifmb.de\\\/wp-content\\\/uploads\\\/2026\\\/04\\\/QualiLab-3-1080x545.png\",\"datePublished\":\"2026-04-13T10:42:29+00:00\",\"dateModified\":\"2026-04-14T06:45:15+00:00\",\"breadcrumb\":{\"@id\":\"https:\\\/\\\/hifmb.de\\\/de\\\/forschung\\\/infrastruktur\\\/qualilab\\\/#breadcrumb\"},\"inLanguage\":\"de-DE\",\"potentialAction\":[{\"@type\":\"ReadAction\",\"target\":[\"https:\\\/\\\/hifmb.de\\\/de\\\/forschung\\\/infrastruktur\\\/qualilab\\\/\"]}]},{\"@type\":\"ImageObject\",\"inLanguage\":\"de-DE\",\"@id\":\"https:\\\/\\\/hifmb.de\\\/de\\\/forschung\\\/infrastruktur\\\/qualilab\\\/#primaryimage\",\"url\":\"https:\\\/\\\/hifmb.de\\\/wp-content\\\/uploads\\\/2026\\\/04\\\/QualiLab-3-1080x545.png\",\"contentUrl\":\"https:\\\/\\\/hifmb.de\\\/wp-content\\\/uploads\\\/2026\\\/04\\\/QualiLab-3-1080x545.png\"},{\"@type\":\"BreadcrumbList\",\"@id\":\"https:\\\/\\\/hifmb.de\\\/de\\\/forschung\\\/infrastruktur\\\/qualilab\\\/#breadcrumb\",\"itemListElement\":[{\"@type\":\"ListItem\",\"position\":1,\"name\":\"Home\",\"item\":\"https:\\\/\\\/hifmb.de\\\/de\\\/\"},{\"@type\":\"ListItem\",\"position\":2,\"name\":\"Forschung\",\"item\":\"https:\\\/\\\/hifmb.de\\\/de\\\/forschung\\\/\"},{\"@type\":\"ListItem\",\"position\":3,\"name\":\"Infrastruktur\",\"item\":\"https:\\\/\\\/hifmb.de\\\/de\\\/forschung\\\/infrastruktur\\\/\"},{\"@type\":\"ListItem\",\"position\":4,\"name\":\"Labor f\u00fcr Qualitative Marine Methoden (QualiLab)\"}]},{\"@type\":\"WebSite\",\"@id\":\"https:\\\/\\\/hifmb.de\\\/de\\\/#website\",\"url\":\"https:\\\/\\\/hifmb.de\\\/de\\\/\",\"name\":\"HIFMB Oldenburg\",\"description\":\"The Helmholtz Institute for Functional Marine Biodiversity (HIFMB)\",\"publisher\":{\"@id\":\"https:\\\/\\\/hifmb.de\\\/de\\\/#organization\"},\"potentialAction\":[{\"@type\":\"SearchAction\",\"target\":{\"@type\":\"EntryPoint\",\"urlTemplate\":\"https:\\\/\\\/hifmb.de\\\/de\\\/?s={search_term_string}\"},\"query-input\":{\"@type\":\"PropertyValueSpecification\",\"valueRequired\":true,\"valueName\":\"search_term_string\"}}],\"inLanguage\":\"de-DE\"},{\"@type\":\"Organization\",\"@id\":\"https:\\\/\\\/hifmb.de\\\/de\\\/#organization\",\"name\":\"HIFMB Oldenburg\",\"url\":\"https:\\\/\\\/hifmb.de\\\/de\\\/\",\"logo\":{\"@type\":\"ImageObject\",\"inLanguage\":\"de-DE\",\"@id\":\"https:\\\/\\\/hifmb.de\\\/de\\\/#\\\/schema\\\/logo\\\/image\\\/\",\"url\":\"https:\\\/\\\/hifmb.de\\\/wp-content\\\/uploads\\\/2021\\\/01\\\/hifmb-logo-neg-de.svg\",\"contentUrl\":\"https:\\\/\\\/hifmb.de\\\/wp-content\\\/uploads\\\/2021\\\/01\\\/hifmb-logo-neg-de.svg\",\"width\":300,\"height\":87,\"caption\":\"HIFMB Oldenburg\"},\"image\":{\"@id\":\"https:\\\/\\\/hifmb.de\\\/de\\\/#\\\/schema\\\/logo\\\/image\\\/\"}}]}<\/script>\n<!-- \/ Yoast SEO plugin. -->","yoast_head_json":{"title":"Labor f\u00fcr Qualitative Marine Methoden (QualiLab) - HIFMB Oldenburg","robots":{"index":"index","follow":"follow","max-snippet":"max-snippet:-1","max-image-preview":"max-image-preview:large","max-video-preview":"max-video-preview:-1"},"canonical":"https:\/\/hifmb.de\/de\/forschung\/infrastruktur\/qualilab\/","og_locale":"de_DE","og_type":"article","og_title":"Labor f\u00fcr Qualitative Marine Methoden (QualiLab) - HIFMB Oldenburg","og_description":"Das Qualitative Marine Methods Lab (QualiLab) bietet eine spezialisierte Infrastruktur zur Unterst\u00fctzung qualitativer Forschung in Meeres- und K\u00fcstenumgebungen.  Wir bieten eine breite Palette an hochwertiger Ausr\u00fcstung zur Unterst\u00fctzung vielf\u00e4ltiger Forschungsprojekte.  Qualitative Forschung nutzt eine breite Palette von Ans\u00e4tzen, um zu dokumentieren und zu verstehen, wie Orte wahrgenommen werden, welche Bedeutungen sie haben und welche Beziehungen sie umfassen. ...Weiterlesen","og_url":"https:\/\/hifmb.de\/de\/forschung\/infrastruktur\/qualilab\/","og_site_name":"HIFMB Oldenburg","article_modified_time":"2026-04-14T06:45:15+00:00","og_image":[{"width":1080,"height":545,"url":"https:\/\/hifmb.de\/wp-content\/uploads\/2026\/04\/QualiLab-3-1080x545.png","type":"image\/png"}],"twitter_card":"summary_large_image","twitter_misc":{"Est. reading time":"2 minutes"},"schema":{"@context":"https:\/\/schema.org","@graph":[{"@type":"WebPage","@id":"https:\/\/hifmb.de\/de\/forschung\/infrastruktur\/qualilab\/","url":"https:\/\/hifmb.de\/de\/forschung\/infrastruktur\/qualilab\/","name":"Labor f\u00fcr Qualitative Marine Methoden (QualiLab) - HIFMB Oldenburg","isPartOf":{"@id":"https:\/\/hifmb.de\/de\/#website"},"primaryImageOfPage":{"@id":"https:\/\/hifmb.de\/de\/forschung\/infrastruktur\/qualilab\/#primaryimage"},"image":{"@id":"https:\/\/hifmb.de\/de\/forschung\/infrastruktur\/qualilab\/#primaryimage"},"thumbnailUrl":"https:\/\/hifmb.de\/wp-content\/uploads\/2026\/04\/QualiLab-3-1080x545.png","datePublished":"2026-04-13T10:42:29+00:00","dateModified":"2026-04-14T06:45:15+00:00","breadcrumb":{"@id":"https:\/\/hifmb.de\/de\/forschung\/infrastruktur\/qualilab\/#breadcrumb"},"inLanguage":"de-DE","potentialAction":[{"@type":"ReadAction","target":["https:\/\/hifmb.de\/de\/forschung\/infrastruktur\/qualilab\/"]}]},{"@type":"ImageObject","inLanguage":"de-DE","@id":"https:\/\/hifmb.de\/de\/forschung\/infrastruktur\/qualilab\/#primaryimage","url":"https:\/\/hifmb.de\/wp-content\/uploads\/2026\/04\/QualiLab-3-1080x545.png","contentUrl":"https:\/\/hifmb.de\/wp-content\/uploads\/2026\/04\/QualiLab-3-1080x545.png"},{"@type":"BreadcrumbList","@id":"https:\/\/hifmb.de\/de\/forschung\/infrastruktur\/qualilab\/#breadcrumb","itemListElement":[{"@type":"ListItem","position":1,"name":"Home","item":"https:\/\/hifmb.de\/de\/"},{"@type":"ListItem","position":2,"name":"Forschung","item":"https:\/\/hifmb.de\/de\/forschung\/"},{"@type":"ListItem","position":3,"name":"Infrastruktur","item":"https:\/\/hifmb.de\/de\/forschung\/infrastruktur\/"},{"@type":"ListItem","position":4,"name":"Labor f\u00fcr Qualitative Marine Methoden (QualiLab)"}]},{"@type":"WebSite","@id":"https:\/\/hifmb.de\/de\/#website","url":"https:\/\/hifmb.de\/de\/","name":"HIFMB Oldenburg","description":"The Helmholtz Institute for Functional Marine Biodiversity (HIFMB)","publisher":{"@id":"https:\/\/hifmb.de\/de\/#organization"},"potentialAction":[{"@type":"SearchAction","target":{"@type":"EntryPoint","urlTemplate":"https:\/\/hifmb.de\/de\/?s={search_term_string}"},"query-input":{"@type":"PropertyValueSpecification","valueRequired":true,"valueName":"search_term_string"}}],"inLanguage":"de-DE"},{"@type":"Organization","@id":"https:\/\/hifmb.de\/de\/#organization","name":"HIFMB Oldenburg","url":"https:\/\/hifmb.de\/de\/","logo":{"@type":"ImageObject","inLanguage":"de-DE","@id":"https:\/\/hifmb.de\/de\/#\/schema\/logo\/image\/","url":"https:\/\/hifmb.de\/wp-content\/uploads\/2021\/01\/hifmb-logo-neg-de.svg","contentUrl":"https:\/\/hifmb.de\/wp-content\/uploads\/2021\/01\/hifmb-logo-neg-de.svg","width":300,"height":87,"caption":"HIFMB Oldenburg"},"image":{"@id":"https:\/\/hifmb.de\/de\/#\/schema\/logo\/image\/"}}]}},"_links":{"self":[{"href":"https:\/\/hifmb.de\/de\/wp-json\/wp\/v2\/pages\/17879","targetHints":{"allow":["GET"]}}],"collection":[{"href":"https:\/\/hifmb.de\/de\/wp-json\/wp\/v2\/pages"}],"about":[{"href":"https:\/\/hifmb.de\/de\/wp-json\/wp\/v2\/types\/page"}],"author":[{"embeddable":true,"href":"https:\/\/hifmb.de\/de\/wp-json\/wp\/v2\/users\/13"}],"replies":[{"embeddable":true,"href":"https:\/\/hifmb.de\/de\/wp-json\/wp\/v2\/comments?post=17879"}],"version-history":[{"count":12,"href":"https:\/\/hifmb.de\/de\/wp-json\/wp\/v2\/pages\/17879\/revisions"}],"predecessor-version":[{"id":17995,"href":"https:\/\/hifmb.de\/de\/wp-json\/wp\/v2\/pages\/17879\/revisions\/17995"}],"up":[{"embeddable":true,"href":"https:\/\/hifmb.de\/de\/wp-json\/wp\/v2\/pages\/17433"}],"wp:attachment":[{"href":"https:\/\/hifmb.de\/de\/wp-json\/wp\/v2\/media?parent=17879"}],"curies":[{"name":"wp","href":"https:\/\/api.w.org\/{rel}","templated":true}]}}