{"id":3138,"date":"2020-09-22T17:17:39","date_gmt":"2020-09-22T17:17:39","guid":{"rendered":"http:\/\/hifmb.de.w01b8649.kasserver.com\/data-protection\/"},"modified":"2025-06-26T10:06:16","modified_gmt":"2025-06-26T08:06:16","slug":"datenschutz","status":"publish","type":"page","link":"https:\/\/hifmb.de\/de\/datenschutz\/","title":{"rendered":"Datenschutz"},"content":{"rendered":"\n<p><br>Sehr geehrte Besucherinnen und Besucher des Internetportals des Helmholtz-Instituts f\u00fcr Funktionelle Marine Biodiversit\u00e4t,<br>damit Sie sich beim Besuch unserer Webseite sicher f\u00fchlen, m\u00f6chten wir nachfolgend \u00fcber den Umgang mit Ihren Daten informieren. Ihre Daten werden von uns weder ver\u00f6ffentlicht, noch unberechtigt an Dritte weitergegeben. Im Folgenden erl\u00e4utern wir, welche Daten wir w\u00e4hrend Ihres Besuches auf unseren Webseiten erfassen und wie genau diese verwendet werden:<br><\/p>\n\n\n\n<h2 class=\"wp-block-heading\">A. Allgemeine Angaben<\/h2>\n\n\n\n<p><strong>Umfang der Datenverarbeitung<\/strong><\/p>\n\n\n\n<p>Wir erheben und verwenden personenbezogene Nutzerdaten grunds\u00e4tzlich nur, soweit dies zur Bereitstellung einer funktionsf\u00e4higen Website sowie unserer Inhalte und Leistungen erforderlich ist. Die Erhebung und Verwendung personenbezogener Daten unserer Nutzer erfolgt regelm\u00e4\u00dfig nach Einwilligung der Nutzer. Eine Ausnahme gilt in solchen F\u00e4llen, in denen die Verarbeitung der Daten durch gesetzliche Vorschriften gestattet ist.<\/p>\n\n\n\n<p><strong>Rechtsgrundlage der Datenverarbeitung<\/strong><\/p>\n\n\n\n<p>Soweit wir f\u00fcr Verarbeitungsvorg\u00e4nge personenbezogener Daten eine Einwilligung der betroffenen Person einholen, dient Art. 6 Abs. 1 lit. a EU-Datenschutz-Grundverordnung (DSGVO) als Rechtsgrundlage.<br>Bei der Verarbeitung von personenbezogenen Daten, die zur Erf\u00fcllung eines Vertrages, dessen Vertragspartei die betroffene Person ist, erforderlich ist, dient Art. 6 Abs. 1 lit. b DSGVO als Rechtsgrundlage. Dies gilt auch f\u00fcr Verarbeitungsvorg\u00e4nge, die zur Durchf\u00fchrung vorvertraglicher Ma\u00dfnahmen erforderlich sind.<br>Ist die Verarbeitung zur Wahrung eines berechtigten Interesses des AWI oder eines Dritten erforderlich und \u00fcberwiegen die Interessen, Grundrechte und Grundfreiheiten des Betroffenen das erstgenannte Interesse nicht, so dient Art. 6 Abs. 1 lit. f DSGVO als Rechtsgrundlage f\u00fcr die Verarbeitung.<\/p>\n\n\n\n<p><strong>Datenl\u00f6schung und Speicherdauer<\/strong><\/p>\n\n\n\n<p>Die personenbezogenen Daten der betroffenen Person werden gel\u00f6scht, anonymisiert oder gesperrt, sobald der Zweck der Speicherung entf\u00e4llt. Eine Speicherung kann dar\u00fcber hinaus erfolgen, wenn dies durch den europ\u00e4ischen oder nationalen Gesetzgeber in unionsrechtlichen Verordnungen, Gesetzen oder sonstigen Vorschriften, denen das AWI unterliegt, vorgesehen wurde. Eine Sperrung, Anonymisierung oder L\u00f6schung der Daten erfolgt auch dann, wenn eine durch die genannten Normen vorgeschriebene Speicherfrist abl\u00e4uft, es sei denn, dass eine Erforderlichkeit zur weiteren Speicherung der Daten f\u00fcr einen Vertragsabschluss oder eine Vertragserf\u00fcllung besteht.<\/p>\n\n\n\n<p><strong>Kontaktdaten der Verantwortlichen<\/strong><\/p>\n\n\n\n<p>Verantwortlich im Sinne der Datenschutz-Grundverordnung und anderer nationaler Datenschutzgesetze sowie sonstiger datenschutzrechtlicher Bestimmungen ist das<\/p>\n\n\n\n<p>Alfred-Wegener-Institut<br>Helmholtz-Zentrum f\u00fcr Polar-und Meeresforschung<br>Am Handelshafen 12<br>27570 Bremerhaven<\/p>\n\n\n\n<p>Kontakt:<br><a href=\"http:\/\/www.hifmb.de\/contact\">www.hifmb.de\/contact<\/a><br>Internet: <a href=\"https:\/\/www.awi.de\">https:\/\/www.awi.de<\/a><\/p>\n\n\n\n<p><strong>Kontaktdaten der Datenschutzbeauftragten<\/strong><\/p>\n\n\n\n<p>Der Datenschutzbeauftragte des Verantwortlichen ist<\/p>\n\n\n\n<p>Christoph Wagner<br>Telefon: +49 (471) 4831-1637<br>E-Mail: <a href=\"datenschutz@awi.de\">datenschutz(at)awi.de<\/a><\/p>\n\n\n\n<h2 class=\"wp-block-heading\">B. Bereitstellung der Website und Erstellung von Logfiles<\/h2>\n\n\n\n<p>Um die Qualit\u00e4t unserer Webseiten zu verbessern, speichern wir zu statistischen Zwecken Daten \u00fcber den einzelnen Zugriff auf unsere Seiten. Dieser Datensatz besteht aus:<\/p>\n\n\n\n<ul class=\"wp-block-list\">\n<li>der Seite, von der aus die Datei angefordert wurde,<\/li>\n\n\n\n<li>dem Namen der Datei,<\/li>\n\n\n\n<li>dem Datum und der Uhrzeit der Abfrage,<\/li>\n\n\n\n<li>der \u00fcbertragenen Datenmenge,<\/li>\n\n\n\n<li>dem Zugriffsstatus (Datei \u00fcbertragen, Datei nicht gefunden),<\/li>\n\n\n\n<li>der Beschreibung des Typs des verwendeten Webbrowsers,<\/li>\n\n\n\n<li>der IP-Adresse des anfragenden Rechners, wobei die letzten beiden Stellen der IP-Adresse zur Anonymisierung gek\u00fcrzt werden.<\/li>\n<\/ul>\n\n\n\n<p>Die Daten werden in den Logfiles unserer Systeme gespeichert. Eine Speicherung dieser Daten zusammen mit anderen personenbezogenen Daten des Nutzers findet nicht statt.<\/p>\n\n\n\n<p>Rechtsgrundlage f\u00fcr die vor\u00fcbergehende Speicherung der Daten und der Logfiles ist Art. 6 Abs. 1 lit. f DSGVO. Die Speicherung in Logfiles erfolgt, um die Funktionsf\u00e4higkeit der Website sicherzustellen. Zudem dienen uns die Daten zur Optimierung der Webseiten, zur St\u00f6rungsbeseitigung und zur Sicherstellung der Sicherheit unserer informationstechnischen Systeme. In diesen Zwecken liegt auch unser berechtigtes Interesse an der Datenverarbeitung nach Art. 6 Abs. 1 lit. f DSGVO.<\/p>\n\n\n\n<p>Die Daten werden gel\u00f6scht, sobald sie f\u00fcr die Erreichung des Zweckes ihrer Erhebung nicht mehr erforderlich sind. Im Falle der Erfassung der Daten zur Bereitstellung der Website ist dies der Fall, wenn die jeweilige Sitzung beendet ist. Im Falle der Speicherung der Daten in Logfiles ist dies nach sp\u00e4testens sieben Tagen der Fall. Eine dar\u00fcberhinausgehende Speicherung ist m\u00f6glich. In diesem Fall werden die IP-Adressen der Nutzer gel\u00f6scht oder verfremdet, sodass eine Zuordnung des aufrufenden Clients nicht mehr m\u00f6glich ist.<\/p>\n\n\n\n<p>Die Erfassung der Daten zur Bereitstellung der Website und die Speicherung der Daten in Logfiles ist f\u00fcr den Betrieb der Webseite zwingend erforderlich. Es besteht folglich seitens des Nutzers keine Widerspruchsm\u00f6glichkeit.<\/p>\n\n\n\n<h2 class=\"wp-block-heading\">C. Webanalyse<\/h2>\n\n\n\n<p>Diese Internetseite nutzt den Webanalysedienst Statify, um die Nutzung unserer Webseite analysieren und regelm\u00e4\u00dfig verbessern zu k\u00f6nnen. \u00dcber die gewonnene Statistik k\u00f6nnen wir unser Angebot verbessern und f\u00fcr Sie als Nutzer interessanter ausgestalten.<\/p>\n\n\n\n<p><br>Statify z\u00e4hlt ausschlie\u00dflich Seitenaufrufe und keine Besucher. Das Plugin verarbeitet und speichert keine personenbezogenen Daten wie IP-Adressen. Das Plugin ist ein Open-Source-Projekt. Weitere Informationen des Drittanbieters zum Datenschutz erhalten Sie unter <a href=\"https:\/\/de.wordpress.org\/plugins\/statify\/\">https:\/\/de.wordpress.org\/plugins\/statify\/<\/a>.<\/p>\n\n\n\n<h2 class=\"wp-block-heading\">D. Anmeldeformulare<\/h2>\n\n\n\n<p>Wir nutzen auf unserer Internetseite zur Erstellung und Sendung von Formularen das Plugin Gravity Forms. Gravity Forms ist ein WordPress-Plug-In, welches dem Betreiber einer Internetseite, die auf WordPress aufbaut, zus\u00e4tzliche Funktionen bietet. Mittels Gravity Forms k\u00f6nnen unter Umst\u00e4nden Ihre eingetragenen Formulardaten auf dem Server der WordPress-Datenbank gespeichert werden.<br><\/p>\n\n\n\n<p>Diese Formulare senden eine E-Mail mit den von Ihnen bereitgestellten Daten beim Best\u00e4tigen des Buttons Abschicken an unsere internen Zust\u00e4ndigkeiten. Der Versand dieser E-Mails findet \u00fcber unseren eigenen Mail-Server statt.<\/p>\n\n\n\n<p>Zus\u00e4tzlich werden beim Abschicken s\u00e4mtliche Formular\u00fcbermittlungen tempor\u00e4r abgespeichert. Nach 7 Tagen werden diese r\u00fcckstandslos gel\u00f6scht. Die Speicherung Ihrer IP-Adresse w\u00e4hrend der Formular\u00fcbermittlung wird von vornherein verhindert.<br><\/p>\n\n\n\n<p>Betreibergesellschaft des Gravity Forms-Plug-Ins f\u00fcr WordPress ist Rocket Genius, Inc. (1620 Centerville Turnpike, Suite 102, Virginia Beach VA 23464\u20136500, United States), erreichbar \u00fcber <a href=\"https:\/\/www.rocketgenius.com\">https:\/\/www.rocketgenius.com<\/a>.<br><\/p>\n\n\n\n<p>Weitere Informationen zu Zweck, Umfang und Funktionsweise der Datenerhebung und ihrer Verarbeitung durch das Plugin erhalten Sie auf den folgenden Seiten des Herstellers: <a href=\"https:\/\/docs.gravityforms.com\/wordpress-gravity-forms-and-gdpr-compliance\/\">https:\/\/docs.gravityforms.com\/wordpress-gravity-forms-and-gdpr-compliance\/<\/a>.<\/p>\n\n\n\n<p>Rechtsgrundlage f\u00fcr die Verarbeitung der Daten bei der Nutzung des Anmeldeformulars ist bei Vorliegen einer Einwilligung des Nutzers Art. 6 Abs. 1 lit. a DSGVO. Die Verarbeitung der personenbezogenen Daten aus der Eingabemaske dient uns allein zur Bearbeitung Anmeldung bzw. Durchf\u00fchrung der jeweiligen Veranstaltung. Die Daten werden gel\u00f6scht, sobald sie f\u00fcr die Erreichung des Zweckes ihrer Erhebung nicht mehr erforderlich sind. Dies ist dann der Fall, wenn die jeweilige Veranstaltung abschlie\u00dfend bearbeitet ist. Der Nutzer hat jederzeit die M\u00f6glichkeit, die Einwilligung zur Verarbeitung der personenbezogenen Daten gegen\u00fcber den aufgelisteten Ansprechpartnern zu widerrufen.<\/p>\n\n\n\n<p>Ihre personenbezogenen Daten werden nur in den gesetzlich erforderlichen F\u00e4llen bzw. zur Strafverfolgung aufgrund von Angriffen auf unsere Netzinfrastruktur an staatliche Einrichtungen und Beh\u00f6rden \u00fcbermittelt. Eine Weitergabe zu anderen Zwecken an Dritte findet nicht statt.<\/p>\n\n\n\n<h2 class=\"wp-block-heading\">E. Recht der betroffenen Personen<\/h2>\n\n\n\n<p>Als betroffene Person, deren personenbezogene Daten im Rahmen der oben genannten Dienste erhoben werden, haben Sie grunds\u00e4tzlich folgende Rechte, soweit in Einzelf\u00e4llen keine gesetzlichen Ausnahmen zur Anwendung kommen:<\/p>\n\n\n\n<ul class=\"wp-block-list\">\n<li>Auskunft (Art. 15 DS-GVO)<\/li>\n\n\n\n<li>Berichtigung (Art. 16 DS-GVO)<\/li>\n\n\n\n<li>L\u00f6schung (Art. 17 Abs. 1 DS-GVO)<\/li>\n\n\n\n<li>Einschr\u00e4nkung der Verarbeitung (Art. 18 DS-GVO)<\/li>\n\n\n\n<li>Daten\u00fcbertragbarkeit (Art. 20 DS-GVO)<\/li>\n\n\n\n<li>Widerspruch gegen die Verarbeitung (Art. 21 DS-GVO)<\/li>\n\n\n\n<li>Widerruf der Einwilligung (Art. 7 Abs. 3 DS-GVO)<\/li>\n\n\n\n<li>Beschwerderecht bei der Aufsichtsbeh\u00f6rde (Art. 77 DS-GVO). Dies ist f\u00fcr das AWI die Landesbeauftragte f\u00fcr den Datenschutz und Informationssicherheit, Arndtstra\u00dfe 1, 27570 Bremerhaven.<\/li>\n<\/ul>\n\n\n\n<h2 class=\"wp-block-heading\">F. Newsletter<\/h2>\n\n\n\n<p>Wir versenden einen Newsletter, der Interessenten regelm\u00e4\u00dfig (max. 4 x pro Kalenderjahr) per E-Mail \u00fcber unsere Aktivit\u00e4ten und Neuigkeiten aus dem HIFMB informiert. Wenn Sie den Newsletter empfangen m\u00f6chten, ben\u00f6tigen wir von Ihnen eine valide Email-Adresse. Weitere Daten erheben wir f\u00fcr den Newsletter-Versand auf freiwilliger Basis. Ihre dazu eingegebenen Daten werden f\u00fcr den Newsletter-Versand bzw. zur Personalisierung des Newsletters verwendet. Der Versand unseres Newsletters l\u00e4uft \u00fcber den Versanddienstleister CleverReach GmbH &amp; Co. KG, M\u00fchlenstr. 43, 26180 Rastede, Deutschland, dessen Datenschutzerkl\u00e4rung Sie hier einsehen k\u00f6nnen: <a href=\"https:\/\/www.cleverreach.com\/de\/datenschutz\/\">https:\/\/www.cleverreach.com\/de\/datenschutz\/<\/a>.<\/p>\n\n\n\n<p>Die Anmeldung zu unserem Newsletter erfolgt in einem sog. Double-Opt-In-Verfahren. D.h. Sie erhalten nach der Anmeldung eine E-Mail, in der Sie um die Best\u00e4tigung Ihrer Anmeldung gebeten werden. Diese Best\u00e4tigung ist notwendig, damit sich niemand mit fremden E-Mailadressen anmelden kann. Die Anmeldungen zum Newsletter werden protokolliert, um den Anmeldeprozess entsprechend den rechtlichen Anforderungen nachweisen zu k\u00f6nnen. Hierzu geh\u00f6rt sowohl die Speicherung des Anmelde- und des Best\u00e4tigungszeitpunkts, als auch der IP-Adresse.<\/p>\n\n\n\n<p>Von CleverReach wird das Klick- und \u00d6ffnungsverhalten zu den versandten Newslettern gemessen. Die ttUnited erh\u00e4lt Zugriff auf diese Auswertungen.<\/p>\n\n\n\n<p>Sie k\u00f6nnen sich jederzeit aus dem Newsletter heraus abmelden oder Ihre Einwilligung jederzeit per E-Mail an <a href=\"info@hifmb.de\">info@hifmb.de<\/a> widerrufen. Ihre Daten werden nach Beendigung des Newsletter-Empfangs innerhalb von einem Monat gel\u00f6scht, sofern der L\u00f6schung keine gesetzlichen Aufbewahrungspflichten entgegenstehen.<\/p>\n\n\n\n<div class=\"wp-block-theme-spacer\"><\/div>\n","protected":false},"excerpt":{"rendered":"<p>Sehr geehrte Besucherinnen und Besucher des Internetportals des Helmholtz-Instituts f\u00fcr Funktionelle Marine Biodiversit\u00e4t,damit Sie sich beim Besuch unserer Webseite sicher f\u00fchlen, m\u00f6chten wir nachfolgend \u00fcber den Umgang mit Ihren Daten informieren. Ihre Daten werden von uns weder ver\u00f6ffentlicht, noch unberechtigt an Dritte weitergegeben. Im Folgenden erl\u00e4utern wir, welche Daten wir w\u00e4hrend Ihres Besuches auf unseren &#8230;<\/p>\n<p><a class=\"btn btn-primary theme-read-more-link mt-3 no-link-style\"\n                    href=\"https:\/\/hifmb.de\/de\/datenschutz\/\"\n                    aria-describedby=\"teaser-headline-3138\">Weiterlesen<\/a><\/p>\n","protected":false},"author":1,"featured_media":0,"parent":0,"menu_order":0,"comment_status":"closed","ping_status":"closed","template":"","meta":{"_acf_changed":false,"footnotes":""},"class_list":["post-3138","page","type-page","status-publish","hentry"],"acf":[],"yoast_head":"<!-- This site is optimized with the Yoast SEO plugin v27.5 - https:\/\/yoast.com\/product\/yoast-seo-wordpress\/ -->\n<title>Datenschutz - HIFMB Oldenburg<\/title>\n<meta name=\"robots\" content=\"index, follow, max-snippet:-1, max-image-preview:large, max-video-preview:-1\" \/>\n<link rel=\"canonical\" href=\"https:\/\/hifmb.de\/de\/datenschutz\/\" \/>\n<meta property=\"og:locale\" content=\"de_DE\" \/>\n<meta property=\"og:type\" content=\"article\" \/>\n<meta property=\"og:title\" content=\"Datenschutz - HIFMB Oldenburg\" \/>\n<meta property=\"og:description\" content=\"Sehr geehrte Besucherinnen und Besucher des Internetportals des Helmholtz-Instituts f\u00fcr Funktionelle Marine Biodiversit\u00e4t,damit Sie sich beim Besuch unserer Webseite sicher f\u00fchlen, m\u00f6chten wir nachfolgend \u00fcber den Umgang mit Ihren Daten informieren. Ihre Daten werden von uns weder ver\u00f6ffentlicht, noch unberechtigt an Dritte weitergegeben. Im Folgenden erl\u00e4utern wir, welche Daten wir w\u00e4hrend Ihres Besuches auf unseren ...Weiterlesen\" \/>\n<meta property=\"og:url\" content=\"https:\/\/hifmb.de\/de\/datenschutz\/\" \/>\n<meta property=\"og:site_name\" content=\"HIFMB Oldenburg\" \/>\n<meta property=\"article:modified_time\" content=\"2025-06-26T08:06:16+00:00\" \/>\n<meta property=\"og:image\" content=\"https:\/\/hifmb.de\/wp-content\/uploads\/2020\/09\/hifmb-newsletter-background-gradient.jpg\" \/>\n\t<meta property=\"og:image:width\" content=\"2560\" \/>\n\t<meta property=\"og:image:height\" content=\"896\" \/>\n\t<meta property=\"og:image:type\" content=\"image\/jpeg\" \/>\n<meta name=\"twitter:card\" content=\"summary_large_image\" \/>\n<meta name=\"twitter:label1\" content=\"Est. reading time\" \/>\n\t<meta name=\"twitter:data1\" content=\"6 minutes\" \/>\n<script type=\"application\/ld+json\" class=\"yoast-schema-graph\">{\"@context\":\"https:\\\/\\\/schema.org\",\"@graph\":[{\"@type\":\"WebPage\",\"@id\":\"https:\\\/\\\/hifmb.de\\\/de\\\/datenschutz\\\/\",\"url\":\"https:\\\/\\\/hifmb.de\\\/de\\\/datenschutz\\\/\",\"name\":\"Datenschutz - HIFMB Oldenburg\",\"isPartOf\":{\"@id\":\"https:\\\/\\\/hifmb.de.w01b8649.kasserver.com\\\/#website\"},\"datePublished\":\"2020-09-22T17:17:39+00:00\",\"dateModified\":\"2025-06-26T08:06:16+00:00\",\"breadcrumb\":{\"@id\":\"https:\\\/\\\/hifmb.de\\\/de\\\/datenschutz\\\/#breadcrumb\"},\"inLanguage\":\"de-DE\",\"potentialAction\":[{\"@type\":\"ReadAction\",\"target\":[\"https:\\\/\\\/hifmb.de\\\/de\\\/datenschutz\\\/\"]}]},{\"@type\":\"BreadcrumbList\",\"@id\":\"https:\\\/\\\/hifmb.de\\\/de\\\/datenschutz\\\/#breadcrumb\",\"itemListElement\":[{\"@type\":\"ListItem\",\"position\":1,\"name\":\"Home\",\"item\":\"https:\\\/\\\/hifmb.de\\\/de\\\/\"},{\"@type\":\"ListItem\",\"position\":2,\"name\":\"Datenschutz\"}]},{\"@type\":\"WebSite\",\"@id\":\"https:\\\/\\\/hifmb.de.w01b8649.kasserver.com\\\/#website\",\"url\":\"https:\\\/\\\/hifmb.de.w01b8649.kasserver.com\\\/\",\"name\":\"HIFMB Oldenburg\",\"description\":\"The Helmholtz Institute for Functional Marine Biodiversity (HIFMB)\",\"publisher\":{\"@id\":\"https:\\\/\\\/hifmb.de.w01b8649.kasserver.com\\\/#organization\"},\"potentialAction\":[{\"@type\":\"SearchAction\",\"target\":{\"@type\":\"EntryPoint\",\"urlTemplate\":\"https:\\\/\\\/hifmb.de.w01b8649.kasserver.com\\\/?s={search_term_string}\"},\"query-input\":{\"@type\":\"PropertyValueSpecification\",\"valueRequired\":true,\"valueName\":\"search_term_string\"}}],\"inLanguage\":\"de-DE\"},{\"@type\":\"Organization\",\"@id\":\"https:\\\/\\\/hifmb.de.w01b8649.kasserver.com\\\/#organization\",\"name\":\"HIFMB Oldenburg\",\"url\":\"https:\\\/\\\/hifmb.de.w01b8649.kasserver.com\\\/\",\"logo\":{\"@type\":\"ImageObject\",\"inLanguage\":\"de-DE\",\"@id\":\"https:\\\/\\\/hifmb.de.w01b8649.kasserver.com\\\/#\\\/schema\\\/logo\\\/image\\\/\",\"url\":\"https:\\\/\\\/hifmb.de\\\/wp-content\\\/uploads\\\/2021\\\/01\\\/hifmb-logo-neg-de.svg\",\"contentUrl\":\"https:\\\/\\\/hifmb.de\\\/wp-content\\\/uploads\\\/2021\\\/01\\\/hifmb-logo-neg-de.svg\",\"width\":300,\"height\":87,\"caption\":\"HIFMB Oldenburg\"},\"image\":{\"@id\":\"https:\\\/\\\/hifmb.de.w01b8649.kasserver.com\\\/#\\\/schema\\\/logo\\\/image\\\/\"}}]}<\/script>\n<!-- \/ Yoast SEO plugin. -->","yoast_head_json":{"title":"Datenschutz - HIFMB Oldenburg","robots":{"index":"index","follow":"follow","max-snippet":"max-snippet:-1","max-image-preview":"max-image-preview:large","max-video-preview":"max-video-preview:-1"},"canonical":"https:\/\/hifmb.de\/de\/datenschutz\/","og_locale":"de_DE","og_type":"article","og_title":"Datenschutz - HIFMB Oldenburg","og_description":"Sehr geehrte Besucherinnen und Besucher des Internetportals des Helmholtz-Instituts f\u00fcr Funktionelle Marine Biodiversit\u00e4t,damit Sie sich beim Besuch unserer Webseite sicher f\u00fchlen, m\u00f6chten wir nachfolgend \u00fcber den Umgang mit Ihren Daten informieren. Ihre Daten werden von uns weder ver\u00f6ffentlicht, noch unberechtigt an Dritte weitergegeben. Im Folgenden erl\u00e4utern wir, welche Daten wir w\u00e4hrend Ihres Besuches auf unseren ...Weiterlesen","og_url":"https:\/\/hifmb.de\/de\/datenschutz\/","og_site_name":"HIFMB Oldenburg","article_modified_time":"2025-06-26T08:06:16+00:00","og_image":[{"width":2560,"height":896,"url":"https:\/\/hifmb.de\/wp-content\/uploads\/2020\/09\/hifmb-newsletter-background-gradient.jpg","type":"image\/jpeg"}],"twitter_card":"summary_large_image","twitter_misc":{"Est. reading time":"6 minutes"},"schema":{"@context":"https:\/\/schema.org","@graph":[{"@type":"WebPage","@id":"https:\/\/hifmb.de\/de\/datenschutz\/","url":"https:\/\/hifmb.de\/de\/datenschutz\/","name":"Datenschutz - HIFMB Oldenburg","isPartOf":{"@id":"https:\/\/hifmb.de.w01b8649.kasserver.com\/#website"},"datePublished":"2020-09-22T17:17:39+00:00","dateModified":"2025-06-26T08:06:16+00:00","breadcrumb":{"@id":"https:\/\/hifmb.de\/de\/datenschutz\/#breadcrumb"},"inLanguage":"de-DE","potentialAction":[{"@type":"ReadAction","target":["https:\/\/hifmb.de\/de\/datenschutz\/"]}]},{"@type":"BreadcrumbList","@id":"https:\/\/hifmb.de\/de\/datenschutz\/#breadcrumb","itemListElement":[{"@type":"ListItem","position":1,"name":"Home","item":"https:\/\/hifmb.de\/de\/"},{"@type":"ListItem","position":2,"name":"Datenschutz"}]},{"@type":"WebSite","@id":"https:\/\/hifmb.de.w01b8649.kasserver.com\/#website","url":"https:\/\/hifmb.de.w01b8649.kasserver.com\/","name":"HIFMB Oldenburg","description":"The Helmholtz Institute for Functional Marine Biodiversity (HIFMB)","publisher":{"@id":"https:\/\/hifmb.de.w01b8649.kasserver.com\/#organization"},"potentialAction":[{"@type":"SearchAction","target":{"@type":"EntryPoint","urlTemplate":"https:\/\/hifmb.de.w01b8649.kasserver.com\/?s={search_term_string}"},"query-input":{"@type":"PropertyValueSpecification","valueRequired":true,"valueName":"search_term_string"}}],"inLanguage":"de-DE"},{"@type":"Organization","@id":"https:\/\/hifmb.de.w01b8649.kasserver.com\/#organization","name":"HIFMB Oldenburg","url":"https:\/\/hifmb.de.w01b8649.kasserver.com\/","logo":{"@type":"ImageObject","inLanguage":"de-DE","@id":"https:\/\/hifmb.de.w01b8649.kasserver.com\/#\/schema\/logo\/image\/","url":"https:\/\/hifmb.de\/wp-content\/uploads\/2021\/01\/hifmb-logo-neg-de.svg","contentUrl":"https:\/\/hifmb.de\/wp-content\/uploads\/2021\/01\/hifmb-logo-neg-de.svg","width":300,"height":87,"caption":"HIFMB Oldenburg"},"image":{"@id":"https:\/\/hifmb.de.w01b8649.kasserver.com\/#\/schema\/logo\/image\/"}}]}},"_links":{"self":[{"href":"https:\/\/hifmb.de\/de\/wp-json\/wp\/v2\/pages\/3138","targetHints":{"allow":["GET"]}}],"collection":[{"href":"https:\/\/hifmb.de\/de\/wp-json\/wp\/v2\/pages"}],"about":[{"href":"https:\/\/hifmb.de\/de\/wp-json\/wp\/v2\/types\/page"}],"author":[{"embeddable":true,"href":"https:\/\/hifmb.de\/de\/wp-json\/wp\/v2\/users\/1"}],"replies":[{"embeddable":true,"href":"https:\/\/hifmb.de\/de\/wp-json\/wp\/v2\/comments?post=3138"}],"version-history":[{"count":1,"href":"https:\/\/hifmb.de\/de\/wp-json\/wp\/v2\/pages\/3138\/revisions"}],"predecessor-version":[{"id":15933,"href":"https:\/\/hifmb.de\/de\/wp-json\/wp\/v2\/pages\/3138\/revisions\/15933"}],"wp:attachment":[{"href":"https:\/\/hifmb.de\/de\/wp-json\/wp\/v2\/media?parent=3138"}],"curies":[{"name":"wp","href":"https:\/\/api.w.org\/{rel}","templated":true}]}}