{"id":3143,"date":"2020-09-22T17:18:46","date_gmt":"2020-09-22T17:18:46","guid":{"rendered":"http:\/\/hifmb.de.w01b8649.kasserver.com\/legal-notice\/"},"modified":"2026-01-22T11:05:33","modified_gmt":"2026-01-22T10:05:33","slug":"impressum","status":"publish","type":"page","link":"https:\/\/hifmb.de\/de\/impressum\/","title":{"rendered":"Impressum"},"content":{"rendered":"\n<div class=\"wp-block-theme-spacer  height-xxs\"><\/div>\n\n\n\n<p>Anbieter dieser Internetpr\u00e4senz ist im Rechtssinne das Alfred-Wegener-Institut Helmholtz-Zentrum f\u00fcr Polar- und Meeresforschung (AWI).<\/p>\n\n\n\n<div class=\"wp-block-theme-spacer  height-xxs\"><\/div>\n\n\n\n<h2 class=\"wp-block-heading\" id=\"anschrift\"><strong>Anschrift<\/strong><\/h2>\n\n\n\n<p>Alfred-Wegener-Institut<br>Helmholtz-Zentrum f\u00fcr Polar- und Meeresforschung<br>Am Handelshafen 12<br>27570 Bremerhaven<\/p>\n\n\n\n<p>Tel.: +49 (0)471 4831-0<br>Fax: +49 (0)471 4831-1149<\/p>\n\n\n\n<p>info(at)awi.de<\/p>\n\n\n\n<p><a href=\"http:\/\/www.awi.de\/en.html\">http:\/\/www.awi.de<\/a><\/p>\n\n\n\n<div class=\"wp-block-theme-spacer  height-xxs\"><\/div>\n\n\n\n<h2 class=\"wp-block-heading\" id=\"rechtsform\"><strong><strong>Rechtsform<\/strong><\/strong><\/h2>\n\n\n\n<p>Das Alfred-Wegener-Institut ist eine Stiftung des \u00f6ffentlichen Rechts. Das AWI ist Mitglied der <a href=\"http:\/\/www.helmholtz.de\">Helmholtz-Gemeinschaft Deutscher Forschungszentren e.V.<\/a><\/p>\n\n\n\n<div class=\"wp-block-theme-spacer  height-xxs\"><\/div>\n\n\n\n<h2 class=\"wp-block-heading\" id=\"vertreter\"><strong><strong>Vertreter<\/strong><\/strong><\/h2>\n\n\n\n<p>Das Alfred-Wegener-Institut wird gesetzlich vertreten durch:<\/p>\n\n\n\n<p>Prof. Dr. Maarten Boersma (Direktor (komm.))<\/p>\n\n\n\n<p>Dr. Karsten Wurr (Verwaltungsdirektor)<\/p>\n\n\n\n<h2 class=\"wp-block-heading\" id=\"umsatzsteuer\">Umsatzsteuer<\/h2>\n\n\n\n<p>Umsatzsteuer-Identifikationsnummer gem\u00e4\u00df \u00a7 27a Umsatzsteuergesetz: DE 114707273<\/p>\n\n\n\n<div class=\"wp-block-theme-spacer  height-xxs\"><\/div>\n\n\n\n<h2 class=\"wp-block-heading\" id=\"redaktionelle-verantwortung\"><strong><strong>Redaktionelle Verantwortung<\/strong><\/strong><\/h2>\n\n\n\n<p>Verantwortlich f\u00fcr journalistisch-redaktionelle Inhalte iSd. \u00a7 55 II RStV:<\/p>\n\n\n\n<p>Ruth Krause (Wissenschaftliche Koordinatorin des HIFMB)<\/p>\n\n\n\n<div class=\"wp-block-theme-spacer  height-xxs\"><\/div>\n\n\n\n<h2 class=\"wp-block-heading\" id=\"urheberrecht\"><strong><strong>Urheberrecht<\/strong><\/strong><\/h2>\n\n\n\n<p>Der Inhalt aller Webseiten dieses Internetauftrittes ist urheberrechtlich gesch\u00fctzt. Alle Abbildungen und Fotos auf den Webseiten des Alfred-Wegener-Instituts d\u00fcrfen nicht ohne Genehmigung des AWI \u00fcbernommen, vervielf\u00e4ltigt und verbreitet werden. Eine Ver\u00e4nderung der Metadaten (IPTC-Daten incl. Nennung von Urheber, Quelle, Copyright-Vermerk und Nutzungsbedingungen) der Bilder ist nicht zul\u00e4ssig.<\/p>\n\n\n\n<div class=\"wp-block-theme-spacer  height-xxs\"><\/div>\n\n\n\n<h2 class=\"wp-block-heading\" id=\"haftungshinweis\"><strong><strong>Haftungshinweis<\/strong><\/strong><\/h2>\n\n\n\n<p>F\u00fcr Vollst\u00e4ndigkeit, Fehler redaktioneller und technischer Art, Aktualit\u00e4t, Auslassungen usw. sowie die Richtigkeit der Inhalte wird keine Haftung \u00fcbernommen, es sei denn seitens des Autors wurde nachweislich ein vors\u00e4tzliches oder grob fahrl\u00e4ssiges Verschulden nachgewiesen.<\/p>\n\n\n\n<div class=\"wp-block-theme-spacer  height-xxs\"><\/div>\n\n\n\n<h2 class=\"wp-block-heading\" id=\"bildnachweis-sofern-nicht-direkt-bei-den-fotos-angegeben\"><strong>Bildnachweis (sofern nicht direkt bei den Fotos angegeben)<\/strong><\/h2>\n\n\n\n<p>Home Hintergrund: <a href=\"https:\/\/stock.adobe.com\/de\/252561920\">[Andrew] \/Adobe Stock<\/a>; Home Containerschiff: <a href=\"https:\/\/stock.adobe.com\/de\/310297131\">[aerial-drone] \/Adobe Stock<\/a>; Home Labortechnikerin: Alfred-Wegener-Institut; Barrierefreiheit: <a href=\"https:\/\/pixabay.com\/photos\/sea-sky-clouds-sunset-ocean-6553205\/\">Pixabay | Solene Dejardins<\/a>; Geb\u00e4rdensprache: <a href=\"https:\/\/www.pexels.com\/de-de\/foto\/makrofotografie-von-bubble-coral-920157\/\">Pexels | Egor Kamelev<\/a>; Leichte Sprache: <a href=\"https:\/\/pixabay.com\/de\/photos\/boje-meer-wasser-natur-ocean-4475813\/\">Pixabay | Martin Huijzer<\/a>; Mission: <a href=\"https:\/\/pixabay.com\/de\/photos\/unterwasser-ansicht-von-oben-2966572\/\">EliasSch \/Pixabay<\/a>; Postdoc-Pool: <a href=\"https:\/\/pixabay.com\/de\/illustrations\/ozean-stachelrochen-meer-3577703\/\">Vika Glitter | Pixabay<\/a>; Personen: <a href=\"https:\/\/stock.adobe.com\/298612789\">[Matthew] \/Adobe Stock<\/a>; Management: <a href=\"https:\/\/www.pexels.com\/de-de\/foto\/schwimmender-goldener-fisch-unter-wasser-im-meer-3808880\/\">Francesco Ungaro | Pexels<\/a>; Geschichte: <a href=\"https:\/\/stock.adobe.com\/de\/232751601\">[David] \/Adobe Stock<\/a>; Gremien: <a href=\"https:\/\/stock.adobe.com\/de\/82575540\">[damedias] \/Adobe Stock<\/a>; Programme: Anna Roik; Ein gesch\u00fctzter Raum: <a href=\"https:\/\/pixabay.com\/de\/photos\/rettungsschwimmer-stand-sicherheit-5232628\/\">Jill Rose | Pixabay<\/a>; Forschungsfelder: <a href=\"https:\/\/www.pexels.com\/de-de\/foto\/brown-coral-reef-3645203\/\">Francesco Ungaro | Pexels<\/a>; Arbeitsgruppen: <a href=\"https:\/\/stock.adobe.com\/de\/159064136\">[willtu] \/Adobe Stock<\/a>; Biodiverist\u00e4tstheorie: <a href=\"https:\/\/pixabay.com\/de\/photos\/qualle-meer-meeresbewohner-biologie-796522\/\">Manseok Kim | Pixabay<\/a>; Ecosystem Data Science: <a href=\"https:\/\/pixabay.com\/de\/photos\/koralle-riff-meer-unterwasser-2694453\/\">marcelokato | Pixabay<\/a>; Meeresschutz: <a href=\"https:\/\/pixabay.com\/de\/photos\/schlie%c3%9fen-hoch-schuss-von-brown-7593010\/\">DesignScapes | Pixabay<\/a>; Marine Governance: <a href=\"https:\/\/pixabay.com\/de\/photos\/kreuzfahrtschiff-strand-blaues-meer-4834872\/\">Viola| Pixabay<\/a>; Marine Policy and Management: <a href=\"https:\/\/unsplash.com\/de\/fotos\/eine-gruppe-von-menschen-die-an-einem-strand-spazieren-gehen-y8cnX27EHqo\">Yang Song | Unsplash<\/a>; Photosymbiosis: AG Photosymbiosis; Plankton Ecology: <a href=\"https:\/\/www.pexels.com\/de-de\/foto\/unter-dem-meer-2289415\/\">Francesco Ungaro | Pexels<\/a>; Biodiversit\u00e4t und Evolution der Tiere <a href=\"https:\/\/www.pexels.com\/de-de\/foto\/schwimmender-goldener-fisch-unter-wasser-im-meer-3808880\/\">Francesco Ungaro | Pexels<\/a>; \u00d6ko-evolution\u00e4re Genomik: <a href=\"https:\/\/pixabay.com\/de\/photos\/chin-anago-seeaal-meeresgrund-meer-1605176\/\">shotarrowsakamoto | Pixabay<\/a>; \u00d6kophysiologie pelagischer Schl\u00fcsselarten: <a href=\"https:\/\/www.pexels.com\/de-de\/foto\/gewasser-mit-eisberg-2992234\/\">Frans van Heerden | Pexels<\/a>; Marine Akustik Unterwasser Vielfalt (MAUD): Ilse van Opzeeland; Mathematische Modellierung: <a href=\"https:\/\/www.pexels.com\/de-de\/foto\/treppe-unter-wasser-3420262\/\">Francesco Ungaro | Pexels<\/a>; Projekte: AWI | Thomas Steuer; Publikationen: <a href=\"https:\/\/www.pexels.com\/de-de\/foto\/weisser-und-schwarzer-leuchtturm-auf-klippe-am-meer-unter-blauem-himmel-3798155\/\">Valeriia Miller | Pexels<\/a>; Transfer: <a href=\"https:\/\/www.pexels.com\/de-de\/foto\/landmark-island-1587709\/\">Tobias Bj\u00f8rkli | Pexels<\/a>; Kunst-Wissenschaft: <a href=\"https:\/\/www.pexels.com\/de-de\/foto\/junge-der-vor-quallen-aquarium-mit-lila-licht-steht-792643\/\">Jeswin Thomas | Pexels<\/a>; Blog: <a href=\"https:\/\/stock.adobe.com\/286645965\">[kichigin19] \/Adobe Stock<\/a>; Podcast: Jan-Claas Daijka; Veranstaltungen: <a href=\"https:\/\/stock.adobe.com\/320839872\">[Tobias] \/Adobe Stock<\/a>; Presse: <a href=\"https:\/\/stock.adobe.com\/162760411\">[sophonk] \/Adobe Stock<\/a>; Newsletter: <a href=\"https:\/\/stock.adobe.com\/252561920\">[Andrew] \/Adobe Stock<\/a>; Jobs: <a href=\"https:\/\/www.pexels.com\/de-de\/foto\/treppe-unter-wasser-3420262\/\">Francesco Ungaro | Pexels<\/a>; Artist in Residence: <a href=\"https:\/\/pixabay.com\/photos\/colour-acrylic-paint-art-painting-4159771\/\">stux | Pixabay<\/a>; Contact: <a href=\"https:\/\/www.pexels.com\/de-de\/foto\/selektive-fokusfotografie-von-octopus-3046629\/\">Pia | Pexels<\/a>; Exchange Program: <a href=\"https:\/\/unsplash.com\/photos\/o_9w42jsPs4\">Scott Serhat Duygun | Unsplash<\/a>; 404: <a href=\"https:\/\/www.pexels.com\/de-de\/foto\/brechenden-wellen-1494707\/\">Ray Bilcliff | Pexels<\/a><\/p>\n\n\n\n<div class=\"wp-block-theme-spacer  height-xxs\"><\/div>\n\n\n\n<h2 class=\"wp-block-heading\" id=\"design-umsetzung\">Design &amp; Umsetzung<\/h2>\n\n\n\n<p><a href=\"https:\/\/allcodesarebeautiful.com\/\" target=\"_blank\" rel=\"noreferrer noopener\">ACB. Webagentur f\u00fcr Webdesign &amp; Kommunikation Berlin<\/a><\/p>\n\n\n\n<div class=\"wp-block-theme-spacer  height-xxxl\"><\/div>\n","protected":false},"excerpt":{"rendered":"<p>Anbieter dieser Internetpr\u00e4senz ist im Rechtssinne das Alfred-Wegener-Institut Helmholtz-Zentrum f\u00fcr Polar- und Meeresforschung (AWI).<\/p>\n<p>Anschrift<\/p>\n<p>Alfred-Wegener-InstitutHelmholtz-Zentrum f\u00fcr Polar- und MeeresforschungAm Handelshafen 1227570 Bremerhaven<\/p>\n<p>Tel.: +49 (0)471 4831-0Fax: +49 (0)471 4831-1149<\/p>\n<p>info(at)awi.de<\/p>\n<p>http:\/\/www.awi.de<\/p>\n<p>Rechtsform<\/p>\n<p>Das Alfred-Wegener-Institut ist eine Stiftung des \u00f6ffentlichen Rechts. Das AWI ist Mitglied der Helmholtz-Gemeinschaft Deutscher Forschungszentren e.V.<\/p>\n<p>Vertreter<\/p>\n<p>Das Alfred-Wegener-Institut wird gesetzlich vertreten durch:<\/p>\n<p>Prof. Dr. Maarten Boersma (Direktor (komm.))<\/p>\n<p>Dr. Karsten Wurr &#8230;<\/p>\n<p><a class=\"btn btn-primary theme-read-more-link mt-3 no-link-style\"\n                    href=\"https:\/\/hifmb.de\/de\/impressum\/\"\n                    aria-describedby=\"teaser-headline-3143\">Weiterlesen<\/a><\/p>\n","protected":false},"author":1,"featured_media":0,"parent":0,"menu_order":18,"comment_status":"closed","ping_status":"closed","template":"","meta":{"_acf_changed":false,"footnotes":""},"class_list":["post-3143","page","type-page","status-publish","hentry"],"acf":[],"yoast_head":"<!-- This site is optimized with the Yoast SEO plugin v27.3 - https:\/\/yoast.com\/product\/yoast-seo-wordpress\/ -->\n<title>Impressum - HIFMB Oldenburg<\/title>\n<meta name=\"robots\" content=\"index, follow, max-snippet:-1, max-image-preview:large, max-video-preview:-1\" \/>\n<link rel=\"canonical\" href=\"https:\/\/hifmb.de.w01b8649.kasserver.com\/de\/impressum\/\" \/>\n<meta property=\"og:locale\" content=\"de_DE\" \/>\n<meta property=\"og:type\" content=\"article\" \/>\n<meta property=\"og:title\" content=\"Impressum - HIFMB Oldenburg\" \/>\n<meta property=\"og:description\" content=\"Anbieter dieser Internetpr\u00e4senz ist im Rechtssinne das Alfred-Wegener-Institut Helmholtz-Zentrum f\u00fcr Polar- und Meeresforschung (AWI).    Anschrift  Alfred-Wegener-InstitutHelmholtz-Zentrum f\u00fcr Polar- und MeeresforschungAm Handelshafen 1227570 Bremerhaven  Tel.: +49 (0)471 4831-0Fax: +49 (0)471 4831-1149  info(at)awi.de  http:\/\/www.awi.de    Rechtsform  Das Alfred-Wegener-Institut ist eine Stiftung des \u00f6ffentlichen Rechts. Das AWI ist Mitglied der Helmholtz-Gemeinschaft Deutscher Forschungszentren e.V.    Vertreter  Das Alfred-Wegener-Institut wird gesetzlich vertreten durch:  Prof. Dr. Maarten Boersma (Direktor (komm.))  Dr. Karsten Wurr ...Weiterlesen\" \/>\n<meta property=\"og:url\" content=\"https:\/\/hifmb.de.w01b8649.kasserver.com\/de\/impressum\/\" \/>\n<meta property=\"og:site_name\" content=\"HIFMB Oldenburg\" \/>\n<meta property=\"article:modified_time\" content=\"2026-01-22T10:05:33+00:00\" \/>\n<meta property=\"og:image\" content=\"https:\/\/hifmb.de\/wp-content\/uploads\/2020\/09\/hifmb-newsletter-background-gradient.jpg\" \/>\n\t<meta property=\"og:image:width\" content=\"2560\" \/>\n\t<meta property=\"og:image:height\" content=\"896\" \/>\n\t<meta property=\"og:image:type\" content=\"image\/jpeg\" \/>\n<meta name=\"twitter:card\" content=\"summary_large_image\" \/>\n<meta name=\"twitter:label1\" content=\"Est. reading time\" \/>\n\t<meta name=\"twitter:data1\" content=\"2 minutes\" \/>\n<script type=\"application\/ld+json\" class=\"yoast-schema-graph\">{\"@context\":\"https:\\\/\\\/schema.org\",\"@graph\":[{\"@type\":\"WebPage\",\"@id\":\"https:\\\/\\\/hifmb.de.w01b8649.kasserver.com\\\/de\\\/impressum\\\/\",\"url\":\"https:\\\/\\\/hifmb.de.w01b8649.kasserver.com\\\/de\\\/impressum\\\/\",\"name\":\"Impressum - HIFMB Oldenburg\",\"isPartOf\":{\"@id\":\"https:\\\/\\\/hifmb.de\\\/#website\"},\"datePublished\":\"2020-09-22T17:18:46+00:00\",\"dateModified\":\"2026-01-22T10:05:33+00:00\",\"breadcrumb\":{\"@id\":\"https:\\\/\\\/hifmb.de.w01b8649.kasserver.com\\\/de\\\/impressum\\\/#breadcrumb\"},\"inLanguage\":\"de-DE\",\"potentialAction\":[{\"@type\":\"ReadAction\",\"target\":[\"https:\\\/\\\/hifmb.de.w01b8649.kasserver.com\\\/de\\\/impressum\\\/\"]}]},{\"@type\":\"BreadcrumbList\",\"@id\":\"https:\\\/\\\/hifmb.de.w01b8649.kasserver.com\\\/de\\\/impressum\\\/#breadcrumb\",\"itemListElement\":[{\"@type\":\"ListItem\",\"position\":1,\"name\":\"Home\",\"item\":\"https:\\\/\\\/hifmb.de\\\/de\\\/\"},{\"@type\":\"ListItem\",\"position\":2,\"name\":\"Impressum\"}]},{\"@type\":\"WebSite\",\"@id\":\"https:\\\/\\\/hifmb.de\\\/#website\",\"url\":\"https:\\\/\\\/hifmb.de\\\/\",\"name\":\"HIFMB Oldenburg\",\"description\":\"The Helmholtz Institute for Functional Marine Biodiversity (HIFMB)\",\"publisher\":{\"@id\":\"https:\\\/\\\/hifmb.de\\\/#organization\"},\"potentialAction\":[{\"@type\":\"SearchAction\",\"target\":{\"@type\":\"EntryPoint\",\"urlTemplate\":\"https:\\\/\\\/hifmb.de\\\/?s={search_term_string}\"},\"query-input\":{\"@type\":\"PropertyValueSpecification\",\"valueRequired\":true,\"valueName\":\"search_term_string\"}}],\"inLanguage\":\"de-DE\"},{\"@type\":\"Organization\",\"@id\":\"https:\\\/\\\/hifmb.de\\\/#organization\",\"name\":\"HIFMB Oldenburg\",\"url\":\"https:\\\/\\\/hifmb.de\\\/\",\"logo\":{\"@type\":\"ImageObject\",\"inLanguage\":\"de-DE\",\"@id\":\"https:\\\/\\\/hifmb.de\\\/#\\\/schema\\\/logo\\\/image\\\/\",\"url\":\"https:\\\/\\\/hifmb.de\\\/wp-content\\\/uploads\\\/2021\\\/01\\\/hifmb-logo-neg-de.svg\",\"contentUrl\":\"https:\\\/\\\/hifmb.de\\\/wp-content\\\/uploads\\\/2021\\\/01\\\/hifmb-logo-neg-de.svg\",\"width\":300,\"height\":87,\"caption\":\"HIFMB Oldenburg\"},\"image\":{\"@id\":\"https:\\\/\\\/hifmb.de\\\/#\\\/schema\\\/logo\\\/image\\\/\"}}]}<\/script>\n<!-- \/ Yoast SEO plugin. -->","yoast_head_json":{"title":"Impressum - HIFMB Oldenburg","robots":{"index":"index","follow":"follow","max-snippet":"max-snippet:-1","max-image-preview":"max-image-preview:large","max-video-preview":"max-video-preview:-1"},"canonical":"https:\/\/hifmb.de.w01b8649.kasserver.com\/de\/impressum\/","og_locale":"de_DE","og_type":"article","og_title":"Impressum - HIFMB Oldenburg","og_description":"Anbieter dieser Internetpr\u00e4senz ist im Rechtssinne das Alfred-Wegener-Institut Helmholtz-Zentrum f\u00fcr Polar- und Meeresforschung (AWI).    Anschrift  Alfred-Wegener-InstitutHelmholtz-Zentrum f\u00fcr Polar- und MeeresforschungAm Handelshafen 1227570 Bremerhaven  Tel.: +49 (0)471 4831-0Fax: +49 (0)471 4831-1149  info(at)awi.de  http:\/\/www.awi.de    Rechtsform  Das Alfred-Wegener-Institut ist eine Stiftung des \u00f6ffentlichen Rechts. Das AWI ist Mitglied der Helmholtz-Gemeinschaft Deutscher Forschungszentren e.V.    Vertreter  Das Alfred-Wegener-Institut wird gesetzlich vertreten durch:  Prof. Dr. Maarten Boersma (Direktor (komm.))  Dr. Karsten Wurr ...Weiterlesen","og_url":"https:\/\/hifmb.de.w01b8649.kasserver.com\/de\/impressum\/","og_site_name":"HIFMB Oldenburg","article_modified_time":"2026-01-22T10:05:33+00:00","og_image":[{"width":2560,"height":896,"url":"https:\/\/hifmb.de\/wp-content\/uploads\/2020\/09\/hifmb-newsletter-background-gradient.jpg","type":"image\/jpeg"}],"twitter_card":"summary_large_image","twitter_misc":{"Est. reading time":"2 minutes"},"schema":{"@context":"https:\/\/schema.org","@graph":[{"@type":"WebPage","@id":"https:\/\/hifmb.de.w01b8649.kasserver.com\/de\/impressum\/","url":"https:\/\/hifmb.de.w01b8649.kasserver.com\/de\/impressum\/","name":"Impressum - HIFMB Oldenburg","isPartOf":{"@id":"https:\/\/hifmb.de\/#website"},"datePublished":"2020-09-22T17:18:46+00:00","dateModified":"2026-01-22T10:05:33+00:00","breadcrumb":{"@id":"https:\/\/hifmb.de.w01b8649.kasserver.com\/de\/impressum\/#breadcrumb"},"inLanguage":"de-DE","potentialAction":[{"@type":"ReadAction","target":["https:\/\/hifmb.de.w01b8649.kasserver.com\/de\/impressum\/"]}]},{"@type":"BreadcrumbList","@id":"https:\/\/hifmb.de.w01b8649.kasserver.com\/de\/impressum\/#breadcrumb","itemListElement":[{"@type":"ListItem","position":1,"name":"Home","item":"https:\/\/hifmb.de\/de\/"},{"@type":"ListItem","position":2,"name":"Impressum"}]},{"@type":"WebSite","@id":"https:\/\/hifmb.de\/#website","url":"https:\/\/hifmb.de\/","name":"HIFMB Oldenburg","description":"The Helmholtz Institute for Functional Marine Biodiversity (HIFMB)","publisher":{"@id":"https:\/\/hifmb.de\/#organization"},"potentialAction":[{"@type":"SearchAction","target":{"@type":"EntryPoint","urlTemplate":"https:\/\/hifmb.de\/?s={search_term_string}"},"query-input":{"@type":"PropertyValueSpecification","valueRequired":true,"valueName":"search_term_string"}}],"inLanguage":"de-DE"},{"@type":"Organization","@id":"https:\/\/hifmb.de\/#organization","name":"HIFMB Oldenburg","url":"https:\/\/hifmb.de\/","logo":{"@type":"ImageObject","inLanguage":"de-DE","@id":"https:\/\/hifmb.de\/#\/schema\/logo\/image\/","url":"https:\/\/hifmb.de\/wp-content\/uploads\/2021\/01\/hifmb-logo-neg-de.svg","contentUrl":"https:\/\/hifmb.de\/wp-content\/uploads\/2021\/01\/hifmb-logo-neg-de.svg","width":300,"height":87,"caption":"HIFMB Oldenburg"},"image":{"@id":"https:\/\/hifmb.de\/#\/schema\/logo\/image\/"}}]}},"_links":{"self":[{"href":"https:\/\/hifmb.de\/de\/wp-json\/wp\/v2\/pages\/3143","targetHints":{"allow":["GET"]}}],"collection":[{"href":"https:\/\/hifmb.de\/de\/wp-json\/wp\/v2\/pages"}],"about":[{"href":"https:\/\/hifmb.de\/de\/wp-json\/wp\/v2\/types\/page"}],"author":[{"embeddable":true,"href":"https:\/\/hifmb.de\/de\/wp-json\/wp\/v2\/users\/1"}],"replies":[{"embeddable":true,"href":"https:\/\/hifmb.de\/de\/wp-json\/wp\/v2\/comments?post=3143"}],"version-history":[{"count":19,"href":"https:\/\/hifmb.de\/de\/wp-json\/wp\/v2\/pages\/3143\/revisions"}],"predecessor-version":[{"id":17338,"href":"https:\/\/hifmb.de\/de\/wp-json\/wp\/v2\/pages\/3143\/revisions\/17338"}],"wp:attachment":[{"href":"https:\/\/hifmb.de\/de\/wp-json\/wp\/v2\/media?parent=3143"}],"curies":[{"name":"wp","href":"https:\/\/api.w.org\/{rel}","templated":true}]}}