{"id":3151,"date":"2021-01-07T14:07:24","date_gmt":"2021-01-07T14:07:24","guid":{"rendered":"http:\/\/hifmb.de.w01b8649.kasserver.com\/ecosystem-functions\/"},"modified":"2025-08-26T13:58:32","modified_gmt":"2025-08-26T11:58:32","slug":"forschungsbereiche","status":"publish","type":"page","link":"https:\/\/hifmb.de\/de\/forschung\/forschungsbereiche\/","title":{"rendered":"Forschungsfelder"},"content":{"rendered":"\n<div class=\"wp-block-theme-section  pt-xxs pb-none is-fullwidth\" style=\"\"><div class=\"container\">\n<div class=\"wp-block-columns is-layout-flex wp-container-core-columns-is-layout-9d6595d7 wp-block-columns-is-layout-flex\">\n<div class=\"wp-block-column is-layout-flow wp-block-column-is-layout-flow\" style=\"flex-basis:10%\">\n<div class=\"wp-block-theme-icon-text  has-text-color has-primary-dark-color\"><svg class=\"icon icon-biodiversity-change icon-size-xl\" xmlns=\"http:\/\/www.w3.org\/2000\/svg\" focusable=\"false\" aria-hidden=\"true\"><use href=\"#icon-biodiversity-change\"><\/use><\/svg><span class=\"icon-text\"><\/span><\/div>\n<\/div>\n\n\n\n<div class=\"wp-block-column is-layout-flow wp-block-column-is-layout-flow\" style=\"flex-basis:75%\">\n<p><strong>Wie werden sich globale Umweltver\u00e4nderungen auf die biologische Vielfalt der Meere auswirken?<\/strong><\/p>\n\n\n\n<p>Das umfasst zum einen das Ausma\u00df der Ver\u00e4nderungen, sowohl aus zeitlicher wie auch aus r\u00e4umlicher Perspektive: Verschwinden Arten oder kommen neue hinzu? Ver\u00e4ndert sich die Zahl der Individuen einer Art? Passen sich Arten auf besondere Art und Weise neuen Lebensbedingungen an?<\/p>\n\n\n\n<p>Zentral sind zudem die Ursachen: Welche Mechanismen f\u00fchren dazu, dass sich die Vielfalt eines Lebensraums wandelt, und k\u00f6nnen wir generelle Muster erkennen, die uns erlauben, diesen Wandel vorherzusagen?<\/p>\n<\/div>\n\n\n\n<div class=\"wp-block-column is-layout-flow wp-block-column-is-layout-flow\" style=\"flex-basis:15%\"><\/div>\n<\/div>\n<\/div><\/div>\n\n\n\n<div class=\"wp-block-theme-section  pt-xxs pb-none is-fullwidth\" style=\"\"><div class=\"container\">\n<div class=\"wp-block-columns is-layout-flex wp-container-core-columns-is-layout-9d6595d7 wp-block-columns-is-layout-flex\">\n<div class=\"wp-block-column is-layout-flow wp-block-column-is-layout-flow\" style=\"flex-basis:10%\">\n<div class=\"wp-block-theme-icon-text  has-text-color has-primary-dark-color\"><svg class=\"icon icon-ecosystem-functions icon-size-xl\" xmlns=\"http:\/\/www.w3.org\/2000\/svg\" focusable=\"false\" aria-hidden=\"true\"><use href=\"#icon-ecosystem-functions\"><\/use><\/svg><span class=\"icon-text\"><\/span><\/div>\n<\/div>\n\n\n\n<div class=\"wp-block-column is-layout-flow wp-block-column-is-layout-flow\" style=\"flex-basis:75%\">\n<p><strong>Wie wirken sich Ver\u00e4nderungen in der Artenzusammensetzung auf die Funktionen von marinen \u00d6kosystemen aus?<\/strong><\/p>\n\n\n\n<p>K\u00f6nnen sie zum Beispiel ihre Funktion als Sauerstoff- oder Biomasseproduzent in gleichem Ma\u00dfe erf\u00fcllen? <\/p>\n\n\n\n<p>Ziel ist es, allgemeine Grunds\u00e4tze zu formulieren, auf denen die Beziehung zwischen der Vielfalt eines Lebensraums und den darin ablaufenden \u00d6kosystemprozessen basiert. Diese Grunds\u00e4tze wiederum bilden eine wichtige Grundlage f\u00fcr das Forschungsfeld Schutz und Management.<\/p>\n<\/div>\n\n\n\n<div class=\"wp-block-column is-layout-flow wp-block-column-is-layout-flow\" style=\"flex-basis:15%\"><\/div>\n<\/div>\n<\/div><\/div>\n\n\n\n<div class=\"wp-block-theme-section  pt-xxs pb-none is-fullwidth\" style=\"\"><div class=\"container\">\n<div class=\"wp-block-columns is-layout-flex wp-container-core-columns-is-layout-9d6595d7 wp-block-columns-is-layout-flex\">\n<div class=\"wp-block-column is-layout-flow wp-block-column-is-layout-flow\" style=\"flex-basis:10%\">\n<div class=\"wp-block-theme-icon-text  has-text-color has-primary-dark-color\"><svg class=\"icon icon-conservation-management icon-size-xl\" xmlns=\"http:\/\/www.w3.org\/2000\/svg\" focusable=\"false\" aria-hidden=\"true\"><use href=\"#icon-conservation-management\"><\/use><\/svg><span class=\"icon-text\"><\/span><\/div>\n<\/div>\n\n\n\n<div class=\"wp-block-column is-layout-flow wp-block-column-is-layout-flow\" style=\"flex-basis:75%\">\n<p><strong>Wie k\u00f6nnen wir die biologische Vielfalt der Meere erhalten und wie kann Artenschutz in das Management von \u00d6kosystemfunktionen und -dienstleistungen integriert werden?<\/strong><\/p>\n\n\n\n<p>Der Schutz der marinen Biodiversit\u00e4t konzentriert sich bisher haupts\u00e4chlich auf gebietsbezogene Ans\u00e4tze, wie an Land \u00fcblich sind, und ist oft um einzelne Sektoren (z.B. Fischerei, Tourismus) herum organisiert.<\/p>\n\n\n\n<p>Allerdings sind marine \u00d6kosysteme durch starke r\u00e4umliche und zeitliche Ver\u00e4nderungen der Bedingungen und der Biodiversit\u00e4t gekennzeichnet, so dass sich Naturschutz und Management auf Konzepte st\u00fctzen m\u00fcssen, die \u00fcber den Gebietsschutz hinausgehen und diese Dynamik und Anpassungsf\u00e4higkeit ber\u00fccksichtigen.<\/p>\n<\/div>\n\n\n\n<div class=\"wp-block-column is-layout-flow wp-block-column-is-layout-flow\" style=\"flex-basis:15%\"><\/div>\n<\/div>\n<\/div><\/div>\n\n\n\n<div class=\"wp-block-theme-spacer  height-xxxxl\"><\/div>\n\n\n\n<p><\/p>\n","protected":false},"excerpt":{"rendered":"<p>Wie werden sich globale Umweltver\u00e4nderungen auf die biologische Vielfalt der Meere auswirken?<\/p>\n<p>Das umfasst zum einen das Ausma\u00df der Ver\u00e4nderungen, sowohl aus zeitlicher wie auch aus r\u00e4umlicher Perspektive: Verschwinden Arten oder kommen neue hinzu? Ver\u00e4ndert sich die Zahl der Individuen einer Art? Passen sich Arten auf besondere Art und Weise neuen Lebensbedingungen an?<\/p>\n<p>Zentral sind zudem die &#8230;<\/p>\n<p><a class=\"btn btn-primary theme-read-more-link mt-3 no-link-style\"\n                    href=\"https:\/\/hifmb.de\/de\/forschung\/forschungsbereiche\/\"\n                    aria-describedby=\"teaser-headline-3151\">Weiterlesen<\/a><\/p>\n","protected":false},"author":3,"featured_media":2379,"parent":3174,"menu_order":0,"comment_status":"closed","ping_status":"closed","template":"","meta":{"_acf_changed":false,"footnotes":""},"class_list":["post-3151","page","type-page","status-publish","has-post-thumbnail","hentry"],"acf":[],"yoast_head":"<!-- This site is optimized with the Yoast SEO plugin v27.3 - https:\/\/yoast.com\/product\/yoast-seo-wordpress\/ -->\n<title>Forschungsfelder - HIFMB Oldenburg<\/title>\n<meta name=\"robots\" content=\"index, follow, max-snippet:-1, max-image-preview:large, max-video-preview:-1\" \/>\n<link rel=\"canonical\" href=\"https:\/\/hifmb.de\/de\/forschung\/forschungsbereiche\/\" \/>\n<meta property=\"og:locale\" content=\"de_DE\" \/>\n<meta property=\"og:type\" content=\"article\" \/>\n<meta property=\"og:title\" content=\"Forschungsfelder - HIFMB Oldenburg\" \/>\n<meta property=\"og:description\" content=\"Wie werden sich globale Umweltver\u00e4nderungen auf die biologische Vielfalt der Meere auswirken?  Das umfasst zum einen das Ausma\u00df der Ver\u00e4nderungen, sowohl aus zeitlicher wie auch aus r\u00e4umlicher Perspektive: Verschwinden Arten oder kommen neue hinzu? Ver\u00e4ndert sich die Zahl der Individuen einer Art? Passen sich Arten auf besondere Art und Weise neuen Lebensbedingungen an?  Zentral sind zudem die ...Weiterlesen\" \/>\n<meta property=\"og:url\" content=\"https:\/\/hifmb.de\/de\/forschung\/forschungsbereiche\/\" \/>\n<meta property=\"og:site_name\" content=\"HIFMB Oldenburg\" \/>\n<meta property=\"article:modified_time\" content=\"2025-08-26T11:58:32+00:00\" \/>\n<meta property=\"og:image\" content=\"https:\/\/hifmb.de\/wp-content\/uploads\/2021\/01\/hifmb-ecosystem-functions-2.jpg\" \/>\n\t<meta property=\"og:image:width\" content=\"2560\" \/>\n\t<meta property=\"og:image:height\" content=\"720\" \/>\n\t<meta property=\"og:image:type\" content=\"image\/jpeg\" \/>\n<meta name=\"twitter:card\" content=\"summary_large_image\" \/>\n<meta name=\"twitter:label1\" content=\"Est. reading time\" \/>\n\t<meta name=\"twitter:data1\" content=\"1 minute\" \/>\n<script type=\"application\/ld+json\" class=\"yoast-schema-graph\">{\"@context\":\"https:\\\/\\\/schema.org\",\"@graph\":[{\"@type\":\"WebPage\",\"@id\":\"https:\\\/\\\/hifmb.de\\\/de\\\/forschung\\\/forschungsbereiche\\\/\",\"url\":\"https:\\\/\\\/hifmb.de\\\/de\\\/forschung\\\/forschungsbereiche\\\/\",\"name\":\"Forschungsfelder - HIFMB Oldenburg\",\"isPartOf\":{\"@id\":\"https:\\\/\\\/hifmb.de.w01b8649.kasserver.com\\\/#website\"},\"primaryImageOfPage\":{\"@id\":\"https:\\\/\\\/hifmb.de\\\/de\\\/forschung\\\/forschungsbereiche\\\/#primaryimage\"},\"image\":{\"@id\":\"https:\\\/\\\/hifmb.de\\\/de\\\/forschung\\\/forschungsbereiche\\\/#primaryimage\"},\"thumbnailUrl\":\"https:\\\/\\\/hifmb.de\\\/wp-content\\\/uploads\\\/2021\\\/01\\\/hifmb-ecosystem-functions-2.jpg\",\"datePublished\":\"2021-01-07T14:07:24+00:00\",\"dateModified\":\"2025-08-26T11:58:32+00:00\",\"breadcrumb\":{\"@id\":\"https:\\\/\\\/hifmb.de\\\/de\\\/forschung\\\/forschungsbereiche\\\/#breadcrumb\"},\"inLanguage\":\"de-DE\",\"potentialAction\":[{\"@type\":\"ReadAction\",\"target\":[\"https:\\\/\\\/hifmb.de\\\/de\\\/forschung\\\/forschungsbereiche\\\/\"]}]},{\"@type\":\"ImageObject\",\"inLanguage\":\"de-DE\",\"@id\":\"https:\\\/\\\/hifmb.de\\\/de\\\/forschung\\\/forschungsbereiche\\\/#primaryimage\",\"url\":\"https:\\\/\\\/hifmb.de\\\/wp-content\\\/uploads\\\/2021\\\/01\\\/hifmb-ecosystem-functions-2.jpg\",\"contentUrl\":\"https:\\\/\\\/hifmb.de\\\/wp-content\\\/uploads\\\/2021\\\/01\\\/hifmb-ecosystem-functions-2.jpg\",\"width\":2560,\"height\":720,\"caption\":\"Fische im Meer\"},{\"@type\":\"BreadcrumbList\",\"@id\":\"https:\\\/\\\/hifmb.de\\\/de\\\/forschung\\\/forschungsbereiche\\\/#breadcrumb\",\"itemListElement\":[{\"@type\":\"ListItem\",\"position\":1,\"name\":\"Home\",\"item\":\"https:\\\/\\\/hifmb.de\\\/de\\\/\"},{\"@type\":\"ListItem\",\"position\":2,\"name\":\"Forschung\",\"item\":\"https:\\\/\\\/hifmb.de\\\/de\\\/forschung\\\/\"},{\"@type\":\"ListItem\",\"position\":3,\"name\":\"Forschungsfelder\"}]},{\"@type\":\"WebSite\",\"@id\":\"https:\\\/\\\/hifmb.de.w01b8649.kasserver.com\\\/#website\",\"url\":\"https:\\\/\\\/hifmb.de.w01b8649.kasserver.com\\\/\",\"name\":\"HIFMB Oldenburg\",\"description\":\"The Helmholtz Institute for Functional Marine Biodiversity (HIFMB)\",\"publisher\":{\"@id\":\"https:\\\/\\\/hifmb.de.w01b8649.kasserver.com\\\/#organization\"},\"potentialAction\":[{\"@type\":\"SearchAction\",\"target\":{\"@type\":\"EntryPoint\",\"urlTemplate\":\"https:\\\/\\\/hifmb.de.w01b8649.kasserver.com\\\/?s={search_term_string}\"},\"query-input\":{\"@type\":\"PropertyValueSpecification\",\"valueRequired\":true,\"valueName\":\"search_term_string\"}}],\"inLanguage\":\"de-DE\"},{\"@type\":\"Organization\",\"@id\":\"https:\\\/\\\/hifmb.de.w01b8649.kasserver.com\\\/#organization\",\"name\":\"HIFMB Oldenburg\",\"url\":\"https:\\\/\\\/hifmb.de.w01b8649.kasserver.com\\\/\",\"logo\":{\"@type\":\"ImageObject\",\"inLanguage\":\"de-DE\",\"@id\":\"https:\\\/\\\/hifmb.de.w01b8649.kasserver.com\\\/#\\\/schema\\\/logo\\\/image\\\/\",\"url\":\"https:\\\/\\\/hifmb.de\\\/wp-content\\\/uploads\\\/2021\\\/01\\\/hifmb-logo-neg-de.svg\",\"contentUrl\":\"https:\\\/\\\/hifmb.de\\\/wp-content\\\/uploads\\\/2021\\\/01\\\/hifmb-logo-neg-de.svg\",\"width\":300,\"height\":87,\"caption\":\"HIFMB Oldenburg\"},\"image\":{\"@id\":\"https:\\\/\\\/hifmb.de.w01b8649.kasserver.com\\\/#\\\/schema\\\/logo\\\/image\\\/\"}}]}<\/script>\n<!-- \/ Yoast SEO plugin. -->","yoast_head_json":{"title":"Forschungsfelder - HIFMB Oldenburg","robots":{"index":"index","follow":"follow","max-snippet":"max-snippet:-1","max-image-preview":"max-image-preview:large","max-video-preview":"max-video-preview:-1"},"canonical":"https:\/\/hifmb.de\/de\/forschung\/forschungsbereiche\/","og_locale":"de_DE","og_type":"article","og_title":"Forschungsfelder - HIFMB Oldenburg","og_description":"Wie werden sich globale Umweltver\u00e4nderungen auf die biologische Vielfalt der Meere auswirken?  Das umfasst zum einen das Ausma\u00df der Ver\u00e4nderungen, sowohl aus zeitlicher wie auch aus r\u00e4umlicher Perspektive: Verschwinden Arten oder kommen neue hinzu? Ver\u00e4ndert sich die Zahl der Individuen einer Art? Passen sich Arten auf besondere Art und Weise neuen Lebensbedingungen an?  Zentral sind zudem die ...Weiterlesen","og_url":"https:\/\/hifmb.de\/de\/forschung\/forschungsbereiche\/","og_site_name":"HIFMB Oldenburg","article_modified_time":"2025-08-26T11:58:32+00:00","og_image":[{"width":2560,"height":720,"url":"https:\/\/hifmb.de\/wp-content\/uploads\/2021\/01\/hifmb-ecosystem-functions-2.jpg","type":"image\/jpeg"}],"twitter_card":"summary_large_image","twitter_misc":{"Est. reading time":"1 minute"},"schema":{"@context":"https:\/\/schema.org","@graph":[{"@type":"WebPage","@id":"https:\/\/hifmb.de\/de\/forschung\/forschungsbereiche\/","url":"https:\/\/hifmb.de\/de\/forschung\/forschungsbereiche\/","name":"Forschungsfelder - HIFMB Oldenburg","isPartOf":{"@id":"https:\/\/hifmb.de.w01b8649.kasserver.com\/#website"},"primaryImageOfPage":{"@id":"https:\/\/hifmb.de\/de\/forschung\/forschungsbereiche\/#primaryimage"},"image":{"@id":"https:\/\/hifmb.de\/de\/forschung\/forschungsbereiche\/#primaryimage"},"thumbnailUrl":"https:\/\/hifmb.de\/wp-content\/uploads\/2021\/01\/hifmb-ecosystem-functions-2.jpg","datePublished":"2021-01-07T14:07:24+00:00","dateModified":"2025-08-26T11:58:32+00:00","breadcrumb":{"@id":"https:\/\/hifmb.de\/de\/forschung\/forschungsbereiche\/#breadcrumb"},"inLanguage":"de-DE","potentialAction":[{"@type":"ReadAction","target":["https:\/\/hifmb.de\/de\/forschung\/forschungsbereiche\/"]}]},{"@type":"ImageObject","inLanguage":"de-DE","@id":"https:\/\/hifmb.de\/de\/forschung\/forschungsbereiche\/#primaryimage","url":"https:\/\/hifmb.de\/wp-content\/uploads\/2021\/01\/hifmb-ecosystem-functions-2.jpg","contentUrl":"https:\/\/hifmb.de\/wp-content\/uploads\/2021\/01\/hifmb-ecosystem-functions-2.jpg","width":2560,"height":720,"caption":"Fische im Meer"},{"@type":"BreadcrumbList","@id":"https:\/\/hifmb.de\/de\/forschung\/forschungsbereiche\/#breadcrumb","itemListElement":[{"@type":"ListItem","position":1,"name":"Home","item":"https:\/\/hifmb.de\/de\/"},{"@type":"ListItem","position":2,"name":"Forschung","item":"https:\/\/hifmb.de\/de\/forschung\/"},{"@type":"ListItem","position":3,"name":"Forschungsfelder"}]},{"@type":"WebSite","@id":"https:\/\/hifmb.de.w01b8649.kasserver.com\/#website","url":"https:\/\/hifmb.de.w01b8649.kasserver.com\/","name":"HIFMB Oldenburg","description":"The Helmholtz Institute for Functional Marine Biodiversity (HIFMB)","publisher":{"@id":"https:\/\/hifmb.de.w01b8649.kasserver.com\/#organization"},"potentialAction":[{"@type":"SearchAction","target":{"@type":"EntryPoint","urlTemplate":"https:\/\/hifmb.de.w01b8649.kasserver.com\/?s={search_term_string}"},"query-input":{"@type":"PropertyValueSpecification","valueRequired":true,"valueName":"search_term_string"}}],"inLanguage":"de-DE"},{"@type":"Organization","@id":"https:\/\/hifmb.de.w01b8649.kasserver.com\/#organization","name":"HIFMB Oldenburg","url":"https:\/\/hifmb.de.w01b8649.kasserver.com\/","logo":{"@type":"ImageObject","inLanguage":"de-DE","@id":"https:\/\/hifmb.de.w01b8649.kasserver.com\/#\/schema\/logo\/image\/","url":"https:\/\/hifmb.de\/wp-content\/uploads\/2021\/01\/hifmb-logo-neg-de.svg","contentUrl":"https:\/\/hifmb.de\/wp-content\/uploads\/2021\/01\/hifmb-logo-neg-de.svg","width":300,"height":87,"caption":"HIFMB Oldenburg"},"image":{"@id":"https:\/\/hifmb.de.w01b8649.kasserver.com\/#\/schema\/logo\/image\/"}}]}},"_links":{"self":[{"href":"https:\/\/hifmb.de\/de\/wp-json\/wp\/v2\/pages\/3151","targetHints":{"allow":["GET"]}}],"collection":[{"href":"https:\/\/hifmb.de\/de\/wp-json\/wp\/v2\/pages"}],"about":[{"href":"https:\/\/hifmb.de\/de\/wp-json\/wp\/v2\/types\/page"}],"author":[{"embeddable":true,"href":"https:\/\/hifmb.de\/de\/wp-json\/wp\/v2\/users\/3"}],"replies":[{"embeddable":true,"href":"https:\/\/hifmb.de\/de\/wp-json\/wp\/v2\/comments?post=3151"}],"version-history":[{"count":2,"href":"https:\/\/hifmb.de\/de\/wp-json\/wp\/v2\/pages\/3151\/revisions"}],"predecessor-version":[{"id":16214,"href":"https:\/\/hifmb.de\/de\/wp-json\/wp\/v2\/pages\/3151\/revisions\/16214"}],"up":[{"embeddable":true,"href":"https:\/\/hifmb.de\/de\/wp-json\/wp\/v2\/pages\/3174"}],"wp:featuredmedia":[{"embeddable":true,"href":"https:\/\/hifmb.de\/de\/wp-json\/wp\/v2\/media\/2379"}],"wp:attachment":[{"href":"https:\/\/hifmb.de\/de\/wp-json\/wp\/v2\/media?parent=3151"}],"curies":[{"name":"wp","href":"https:\/\/api.w.org\/{rel}","templated":true}]}}