{"id":3153,"date":"2021-01-07T13:30:02","date_gmt":"2021-01-07T13:30:02","guid":{"rendered":"http:\/\/hifmb.de.w01b8649.kasserver.com\/mathematical-modelling\/"},"modified":"2021-02-09T09:14:58","modified_gmt":"2021-02-09T09:14:58","slug":"mathematische-modellierung","status":"publish","type":"page","link":"https:\/\/hifmb.de\/de\/forschung\/arbeitsgruppen\/mathematische-modellierung\/","title":{"rendered":"Mathematische Modellierung"},"content":{"rendered":"\n<div class=\"wp-block-theme-spacer  height-xxs\"><\/div>\n\n\n\n<p><strong>Die Forschungsgruppe Mathematische Modellierung arbeitet an der theoretischen Beschreibung komplexer lebender Systeme an der Schnittstelle von theoretischer \u00d6kologie und angewandter Mathematik.<\/strong><\/p>\n\n\n\n<p>Mit modernen Werkzeugen aus der statistischen Physik, den komplexen Netzwerken, der Theorie dynamischer Systeme und der Datenwissenschaft zielt sie darauf ab, grundlegende Einsichten in die Organisation lebender Systeme zu gewinnen, besch\u00e4ftigt sich aber auch mit der Anwendung solcher Konzepte auf spezifische biologische Systeme und konkrete Anwendungen.<\/p>\n\n\n\n<p>Wichtige Forschungsaktivit\u00e4ten sind f\u00fcr alle drei HIFMB-Forschungsbereiche relevant und umfassen so unterschiedliche Bereiche wie Populationsdynamik und Arteninteraktionen in r\u00e4umlich ausgedehnten Umgebungen, Biodiversit\u00e4t, Bioinvasion und epidemische Ausbreitung, Evolution und Anpassung, Tiernavigation und Suchstrategien, Urspr\u00fcnge des Lebens, Mikrobiologie und marine Biogeochemie.<\/p>\n\n\n\n<div class=\"wp-block-theme-spacer  height-xs\"><\/div>\n\n\n\n<div class=\"wp-block-theme-section  pb-none is-fullwidth\" style=\"\"><div class=\"container\">\n<div id=\"people-block\" class=\"wp-block-theme-filter-posts\">\n\n    \n        <h2 class=\"pt-0 mb-xl container-md\">Unser Team f\u00fcr Mathematische Modellierung<\/h2>\n    \n    <div id=\"append-people-block_5fd77649b8ab8\" class=\"people-query row\" aria-live=\"polite\">\n\n        \n        <article id=\"post-2701\" class=\"people-teaser zoom-onhover col-12 col-sm-6 col-md-4 col-lg-3 mb-xxl post-2701 people type-people status-publish has-post-thumbnail hentry\">\n\n            <a class=\"post-thumbnail\" href=\"https:\/\/hifmb.de\/de\/personen\/bernd-blasius\/\" aria-hidden=\"true\" tabindex=\"-1\"><img loading=\"lazy\" decoding=\"async\" width=\"328\" height=\"328\" src=\"https:\/\/hifmb.de\/wp-content\/uploads\/2021\/01\/Bernd_Blasius-328x328.png\" class=\"size-medium w-100 img-bordered people-teaser--img-main wp-post-image\" alt=\"Bernd Blasius\" srcset=\"https:\/\/hifmb.de\/wp-content\/uploads\/2021\/01\/Bernd_Blasius-328x328.png 328w, https:\/\/hifmb.de\/wp-content\/uploads\/2021\/01\/Bernd_Blasius-150x150.png 150w, https:\/\/hifmb.de\/wp-content\/uploads\/2021\/01\/Bernd_Blasius.png 700w\" sizes=\"auto, (max-width: 328px) 100vw, 328px\" \/><\/a>    \n    <header class=\"entry-header\">\n\n        <h2 class=\"entry-title pt-2 mb-xxxs\"><a href=\"https:\/\/hifmb.de\/de\/personen\/bernd-blasius\/\" rel=\"bookmark\" class=\"no-link-style people-teaser-title\">Bernd Blasius<\/a><\/h2>\n        \n        <span>Mathematischer Modellierer<\/span>\n\n\n\n    <\/header>\n\n<\/article>\n<article id=\"post-3981\" class=\"people-teaser zoom-onhover col-12 col-sm-6 col-md-4 col-lg-3 mb-xxl post-3981 people type-people status-publish has-post-thumbnail hentry\">\n\n            <a class=\"post-thumbnail\" href=\"https:\/\/hifmb.de\/de\/personen\/thorsten-upmann\/\" aria-hidden=\"true\" tabindex=\"-1\"><img loading=\"lazy\" decoding=\"async\" width=\"328\" height=\"328\" src=\"https:\/\/hifmb.de\/wp-content\/uploads\/2021\/01\/tupmann-328x328.jpg\" class=\"size-medium w-100 img-bordered people-teaser--img-main wp-post-image\" alt=\"Thorsten Upmann\" srcset=\"https:\/\/hifmb.de\/wp-content\/uploads\/2021\/01\/tupmann-328x328.jpg 328w, https:\/\/hifmb.de\/wp-content\/uploads\/2021\/01\/tupmann-150x150.jpg 150w, https:\/\/hifmb.de\/wp-content\/uploads\/2021\/01\/tupmann.jpg 550w\" sizes=\"auto, (max-width: 328px) 100vw, 328px\" \/><\/a>    \n    <header class=\"entry-header\">\n\n        <h2 class=\"entry-title pt-2 mb-xxxs\"><a href=\"https:\/\/hifmb.de\/de\/personen\/thorsten-upmann\/\" rel=\"bookmark\" class=\"no-link-style people-teaser-title\">Thorsten Upmann<\/a><\/h2>\n        \n        <span>Umwelt\u00f6konom<\/span>\n\n\n\n    <\/header>\n\n<\/article>\n\n        \n            <div id=\"load-more\" class=\"col-12 mt-5 mb-5 no-link-style\"\n                 data-append-id=\"append-people-block_5fd77649b8ab8\"\n                 data-btn-text=\"Laden...\">\n                            <\/div>\n\n        \n    <\/div> \n    <p id=\"back-to-top\" class=\"container mt-5 text-right\" style=\"display:none\"><a href=\"#page\"\n                                                                                  class=\"btn btn-primary icon-round\">\n            <span class=\"sr-only\">Zur\u00fcck nach oben<\/span>\n            <svg class=\"icon icon-size-xs\">\n                <use xlink:href=\"#arrow-double-up\"\/>\n            <\/svg>\n        <\/a><\/p>\n\n<\/div> \n\n\n\n<\/div><\/div>\n\n\n\n<div class=\"wp-block-theme-spacer  height-xxxl\"><\/div>\n","protected":false},"excerpt":{"rendered":"<p>Vita<\/p>\n<p>T\u00e4tigkeiten in Lehre und Forschung<\/p>\n<p>seit 2021Projektleiter &#8220;Value of Information&#8221;<\/p>\n<p>seit 2017Wissenschaftler am Alfred-Wegener-Institut, Helmholtz-Zentrum f\u00fcr Polar- und Meeresforschung (AWI), HIFMB und Mitglied der Arbeitsgruppe Mathematische Modellierung (Prof. Dr. Bernd Blasius) am Institut f\u00fcr Chemie und Biologie des MeeresArbeitsgebiete: Nachhaltige Bewirtschaftung r\u00e4umlich verteilter Ressourcen; Vermeidungund Management \u00f6kologischer Regimewechsel; Fischereikonflikte<\/p>\n<p>seit 2014Wissenschaftler (extern) an der Universit\u00e4t Bielefeld, Fakult\u00e4t f\u00fcr &#8230;<\/p>\n<p><a class=\"btn btn-primary theme-read-more-link mt-3 no-link-style\"\n                    href=\"https:\/\/hifmb.de\/de\/forschung\/arbeitsgruppen\/mathematische-modellierung\/\"\n                    aria-describedby=\"teaser-headline-3153\">Weiterlesen<\/a><\/p>\n","protected":false},"author":3,"featured_media":1938,"parent":3172,"menu_order":3,"comment_status":"closed","ping_status":"closed","template":"","meta":{"_acf_changed":false,"footnotes":""},"class_list":["post-3153","page","type-page","status-publish","has-post-thumbnail","hentry"],"acf":[],"yoast_head":"<!-- This site is optimized with the Yoast SEO plugin v27.4 - https:\/\/yoast.com\/product\/yoast-seo-wordpress\/ -->\n<title>Mathematische Modellierung - HIFMB Oldenburg<\/title>\n<meta name=\"robots\" content=\"index, follow, max-snippet:-1, max-image-preview:large, max-video-preview:-1\" \/>\n<link rel=\"canonical\" href=\"https:\/\/hifmb.de\/de\/forschung\/arbeitsgruppen\/mathematische-modellierung\/\" \/>\n<meta property=\"og:locale\" content=\"de_DE\" \/>\n<meta property=\"og:type\" content=\"article\" \/>\n<meta property=\"og:title\" content=\"Mathematische Modellierung - HIFMB Oldenburg\" \/>\n<meta property=\"og:description\" content=\"Vita  T\u00e4tigkeiten in Lehre und Forschung  seit 2021Projektleiter &#8220;Value of Information&#8221;  seit 2017Wissenschaftler am Alfred-Wegener-Institut, Helmholtz-Zentrum f\u00fcr Polar- und Meeresforschung (AWI), HIFMB und Mitglied der Arbeitsgruppe Mathematische Modellierung (Prof. Dr. Bernd Blasius) am Institut f\u00fcr Chemie und Biologie des MeeresArbeitsgebiete: Nachhaltige Bewirtschaftung r\u00e4umlich verteilter Ressourcen; Vermeidungund Management \u00f6kologischer Regimewechsel; Fischereikonflikte  seit 2014Wissenschaftler (extern) an der Universit\u00e4t Bielefeld, Fakult\u00e4t f\u00fcr ...Weiterlesen\" \/>\n<meta property=\"og:url\" content=\"https:\/\/hifmb.de\/de\/forschung\/arbeitsgruppen\/mathematische-modellierung\/\" \/>\n<meta property=\"og:site_name\" content=\"HIFMB Oldenburg\" \/>\n<meta property=\"article:modified_time\" content=\"2021-02-09T09:14:58+00:00\" \/>\n<meta property=\"og:image\" content=\"https:\/\/hifmb.de\/wp-content\/uploads\/2021\/01\/AG_Mathematische_Modellierung_TITEL_HEADER_pexels-francesco-ungaro.png\" \/>\n\t<meta property=\"og:image:width\" content=\"2560\" \/>\n\t<meta property=\"og:image:height\" content=\"720\" \/>\n\t<meta property=\"og:image:type\" content=\"image\/png\" \/>\n<meta name=\"twitter:card\" content=\"summary_large_image\" \/>\n<meta name=\"twitter:label1\" content=\"Est. reading time\" \/>\n\t<meta name=\"twitter:data1\" content=\"1 minute\" \/>\n<script type=\"application\/ld+json\" class=\"yoast-schema-graph\">{\"@context\":\"https:\\\/\\\/schema.org\",\"@graph\":[{\"@type\":\"WebPage\",\"@id\":\"https:\\\/\\\/hifmb.de\\\/de\\\/forschung\\\/arbeitsgruppen\\\/mathematische-modellierung\\\/\",\"url\":\"https:\\\/\\\/hifmb.de\\\/de\\\/forschung\\\/arbeitsgruppen\\\/mathematische-modellierung\\\/\",\"name\":\"Mathematische Modellierung - HIFMB Oldenburg\",\"isPartOf\":{\"@id\":\"https:\\\/\\\/hifmb.de\\\/de\\\/#website\"},\"primaryImageOfPage\":{\"@id\":\"https:\\\/\\\/hifmb.de\\\/de\\\/forschung\\\/arbeitsgruppen\\\/mathematische-modellierung\\\/#primaryimage\"},\"image\":{\"@id\":\"https:\\\/\\\/hifmb.de\\\/de\\\/forschung\\\/arbeitsgruppen\\\/mathematische-modellierung\\\/#primaryimage\"},\"thumbnailUrl\":\"https:\\\/\\\/hifmb.de\\\/wp-content\\\/uploads\\\/2021\\\/01\\\/AG_Mathematische_Modellierung_TITEL_HEADER_pexels-francesco-ungaro.png\",\"datePublished\":\"2021-01-07T13:30:02+00:00\",\"dateModified\":\"2021-02-09T09:14:58+00:00\",\"breadcrumb\":{\"@id\":\"https:\\\/\\\/hifmb.de\\\/de\\\/forschung\\\/arbeitsgruppen\\\/mathematische-modellierung\\\/#breadcrumb\"},\"inLanguage\":\"de-DE\",\"potentialAction\":[{\"@type\":\"ReadAction\",\"target\":[\"https:\\\/\\\/hifmb.de\\\/de\\\/forschung\\\/arbeitsgruppen\\\/mathematische-modellierung\\\/\"]}]},{\"@type\":\"ImageObject\",\"inLanguage\":\"de-DE\",\"@id\":\"https:\\\/\\\/hifmb.de\\\/de\\\/forschung\\\/arbeitsgruppen\\\/mathematische-modellierung\\\/#primaryimage\",\"url\":\"https:\\\/\\\/hifmb.de\\\/wp-content\\\/uploads\\\/2021\\\/01\\\/AG_Mathematische_Modellierung_TITEL_HEADER_pexels-francesco-ungaro.png\",\"contentUrl\":\"https:\\\/\\\/hifmb.de\\\/wp-content\\\/uploads\\\/2021\\\/01\\\/AG_Mathematische_Modellierung_TITEL_HEADER_pexels-francesco-ungaro.png\",\"width\":2560,\"height\":720},{\"@type\":\"BreadcrumbList\",\"@id\":\"https:\\\/\\\/hifmb.de\\\/de\\\/forschung\\\/arbeitsgruppen\\\/mathematische-modellierung\\\/#breadcrumb\",\"itemListElement\":[{\"@type\":\"ListItem\",\"position\":1,\"name\":\"Home\",\"item\":\"https:\\\/\\\/hifmb.de\\\/de\\\/\"},{\"@type\":\"ListItem\",\"position\":2,\"name\":\"Forschung\",\"item\":\"https:\\\/\\\/hifmb.de\\\/de\\\/forschung\\\/\"},{\"@type\":\"ListItem\",\"position\":3,\"name\":\"Arbeitsgruppen\",\"item\":\"https:\\\/\\\/hifmb.de\\\/de\\\/forschung\\\/arbeitsgruppen\\\/\"},{\"@type\":\"ListItem\",\"position\":4,\"name\":\"Mathematische Modellierung\"}]},{\"@type\":\"WebSite\",\"@id\":\"https:\\\/\\\/hifmb.de\\\/de\\\/#website\",\"url\":\"https:\\\/\\\/hifmb.de\\\/de\\\/\",\"name\":\"HIFMB Oldenburg\",\"description\":\"The Helmholtz Institute for Functional Marine Biodiversity (HIFMB)\",\"publisher\":{\"@id\":\"https:\\\/\\\/hifmb.de\\\/de\\\/#organization\"},\"potentialAction\":[{\"@type\":\"SearchAction\",\"target\":{\"@type\":\"EntryPoint\",\"urlTemplate\":\"https:\\\/\\\/hifmb.de\\\/de\\\/?s={search_term_string}\"},\"query-input\":{\"@type\":\"PropertyValueSpecification\",\"valueRequired\":true,\"valueName\":\"search_term_string\"}}],\"inLanguage\":\"de-DE\"},{\"@type\":\"Organization\",\"@id\":\"https:\\\/\\\/hifmb.de\\\/de\\\/#organization\",\"name\":\"HIFMB Oldenburg\",\"url\":\"https:\\\/\\\/hifmb.de\\\/de\\\/\",\"logo\":{\"@type\":\"ImageObject\",\"inLanguage\":\"de-DE\",\"@id\":\"https:\\\/\\\/hifmb.de\\\/de\\\/#\\\/schema\\\/logo\\\/image\\\/\",\"url\":\"https:\\\/\\\/hifmb.de\\\/wp-content\\\/uploads\\\/2021\\\/01\\\/hifmb-logo-neg-de.svg\",\"contentUrl\":\"https:\\\/\\\/hifmb.de\\\/wp-content\\\/uploads\\\/2021\\\/01\\\/hifmb-logo-neg-de.svg\",\"width\":300,\"height\":87,\"caption\":\"HIFMB Oldenburg\"},\"image\":{\"@id\":\"https:\\\/\\\/hifmb.de\\\/de\\\/#\\\/schema\\\/logo\\\/image\\\/\"}}]}<\/script>\n<!-- \/ Yoast SEO plugin. -->","yoast_head_json":{"title":"Mathematische Modellierung - HIFMB Oldenburg","robots":{"index":"index","follow":"follow","max-snippet":"max-snippet:-1","max-image-preview":"max-image-preview:large","max-video-preview":"max-video-preview:-1"},"canonical":"https:\/\/hifmb.de\/de\/forschung\/arbeitsgruppen\/mathematische-modellierung\/","og_locale":"de_DE","og_type":"article","og_title":"Mathematische Modellierung - HIFMB Oldenburg","og_description":"Vita  T\u00e4tigkeiten in Lehre und Forschung  seit 2021Projektleiter &#8220;Value of Information&#8221;  seit 2017Wissenschaftler am Alfred-Wegener-Institut, Helmholtz-Zentrum f\u00fcr Polar- und Meeresforschung (AWI), HIFMB und Mitglied der Arbeitsgruppe Mathematische Modellierung (Prof. Dr. Bernd Blasius) am Institut f\u00fcr Chemie und Biologie des MeeresArbeitsgebiete: Nachhaltige Bewirtschaftung r\u00e4umlich verteilter Ressourcen; Vermeidungund Management \u00f6kologischer Regimewechsel; Fischereikonflikte  seit 2014Wissenschaftler (extern) an der Universit\u00e4t Bielefeld, Fakult\u00e4t f\u00fcr ...Weiterlesen","og_url":"https:\/\/hifmb.de\/de\/forschung\/arbeitsgruppen\/mathematische-modellierung\/","og_site_name":"HIFMB Oldenburg","article_modified_time":"2021-02-09T09:14:58+00:00","og_image":[{"width":2560,"height":720,"url":"https:\/\/hifmb.de\/wp-content\/uploads\/2021\/01\/AG_Mathematische_Modellierung_TITEL_HEADER_pexels-francesco-ungaro.png","type":"image\/png"}],"twitter_card":"summary_large_image","twitter_misc":{"Est. reading time":"1 minute"},"schema":{"@context":"https:\/\/schema.org","@graph":[{"@type":"WebPage","@id":"https:\/\/hifmb.de\/de\/forschung\/arbeitsgruppen\/mathematische-modellierung\/","url":"https:\/\/hifmb.de\/de\/forschung\/arbeitsgruppen\/mathematische-modellierung\/","name":"Mathematische Modellierung - HIFMB Oldenburg","isPartOf":{"@id":"https:\/\/hifmb.de\/de\/#website"},"primaryImageOfPage":{"@id":"https:\/\/hifmb.de\/de\/forschung\/arbeitsgruppen\/mathematische-modellierung\/#primaryimage"},"image":{"@id":"https:\/\/hifmb.de\/de\/forschung\/arbeitsgruppen\/mathematische-modellierung\/#primaryimage"},"thumbnailUrl":"https:\/\/hifmb.de\/wp-content\/uploads\/2021\/01\/AG_Mathematische_Modellierung_TITEL_HEADER_pexels-francesco-ungaro.png","datePublished":"2021-01-07T13:30:02+00:00","dateModified":"2021-02-09T09:14:58+00:00","breadcrumb":{"@id":"https:\/\/hifmb.de\/de\/forschung\/arbeitsgruppen\/mathematische-modellierung\/#breadcrumb"},"inLanguage":"de-DE","potentialAction":[{"@type":"ReadAction","target":["https:\/\/hifmb.de\/de\/forschung\/arbeitsgruppen\/mathematische-modellierung\/"]}]},{"@type":"ImageObject","inLanguage":"de-DE","@id":"https:\/\/hifmb.de\/de\/forschung\/arbeitsgruppen\/mathematische-modellierung\/#primaryimage","url":"https:\/\/hifmb.de\/wp-content\/uploads\/2021\/01\/AG_Mathematische_Modellierung_TITEL_HEADER_pexels-francesco-ungaro.png","contentUrl":"https:\/\/hifmb.de\/wp-content\/uploads\/2021\/01\/AG_Mathematische_Modellierung_TITEL_HEADER_pexels-francesco-ungaro.png","width":2560,"height":720},{"@type":"BreadcrumbList","@id":"https:\/\/hifmb.de\/de\/forschung\/arbeitsgruppen\/mathematische-modellierung\/#breadcrumb","itemListElement":[{"@type":"ListItem","position":1,"name":"Home","item":"https:\/\/hifmb.de\/de\/"},{"@type":"ListItem","position":2,"name":"Forschung","item":"https:\/\/hifmb.de\/de\/forschung\/"},{"@type":"ListItem","position":3,"name":"Arbeitsgruppen","item":"https:\/\/hifmb.de\/de\/forschung\/arbeitsgruppen\/"},{"@type":"ListItem","position":4,"name":"Mathematische Modellierung"}]},{"@type":"WebSite","@id":"https:\/\/hifmb.de\/de\/#website","url":"https:\/\/hifmb.de\/de\/","name":"HIFMB Oldenburg","description":"The Helmholtz Institute for Functional Marine Biodiversity (HIFMB)","publisher":{"@id":"https:\/\/hifmb.de\/de\/#organization"},"potentialAction":[{"@type":"SearchAction","target":{"@type":"EntryPoint","urlTemplate":"https:\/\/hifmb.de\/de\/?s={search_term_string}"},"query-input":{"@type":"PropertyValueSpecification","valueRequired":true,"valueName":"search_term_string"}}],"inLanguage":"de-DE"},{"@type":"Organization","@id":"https:\/\/hifmb.de\/de\/#organization","name":"HIFMB Oldenburg","url":"https:\/\/hifmb.de\/de\/","logo":{"@type":"ImageObject","inLanguage":"de-DE","@id":"https:\/\/hifmb.de\/de\/#\/schema\/logo\/image\/","url":"https:\/\/hifmb.de\/wp-content\/uploads\/2021\/01\/hifmb-logo-neg-de.svg","contentUrl":"https:\/\/hifmb.de\/wp-content\/uploads\/2021\/01\/hifmb-logo-neg-de.svg","width":300,"height":87,"caption":"HIFMB Oldenburg"},"image":{"@id":"https:\/\/hifmb.de\/de\/#\/schema\/logo\/image\/"}}]}},"_links":{"self":[{"href":"https:\/\/hifmb.de\/de\/wp-json\/wp\/v2\/pages\/3153","targetHints":{"allow":["GET"]}}],"collection":[{"href":"https:\/\/hifmb.de\/de\/wp-json\/wp\/v2\/pages"}],"about":[{"href":"https:\/\/hifmb.de\/de\/wp-json\/wp\/v2\/types\/page"}],"author":[{"embeddable":true,"href":"https:\/\/hifmb.de\/de\/wp-json\/wp\/v2\/users\/3"}],"replies":[{"embeddable":true,"href":"https:\/\/hifmb.de\/de\/wp-json\/wp\/v2\/comments?post=3153"}],"version-history":[{"count":0,"href":"https:\/\/hifmb.de\/de\/wp-json\/wp\/v2\/pages\/3153\/revisions"}],"up":[{"embeddable":true,"href":"https:\/\/hifmb.de\/de\/wp-json\/wp\/v2\/pages\/3172"}],"wp:featuredmedia":[{"embeddable":true,"href":"https:\/\/hifmb.de\/de\/wp-json\/wp\/v2\/media\/1938"}],"wp:attachment":[{"href":"https:\/\/hifmb.de\/de\/wp-json\/wp\/v2\/media?parent=3153"}],"curies":[{"name":"wp","href":"https:\/\/api.w.org\/{rel}","templated":true}]}}