{"id":3155,"date":"2021-01-07T13:21:18","date_gmt":"2021-01-07T13:21:18","guid":{"rendered":"http:\/\/hifmb.de.w01b8649.kasserver.com\/ecophysiology-of-pelagic-key-species\/"},"modified":"2021-02-09T09:15:24","modified_gmt":"2021-02-09T09:15:24","slug":"oekophysiologie-pelagischer-schluesselarten","status":"publish","type":"page","link":"https:\/\/hifmb.de\/de\/forschung\/arbeitsgruppen\/oekophysiologie-pelagischer-schluesselarten\/","title":{"rendered":"\u00d6kophysiologie pelagischer Schl\u00fcsselarten"},"content":{"rendered":"\n<div class=\"wp-block-theme-spacer  height-xxs\"><\/div>\n\n\n\n<p><strong>Unsere Gruppe zielt darauf ab, ein mechanistisches Verst\u00e4ndnis der physiologischen und genetischen Prinzipien essentieller Lebenszyklusfunktionen (z. B. saisonale Reifung, Wachstum, Lipiddynamik, Larvenentwicklung) polarer pelagischer Makrozooplanktongruppen wie Krill, dem artischen Calanus-Komplex und Salpen zu erlangen, um deren Plastizit\u00e4t gegen\u00fcber klimabedingten Umweltver\u00e4nderungen zu verstehen und \u00fcbergreifende Prinzipien der Anpassungsmechanismen zwischen diesen Gruppen zu identifizieren.<\/strong><\/p>\n\n\n\n<p>Organismen in diesen Gruppen dienen aufgrund ihres starken Einflusses auf das Funktionieren von \u00d6kosystemen als Schl\u00fcsselarten und ihre Populationsverschiebungen k\u00f6nnen als Indikator f\u00fcr \u00d6kosystemver\u00e4nderungen dienen.<\/p>\n\n\n\n<p>Unser Ansatz ist es, Engp\u00e4sse im Lebenszyklus von Schl\u00fcsselarten in Bezug auf Umweltfaktoren zu identifizieren, die durch zunehmenden anthropogenen CO2-Aussto\u00df beeinflusst bzw. unbeeinflusst bleiben (Temperatur, Meereis, Photoperiode). Wir untersuchen diese Arten in ihrer gesamten ontogenetischen Komplexit\u00e4t, indem wir einen umfassenden Aufbau von Probenahmeger\u00e4ten, experimentellen Prozessstudien und analytischen Werkzeugen auf verschiedenen r\u00e4umlichen &#8211; und Biodiversit\u00e4tsskalen verwenden.<\/p>\n\n\n\n<p>Die generierten Daten werden in individuenbasierte Modelle und ontogenetisch-populationsdynamische Modelle eingebettet, um a) Vorhersagen \u00fcber Populationsverschiebungen polarer pelagischer Schl\u00fcsselarten zu erm\u00f6glichen, b) mechanistische Zusammenh\u00e4nge zwischen j\u00e4hrlichen Schwankungen der Abundanz dieser Arten in Abh\u00e4ngigkeit von sich \u00e4ndernden Umweltfaktoren zu identifizieren und c) Reaktionen des \u00d6kosystems aufgrund von Populationsverschiebungen in Bezug auf biogeochemische Kreisl\u00e4ufe zu erkennen. Die Gruppe liefert kritische wissenschaftliche Informationen f\u00fcr die Krillfischerei und die Einrichtung von Meeresschutzgebieten (MPAs) im S\u00fcdlichen Ozean, die beide von der Commission for the Conservation of Antarctic Marine Living Resource (CCAMLR) verwaltet werden, indem sie der Kommission die wissenschaftlichen Ergebnisse vorlegt.<\/p>\n\n\n\n<p>Unsere Forschungsschwerpunkte tragen zu den HIFMB-Forschungsbereichen <a href=\"https:\/\/hifmb.de\/de\/research\/biodiversity-change\/\">Biodiversit\u00e4tswandel<\/a> und <a href=\"https:\/\/hifmb.de\/de\/research\/conservation-and-management\/\">Schutz &amp; Management<\/a> bei.<\/p>\n\n\n\n<p>Mehr erfahren \u00fcber:<\/p>\n\n\n\n<ul class=\"wp-block-list\"><li>&nbsp;&nbsp;&nbsp; <a href=\"https:\/\/www.awi.de\/en\/science\/biosciences\/polar-biological-oceanography\/main-research-focus\/ecophysiology-of-pelagic-key-species\/team.html\">\u00d6kophysiologie von pelagischen Schl\u00fcsselarten am AWI<\/a><\/li><li><a href=\"https:\/\/uol.de\/en\/icbm\/biodiversity-and-biological-processes-in-polar-oceans\">&nbsp;&nbsp;&nbsp; Biodiversit\u00e4t und biologische Prozesse in polaren Ozeanen am ICBM<\/a><\/li><li>&nbsp;<a href=\"http:\/\/www.polartime.org\/\">&nbsp;&nbsp; Polarzeit<\/a><\/li><\/ul>\n\n\n\n<div class=\"wp-block-theme-spacer  height-xs\"><\/div>\n\n\n\n<h2 class=\"mb-xxxs wp-block-heading\">Unser Team f\u00fcr \u00d6kophysiologie pelagischer Schl\u00fcsselarten<\/h2>\n\n\n\n<div class=\"wp-block-theme-section  pb-none is-fullwidth\" style=\"\"><div class=\"container\">\n<div id=\"people-block\" class=\"wp-block-theme-filter-posts\">\n\n    \n    <div id=\"append-people-block_5fd77649b8ab8\" class=\"people-query row\" aria-live=\"polite\">\n\n        \n        <article id=\"post-1710\" class=\"people-teaser zoom-onhover col-12 col-sm-6 col-md-4 col-lg-3 mb-xxl post-1710 people type-people status-publish has-post-thumbnail hentry\">\n\n            <a class=\"post-thumbnail\" href=\"https:\/\/hifmb.de\/de\/personen\/bettina-meyer\/\" aria-hidden=\"true\" tabindex=\"-1\"><img loading=\"lazy\" decoding=\"async\" width=\"328\" height=\"328\" src=\"https:\/\/hifmb.de\/wp-content\/uploads\/2020\/12\/Meyer_Bettina-328x328.png\" class=\"size-medium w-100 img-bordered people-teaser--img-main wp-post-image\" alt=\"Bettina Meyer\" srcset=\"https:\/\/hifmb.de\/wp-content\/uploads\/2020\/12\/Meyer_Bettina-328x328.png 328w, https:\/\/hifmb.de\/wp-content\/uploads\/2020\/12\/Meyer_Bettina-150x150.png 150w, https:\/\/hifmb.de\/wp-content\/uploads\/2020\/12\/Meyer_Bettina.png 562w\" sizes=\"auto, (max-width: 328px) 100vw, 328px\" \/><\/a>    \n    <header class=\"entry-header\">\n\n        <h2 class=\"entry-title pt-2 mb-xxxs\"><a href=\"https:\/\/hifmb.de\/de\/personen\/bettina-meyer\/\" rel=\"bookmark\" class=\"no-link-style people-teaser-title\">Bettina Meyer<\/a><\/h2>\n        \n        <span>\u00d6kophysiologin, Leitung der AG \u00d6kophysiologie pelagischer Schl\u00fcsselarten<\/span>\n\n\n\n    <\/header>\n\n<\/article>\n\n        \n            <div id=\"load-more\" class=\"col-12 mt-5 mb-5 no-link-style\"\n                 data-append-id=\"append-people-block_5fd77649b8ab8\"\n                 data-btn-text=\"Laden...\">\n                            <\/div>\n\n        \n    <\/div> \n    <p id=\"back-to-top\" class=\"container mt-5 text-right\" style=\"display:none\"><a href=\"#page\"\n                                                                                  class=\"btn btn-primary icon-round\">\n            <span class=\"sr-only\">Zur\u00fcck nach oben<\/span>\n            <svg class=\"icon icon-size-xs\">\n                <use xlink:href=\"#arrow-double-up\"\/>\n            <\/svg>\n        <\/a><\/p>\n\n<\/div> \n\n\n\n\n   <div class=\"wp-block-theme-query-posts\">\n\n                    <h2 class=\"pt-0 mb-xl container-md\">News und Artikel zum Thema<\/h2>\n        \n        <div id=\"append-posts\" class=\"row\" aria-live=\"polite\">\n\n            \n <article id=\"post-8045\" class=\"col-md-6 col-lg-4 zoom-onhover zoom-onhover-sm post-teaser-sm mb-xxl post-8045 post type-post status-publish format-standard has-post-thumbnail hentry category-oekosysteme tag-rg-okophysiologie-pelagischer-schlusselarten\">\n\n            <a class=\"post-thumbnail\" href=\"https:\/\/hifmb.de\/de\/krill-faekalpellets-werden-effizienter-in-die-tiefe-exportiert-als-salpidae-pellets\/\" aria-hidden=\"true\" tabindex=\"-1\"><img loading=\"lazy\" decoding=\"async\" width=\"328\" height=\"185\" src=\"https:\/\/hifmb.de\/wp-content\/uploads\/2022\/09\/20131005_Krilllarven_UlrichFreier-328x185.jpg\" class=\"size-medium w-100 mb-2 pb-1 img-height-190 wp-post-image\" alt=\"Krill F\u00e4kalpellets werden effizienter in die Tiefe exportiert als Salpidae-Pellets\" srcset=\"https:\/\/hifmb.de\/wp-content\/uploads\/2022\/09\/20131005_Krilllarven_UlrichFreier-328x185.jpg 328w, https:\/\/hifmb.de\/wp-content\/uploads\/2022\/09\/20131005_Krilllarven_UlrichFreier-1080x608.jpg 1080w, https:\/\/hifmb.de\/wp-content\/uploads\/2022\/09\/20131005_Krilllarven_UlrichFreier-1536x864.jpg 1536w, https:\/\/hifmb.de\/wp-content\/uploads\/2022\/09\/20131005_Krilllarven_UlrichFreier-2048x1152.jpg 2048w\" sizes=\"auto, (max-width: 328px) 100vw, 328px\" \/><\/a>    \n    <div class=\"entry-meta\">\n\n        <span class=\"cat-links\"><a href=\"https:\/\/hifmb.de\/de\/kategorie\/oekosysteme\/\" rel=\"category tag\">\u00d6kosysteme<\/a><\/span> \n    <\/div>\n\n     <header class=\"entry-header mb-2\">\n\n         <h2 class=\"entry-title pt-4 mb-0\"><a href=\"https:\/\/hifmb.de\/de\/krill-faekalpellets-werden-effizienter-in-die-tiefe-exportiert-als-salpidae-pellets\/\" rel=\"bookmark\" class=\"text-primary no-link-style\" id=\"teaser-headline-8045\">Krill F\u00e4kalpellets werden effizienter in die Tiefe exportiert als Salpidae-Pellets<\/a><\/h2>\n         \n             <strong class=\"entry-date has-small-font-size\"><time class=\"posted-on published updated\" datetime=\"September 12, 2022\">September 12, 2022<\/time><\/strong>\n         \n     <\/header>\n\n     <div class=\"entry-excerpt\">\n\n\t\t <p>Der S\u00fcdliche Ozean ist eine der wichtigsten ozeanischen Regionen f\u00fcr die Aufnahme und Speicherung von Kohlendioxid (CO2) aus der Atmosph\u00e4re. Diese CO2-Aufnahme wird durch die F\u00e4kalpellets von antarktischem Krill (Euphausia superba) und Salpidaen (Salpa thompsoni), den wichtigsten Makrozooplanktonfressern im S\u00fcdlichen Ozean, angetrieben. Obwohl die F\u00e4kalpellets von Krill und Salpen nur millimetergro\u00df sind, sind sie kohlenstoffreich, &#8230;<\/p><p><a class=\"btn btn-primary theme-read-more-link mt-3 no-link-style\"\n                    href=\"https:\/\/hifmb.de\/de\/krill-faekalpellets-werden-effizienter-in-die-tiefe-exportiert-als-salpidae-pellets\/\"\n                    aria-describedby=\"teaser-headline-8045\">Weiterlesen<\/a><\/p>\n     <\/div>\n\n\n\n <\/article>\n\n                            <div id=\"load-more\"\n                    class=\"col-12 mt-0 mb-1 no-link-style\"\n                    data-append-id=\"append-posts\"\n                    data-btn-text=\"Laden...\">\n                    <\/div>\n            \n        <\/div>\n\n    <\/div>\n\n<\/div><\/div>\n\n\n\n<div class=\"wp-block-theme-spacer  height-xxxl\"><\/div>\n","protected":false},"excerpt":{"rendered":"<p>Der S\u00fcdliche Ozean ist eine der wichtigsten ozeanischen Regionen f\u00fcr die Aufnahme und Speicherung von Kohlendioxid (CO2) aus der Atmosph\u00e4re. Diese CO2-Aufnahme wird durch die F\u00e4kalpellets von antarktischem Krill (Euphausia superba) und Salpidaen (Salpa thompsoni), den wichtigsten Makrozooplanktonfressern im S\u00fcdlichen Ozean, angetrieben. Obwohl die F\u00e4kalpellets von Krill und Salpen nur millimetergro\u00df sind, sind sie kohlenstoffreich, &#8230;<\/p>\n<p><a class=\"btn btn-primary theme-read-more-link mt-3 no-link-style\"\n                    href=\"https:\/\/hifmb.de\/de\/forschung\/arbeitsgruppen\/oekophysiologie-pelagischer-schluesselarten\/\"\n                    aria-describedby=\"teaser-headline-3155\">Weiterlesen<\/a><\/p>\n","protected":false},"author":3,"featured_media":1923,"parent":3172,"menu_order":5,"comment_status":"closed","ping_status":"closed","template":"","meta":{"_acf_changed":false,"footnotes":""},"class_list":["post-3155","page","type-page","status-publish","has-post-thumbnail","hentry"],"acf":[],"yoast_head":"<!-- This site is optimized with the Yoast SEO plugin v27.4 - https:\/\/yoast.com\/product\/yoast-seo-wordpress\/ -->\n<title>\u00d6kophysiologie pelagischer Schl\u00fcsselarten - HIFMB Oldenburg<\/title>\n<meta name=\"robots\" content=\"index, follow, max-snippet:-1, max-image-preview:large, max-video-preview:-1\" \/>\n<link rel=\"canonical\" href=\"https:\/\/hifmb.de\/de\/forschung\/arbeitsgruppen\/oekophysiologie-pelagischer-schluesselarten\/\" \/>\n<meta property=\"og:locale\" content=\"de_DE\" \/>\n<meta property=\"og:type\" content=\"article\" \/>\n<meta property=\"og:title\" content=\"\u00d6kophysiologie pelagischer Schl\u00fcsselarten - HIFMB Oldenburg\" \/>\n<meta property=\"og:description\" content=\"Der S\u00fcdliche Ozean ist eine der wichtigsten ozeanischen Regionen f\u00fcr die Aufnahme und Speicherung von Kohlendioxid (CO2) aus der Atmosph\u00e4re. Diese CO2-Aufnahme wird durch die F\u00e4kalpellets von antarktischem Krill (Euphausia superba) und Salpidaen (Salpa thompsoni), den wichtigsten Makrozooplanktonfressern im S\u00fcdlichen Ozean, angetrieben. Obwohl die F\u00e4kalpellets von Krill und Salpen nur millimetergro\u00df sind, sind sie kohlenstoffreich, ...Weiterlesen\" \/>\n<meta property=\"og:url\" content=\"https:\/\/hifmb.de\/de\/forschung\/arbeitsgruppen\/oekophysiologie-pelagischer-schluesselarten\/\" \/>\n<meta property=\"og:site_name\" content=\"HIFMB Oldenburg\" \/>\n<meta property=\"article:modified_time\" content=\"2021-02-09T09:15:24+00:00\" \/>\n<meta property=\"og:image\" content=\"https:\/\/hifmb.de\/wp-content\/uploads\/2021\/01\/AG_Ecophysiology_of_pelagic_key_species_TITEL_HEADER_pexels-frans-van-heerden.png\" \/>\n\t<meta property=\"og:image:width\" content=\"2560\" \/>\n\t<meta property=\"og:image:height\" content=\"720\" \/>\n\t<meta property=\"og:image:type\" content=\"image\/png\" \/>\n<meta name=\"twitter:card\" content=\"summary_large_image\" \/>\n<meta name=\"twitter:label1\" content=\"Est. reading time\" \/>\n\t<meta name=\"twitter:data1\" content=\"2 minutes\" \/>\n<script type=\"application\/ld+json\" class=\"yoast-schema-graph\">{\"@context\":\"https:\\\/\\\/schema.org\",\"@graph\":[{\"@type\":\"WebPage\",\"@id\":\"https:\\\/\\\/hifmb.de\\\/de\\\/forschung\\\/arbeitsgruppen\\\/oekophysiologie-pelagischer-schluesselarten\\\/\",\"url\":\"https:\\\/\\\/hifmb.de\\\/de\\\/forschung\\\/arbeitsgruppen\\\/oekophysiologie-pelagischer-schluesselarten\\\/\",\"name\":\"\u00d6kophysiologie pelagischer Schl\u00fcsselarten - HIFMB Oldenburg\",\"isPartOf\":{\"@id\":\"https:\\\/\\\/hifmb.de\\\/de\\\/#website\"},\"primaryImageOfPage\":{\"@id\":\"https:\\\/\\\/hifmb.de\\\/de\\\/forschung\\\/arbeitsgruppen\\\/oekophysiologie-pelagischer-schluesselarten\\\/#primaryimage\"},\"image\":{\"@id\":\"https:\\\/\\\/hifmb.de\\\/de\\\/forschung\\\/arbeitsgruppen\\\/oekophysiologie-pelagischer-schluesselarten\\\/#primaryimage\"},\"thumbnailUrl\":\"https:\\\/\\\/hifmb.de\\\/wp-content\\\/uploads\\\/2021\\\/01\\\/AG_Ecophysiology_of_pelagic_key_species_TITEL_HEADER_pexels-frans-van-heerden.png\",\"datePublished\":\"2021-01-07T13:21:18+00:00\",\"dateModified\":\"2021-02-09T09:15:24+00:00\",\"breadcrumb\":{\"@id\":\"https:\\\/\\\/hifmb.de\\\/de\\\/forschung\\\/arbeitsgruppen\\\/oekophysiologie-pelagischer-schluesselarten\\\/#breadcrumb\"},\"inLanguage\":\"de-DE\",\"potentialAction\":[{\"@type\":\"ReadAction\",\"target\":[\"https:\\\/\\\/hifmb.de\\\/de\\\/forschung\\\/arbeitsgruppen\\\/oekophysiologie-pelagischer-schluesselarten\\\/\"]}]},{\"@type\":\"ImageObject\",\"inLanguage\":\"de-DE\",\"@id\":\"https:\\\/\\\/hifmb.de\\\/de\\\/forschung\\\/arbeitsgruppen\\\/oekophysiologie-pelagischer-schluesselarten\\\/#primaryimage\",\"url\":\"https:\\\/\\\/hifmb.de\\\/wp-content\\\/uploads\\\/2021\\\/01\\\/AG_Ecophysiology_of_pelagic_key_species_TITEL_HEADER_pexels-frans-van-heerden.png\",\"contentUrl\":\"https:\\\/\\\/hifmb.de\\\/wp-content\\\/uploads\\\/2021\\\/01\\\/AG_Ecophysiology_of_pelagic_key_species_TITEL_HEADER_pexels-frans-van-heerden.png\",\"width\":2560,\"height\":720,\"caption\":\"Bild von Eisberg\"},{\"@type\":\"BreadcrumbList\",\"@id\":\"https:\\\/\\\/hifmb.de\\\/de\\\/forschung\\\/arbeitsgruppen\\\/oekophysiologie-pelagischer-schluesselarten\\\/#breadcrumb\",\"itemListElement\":[{\"@type\":\"ListItem\",\"position\":1,\"name\":\"Home\",\"item\":\"https:\\\/\\\/hifmb.de\\\/de\\\/\"},{\"@type\":\"ListItem\",\"position\":2,\"name\":\"Forschung\",\"item\":\"https:\\\/\\\/hifmb.de\\\/de\\\/forschung\\\/\"},{\"@type\":\"ListItem\",\"position\":3,\"name\":\"Arbeitsgruppen\",\"item\":\"https:\\\/\\\/hifmb.de\\\/de\\\/forschung\\\/arbeitsgruppen\\\/\"},{\"@type\":\"ListItem\",\"position\":4,\"name\":\"\u00d6kophysiologie pelagischer Schl\u00fcsselarten\"}]},{\"@type\":\"WebSite\",\"@id\":\"https:\\\/\\\/hifmb.de\\\/de\\\/#website\",\"url\":\"https:\\\/\\\/hifmb.de\\\/de\\\/\",\"name\":\"HIFMB Oldenburg\",\"description\":\"The Helmholtz Institute for Functional Marine Biodiversity (HIFMB)\",\"publisher\":{\"@id\":\"https:\\\/\\\/hifmb.de\\\/de\\\/#organization\"},\"potentialAction\":[{\"@type\":\"SearchAction\",\"target\":{\"@type\":\"EntryPoint\",\"urlTemplate\":\"https:\\\/\\\/hifmb.de\\\/de\\\/?s={search_term_string}\"},\"query-input\":{\"@type\":\"PropertyValueSpecification\",\"valueRequired\":true,\"valueName\":\"search_term_string\"}}],\"inLanguage\":\"de-DE\"},{\"@type\":\"Organization\",\"@id\":\"https:\\\/\\\/hifmb.de\\\/de\\\/#organization\",\"name\":\"HIFMB Oldenburg\",\"url\":\"https:\\\/\\\/hifmb.de\\\/de\\\/\",\"logo\":{\"@type\":\"ImageObject\",\"inLanguage\":\"de-DE\",\"@id\":\"https:\\\/\\\/hifmb.de\\\/de\\\/#\\\/schema\\\/logo\\\/image\\\/\",\"url\":\"https:\\\/\\\/hifmb.de\\\/wp-content\\\/uploads\\\/2021\\\/01\\\/hifmb-logo-neg-de.svg\",\"contentUrl\":\"https:\\\/\\\/hifmb.de\\\/wp-content\\\/uploads\\\/2021\\\/01\\\/hifmb-logo-neg-de.svg\",\"width\":300,\"height\":87,\"caption\":\"HIFMB Oldenburg\"},\"image\":{\"@id\":\"https:\\\/\\\/hifmb.de\\\/de\\\/#\\\/schema\\\/logo\\\/image\\\/\"}}]}<\/script>\n<!-- \/ Yoast SEO plugin. -->","yoast_head_json":{"title":"\u00d6kophysiologie pelagischer Schl\u00fcsselarten - HIFMB Oldenburg","robots":{"index":"index","follow":"follow","max-snippet":"max-snippet:-1","max-image-preview":"max-image-preview:large","max-video-preview":"max-video-preview:-1"},"canonical":"https:\/\/hifmb.de\/de\/forschung\/arbeitsgruppen\/oekophysiologie-pelagischer-schluesselarten\/","og_locale":"de_DE","og_type":"article","og_title":"\u00d6kophysiologie pelagischer Schl\u00fcsselarten - HIFMB Oldenburg","og_description":"Der S\u00fcdliche Ozean ist eine der wichtigsten ozeanischen Regionen f\u00fcr die Aufnahme und Speicherung von Kohlendioxid (CO2) aus der Atmosph\u00e4re. Diese CO2-Aufnahme wird durch die F\u00e4kalpellets von antarktischem Krill (Euphausia superba) und Salpidaen (Salpa thompsoni), den wichtigsten Makrozooplanktonfressern im S\u00fcdlichen Ozean, angetrieben. Obwohl die F\u00e4kalpellets von Krill und Salpen nur millimetergro\u00df sind, sind sie kohlenstoffreich, ...Weiterlesen","og_url":"https:\/\/hifmb.de\/de\/forschung\/arbeitsgruppen\/oekophysiologie-pelagischer-schluesselarten\/","og_site_name":"HIFMB Oldenburg","article_modified_time":"2021-02-09T09:15:24+00:00","og_image":[{"width":2560,"height":720,"url":"https:\/\/hifmb.de\/wp-content\/uploads\/2021\/01\/AG_Ecophysiology_of_pelagic_key_species_TITEL_HEADER_pexels-frans-van-heerden.png","type":"image\/png"}],"twitter_card":"summary_large_image","twitter_misc":{"Est. reading time":"2 minutes"},"schema":{"@context":"https:\/\/schema.org","@graph":[{"@type":"WebPage","@id":"https:\/\/hifmb.de\/de\/forschung\/arbeitsgruppen\/oekophysiologie-pelagischer-schluesselarten\/","url":"https:\/\/hifmb.de\/de\/forschung\/arbeitsgruppen\/oekophysiologie-pelagischer-schluesselarten\/","name":"\u00d6kophysiologie pelagischer Schl\u00fcsselarten - HIFMB Oldenburg","isPartOf":{"@id":"https:\/\/hifmb.de\/de\/#website"},"primaryImageOfPage":{"@id":"https:\/\/hifmb.de\/de\/forschung\/arbeitsgruppen\/oekophysiologie-pelagischer-schluesselarten\/#primaryimage"},"image":{"@id":"https:\/\/hifmb.de\/de\/forschung\/arbeitsgruppen\/oekophysiologie-pelagischer-schluesselarten\/#primaryimage"},"thumbnailUrl":"https:\/\/hifmb.de\/wp-content\/uploads\/2021\/01\/AG_Ecophysiology_of_pelagic_key_species_TITEL_HEADER_pexels-frans-van-heerden.png","datePublished":"2021-01-07T13:21:18+00:00","dateModified":"2021-02-09T09:15:24+00:00","breadcrumb":{"@id":"https:\/\/hifmb.de\/de\/forschung\/arbeitsgruppen\/oekophysiologie-pelagischer-schluesselarten\/#breadcrumb"},"inLanguage":"de-DE","potentialAction":[{"@type":"ReadAction","target":["https:\/\/hifmb.de\/de\/forschung\/arbeitsgruppen\/oekophysiologie-pelagischer-schluesselarten\/"]}]},{"@type":"ImageObject","inLanguage":"de-DE","@id":"https:\/\/hifmb.de\/de\/forschung\/arbeitsgruppen\/oekophysiologie-pelagischer-schluesselarten\/#primaryimage","url":"https:\/\/hifmb.de\/wp-content\/uploads\/2021\/01\/AG_Ecophysiology_of_pelagic_key_species_TITEL_HEADER_pexels-frans-van-heerden.png","contentUrl":"https:\/\/hifmb.de\/wp-content\/uploads\/2021\/01\/AG_Ecophysiology_of_pelagic_key_species_TITEL_HEADER_pexels-frans-van-heerden.png","width":2560,"height":720,"caption":"Bild von Eisberg"},{"@type":"BreadcrumbList","@id":"https:\/\/hifmb.de\/de\/forschung\/arbeitsgruppen\/oekophysiologie-pelagischer-schluesselarten\/#breadcrumb","itemListElement":[{"@type":"ListItem","position":1,"name":"Home","item":"https:\/\/hifmb.de\/de\/"},{"@type":"ListItem","position":2,"name":"Forschung","item":"https:\/\/hifmb.de\/de\/forschung\/"},{"@type":"ListItem","position":3,"name":"Arbeitsgruppen","item":"https:\/\/hifmb.de\/de\/forschung\/arbeitsgruppen\/"},{"@type":"ListItem","position":4,"name":"\u00d6kophysiologie pelagischer Schl\u00fcsselarten"}]},{"@type":"WebSite","@id":"https:\/\/hifmb.de\/de\/#website","url":"https:\/\/hifmb.de\/de\/","name":"HIFMB Oldenburg","description":"The Helmholtz Institute for Functional Marine Biodiversity (HIFMB)","publisher":{"@id":"https:\/\/hifmb.de\/de\/#organization"},"potentialAction":[{"@type":"SearchAction","target":{"@type":"EntryPoint","urlTemplate":"https:\/\/hifmb.de\/de\/?s={search_term_string}"},"query-input":{"@type":"PropertyValueSpecification","valueRequired":true,"valueName":"search_term_string"}}],"inLanguage":"de-DE"},{"@type":"Organization","@id":"https:\/\/hifmb.de\/de\/#organization","name":"HIFMB Oldenburg","url":"https:\/\/hifmb.de\/de\/","logo":{"@type":"ImageObject","inLanguage":"de-DE","@id":"https:\/\/hifmb.de\/de\/#\/schema\/logo\/image\/","url":"https:\/\/hifmb.de\/wp-content\/uploads\/2021\/01\/hifmb-logo-neg-de.svg","contentUrl":"https:\/\/hifmb.de\/wp-content\/uploads\/2021\/01\/hifmb-logo-neg-de.svg","width":300,"height":87,"caption":"HIFMB Oldenburg"},"image":{"@id":"https:\/\/hifmb.de\/de\/#\/schema\/logo\/image\/"}}]}},"_links":{"self":[{"href":"https:\/\/hifmb.de\/de\/wp-json\/wp\/v2\/pages\/3155","targetHints":{"allow":["GET"]}}],"collection":[{"href":"https:\/\/hifmb.de\/de\/wp-json\/wp\/v2\/pages"}],"about":[{"href":"https:\/\/hifmb.de\/de\/wp-json\/wp\/v2\/types\/page"}],"author":[{"embeddable":true,"href":"https:\/\/hifmb.de\/de\/wp-json\/wp\/v2\/users\/3"}],"replies":[{"embeddable":true,"href":"https:\/\/hifmb.de\/de\/wp-json\/wp\/v2\/comments?post=3155"}],"version-history":[{"count":0,"href":"https:\/\/hifmb.de\/de\/wp-json\/wp\/v2\/pages\/3155\/revisions"}],"up":[{"embeddable":true,"href":"https:\/\/hifmb.de\/de\/wp-json\/wp\/v2\/pages\/3172"}],"wp:featuredmedia":[{"embeddable":true,"href":"https:\/\/hifmb.de\/de\/wp-json\/wp\/v2\/media\/1923"}],"wp:attachment":[{"href":"https:\/\/hifmb.de\/de\/wp-json\/wp\/v2\/media?parent=3155"}],"curies":[{"name":"wp","href":"https:\/\/api.w.org\/{rel}","templated":true}]}}