{"id":3156,"date":"2021-01-07T13:10:37","date_gmt":"2021-01-07T13:10:37","guid":{"rendered":"http:\/\/hifmb.de.w01b8649.kasserver.com\/eco-evolutionary-genomics\/"},"modified":"2021-02-09T09:15:09","modified_gmt":"2021-02-09T09:15:09","slug":"oeko-evolutionaere-genomik","status":"publish","type":"page","link":"https:\/\/hifmb.de\/de\/forschung\/arbeitsgruppen\/oeko-evolutionaere-genomik\/","title":{"rendered":"\u00d6ko-evolution\u00e4re Genomik"},"content":{"rendered":"\n<div class=\"wp-block-theme-spacer  height-xxs\"><\/div>\n\n\n\n<p><strong>Der Fokus unserer Forschungsgruppe \u00d6ko-evolution\u00e4re Genomik ist es zu verstehen, wie planktonische Arten und Populationen im Kontext von Art x Art x Umwelt \u00fcberleben und Resilienzstrategien entwickeln, um mit den nat\u00fcrlichen schnellen Ver\u00e4nderungen von Umweltstressoren umgehen zu k\u00f6nnen.<\/strong><\/p>\n\n\n\n<p>Wie stark wird sich der globale Wandel auf die Koexistenz von Arten auswirken, wenn zellul\u00e4re Ressourcen neu verteilt werden m\u00fcssen? Genomische Ans\u00e4tze erlauben es uns, die induzierten Ver\u00e4nderungen, aber auch die Anpassungsstrategien von zellul\u00e4ren und metabolischen Prozessen auf Organismen- und Gemeinschaftsebene (metatranskriptomisch) aufzukl\u00e4ren. Dar\u00fcber hinaus erlauben solche detaillierten genomischen Analysen des funktionellen Prozesses eine neue, pr\u00e4zisere Definition der funktionellen Biodiversit\u00e4t.<\/p>\n\n\n\n<div class=\"wp-block-theme-spacer  height-xs\"><\/div>\n\n\n\n<div class=\"wp-block-theme-section  pb-none is-fullwidth\" style=\"\"><div class=\"container\">\n<div id=\"people-block\" class=\"wp-block-theme-filter-posts\">\n\n    \n        <h2 class=\"pt-0 mb-xl container-md\">Unser Team f\u00fcr \u00d6ko-evolution\u00e4re Genomik<\/h2>\n    \n    <div id=\"append-people-block_5fd77649b8ab8\" class=\"people-query row\" aria-live=\"polite\">\n\n        \n        <article id=\"post-12606\" class=\"people-teaser zoom-onhover col-12 col-sm-6 col-md-4 col-lg-3 mb-xxl post-12606 people type-people status-publish has-post-thumbnail hentry\">\n\n            <a class=\"post-thumbnail\" href=\"https:\/\/hifmb.de\/de\/personen\/avril-von-hoyningen-huene\/\" aria-hidden=\"true\" tabindex=\"-1\"><img loading=\"lazy\" decoding=\"async\" width=\"328\" height=\"328\" src=\"https:\/\/hifmb.de\/wp-content\/uploads\/2024\/02\/Avril-von-Hoyningen-Huene_neu-328x328.jpg\" class=\"size-medium w-100 img-bordered people-teaser--img-main wp-post-image\" alt=\"Avril von Hoyningen-Huene\" srcset=\"https:\/\/hifmb.de\/wp-content\/uploads\/2024\/02\/Avril-von-Hoyningen-Huene_neu-328x328.jpg 328w, https:\/\/hifmb.de\/wp-content\/uploads\/2024\/02\/Avril-von-Hoyningen-Huene_neu-150x150.jpg 150w, https:\/\/hifmb.de\/wp-content\/uploads\/2024\/02\/Avril-von-Hoyningen-Huene_neu.jpg 562w\" sizes=\"auto, (max-width: 328px) 100vw, 328px\" \/><\/a>    \n    <header class=\"entry-header\">\n\n        <h2 class=\"entry-title pt-2 mb-xxxs\"><a href=\"https:\/\/hifmb.de\/de\/personen\/avril-von-hoyningen-huene\/\" rel=\"bookmark\" class=\"no-link-style people-teaser-title\">Avril von Hoyningen-Huene<\/a><\/h2>\n        \n        <span>Mikrobielle \u00d6kologin<\/span>\n\n\n\n    <\/header>\n\n<\/article>\n<article id=\"post-14955\" class=\"people-teaser zoom-onhover col-12 col-sm-6 col-md-4 col-lg-3 mb-xxl post-14955 people type-people status-publish has-post-thumbnail hentry\">\n\n            <a class=\"post-thumbnail\" href=\"https:\/\/hifmb.de\/de\/personen\/fabian-moye\/\" aria-hidden=\"true\" tabindex=\"-1\"><img loading=\"lazy\" decoding=\"async\" width=\"328\" height=\"328\" src=\"https:\/\/hifmb.de\/wp-content\/uploads\/2025\/03\/Fabian-Moye-328x328.jpg\" class=\"size-medium w-100 img-bordered people-teaser--img-main wp-post-image\" alt=\"Fabian Moye\" srcset=\"https:\/\/hifmb.de\/wp-content\/uploads\/2025\/03\/Fabian-Moye-328x328.jpg 328w, https:\/\/hifmb.de\/wp-content\/uploads\/2025\/03\/Fabian-Moye-150x150.jpg 150w, https:\/\/hifmb.de\/wp-content\/uploads\/2025\/03\/Fabian-Moye.jpg 562w\" sizes=\"auto, (max-width: 328px) 100vw, 328px\" \/><\/a>    \n    <header class=\"entry-header\">\n\n        <h2 class=\"entry-title pt-2 mb-xxxs\"><a href=\"https:\/\/hifmb.de\/de\/personen\/fabian-moye\/\" rel=\"bookmark\" class=\"no-link-style people-teaser-title\">Fabian Moye<\/a><\/h2>\n        \n        <span>Interdisziplin\u00e4rer Datenwissenschaftler<\/span>\n\n\n\n    <\/header>\n\n<\/article>\n<article id=\"post-2945\" class=\"people-teaser zoom-onhover col-12 col-sm-6 col-md-4 col-lg-3 mb-xxl post-2945 people type-people status-publish has-post-thumbnail hentry\">\n\n            <a class=\"post-thumbnail\" href=\"https:\/\/hifmb.de\/de\/personen\/uwe-john\/\" aria-hidden=\"true\" tabindex=\"-1\"><img loading=\"lazy\" decoding=\"async\" width=\"328\" height=\"328\" src=\"https:\/\/hifmb.de\/wp-content\/uploads\/2021\/01\/Uwe_John-328x328.png\" class=\"size-medium w-100 img-bordered people-teaser--img-main wp-post-image\" alt=\"Uwe John\" srcset=\"https:\/\/hifmb.de\/wp-content\/uploads\/2021\/01\/Uwe_John-328x328.png 328w, https:\/\/hifmb.de\/wp-content\/uploads\/2021\/01\/Uwe_John-150x150.png 150w, https:\/\/hifmb.de\/wp-content\/uploads\/2021\/01\/Uwe_John.png 700w\" sizes=\"auto, (max-width: 328px) 100vw, 328px\" \/><\/a>    \n    <header class=\"entry-header\">\n\n        <h2 class=\"entry-title pt-2 mb-xxxs\"><a href=\"https:\/\/hifmb.de\/de\/personen\/uwe-john\/\" rel=\"bookmark\" class=\"no-link-style people-teaser-title\">Uwe John<\/a><\/h2>\n        \n        <span>Molekular\u00f6kologe<\/span>\n\n\n\n    <\/header>\n\n<\/article>\n\n        \n            <div id=\"load-more\" class=\"col-12 mt-5 mb-5 no-link-style\"\n                 data-append-id=\"append-people-block_5fd77649b8ab8\"\n                 data-btn-text=\"Laden...\">\n                            <\/div>\n\n        \n    <\/div> \n    <p id=\"back-to-top\" class=\"container mt-5 text-right\" style=\"display:none\"><a href=\"#page\"\n                                                                                  class=\"btn btn-primary icon-round\">\n            <span class=\"sr-only\">Zur\u00fcck nach oben<\/span>\n            <svg class=\"icon icon-size-xs\">\n                <use xlink:href=\"#arrow-double-up\"\/>\n            <\/svg>\n        <\/a><\/p>\n\n<\/div> \n\n\n\n<\/div><\/div>\n\n\n\n<div class=\"wp-block-theme-spacer  height-xxxl\"><\/div>\n","protected":false},"excerpt":{"rendered":"<\/p>\n<p><a class=\"btn btn-primary theme-read-more-link mt-3 no-link-style\"\n                    href=\"https:\/\/hifmb.de\/de\/forschung\/arbeitsgruppen\/oeko-evolutionaere-genomik\/\"\n                    aria-describedby=\"teaser-headline-3156\">Weiterlesen<\/a><\/p>\n","protected":false},"author":3,"featured_media":1917,"parent":3172,"menu_order":6,"comment_status":"closed","ping_status":"closed","template":"","meta":{"_acf_changed":false,"footnotes":""},"class_list":["post-3156","page","type-page","status-publish","has-post-thumbnail","hentry"],"acf":[],"yoast_head":"<!-- This site is optimized with the Yoast SEO plugin v27.4 - https:\/\/yoast.com\/product\/yoast-seo-wordpress\/ -->\n<title>\u00d6ko-evolution\u00e4re Genomik - HIFMB Oldenburg<\/title>\n<meta name=\"robots\" content=\"index, follow, max-snippet:-1, max-image-preview:large, max-video-preview:-1\" \/>\n<link rel=\"canonical\" href=\"https:\/\/hifmb.de\/de\/forschung\/arbeitsgruppen\/oeko-evolutionaere-genomik\/\" \/>\n<meta property=\"og:locale\" content=\"de_DE\" \/>\n<meta property=\"og:type\" content=\"article\" \/>\n<meta property=\"og:title\" content=\"\u00d6ko-evolution\u00e4re Genomik - HIFMB Oldenburg\" \/>\n<meta property=\"og:description\" content=\"Weiterlesen\" \/>\n<meta property=\"og:url\" content=\"https:\/\/hifmb.de\/de\/forschung\/arbeitsgruppen\/oeko-evolutionaere-genomik\/\" \/>\n<meta property=\"og:site_name\" content=\"HIFMB Oldenburg\" \/>\n<meta property=\"article:modified_time\" content=\"2021-02-09T09:15:09+00:00\" \/>\n<meta property=\"og:image\" content=\"https:\/\/hifmb.de\/wp-content\/uploads\/2021\/01\/AG_Eco-evolutionary_Genomics_TITEL_HEADER_Aal-shotarrow_sakamoto_Pixabay_License.png\" \/>\n\t<meta property=\"og:image:width\" content=\"2560\" \/>\n\t<meta property=\"og:image:height\" content=\"720\" \/>\n\t<meta property=\"og:image:type\" content=\"image\/png\" \/>\n<meta name=\"twitter:card\" content=\"summary_large_image\" \/>\n<meta name=\"twitter:label1\" content=\"Est. reading time\" \/>\n\t<meta name=\"twitter:data1\" content=\"1 minute\" \/>\n<script type=\"application\/ld+json\" class=\"yoast-schema-graph\">{\"@context\":\"https:\\\/\\\/schema.org\",\"@graph\":[{\"@type\":\"WebPage\",\"@id\":\"https:\\\/\\\/hifmb.de\\\/de\\\/forschung\\\/arbeitsgruppen\\\/oeko-evolutionaere-genomik\\\/\",\"url\":\"https:\\\/\\\/hifmb.de\\\/de\\\/forschung\\\/arbeitsgruppen\\\/oeko-evolutionaere-genomik\\\/\",\"name\":\"\u00d6ko-evolution\u00e4re Genomik - HIFMB Oldenburg\",\"isPartOf\":{\"@id\":\"https:\\\/\\\/hifmb.de\\\/de\\\/#website\"},\"primaryImageOfPage\":{\"@id\":\"https:\\\/\\\/hifmb.de\\\/de\\\/forschung\\\/arbeitsgruppen\\\/oeko-evolutionaere-genomik\\\/#primaryimage\"},\"image\":{\"@id\":\"https:\\\/\\\/hifmb.de\\\/de\\\/forschung\\\/arbeitsgruppen\\\/oeko-evolutionaere-genomik\\\/#primaryimage\"},\"thumbnailUrl\":\"https:\\\/\\\/hifmb.de\\\/wp-content\\\/uploads\\\/2021\\\/01\\\/AG_Eco-evolutionary_Genomics_TITEL_HEADER_Aal-shotarrow_sakamoto_Pixabay_License.png\",\"datePublished\":\"2021-01-07T13:10:37+00:00\",\"dateModified\":\"2021-02-09T09:15:09+00:00\",\"breadcrumb\":{\"@id\":\"https:\\\/\\\/hifmb.de\\\/de\\\/forschung\\\/arbeitsgruppen\\\/oeko-evolutionaere-genomik\\\/#breadcrumb\"},\"inLanguage\":\"de-DE\",\"potentialAction\":[{\"@type\":\"ReadAction\",\"target\":[\"https:\\\/\\\/hifmb.de\\\/de\\\/forschung\\\/arbeitsgruppen\\\/oeko-evolutionaere-genomik\\\/\"]}]},{\"@type\":\"ImageObject\",\"inLanguage\":\"de-DE\",\"@id\":\"https:\\\/\\\/hifmb.de\\\/de\\\/forschung\\\/arbeitsgruppen\\\/oeko-evolutionaere-genomik\\\/#primaryimage\",\"url\":\"https:\\\/\\\/hifmb.de\\\/wp-content\\\/uploads\\\/2021\\\/01\\\/AG_Eco-evolutionary_Genomics_TITEL_HEADER_Aal-shotarrow_sakamoto_Pixabay_License.png\",\"contentUrl\":\"https:\\\/\\\/hifmb.de\\\/wp-content\\\/uploads\\\/2021\\\/01\\\/AG_Eco-evolutionary_Genomics_TITEL_HEADER_Aal-shotarrow_sakamoto_Pixabay_License.png\",\"width\":2560,\"height\":720,\"caption\":\"Bild von R\u00f6hrenaal\"},{\"@type\":\"BreadcrumbList\",\"@id\":\"https:\\\/\\\/hifmb.de\\\/de\\\/forschung\\\/arbeitsgruppen\\\/oeko-evolutionaere-genomik\\\/#breadcrumb\",\"itemListElement\":[{\"@type\":\"ListItem\",\"position\":1,\"name\":\"Home\",\"item\":\"https:\\\/\\\/hifmb.de\\\/de\\\/\"},{\"@type\":\"ListItem\",\"position\":2,\"name\":\"Forschung\",\"item\":\"https:\\\/\\\/hifmb.de\\\/de\\\/forschung\\\/\"},{\"@type\":\"ListItem\",\"position\":3,\"name\":\"Arbeitsgruppen\",\"item\":\"https:\\\/\\\/hifmb.de\\\/de\\\/forschung\\\/arbeitsgruppen\\\/\"},{\"@type\":\"ListItem\",\"position\":4,\"name\":\"\u00d6ko-evolution\u00e4re Genomik\"}]},{\"@type\":\"WebSite\",\"@id\":\"https:\\\/\\\/hifmb.de\\\/de\\\/#website\",\"url\":\"https:\\\/\\\/hifmb.de\\\/de\\\/\",\"name\":\"HIFMB Oldenburg\",\"description\":\"The Helmholtz Institute for Functional Marine Biodiversity (HIFMB)\",\"publisher\":{\"@id\":\"https:\\\/\\\/hifmb.de\\\/de\\\/#organization\"},\"potentialAction\":[{\"@type\":\"SearchAction\",\"target\":{\"@type\":\"EntryPoint\",\"urlTemplate\":\"https:\\\/\\\/hifmb.de\\\/de\\\/?s={search_term_string}\"},\"query-input\":{\"@type\":\"PropertyValueSpecification\",\"valueRequired\":true,\"valueName\":\"search_term_string\"}}],\"inLanguage\":\"de-DE\"},{\"@type\":\"Organization\",\"@id\":\"https:\\\/\\\/hifmb.de\\\/de\\\/#organization\",\"name\":\"HIFMB Oldenburg\",\"url\":\"https:\\\/\\\/hifmb.de\\\/de\\\/\",\"logo\":{\"@type\":\"ImageObject\",\"inLanguage\":\"de-DE\",\"@id\":\"https:\\\/\\\/hifmb.de\\\/de\\\/#\\\/schema\\\/logo\\\/image\\\/\",\"url\":\"https:\\\/\\\/hifmb.de\\\/wp-content\\\/uploads\\\/2021\\\/01\\\/hifmb-logo-neg-de.svg\",\"contentUrl\":\"https:\\\/\\\/hifmb.de\\\/wp-content\\\/uploads\\\/2021\\\/01\\\/hifmb-logo-neg-de.svg\",\"width\":300,\"height\":87,\"caption\":\"HIFMB Oldenburg\"},\"image\":{\"@id\":\"https:\\\/\\\/hifmb.de\\\/de\\\/#\\\/schema\\\/logo\\\/image\\\/\"}}]}<\/script>\n<!-- \/ Yoast SEO plugin. -->","yoast_head_json":{"title":"\u00d6ko-evolution\u00e4re Genomik - HIFMB Oldenburg","robots":{"index":"index","follow":"follow","max-snippet":"max-snippet:-1","max-image-preview":"max-image-preview:large","max-video-preview":"max-video-preview:-1"},"canonical":"https:\/\/hifmb.de\/de\/forschung\/arbeitsgruppen\/oeko-evolutionaere-genomik\/","og_locale":"de_DE","og_type":"article","og_title":"\u00d6ko-evolution\u00e4re Genomik - HIFMB Oldenburg","og_description":"Weiterlesen","og_url":"https:\/\/hifmb.de\/de\/forschung\/arbeitsgruppen\/oeko-evolutionaere-genomik\/","og_site_name":"HIFMB Oldenburg","article_modified_time":"2021-02-09T09:15:09+00:00","og_image":[{"width":2560,"height":720,"url":"https:\/\/hifmb.de\/wp-content\/uploads\/2021\/01\/AG_Eco-evolutionary_Genomics_TITEL_HEADER_Aal-shotarrow_sakamoto_Pixabay_License.png","type":"image\/png"}],"twitter_card":"summary_large_image","twitter_misc":{"Est. reading time":"1 minute"},"schema":{"@context":"https:\/\/schema.org","@graph":[{"@type":"WebPage","@id":"https:\/\/hifmb.de\/de\/forschung\/arbeitsgruppen\/oeko-evolutionaere-genomik\/","url":"https:\/\/hifmb.de\/de\/forschung\/arbeitsgruppen\/oeko-evolutionaere-genomik\/","name":"\u00d6ko-evolution\u00e4re Genomik - HIFMB Oldenburg","isPartOf":{"@id":"https:\/\/hifmb.de\/de\/#website"},"primaryImageOfPage":{"@id":"https:\/\/hifmb.de\/de\/forschung\/arbeitsgruppen\/oeko-evolutionaere-genomik\/#primaryimage"},"image":{"@id":"https:\/\/hifmb.de\/de\/forschung\/arbeitsgruppen\/oeko-evolutionaere-genomik\/#primaryimage"},"thumbnailUrl":"https:\/\/hifmb.de\/wp-content\/uploads\/2021\/01\/AG_Eco-evolutionary_Genomics_TITEL_HEADER_Aal-shotarrow_sakamoto_Pixabay_License.png","datePublished":"2021-01-07T13:10:37+00:00","dateModified":"2021-02-09T09:15:09+00:00","breadcrumb":{"@id":"https:\/\/hifmb.de\/de\/forschung\/arbeitsgruppen\/oeko-evolutionaere-genomik\/#breadcrumb"},"inLanguage":"de-DE","potentialAction":[{"@type":"ReadAction","target":["https:\/\/hifmb.de\/de\/forschung\/arbeitsgruppen\/oeko-evolutionaere-genomik\/"]}]},{"@type":"ImageObject","inLanguage":"de-DE","@id":"https:\/\/hifmb.de\/de\/forschung\/arbeitsgruppen\/oeko-evolutionaere-genomik\/#primaryimage","url":"https:\/\/hifmb.de\/wp-content\/uploads\/2021\/01\/AG_Eco-evolutionary_Genomics_TITEL_HEADER_Aal-shotarrow_sakamoto_Pixabay_License.png","contentUrl":"https:\/\/hifmb.de\/wp-content\/uploads\/2021\/01\/AG_Eco-evolutionary_Genomics_TITEL_HEADER_Aal-shotarrow_sakamoto_Pixabay_License.png","width":2560,"height":720,"caption":"Bild von R\u00f6hrenaal"},{"@type":"BreadcrumbList","@id":"https:\/\/hifmb.de\/de\/forschung\/arbeitsgruppen\/oeko-evolutionaere-genomik\/#breadcrumb","itemListElement":[{"@type":"ListItem","position":1,"name":"Home","item":"https:\/\/hifmb.de\/de\/"},{"@type":"ListItem","position":2,"name":"Forschung","item":"https:\/\/hifmb.de\/de\/forschung\/"},{"@type":"ListItem","position":3,"name":"Arbeitsgruppen","item":"https:\/\/hifmb.de\/de\/forschung\/arbeitsgruppen\/"},{"@type":"ListItem","position":4,"name":"\u00d6ko-evolution\u00e4re Genomik"}]},{"@type":"WebSite","@id":"https:\/\/hifmb.de\/de\/#website","url":"https:\/\/hifmb.de\/de\/","name":"HIFMB Oldenburg","description":"The Helmholtz Institute for Functional Marine Biodiversity (HIFMB)","publisher":{"@id":"https:\/\/hifmb.de\/de\/#organization"},"potentialAction":[{"@type":"SearchAction","target":{"@type":"EntryPoint","urlTemplate":"https:\/\/hifmb.de\/de\/?s={search_term_string}"},"query-input":{"@type":"PropertyValueSpecification","valueRequired":true,"valueName":"search_term_string"}}],"inLanguage":"de-DE"},{"@type":"Organization","@id":"https:\/\/hifmb.de\/de\/#organization","name":"HIFMB Oldenburg","url":"https:\/\/hifmb.de\/de\/","logo":{"@type":"ImageObject","inLanguage":"de-DE","@id":"https:\/\/hifmb.de\/de\/#\/schema\/logo\/image\/","url":"https:\/\/hifmb.de\/wp-content\/uploads\/2021\/01\/hifmb-logo-neg-de.svg","contentUrl":"https:\/\/hifmb.de\/wp-content\/uploads\/2021\/01\/hifmb-logo-neg-de.svg","width":300,"height":87,"caption":"HIFMB Oldenburg"},"image":{"@id":"https:\/\/hifmb.de\/de\/#\/schema\/logo\/image\/"}}]}},"_links":{"self":[{"href":"https:\/\/hifmb.de\/de\/wp-json\/wp\/v2\/pages\/3156","targetHints":{"allow":["GET"]}}],"collection":[{"href":"https:\/\/hifmb.de\/de\/wp-json\/wp\/v2\/pages"}],"about":[{"href":"https:\/\/hifmb.de\/de\/wp-json\/wp\/v2\/types\/page"}],"author":[{"embeddable":true,"href":"https:\/\/hifmb.de\/de\/wp-json\/wp\/v2\/users\/3"}],"replies":[{"embeddable":true,"href":"https:\/\/hifmb.de\/de\/wp-json\/wp\/v2\/comments?post=3156"}],"version-history":[{"count":0,"href":"https:\/\/hifmb.de\/de\/wp-json\/wp\/v2\/pages\/3156\/revisions"}],"up":[{"embeddable":true,"href":"https:\/\/hifmb.de\/de\/wp-json\/wp\/v2\/pages\/3172"}],"wp:featuredmedia":[{"embeddable":true,"href":"https:\/\/hifmb.de\/de\/wp-json\/wp\/v2\/media\/1917"}],"wp:attachment":[{"href":"https:\/\/hifmb.de\/de\/wp-json\/wp\/v2\/media?parent=3156"}],"curies":[{"name":"wp","href":"https:\/\/api.w.org\/{rel}","templated":true}]}}