{"id":3158,"date":"2021-01-07T13:02:16","date_gmt":"2021-01-07T13:02:16","guid":{"rendered":"http:\/\/hifmb.de.w01b8649.kasserver.com\/marine-political-ecology\/"},"modified":"2022-05-25T11:42:52","modified_gmt":"2022-05-25T09:42:52","slug":"marine-politische-oekologie","status":"publish","type":"page","link":"https:\/\/hifmb.de\/de\/forschung\/arbeitsgruppen\/marine-politische-oekologie\/","title":{"rendered":"Marine Politische \u00d6kologie"},"content":{"rendered":"\n<div class=\"wp-block-theme-spacer  height-xxs\"><\/div>\n\n\n\n<p><strong>Die Gruppe Marine Politische \u00d6kologie erforscht aufkommende Probleme des Ozeans, die an der Schnittstelle von Sozial- und Naturwissenschaften liegen. <\/strong><\/p>\n\n\n\n<p>Mit einem transdisziplin\u00e4ren Ansatz setzen wir Geographie, Wissenschafts- und Technologiestudien und Theorien der feministischen Geopolitik ein, um Mensch-Umwelt-Systeme zu untersuchen, mit einem Fokus auf Meeresressourcen, Zugang, Abbau, Recht, Technologie und die Vermittlung und Darstellung der Meeresoberfl\u00e4che, des Meeresbodens und der Wassers\u00e4ule. Wir versuchen, neu zu \u00fcberdenken, wo wir den Ozean positionieren und wie es dazu kommt, dass er f\u00fcr verschiedene Anliegen von Bedeutung ist. <\/p>\n\n\n\n<div class=\"wp-block-theme-spacer\"><\/div>\n\n\n\n<p>Unsere aktuellen Projekte umfassen<\/p>\n\n\n\n<ul class=\"wp-block-list\"><li><strong>Wir untersuchen die internationalen Bem\u00fchungen zur Regulierung der Biodiversit\u00e4t auf Hoher See<\/strong>, die als globale Gemeing\u00fcter betrachtet werden, die durch \u00dcberfischung, Bioprospektion, Privatisierung und Eingrenzung bedroht sind. Wir versuchen zu verstehen, wie Territorialisierung und Kategorisierung auf mehreren Ebenen &#8211; Ozeanraum vom Wassermolek\u00fcl bis zum Planetensystem und biologische Materie von Fischpopulationen bis zum genetischen Material &#8211; Grenzen neu ziehen und dem marinen Leben\/Raum neue Werte verleihen.<\/li><\/ul>\n\n\n\n<ul class=\"wp-block-list\"><li><strong>Analyse der konvergierenden geopolitischen Interessen am Meeresboden. <\/strong>W\u00e4hrend die Rhetorik der Knappheit die Industrien in Offshore-R\u00e4ume lenkt, wird die benthische Ebene zunehmend mit der Onshore-Ebene \u00fcber \u00d6l- und Gasleitungen, Internetkabel, Unterwasser-Minen und Datenserverzentren verbunden. Diese Unternehmungen bringen den vermeintlich fremden Meeresboden gleicherma\u00dfen n\u00e4her an geopolitische Verstrickungen und allt\u00e4gliche Aktivit\u00e4ten heran und lassen die benthische Zone zu einem Raum der Erwartung und Angst werden.<\/li><\/ul>\n\n\n\n<div class=\"wp-block-theme-spacer  height-xs\"><\/div>\n\n\n\n<div class=\"wp-block-theme-accordion accordion-item\"><h2 class=\"accordion-header\" id=\"heading-deee920a-5b76-40c9-afb5-f6876ba62ccb\"><button class=\"accordion-button collapsed\" type=\"button\" aria-expanded=\"false\" aria-controls=\"collapse-deee920a-5b76-40c9-afb5-f6876ba62ccb\"><span class=\"accordion-button-text\"><strong>Bevorstehende Veranstaltung:<\/strong> Konferenz zu Equity Perspectives on Global Ocean Law and Governance<br><strong>Datum: <\/strong>Mittwoch, 7. September 2022<\/span><\/button><\/h2><div id=\"collapse-deee920a-5b76-40c9-afb5-f6876ba62ccb\" class=\"accordion-collapse collapse\" aria-labelledby=\"heading-deee920a-5b76-40c9-afb5-f6876ba62ccb\"><div class=\"accordion-body\">\n<p>Diese Konferenz befasst sich unter anderem mit den Themen der (Neu-)Bewertung von<\/p>\n\n\n\n<ul class=\"wp-block-list\"><li>die Verwendung von Gleichheitskonzepten in verschiedenen Disziplinen,<\/li><li>den Nutzen des Prinzips des gemeinsamen Erbes der Menschheit,<\/li><li>das Potenzial f\u00fcr eine gerechte Lastenteilung bei der Kunststoffverschmutzung,<\/li><li>Fragen der Gerechtigkeit bei der Erhaltung und Bewirtschaftung der Fischerei,<\/li><li>(Rechts-)Pers\u00f6nlichkeit als Weg in die Zukunft des Meeresrechts und der Meerespolitik.<\/li><\/ul>\n\n\n\n<p><\/p>\n\n\n\n<p>F\u00fcr weitere Informationen klicken Sie <a href=\"https:\/\/www.jura.uni-hamburg.de\/die-fakultaet\/professuren\/proelss\/wissenschaftliche-veranstaltungen\/2022-equity-in-global-ocean-law-and-governance.html\" target=\"_blank\" rel=\"noreferrer noopener\">hier<\/a>.<\/p>\n<\/div><\/div><\/div>\n\n\n\n<div class=\"wp-block-theme-spacer  height-xs\"><\/div>\n\n\n\n<h2 class=\"mb-xxxs wp-block-heading\">Unser Team f\u00fcr Marine<strong>&nbsp;Politische \u00d6kologie<\/strong><\/h2>\n\n\n\n<div class=\"wp-block-theme-section  pb-none is-fullwidth\" style=\"\"><div class=\"container\">\n<div id=\"people-block\" class=\"wp-block-theme-filter-posts\">\n\n    \n    <div id=\"append-people-block_5fd77649b8ab8\" class=\"people-query row\" aria-live=\"polite\">\n\n        \n        \n        \n            <div id=\"load-more\" class=\"col-12 mt-5 mb-5 no-link-style\"\n                 data-append-id=\"append-people-block_5fd77649b8ab8\"\n                 data-btn-text=\"Laden...\">\n                            <\/div>\n\n        \n    <\/div> \n    <p id=\"back-to-top\" class=\"container mt-5 text-right\" style=\"display:none\"><a href=\"#page\"\n                                                                                  class=\"btn btn-primary icon-round\">\n            <span class=\"sr-only\">Zur\u00fcck nach oben<\/span>\n            <svg class=\"icon icon-size-xs\">\n                <use xlink:href=\"#arrow-double-up\"\/>\n            <\/svg>\n        <\/a><\/p>\n\n<\/div> \n\n\n\n\n   <div class=\"wp-block-theme-query-posts\">\n\n                    <h2 class=\"pt-0 mb-xl container-md\">News und Artikel zum Thema<\/h2>\n        \n        <div id=\"append-posts\" class=\"row\" aria-live=\"polite\">\n\n            \n <article id=\"post-6192\" class=\"col-md-6 col-lg-4 zoom-onhover zoom-onhover-sm post-teaser-sm mb-xxl post-6192 post type-post status-publish format-standard has-post-thumbnail hentry category-einfluss-des-menschen category-nachwuchswissenschaftler-berichten tag-wg-marine-politische-okologie\">\n\n            <a class=\"post-thumbnail\" href=\"https:\/\/hifmb.de\/de\/unterwasserkabel-eine-mahnung-fuer-die-verkabelte-welt-und-politische-wesen\/\" aria-hidden=\"true\" tabindex=\"-1\"><img loading=\"lazy\" decoding=\"async\" width=\"328\" height=\"164\" src=\"https:\/\/hifmb.de\/wp-content\/uploads\/2022\/02\/cropped-RP1593_2909_Marea-328x164.jpg\" class=\"size-medium w-100 mb-2 pb-1 img-height-190 wp-post-image\" alt=\"Unterwasserkabel: Eine Mahnung f\u00fcr die verkabelte Welt und politische Wesen\" srcset=\"https:\/\/hifmb.de\/wp-content\/uploads\/2022\/02\/cropped-RP1593_2909_Marea-328x164.jpg 328w, https:\/\/hifmb.de\/wp-content\/uploads\/2022\/02\/cropped-RP1593_2909_Marea-1080x540.jpg 1080w, https:\/\/hifmb.de\/wp-content\/uploads\/2022\/02\/cropped-RP1593_2909_Marea.jpg 1440w\" sizes=\"auto, (max-width: 328px) 100vw, 328px\" \/><\/a>    \n    <div class=\"entry-meta\">\n\n        <span class=\"cat-links\"><a href=\"https:\/\/hifmb.de\/de\/kategorie\/einfluss-des-menschen\/\" rel=\"category tag\">Einfluss des Menschen<\/a> | <a href=\"https:\/\/hifmb.de\/de\/kategorie\/nachwuchswissenschaftler-berichten\/\" rel=\"category tag\">Nachwuchswissenschaftler berichten<\/a><\/span> \n    <\/div>\n\n     <header class=\"entry-header mb-2\">\n\n         <h2 class=\"entry-title pt-4 mb-0\"><a href=\"https:\/\/hifmb.de\/de\/unterwasserkabel-eine-mahnung-fuer-die-verkabelte-welt-und-politische-wesen\/\" rel=\"bookmark\" class=\"text-primary no-link-style\" id=\"teaser-headline-6192\">Unterwasserkabel: Eine Mahnung f\u00fcr die verkabelte Welt und politische Wesen<\/a><\/h2>\n         \n             <strong class=\"entry-date has-small-font-size\"><time class=\"posted-on published updated\" datetime=\"February 1, 2022\">February 1, 2022<\/time><\/strong>\n         \n     <\/header>\n\n     <div class=\"entry-excerpt\">\n\n\t\t <p>K\u00fcrzlich wurden die Menschen weltweit von den Nachrichten \u00fcber den Ausbruch eines vulkanischen Seamounts im tonganischen Meer \u00fcberrascht. Dieser Ausbruch verursachte Tsunamiwellen, die die Pazifikinseln, darunter auch die Insel Tonga, \u00fcberschwemmten. Dieser pazifische Inselstaat leidet auch unter dem Ausfall von Glasfaserkabeln, die auf dem Meeresboden liegen, in der Regel ungest\u00f6rt von menschlichen Aktivit\u00e4ten.<\/p><p><a class=\"btn btn-primary theme-read-more-link mt-3 no-link-style\"\n                    href=\"https:\/\/hifmb.de\/de\/unterwasserkabel-eine-mahnung-fuer-die-verkabelte-welt-und-politische-wesen\/\"\n                    aria-describedby=\"teaser-headline-6192\">Weiterlesen<\/a><\/p>\n     <\/div>\n\n\n\n <\/article>\n\n <article id=\"post-7462\" class=\"col-md-6 col-lg-4 zoom-onhover zoom-onhover-sm post-teaser-sm mb-xxl post-7462 post type-post status-publish format-standard has-post-thumbnail hentry category-einfluss-des-menschen category-politik-und-wissenschaft tag-wg-marine-politische-okologie\">\n\n            <a class=\"post-thumbnail\" href=\"https:\/\/hifmb.de\/de\/a-marine-political-ecology-perspective\/\" aria-hidden=\"true\" tabindex=\"-1\"><img loading=\"lazy\" decoding=\"async\" width=\"328\" height=\"164\" src=\"https:\/\/hifmb.de\/wp-content\/uploads\/2022\/01\/water-298436_1920-328x164.jpg\" class=\"size-medium w-100 mb-2 pb-1 img-height-190 wp-post-image\" alt=\"Eine marine politische \u00d6kologieperspektive\" srcset=\"https:\/\/hifmb.de\/wp-content\/uploads\/2022\/01\/water-298436_1920-328x164.jpg 328w, https:\/\/hifmb.de\/wp-content\/uploads\/2022\/01\/water-298436_1920-1080x540.jpg 1080w, https:\/\/hifmb.de\/wp-content\/uploads\/2022\/01\/water-298436_1920.jpg 1440w\" sizes=\"auto, (max-width: 328px) 100vw, 328px\" \/><\/a>    \n    <div class=\"entry-meta\">\n\n        <span class=\"cat-links\"><a href=\"https:\/\/hifmb.de\/de\/kategorie\/einfluss-des-menschen\/\" rel=\"category tag\">Einfluss des Menschen<\/a> | <a href=\"https:\/\/hifmb.de\/de\/kategorie\/politik-und-wissenschaft\/\" rel=\"category tag\">Politik und Wissenschaft<\/a><\/span> \n    <\/div>\n\n     <header class=\"entry-header mb-2\">\n\n         <h2 class=\"entry-title pt-4 mb-0\"><a href=\"https:\/\/hifmb.de\/de\/a-marine-political-ecology-perspective\/\" rel=\"bookmark\" class=\"text-primary no-link-style\" id=\"teaser-headline-7462\">Eine marine politische \u00d6kologieperspektive<\/a><\/h2>\n         \n             <strong class=\"entry-date has-small-font-size\"><time class=\"posted-on published updated\" datetime=\"January 25, 2021\">January 25, 2021<\/time><\/strong>\n         \n     <\/header>\n\n     <div class=\"entry-excerpt\">\n\n\t\t <p>Erst in den letzten Jahrzehnten haben die Sozial- und Geisteswissenschaftler ihre Disziplinen bewusst in die Tiefen des Meeres verlagert. In akademischen und politischen Kreisen wird die Berechtigung der interdisziplin\u00e4ren Meeresforschung inzwischen anerkannt. Solche Bem\u00fchungen haben die Aufmerksamkeit auf die Bedeutung des Ozeans f\u00fcr jeden Aspekt unseres Lebens gelenkt. \n\n\n\nDiese Wende hat unsere Beziehungen zu den &#8230;<\/p><p><a class=\"btn btn-primary theme-read-more-link mt-3 no-link-style\"\n                    href=\"https:\/\/hifmb.de\/de\/a-marine-political-ecology-perspective\/\"\n                    aria-describedby=\"teaser-headline-7462\">Weiterlesen<\/a><\/p>\n     <\/div>\n\n\n\n <\/article>\n\n                            <div id=\"load-more\"\n                    class=\"col-12 mt-0 mb-1 no-link-style\"\n                    data-append-id=\"append-posts\"\n                    data-btn-text=\"Laden...\">\n                    <\/div>\n            \n        <\/div>\n\n    <\/div>\n\n<\/div><\/div>\n\n\n\n<div class=\"wp-block-theme-spacer  height-xxxl\"><\/div>\n","protected":false},"excerpt":{"rendered":"<p>Erst in den letzten Jahrzehnten haben die Sozial- und Geisteswissenschaftler ihre Disziplinen bewusst in die Tiefen des Meeres verlagert. In akademischen und politischen Kreisen wird die Berechtigung der interdisziplin\u00e4ren Meeresforschung inzwischen anerkannt. Solche Bem\u00fchungen haben die Aufmerksamkeit auf die Bedeutung des Ozeans f\u00fcr jeden Aspekt unseres Lebens gelenkt. <\/p>\n<p>Diese Wende hat unsere Beziehungen zu den &#8230;<\/p>\n<p><a class=\"btn btn-primary theme-read-more-link mt-3 no-link-style\"\n                    href=\"https:\/\/hifmb.de\/de\/forschung\/arbeitsgruppen\/marine-politische-oekologie\/\"\n                    aria-describedby=\"teaser-headline-3158\">Weiterlesen<\/a><\/p>\n","protected":false},"author":3,"featured_media":2370,"parent":3172,"menu_order":8,"comment_status":"closed","ping_status":"closed","template":"","meta":{"_acf_changed":false,"footnotes":""},"class_list":["post-3158","page","type-page","status-publish","has-post-thumbnail","hentry"],"acf":[],"yoast_head":"<!-- This site is optimized with the Yoast SEO plugin v27.3 - https:\/\/yoast.com\/product\/yoast-seo-wordpress\/ -->\n<title>Marine Politische \u00d6kologie - HIFMB Oldenburg<\/title>\n<meta name=\"robots\" content=\"index, follow, max-snippet:-1, max-image-preview:large, max-video-preview:-1\" \/>\n<link rel=\"canonical\" href=\"https:\/\/hifmb.de\/de\/forschung\/arbeitsgruppen\/marine-politische-oekologie\/\" \/>\n<meta property=\"og:locale\" content=\"de_DE\" \/>\n<meta property=\"og:type\" content=\"article\" \/>\n<meta property=\"og:title\" content=\"Marine Politische \u00d6kologie - HIFMB Oldenburg\" \/>\n<meta property=\"og:description\" content=\"Erst in den letzten Jahrzehnten haben die Sozial- und Geisteswissenschaftler ihre Disziplinen bewusst in die Tiefen des Meeres verlagert. In akademischen und politischen Kreisen wird die Berechtigung der interdisziplin\u00e4ren Meeresforschung inzwischen anerkannt. Solche Bem\u00fchungen haben die Aufmerksamkeit auf die Bedeutung des Ozeans f\u00fcr jeden Aspekt unseres Lebens gelenkt.   Diese Wende hat unsere Beziehungen zu den ...Weiterlesen\" \/>\n<meta property=\"og:url\" content=\"https:\/\/hifmb.de\/de\/forschung\/arbeitsgruppen\/marine-politische-oekologie\/\" \/>\n<meta property=\"og:site_name\" content=\"HIFMB Oldenburg\" \/>\n<meta property=\"article:modified_time\" content=\"2022-05-25T09:42:52+00:00\" \/>\n<meta property=\"og:image\" content=\"https:\/\/hifmb.de\/wp-content\/uploads\/2021\/01\/hifmb-marine-political.jpg\" \/>\n\t<meta property=\"og:image:width\" content=\"2560\" \/>\n\t<meta property=\"og:image:height\" content=\"720\" \/>\n\t<meta property=\"og:image:type\" content=\"image\/jpeg\" \/>\n<meta name=\"twitter:card\" content=\"summary_large_image\" \/>\n<meta name=\"twitter:label1\" content=\"Est. reading time\" \/>\n\t<meta name=\"twitter:data1\" content=\"2 minutes\" \/>\n<script type=\"application\/ld+json\" class=\"yoast-schema-graph\">{\"@context\":\"https:\\\/\\\/schema.org\",\"@graph\":[{\"@type\":\"WebPage\",\"@id\":\"https:\\\/\\\/hifmb.de\\\/de\\\/forschung\\\/arbeitsgruppen\\\/marine-politische-oekologie\\\/\",\"url\":\"https:\\\/\\\/hifmb.de\\\/de\\\/forschung\\\/arbeitsgruppen\\\/marine-politische-oekologie\\\/\",\"name\":\"Marine Politische \u00d6kologie - HIFMB Oldenburg\",\"isPartOf\":{\"@id\":\"https:\\\/\\\/hifmb.de\\\/#website\"},\"primaryImageOfPage\":{\"@id\":\"https:\\\/\\\/hifmb.de\\\/de\\\/forschung\\\/arbeitsgruppen\\\/marine-politische-oekologie\\\/#primaryimage\"},\"image\":{\"@id\":\"https:\\\/\\\/hifmb.de\\\/de\\\/forschung\\\/arbeitsgruppen\\\/marine-politische-oekologie\\\/#primaryimage\"},\"thumbnailUrl\":\"https:\\\/\\\/hifmb.de\\\/wp-content\\\/uploads\\\/2021\\\/01\\\/hifmb-marine-political.jpg\",\"datePublished\":\"2021-01-07T13:02:16+00:00\",\"dateModified\":\"2022-05-25T09:42:52+00:00\",\"breadcrumb\":{\"@id\":\"https:\\\/\\\/hifmb.de\\\/de\\\/forschung\\\/arbeitsgruppen\\\/marine-politische-oekologie\\\/#breadcrumb\"},\"inLanguage\":\"de-DE\",\"potentialAction\":[{\"@type\":\"ReadAction\",\"target\":[\"https:\\\/\\\/hifmb.de\\\/de\\\/forschung\\\/arbeitsgruppen\\\/marine-politische-oekologie\\\/\"]}]},{\"@type\":\"ImageObject\",\"inLanguage\":\"de-DE\",\"@id\":\"https:\\\/\\\/hifmb.de\\\/de\\\/forschung\\\/arbeitsgruppen\\\/marine-politische-oekologie\\\/#primaryimage\",\"url\":\"https:\\\/\\\/hifmb.de\\\/wp-content\\\/uploads\\\/2021\\\/01\\\/hifmb-marine-political.jpg\",\"contentUrl\":\"https:\\\/\\\/hifmb.de\\\/wp-content\\\/uploads\\\/2021\\\/01\\\/hifmb-marine-political.jpg\",\"width\":2560,\"height\":720,\"caption\":\"Bild von Fischer\"},{\"@type\":\"BreadcrumbList\",\"@id\":\"https:\\\/\\\/hifmb.de\\\/de\\\/forschung\\\/arbeitsgruppen\\\/marine-politische-oekologie\\\/#breadcrumb\",\"itemListElement\":[{\"@type\":\"ListItem\",\"position\":1,\"name\":\"Home\",\"item\":\"https:\\\/\\\/hifmb.de\\\/de\\\/\"},{\"@type\":\"ListItem\",\"position\":2,\"name\":\"Forschung\",\"item\":\"https:\\\/\\\/hifmb.de\\\/de\\\/forschung\\\/\"},{\"@type\":\"ListItem\",\"position\":3,\"name\":\"Arbeitsgruppen\",\"item\":\"https:\\\/\\\/hifmb.de.w01b8649.kasserver.com\\\/de\\\/forschung\\\/arbeitsgruppen\\\/\"},{\"@type\":\"ListItem\",\"position\":4,\"name\":\"Marine Politische \u00d6kologie\"}]},{\"@type\":\"WebSite\",\"@id\":\"https:\\\/\\\/hifmb.de\\\/#website\",\"url\":\"https:\\\/\\\/hifmb.de\\\/\",\"name\":\"HIFMB Oldenburg\",\"description\":\"The Helmholtz Institute for Functional Marine Biodiversity (HIFMB)\",\"publisher\":{\"@id\":\"https:\\\/\\\/hifmb.de\\\/#organization\"},\"potentialAction\":[{\"@type\":\"SearchAction\",\"target\":{\"@type\":\"EntryPoint\",\"urlTemplate\":\"https:\\\/\\\/hifmb.de\\\/?s={search_term_string}\"},\"query-input\":{\"@type\":\"PropertyValueSpecification\",\"valueRequired\":true,\"valueName\":\"search_term_string\"}}],\"inLanguage\":\"de-DE\"},{\"@type\":\"Organization\",\"@id\":\"https:\\\/\\\/hifmb.de\\\/#organization\",\"name\":\"HIFMB Oldenburg\",\"url\":\"https:\\\/\\\/hifmb.de\\\/\",\"logo\":{\"@type\":\"ImageObject\",\"inLanguage\":\"de-DE\",\"@id\":\"https:\\\/\\\/hifmb.de\\\/#\\\/schema\\\/logo\\\/image\\\/\",\"url\":\"https:\\\/\\\/hifmb.de\\\/wp-content\\\/uploads\\\/2021\\\/01\\\/hifmb-logo-neg-de.svg\",\"contentUrl\":\"https:\\\/\\\/hifmb.de\\\/wp-content\\\/uploads\\\/2021\\\/01\\\/hifmb-logo-neg-de.svg\",\"width\":300,\"height\":87,\"caption\":\"HIFMB Oldenburg\"},\"image\":{\"@id\":\"https:\\\/\\\/hifmb.de\\\/#\\\/schema\\\/logo\\\/image\\\/\"}}]}<\/script>\n<!-- \/ Yoast SEO plugin. -->","yoast_head_json":{"title":"Marine Politische \u00d6kologie - HIFMB Oldenburg","robots":{"index":"index","follow":"follow","max-snippet":"max-snippet:-1","max-image-preview":"max-image-preview:large","max-video-preview":"max-video-preview:-1"},"canonical":"https:\/\/hifmb.de\/de\/forschung\/arbeitsgruppen\/marine-politische-oekologie\/","og_locale":"de_DE","og_type":"article","og_title":"Marine Politische \u00d6kologie - HIFMB Oldenburg","og_description":"Erst in den letzten Jahrzehnten haben die Sozial- und Geisteswissenschaftler ihre Disziplinen bewusst in die Tiefen des Meeres verlagert. In akademischen und politischen Kreisen wird die Berechtigung der interdisziplin\u00e4ren Meeresforschung inzwischen anerkannt. Solche Bem\u00fchungen haben die Aufmerksamkeit auf die Bedeutung des Ozeans f\u00fcr jeden Aspekt unseres Lebens gelenkt.   Diese Wende hat unsere Beziehungen zu den ...Weiterlesen","og_url":"https:\/\/hifmb.de\/de\/forschung\/arbeitsgruppen\/marine-politische-oekologie\/","og_site_name":"HIFMB Oldenburg","article_modified_time":"2022-05-25T09:42:52+00:00","og_image":[{"width":2560,"height":720,"url":"https:\/\/hifmb.de\/wp-content\/uploads\/2021\/01\/hifmb-marine-political.jpg","type":"image\/jpeg"}],"twitter_card":"summary_large_image","twitter_misc":{"Est. reading time":"2 minutes"},"schema":{"@context":"https:\/\/schema.org","@graph":[{"@type":"WebPage","@id":"https:\/\/hifmb.de\/de\/forschung\/arbeitsgruppen\/marine-politische-oekologie\/","url":"https:\/\/hifmb.de\/de\/forschung\/arbeitsgruppen\/marine-politische-oekologie\/","name":"Marine Politische \u00d6kologie - HIFMB Oldenburg","isPartOf":{"@id":"https:\/\/hifmb.de\/#website"},"primaryImageOfPage":{"@id":"https:\/\/hifmb.de\/de\/forschung\/arbeitsgruppen\/marine-politische-oekologie\/#primaryimage"},"image":{"@id":"https:\/\/hifmb.de\/de\/forschung\/arbeitsgruppen\/marine-politische-oekologie\/#primaryimage"},"thumbnailUrl":"https:\/\/hifmb.de\/wp-content\/uploads\/2021\/01\/hifmb-marine-political.jpg","datePublished":"2021-01-07T13:02:16+00:00","dateModified":"2022-05-25T09:42:52+00:00","breadcrumb":{"@id":"https:\/\/hifmb.de\/de\/forschung\/arbeitsgruppen\/marine-politische-oekologie\/#breadcrumb"},"inLanguage":"de-DE","potentialAction":[{"@type":"ReadAction","target":["https:\/\/hifmb.de\/de\/forschung\/arbeitsgruppen\/marine-politische-oekologie\/"]}]},{"@type":"ImageObject","inLanguage":"de-DE","@id":"https:\/\/hifmb.de\/de\/forschung\/arbeitsgruppen\/marine-politische-oekologie\/#primaryimage","url":"https:\/\/hifmb.de\/wp-content\/uploads\/2021\/01\/hifmb-marine-political.jpg","contentUrl":"https:\/\/hifmb.de\/wp-content\/uploads\/2021\/01\/hifmb-marine-political.jpg","width":2560,"height":720,"caption":"Bild von Fischer"},{"@type":"BreadcrumbList","@id":"https:\/\/hifmb.de\/de\/forschung\/arbeitsgruppen\/marine-politische-oekologie\/#breadcrumb","itemListElement":[{"@type":"ListItem","position":1,"name":"Home","item":"https:\/\/hifmb.de\/de\/"},{"@type":"ListItem","position":2,"name":"Forschung","item":"https:\/\/hifmb.de\/de\/forschung\/"},{"@type":"ListItem","position":3,"name":"Arbeitsgruppen","item":"https:\/\/hifmb.de.w01b8649.kasserver.com\/de\/forschung\/arbeitsgruppen\/"},{"@type":"ListItem","position":4,"name":"Marine Politische \u00d6kologie"}]},{"@type":"WebSite","@id":"https:\/\/hifmb.de\/#website","url":"https:\/\/hifmb.de\/","name":"HIFMB Oldenburg","description":"The Helmholtz Institute for Functional Marine Biodiversity (HIFMB)","publisher":{"@id":"https:\/\/hifmb.de\/#organization"},"potentialAction":[{"@type":"SearchAction","target":{"@type":"EntryPoint","urlTemplate":"https:\/\/hifmb.de\/?s={search_term_string}"},"query-input":{"@type":"PropertyValueSpecification","valueRequired":true,"valueName":"search_term_string"}}],"inLanguage":"de-DE"},{"@type":"Organization","@id":"https:\/\/hifmb.de\/#organization","name":"HIFMB Oldenburg","url":"https:\/\/hifmb.de\/","logo":{"@type":"ImageObject","inLanguage":"de-DE","@id":"https:\/\/hifmb.de\/#\/schema\/logo\/image\/","url":"https:\/\/hifmb.de\/wp-content\/uploads\/2021\/01\/hifmb-logo-neg-de.svg","contentUrl":"https:\/\/hifmb.de\/wp-content\/uploads\/2021\/01\/hifmb-logo-neg-de.svg","width":300,"height":87,"caption":"HIFMB Oldenburg"},"image":{"@id":"https:\/\/hifmb.de\/#\/schema\/logo\/image\/"}}]}},"_links":{"self":[{"href":"https:\/\/hifmb.de\/de\/wp-json\/wp\/v2\/pages\/3158","targetHints":{"allow":["GET"]}}],"collection":[{"href":"https:\/\/hifmb.de\/de\/wp-json\/wp\/v2\/pages"}],"about":[{"href":"https:\/\/hifmb.de\/de\/wp-json\/wp\/v2\/types\/page"}],"author":[{"embeddable":true,"href":"https:\/\/hifmb.de\/de\/wp-json\/wp\/v2\/users\/3"}],"replies":[{"embeddable":true,"href":"https:\/\/hifmb.de\/de\/wp-json\/wp\/v2\/comments?post=3158"}],"version-history":[{"count":5,"href":"https:\/\/hifmb.de\/de\/wp-json\/wp\/v2\/pages\/3158\/revisions"}],"predecessor-version":[{"id":7498,"href":"https:\/\/hifmb.de\/de\/wp-json\/wp\/v2\/pages\/3158\/revisions\/7498"}],"up":[{"embeddable":true,"href":"https:\/\/hifmb.de\/de\/wp-json\/wp\/v2\/pages\/3172"}],"wp:featuredmedia":[{"embeddable":true,"href":"https:\/\/hifmb.de\/de\/wp-json\/wp\/v2\/media\/2370"}],"wp:attachment":[{"href":"https:\/\/hifmb.de\/de\/wp-json\/wp\/v2\/media?parent=3158"}],"curies":[{"name":"wp","href":"https:\/\/api.w.org\/{rel}","templated":true}]}}