{"id":3159,"date":"2021-01-07T12:58:26","date_gmt":"2021-01-07T12:58:26","guid":{"rendered":"http:\/\/hifmb.de.w01b8649.kasserver.com\/marine-molecular-ecology\/"},"modified":"2026-01-19T09:43:19","modified_gmt":"2026-01-19T08:43:19","slug":"planktologie","status":"publish","type":"page","link":"https:\/\/hifmb.de\/de\/forschung\/arbeitsgruppen\/planktologie\/","title":{"rendered":"Planktologie"},"content":{"rendered":"\n<div class=\"wp-block-theme-spacer  height-xxs\"><\/div>\n\n\n\n<p>Die <strong>Projektgruppe Planktologie untersucht die komplexen R\u00fcckkopplungen zwischen der Umwelt und den Planktongemeinschaften in verschiedenen \u00f6kologischen Bereichen und Dimensionen<\/strong>, in erster Linie unter dem Blickwinkel der \u00f6kologischen St\u00f6chiometrie, der trophischen Interaktionen, der eigenschaftsbasierten Gemeinschafts\u00f6kologie und der Metacommunity-Theorie. Unser Ziel ist es, den <strong>Wandel der biologischen Vielfalt und seine Folgen f\u00fcr \u00d6kosystemprozesse zu verstehen<\/strong>, wobei wir uns auf experimentelle Ans\u00e4tze in Kombination mit Feldbeobachtungen und quantitativen Synthesen konzentrieren.<\/p>\n\n\n\n<p>Die Projektgruppe am HIFMB konzentriert sich haupts\u00e4chlich auf die molekulare Untersuchung von Planktonorganismen (z. B. mittels eDNA) und die Analyse von Untersuchungsdaten im Kontext des \u00d6kosystemmanagements. Die HIFMB-Gruppe ist personell und projektbezogen eng mit der Gruppe Plankton\u00f6kologie der Universit\u00e4t Oldenburg verbunden. Diese Gruppe am ICBM hat ihren Sitz in Wilhelmshaven und konzentriert sich auf experimentelle und Feld\u00f6kologie.<\/p>\n\n\n\n<div class=\"wp-block-buttons is-layout-flex wp-block-buttons-is-layout-flex\">\n<div class=\"wp-block-button\"><a class=\"wp-block-button__link wp-element-button\" href=\"https:\/\/uol.de\/icbm\/planktologie\">Zur Homepage der Universit\u00e4tsgruppe<\/a><\/div>\n<\/div>\n\n\n\n<div class=\"wp-block-theme-spacer\"><\/div>\n\n\n\n<h2 class=\"wp-block-heading\">Hinweis f\u00fcr Studierende<\/h2>\n\n\n\n<p>Die Teams f\u00fcr Plankton\u00f6kologie am HIFMB und am ICBM bieten <strong>M\u00f6glichkeiten f\u00fcr Studierende, Doktoranden und Postdoktoranden.<\/strong><\/p>\n\n\n\n<p>Bachelor- und Masterstudierende k\u00f6nnen sich per E-Mail an einen der leitenden Wissenschaftler der Gruppen \u00fcber Themen f\u00fcr Abschlussarbeiten oder individuelle Forschungsprojekte im Rahmen ihres Studiums erkundigen. Bitte beachten Sie die unterschiedlichen Schwerpunkte der Gruppen: Molekulare Arbeit passt eher zum HIFMB, w\u00e4hrend experimentelle \u00d6kologie haupts\u00e4chlich am ICBM Wilhelmshaven stattfindet. Neben diesen empirischen Projekten bieten wir auch datengest\u00fctzte Projekte an, bei denen mit vorhandenen \u00f6kologischen Daten gearbeitet wird. Bitte geben Sie in Ihrer E-Mail an, in welchem Studiengang Sie eingeschrieben sind, welches Modul oder welche Abschlussarbeit Sie anstreben und welcher Zeitrahmen f\u00fcr Sie bevorzugt w\u00e4re. Bitte geben Sie auch an, ob Sie an experimenteller, Feld- oder datengest\u00fctzter Arbeit interessiert sind. Bitte beachten Sie, dass empirische Arbeit Vorbereitung erfordert und in saisonale und projektbezogene Zeitrahmen passen muss, w\u00e4hrend die Datenanalyse zeitlich flexibler sein kann. Wir werden Ihnen dann m\u00f6gliche Themen vorschlagen.<\/p>\n\n\n\n<p>Doktoranden und Postdocs: Im Gegensatz zu anderen Regionen der Welt werden Doktoranden- und Postdoc-Projekte in Deutschland in der Regel durch Anstellungen finanziert, und die entsprechenden Stellen werden \u00f6ffentlich ausgeschrieben. Bitte beachten Sie die <a href=\"https:\/\/hifmb.de\/de\/news\/jobs\/\">Stellenangebote am HIFMB<\/a> und auf der <a href=\"https:\/\/uol.de\/jobs\">Stellenseite der Universit\u00e4t<\/a>. Dort finden Sie alle Stellenangebote, die wir als Gruppe anbieten. Bitte beachten Sie, dass wir nur sehr begrenzte Kapazit\u00e4ten f\u00fcr zus\u00e4tzliche Projekte in Form von Stipendien oder Forschungsstipendien haben.<\/p>\n\n\n\n<div class=\"wp-block-theme-spacer  height-xs\"><\/div>\n\n\n\n<h2 class=\"wp-block-heading\">Unser Team f\u00fcr Planktologie<\/h2>\n\n\n\n<div class=\"wp-block-theme-section  pb-none is-fullwidth\" style=\"\"><div class=\"container\">\n<div id=\"people-block\" class=\"wp-block-theme-filter-posts\">\n\n    <h3 class=\"pt-0 mb-xl container-md\">Gruppenleitung<\/h3><div class=\"row\"><article id=\"post-951\" class=\"people-teaser zoom-onhover col-12 col-sm-6 col-md-4 col-lg-3 mb-xxl post-951 people type-people status-publish has-post-thumbnail hentry\">\n\n            <a class=\"post-thumbnail\" href=\"https:\/\/hifmb.de\/de\/personen\/helmut-hillebrand\/\" aria-hidden=\"true\" tabindex=\"-1\"><img loading=\"lazy\" decoding=\"async\" width=\"328\" height=\"328\" src=\"https:\/\/hifmb.de\/wp-content\/uploads\/2020\/10\/Helmut_Hillebrand-328x328.png\" class=\"size-medium w-100 img-bordered people-teaser--img-main wp-post-image\" alt=\"Helmut Hillebrand\" srcset=\"https:\/\/hifmb.de\/wp-content\/uploads\/2020\/10\/Helmut_Hillebrand-328x328.png 328w, https:\/\/hifmb.de\/wp-content\/uploads\/2020\/10\/Helmut_Hillebrand-150x150.png 150w, https:\/\/hifmb.de\/wp-content\/uploads\/2020\/10\/Helmut_Hillebrand.png 700w\" sizes=\"auto, (max-width: 328px) 100vw, 328px\" \/><\/a>    \n    <header class=\"entry-header\">\n\n        <h2 class=\"entry-title pt-2 mb-xxxs\"><a href=\"https:\/\/hifmb.de\/de\/personen\/helmut-hillebrand\/\" rel=\"bookmark\" class=\"no-link-style people-teaser-title\">Helmut Hillebrand<\/a><\/h2>\n        <div><strong>Arbeitsgruppenleiter<\/strong><\/div>\n        <span>Planktologe<\/span>\n\n\n\n    <\/header>\n\n<\/article>\n<\/div>\n        <h3 class=\"pt-0 mb-xl container-md\">Team<\/h3>\n    \n    <div id=\"append-people-block_957a19464dda284739f1b0567d7f4352\" class=\"people-query row\" aria-live=\"polite\">\n\n        \n        <article id=\"post-1674\" class=\"people-teaser zoom-onhover col-12 col-sm-6 col-md-4 col-lg-3 mb-xxl post-1674 people type-people status-publish has-post-thumbnail hentry\">\n\n            <a class=\"post-thumbnail\" href=\"https:\/\/hifmb.de\/de\/personen\/alica-ohnesorge\/\" aria-hidden=\"true\" tabindex=\"-1\"><img loading=\"lazy\" decoding=\"async\" width=\"328\" height=\"328\" src=\"https:\/\/hifmb.de\/wp-content\/uploads\/2020\/12\/Ohnesorge-328x328.png\" class=\"size-medium w-100 img-bordered people-teaser--img-main wp-post-image\" alt=\"Alica Ohnesorge\" srcset=\"https:\/\/hifmb.de\/wp-content\/uploads\/2020\/12\/Ohnesorge-328x328.png 328w, https:\/\/hifmb.de\/wp-content\/uploads\/2020\/12\/Ohnesorge-150x150.png 150w, https:\/\/hifmb.de\/wp-content\/uploads\/2020\/12\/Ohnesorge.png 562w\" sizes=\"auto, (max-width: 328px) 100vw, 328px\" \/><\/a>    \n    <header class=\"entry-header\">\n\n        <h2 class=\"entry-title pt-2 mb-xxxs\"><a href=\"https:\/\/hifmb.de\/de\/personen\/alica-ohnesorge\/\" rel=\"bookmark\" class=\"no-link-style people-teaser-title\">Alica Ohnesorge<\/a><\/h2>\n        \n        <span>Molekular\u00f6kologin<\/span>\n\n\n\n    <\/header>\n\n<\/article>\n<article id=\"post-5936\" class=\"people-teaser zoom-onhover col-12 col-sm-6 col-md-4 col-lg-3 mb-xxl post-5936 people type-people status-publish has-post-thumbnail hentry\">\n\n            <a class=\"post-thumbnail\" href=\"https:\/\/hifmb.de\/de\/personen\/amelie-luhede\/\" aria-hidden=\"true\" tabindex=\"-1\"><img loading=\"lazy\" decoding=\"async\" width=\"328\" height=\"328\" src=\"https:\/\/hifmb.de\/wp-content\/uploads\/2022\/01\/ALuhede-328x328.jpg\" class=\"size-medium w-100 img-bordered people-teaser--img-main wp-post-image\" alt=\"Amelie Luhede\" srcset=\"https:\/\/hifmb.de\/wp-content\/uploads\/2022\/01\/ALuhede-328x328.jpg 328w, https:\/\/hifmb.de\/wp-content\/uploads\/2022\/01\/ALuhede-150x150.jpg 150w, https:\/\/hifmb.de\/wp-content\/uploads\/2022\/01\/ALuhede.jpg 562w\" sizes=\"auto, (max-width: 328px) 100vw, 328px\" \/><\/a>    \n    <header class=\"entry-header\">\n\n        <h2 class=\"entry-title pt-2 mb-xxxs\"><a href=\"https:\/\/hifmb.de\/de\/personen\/amelie-luhede\/\" rel=\"bookmark\" class=\"no-link-style people-teaser-title\">Amelie Luhede<\/a><\/h2>\n        \n        <span>Interdisziplin\u00e4re Postdoktorandin <\/span>\n\n\n\n    <\/header>\n\n<\/article>\n<article id=\"post-10771\" class=\"people-teaser zoom-onhover col-12 col-sm-6 col-md-4 col-lg-3 mb-xxl post-10771 people type-people status-publish has-post-thumbnail hentry\">\n\n            <a class=\"post-thumbnail\" href=\"https:\/\/hifmb.de\/de\/personen\/dandan-izabel-shen\/\" aria-hidden=\"true\" tabindex=\"-1\"><img loading=\"lazy\" decoding=\"async\" width=\"328\" height=\"328\" src=\"https:\/\/hifmb.de\/wp-content\/uploads\/2023\/04\/Dandan-Shen-328x328.jpg\" class=\"size-medium w-100 img-bordered people-teaser--img-main wp-post-image\" alt=\"Dandan Izabel-Shen\" srcset=\"https:\/\/hifmb.de\/wp-content\/uploads\/2023\/04\/Dandan-Shen-328x328.jpg 328w, https:\/\/hifmb.de\/wp-content\/uploads\/2023\/04\/Dandan-Shen-150x150.jpg 150w, https:\/\/hifmb.de\/wp-content\/uploads\/2023\/04\/Dandan-Shen.jpg 562w\" sizes=\"auto, (max-width: 328px) 100vw, 328px\" \/><\/a>    \n    <header class=\"entry-header\">\n\n        <h2 class=\"entry-title pt-2 mb-xxxs\"><a href=\"https:\/\/hifmb.de\/de\/personen\/dandan-izabel-shen\/\" rel=\"bookmark\" class=\"no-link-style people-teaser-title\">Dandan Izabel-Shen<\/a><\/h2>\n        \n        <span>Mikrobielle\/ Molekulare \u00d6kologin<\/span>\n\n\n\n    <\/header>\n\n<\/article>\n<article id=\"post-1593\" class=\"people-teaser zoom-onhover col-12 col-sm-6 col-md-4 col-lg-3 mb-xxl post-1593 people type-people status-publish has-post-thumbnail hentry\">\n\n            <a class=\"post-thumbnail\" href=\"https:\/\/hifmb.de\/de\/personen\/jan-claas-dajka\/\" aria-hidden=\"true\" tabindex=\"-1\"><img loading=\"lazy\" decoding=\"async\" width=\"328\" height=\"328\" src=\"https:\/\/hifmb.de\/wp-content\/uploads\/2020\/12\/Jan-Claas-Dajka-328x328.jpg\" class=\"size-medium w-100 img-bordered people-teaser--img-main wp-post-image\" alt=\"Jan-Claas Dajka\" srcset=\"https:\/\/hifmb.de\/wp-content\/uploads\/2020\/12\/Jan-Claas-Dajka-328x328.jpg 328w, https:\/\/hifmb.de\/wp-content\/uploads\/2020\/12\/Jan-Claas-Dajka-150x150.jpg 150w, https:\/\/hifmb.de\/wp-content\/uploads\/2020\/12\/Jan-Claas-Dajka.jpg 562w\" sizes=\"auto, (max-width: 328px) 100vw, 328px\" \/><\/a>    \n    <header class=\"entry-header\">\n\n        <h2 class=\"entry-title pt-2 mb-xxxs\"><a href=\"https:\/\/hifmb.de\/de\/personen\/jan-claas-dajka\/\" rel=\"bookmark\" class=\"no-link-style people-teaser-title\">Jan-Claas Dajka<\/a><\/h2>\n        \n        <span>Meeres\u00f6kologe<\/span>\n\n\n\n    <\/header>\n\n<\/article>\n<article id=\"post-6348\" class=\"people-teaser zoom-onhover col-12 col-sm-6 col-md-4 col-lg-3 mb-xxl post-6348 people type-people status-publish has-post-thumbnail hentry\">\n\n            <a class=\"post-thumbnail\" href=\"https:\/\/hifmb.de\/de\/personen\/kingsly-chuo-beng\/\" aria-hidden=\"true\" tabindex=\"-1\"><img loading=\"lazy\" decoding=\"async\" width=\"328\" height=\"328\" src=\"https:\/\/hifmb.de\/wp-content\/uploads\/2022\/02\/KCBeng-002-328x328.jpg\" class=\"size-medium w-100 img-bordered people-teaser--img-main wp-post-image\" alt=\"Kingsly Chuo Beng\" srcset=\"https:\/\/hifmb.de\/wp-content\/uploads\/2022\/02\/KCBeng-002-328x328.jpg 328w, https:\/\/hifmb.de\/wp-content\/uploads\/2022\/02\/KCBeng-002-150x150.jpg 150w, https:\/\/hifmb.de\/wp-content\/uploads\/2022\/02\/KCBeng-002.jpg 562w\" sizes=\"auto, (max-width: 328px) 100vw, 328px\" \/><\/a>    \n    <header class=\"entry-header\">\n\n        <h2 class=\"entry-title pt-2 mb-xxxs\"><a href=\"https:\/\/hifmb.de\/de\/personen\/kingsly-chuo-beng\/\" rel=\"bookmark\" class=\"no-link-style people-teaser-title\">Kingsly Chuo Beng<\/a><\/h2>\n        \n        <span>\u00d6kologe<\/span>\n\n\n\n    <\/header>\n\n<\/article>\n<article id=\"post-8387\" class=\"people-teaser zoom-onhover col-12 col-sm-6 col-md-4 col-lg-3 mb-xxl post-8387 people type-people status-publish has-post-thumbnail hentry\">\n\n            <a class=\"post-thumbnail\" href=\"https:\/\/hifmb.de\/de\/personen\/maurits-halbach\/\" aria-hidden=\"true\" tabindex=\"-1\"><img loading=\"lazy\" decoding=\"async\" width=\"328\" height=\"328\" src=\"https:\/\/hifmb.de\/wp-content\/uploads\/2022\/11\/Maurits-Halbach-Portrait-square-328x328.jpg\" class=\"size-medium w-100 img-bordered people-teaser--img-main wp-post-image\" alt=\"Maurits Halbach\" srcset=\"https:\/\/hifmb.de\/wp-content\/uploads\/2022\/11\/Maurits-Halbach-Portrait-square-328x328.jpg 328w, https:\/\/hifmb.de\/wp-content\/uploads\/2022\/11\/Maurits-Halbach-Portrait-square-150x150.jpg 150w, https:\/\/hifmb.de\/wp-content\/uploads\/2022\/11\/Maurits-Halbach-Portrait-square.jpg 562w\" sizes=\"auto, (max-width: 328px) 100vw, 328px\" \/><\/a>    \n    <header class=\"entry-header\">\n\n        <h2 class=\"entry-title pt-2 mb-xxxs\"><a href=\"https:\/\/hifmb.de\/de\/personen\/maurits-halbach\/\" rel=\"bookmark\" class=\"no-link-style people-teaser-title\">Maurits Halbach<\/a><\/h2>\n        \n        <span>Integrativer Wissenschaftler<\/span>\n\n\n\n    <\/header>\n\n<\/article>\n<article id=\"post-1655\" class=\"people-teaser zoom-onhover col-12 col-sm-6 col-md-4 col-lg-3 mb-xxl post-1655 people type-people status-publish has-post-thumbnail hentry\">\n\n            <a class=\"post-thumbnail\" href=\"https:\/\/hifmb.de\/de\/personen\/silke-laakmann\/\" aria-hidden=\"true\" tabindex=\"-1\"><img loading=\"lazy\" decoding=\"async\" width=\"328\" height=\"328\" src=\"https:\/\/hifmb.de\/wp-content\/uploads\/2020\/12\/Portrait_Silke_Laakmann-328x328.jpg\" class=\"size-medium w-100 img-bordered people-teaser--img-main wp-post-image\" alt=\"Silke Laakmann\" srcset=\"https:\/\/hifmb.de\/wp-content\/uploads\/2020\/12\/Portrait_Silke_Laakmann-328x328.jpg 328w, https:\/\/hifmb.de\/wp-content\/uploads\/2020\/12\/Portrait_Silke_Laakmann-150x150.jpg 150w, https:\/\/hifmb.de\/wp-content\/uploads\/2020\/12\/Portrait_Silke_Laakmann.jpg 562w\" sizes=\"auto, (max-width: 328px) 100vw, 328px\" \/><\/a>    \n    <header class=\"entry-header\">\n\n        <h2 class=\"entry-title pt-2 mb-xxxs\"><a href=\"https:\/\/hifmb.de\/de\/personen\/silke-laakmann\/\" rel=\"bookmark\" class=\"no-link-style people-teaser-title\">Silke Laakmann<\/a><\/h2>\n        \n        <span>Meeresbiologin<\/span>\n\n\n\n    <\/header>\n\n<\/article>\n\n        \n            <div id=\"load-more\" class=\"col-12 mt-5 mb-5 no-link-style\"\n                 data-append-id=\"append-people-block_957a19464dda284739f1b0567d7f4352\"\n                 data-btn-text=\"Laden...\">\n                            <\/div>\n\n        \n    <\/div> \n    <p id=\"back-to-top\" class=\"container mt-5 text-right\" style=\"display:none\"><a href=\"#page\"\n                                                                                  class=\"btn btn-primary icon-round\">\n            <span class=\"sr-only\">Zur\u00fcck nach oben<\/span>\n            <svg class=\"icon icon-size-xs\">\n                <use xlink:href=\"#arrow-double-up\"\/>\n            <\/svg>\n        <\/a><\/p>\n\n<\/div> <\/div><\/div>\n\n\n\n<div class=\"wp-block-theme-spacer  height-xxxl\"><\/div>\n","protected":false},"excerpt":{"rendered":"<p>Vita<\/p>\n<p>2024 &#8211; heuteWissenschaftlerin in der Projektgruppe Planktologie am Helmholtz-Institut f\u00fcr Funktionelle Marine Biodiversit\u00e4t an der Universit\u00e4t Oldenburg (HIFMB)<\/p>\n<p>2018 &#8211; 2024Leitung der Forschunsgruppe Marine Molekular\u00f6kologie am Helmholtz-Institut f\u00fcr Funktionelle Marine Biodiversit\u00e4t an der Universit\u00e4t Oldenburg (HIFMB)<\/p>\n<p>2017 &#8211; 2018 EXIST Business Start-up Grant<\/p>\n<p>2010 &#8211; 2017Postdoktorandin, Deutsches Zentrum f\u00fcr Marine Biodiversit\u00e4tsforschung (DZMB), Senckenberg am Meer, Wilhelmshaven, Deutschland<\/p>\n<p>2009 &#8211; &#8230;<\/p>\n<p><a class=\"btn btn-primary theme-read-more-link mt-3 no-link-style\"\n                    href=\"https:\/\/hifmb.de\/de\/forschung\/arbeitsgruppen\/planktologie\/\"\n                    aria-describedby=\"teaser-headline-3159\">Weiterlesen<\/a><\/p>\n","protected":false},"author":3,"featured_media":1899,"parent":3172,"menu_order":9,"comment_status":"closed","ping_status":"closed","template":"","meta":{"_acf_changed":false,"footnotes":""},"class_list":["post-3159","page","type-page","status-publish","has-post-thumbnail","hentry"],"acf":[],"yoast_head":"<!-- This site is optimized with the Yoast SEO plugin v27.3 - https:\/\/yoast.com\/product\/yoast-seo-wordpress\/ -->\n<title>Planktologie - HIFMB Oldenburg<\/title>\n<meta name=\"robots\" content=\"index, follow, max-snippet:-1, max-image-preview:large, max-video-preview:-1\" \/>\n<link rel=\"canonical\" href=\"https:\/\/hifmb.de\/de\/forschung\/arbeitsgruppen\/planktologie\/\" \/>\n<meta property=\"og:locale\" content=\"de_DE\" \/>\n<meta property=\"og:type\" content=\"article\" \/>\n<meta property=\"og:title\" content=\"Planktologie - HIFMB Oldenburg\" \/>\n<meta property=\"og:description\" content=\"Vita  2024 &#8211; heuteWissenschaftlerin in der Projektgruppe Planktologie am Helmholtz-Institut f\u00fcr Funktionelle Marine Biodiversit\u00e4t an der Universit\u00e4t Oldenburg (HIFMB)  2018 &#8211; 2024Leitung der Forschunsgruppe Marine Molekular\u00f6kologie am Helmholtz-Institut f\u00fcr Funktionelle Marine Biodiversit\u00e4t an der Universit\u00e4t Oldenburg (HIFMB)  2017 &#8211; 2018 EXIST Business Start-up Grant  2010 &#8211; 2017Postdoktorandin, Deutsches Zentrum f\u00fcr Marine Biodiversit\u00e4tsforschung (DZMB), Senckenberg am Meer, Wilhelmshaven, Deutschland  2009 &#8211; ...Weiterlesen\" \/>\n<meta property=\"og:url\" content=\"https:\/\/hifmb.de\/de\/forschung\/arbeitsgruppen\/planktologie\/\" \/>\n<meta property=\"og:site_name\" content=\"HIFMB Oldenburg\" \/>\n<meta property=\"article:modified_time\" content=\"2026-01-19T08:43:19+00:00\" \/>\n<meta property=\"og:image\" content=\"https:\/\/hifmb.de\/wp-content\/uploads\/2021\/01\/FG_Marine_Molecular_Ecology_TITEL_HEADER_pexels-francesco-ungaro.png\" \/>\n\t<meta property=\"og:image:width\" content=\"2560\" \/>\n\t<meta property=\"og:image:height\" content=\"720\" \/>\n\t<meta property=\"og:image:type\" content=\"image\/png\" \/>\n<meta name=\"twitter:card\" content=\"summary_large_image\" \/>\n<meta name=\"twitter:label1\" content=\"Est. reading time\" \/>\n\t<meta name=\"twitter:data1\" content=\"2 minutes\" \/>\n<script type=\"application\/ld+json\" class=\"yoast-schema-graph\">{\"@context\":\"https:\\\/\\\/schema.org\",\"@graph\":[{\"@type\":\"WebPage\",\"@id\":\"https:\\\/\\\/hifmb.de\\\/de\\\/forschung\\\/arbeitsgruppen\\\/planktologie\\\/\",\"url\":\"https:\\\/\\\/hifmb.de\\\/de\\\/forschung\\\/arbeitsgruppen\\\/planktologie\\\/\",\"name\":\"Planktologie - HIFMB Oldenburg\",\"isPartOf\":{\"@id\":\"https:\\\/\\\/hifmb.de\\\/#website\"},\"primaryImageOfPage\":{\"@id\":\"https:\\\/\\\/hifmb.de\\\/de\\\/forschung\\\/arbeitsgruppen\\\/planktologie\\\/#primaryimage\"},\"image\":{\"@id\":\"https:\\\/\\\/hifmb.de\\\/de\\\/forschung\\\/arbeitsgruppen\\\/planktologie\\\/#primaryimage\"},\"thumbnailUrl\":\"https:\\\/\\\/hifmb.de\\\/wp-content\\\/uploads\\\/2021\\\/01\\\/FG_Marine_Molecular_Ecology_TITEL_HEADER_pexels-francesco-ungaro.png\",\"datePublished\":\"2021-01-07T12:58:26+00:00\",\"dateModified\":\"2026-01-19T08:43:19+00:00\",\"breadcrumb\":{\"@id\":\"https:\\\/\\\/hifmb.de\\\/de\\\/forschung\\\/arbeitsgruppen\\\/planktologie\\\/#breadcrumb\"},\"inLanguage\":\"de-DE\",\"potentialAction\":[{\"@type\":\"ReadAction\",\"target\":[\"https:\\\/\\\/hifmb.de\\\/de\\\/forschung\\\/arbeitsgruppen\\\/planktologie\\\/\"]}]},{\"@type\":\"ImageObject\",\"inLanguage\":\"de-DE\",\"@id\":\"https:\\\/\\\/hifmb.de\\\/de\\\/forschung\\\/arbeitsgruppen\\\/planktologie\\\/#primaryimage\",\"url\":\"https:\\\/\\\/hifmb.de\\\/wp-content\\\/uploads\\\/2021\\\/01\\\/FG_Marine_Molecular_Ecology_TITEL_HEADER_pexels-francesco-ungaro.png\",\"contentUrl\":\"https:\\\/\\\/hifmb.de\\\/wp-content\\\/uploads\\\/2021\\\/01\\\/FG_Marine_Molecular_Ecology_TITEL_HEADER_pexels-francesco-ungaro.png\",\"width\":2560,\"height\":720,\"caption\":\"Photo: Francesco Ungaro | Pexels\"},{\"@type\":\"BreadcrumbList\",\"@id\":\"https:\\\/\\\/hifmb.de\\\/de\\\/forschung\\\/arbeitsgruppen\\\/planktologie\\\/#breadcrumb\",\"itemListElement\":[{\"@type\":\"ListItem\",\"position\":1,\"name\":\"Home\",\"item\":\"https:\\\/\\\/hifmb.de\\\/de\\\/\"},{\"@type\":\"ListItem\",\"position\":2,\"name\":\"Forschung\",\"item\":\"https:\\\/\\\/hifmb.de\\\/de\\\/forschung\\\/\"},{\"@type\":\"ListItem\",\"position\":3,\"name\":\"Arbeitsgruppen\",\"item\":\"https:\\\/\\\/hifmb.de.w01b8649.kasserver.com\\\/de\\\/forschung\\\/arbeitsgruppen\\\/\"},{\"@type\":\"ListItem\",\"position\":4,\"name\":\"Planktologie\"}]},{\"@type\":\"WebSite\",\"@id\":\"https:\\\/\\\/hifmb.de\\\/#website\",\"url\":\"https:\\\/\\\/hifmb.de\\\/\",\"name\":\"HIFMB Oldenburg\",\"description\":\"The Helmholtz Institute for Functional Marine Biodiversity (HIFMB)\",\"publisher\":{\"@id\":\"https:\\\/\\\/hifmb.de\\\/#organization\"},\"potentialAction\":[{\"@type\":\"SearchAction\",\"target\":{\"@type\":\"EntryPoint\",\"urlTemplate\":\"https:\\\/\\\/hifmb.de\\\/?s={search_term_string}\"},\"query-input\":{\"@type\":\"PropertyValueSpecification\",\"valueRequired\":true,\"valueName\":\"search_term_string\"}}],\"inLanguage\":\"de-DE\"},{\"@type\":\"Organization\",\"@id\":\"https:\\\/\\\/hifmb.de\\\/#organization\",\"name\":\"HIFMB Oldenburg\",\"url\":\"https:\\\/\\\/hifmb.de\\\/\",\"logo\":{\"@type\":\"ImageObject\",\"inLanguage\":\"de-DE\",\"@id\":\"https:\\\/\\\/hifmb.de\\\/#\\\/schema\\\/logo\\\/image\\\/\",\"url\":\"https:\\\/\\\/hifmb.de\\\/wp-content\\\/uploads\\\/2021\\\/01\\\/hifmb-logo-neg-de.svg\",\"contentUrl\":\"https:\\\/\\\/hifmb.de\\\/wp-content\\\/uploads\\\/2021\\\/01\\\/hifmb-logo-neg-de.svg\",\"width\":300,\"height\":87,\"caption\":\"HIFMB Oldenburg\"},\"image\":{\"@id\":\"https:\\\/\\\/hifmb.de\\\/#\\\/schema\\\/logo\\\/image\\\/\"}}]}<\/script>\n<!-- \/ Yoast SEO plugin. -->","yoast_head_json":{"title":"Planktologie - HIFMB Oldenburg","robots":{"index":"index","follow":"follow","max-snippet":"max-snippet:-1","max-image-preview":"max-image-preview:large","max-video-preview":"max-video-preview:-1"},"canonical":"https:\/\/hifmb.de\/de\/forschung\/arbeitsgruppen\/planktologie\/","og_locale":"de_DE","og_type":"article","og_title":"Planktologie - HIFMB Oldenburg","og_description":"Vita  2024 &#8211; heuteWissenschaftlerin in der Projektgruppe Planktologie am Helmholtz-Institut f\u00fcr Funktionelle Marine Biodiversit\u00e4t an der Universit\u00e4t Oldenburg (HIFMB)  2018 &#8211; 2024Leitung der Forschunsgruppe Marine Molekular\u00f6kologie am Helmholtz-Institut f\u00fcr Funktionelle Marine Biodiversit\u00e4t an der Universit\u00e4t Oldenburg (HIFMB)  2017 &#8211; 2018 EXIST Business Start-up Grant  2010 &#8211; 2017Postdoktorandin, Deutsches Zentrum f\u00fcr Marine Biodiversit\u00e4tsforschung (DZMB), Senckenberg am Meer, Wilhelmshaven, Deutschland  2009 &#8211; ...Weiterlesen","og_url":"https:\/\/hifmb.de\/de\/forschung\/arbeitsgruppen\/planktologie\/","og_site_name":"HIFMB Oldenburg","article_modified_time":"2026-01-19T08:43:19+00:00","og_image":[{"width":2560,"height":720,"url":"https:\/\/hifmb.de\/wp-content\/uploads\/2021\/01\/FG_Marine_Molecular_Ecology_TITEL_HEADER_pexels-francesco-ungaro.png","type":"image\/png"}],"twitter_card":"summary_large_image","twitter_misc":{"Est. reading time":"2 minutes"},"schema":{"@context":"https:\/\/schema.org","@graph":[{"@type":"WebPage","@id":"https:\/\/hifmb.de\/de\/forschung\/arbeitsgruppen\/planktologie\/","url":"https:\/\/hifmb.de\/de\/forschung\/arbeitsgruppen\/planktologie\/","name":"Planktologie - HIFMB Oldenburg","isPartOf":{"@id":"https:\/\/hifmb.de\/#website"},"primaryImageOfPage":{"@id":"https:\/\/hifmb.de\/de\/forschung\/arbeitsgruppen\/planktologie\/#primaryimage"},"image":{"@id":"https:\/\/hifmb.de\/de\/forschung\/arbeitsgruppen\/planktologie\/#primaryimage"},"thumbnailUrl":"https:\/\/hifmb.de\/wp-content\/uploads\/2021\/01\/FG_Marine_Molecular_Ecology_TITEL_HEADER_pexels-francesco-ungaro.png","datePublished":"2021-01-07T12:58:26+00:00","dateModified":"2026-01-19T08:43:19+00:00","breadcrumb":{"@id":"https:\/\/hifmb.de\/de\/forschung\/arbeitsgruppen\/planktologie\/#breadcrumb"},"inLanguage":"de-DE","potentialAction":[{"@type":"ReadAction","target":["https:\/\/hifmb.de\/de\/forschung\/arbeitsgruppen\/planktologie\/"]}]},{"@type":"ImageObject","inLanguage":"de-DE","@id":"https:\/\/hifmb.de\/de\/forschung\/arbeitsgruppen\/planktologie\/#primaryimage","url":"https:\/\/hifmb.de\/wp-content\/uploads\/2021\/01\/FG_Marine_Molecular_Ecology_TITEL_HEADER_pexels-francesco-ungaro.png","contentUrl":"https:\/\/hifmb.de\/wp-content\/uploads\/2021\/01\/FG_Marine_Molecular_Ecology_TITEL_HEADER_pexels-francesco-ungaro.png","width":2560,"height":720,"caption":"Photo: Francesco Ungaro | Pexels"},{"@type":"BreadcrumbList","@id":"https:\/\/hifmb.de\/de\/forschung\/arbeitsgruppen\/planktologie\/#breadcrumb","itemListElement":[{"@type":"ListItem","position":1,"name":"Home","item":"https:\/\/hifmb.de\/de\/"},{"@type":"ListItem","position":2,"name":"Forschung","item":"https:\/\/hifmb.de\/de\/forschung\/"},{"@type":"ListItem","position":3,"name":"Arbeitsgruppen","item":"https:\/\/hifmb.de.w01b8649.kasserver.com\/de\/forschung\/arbeitsgruppen\/"},{"@type":"ListItem","position":4,"name":"Planktologie"}]},{"@type":"WebSite","@id":"https:\/\/hifmb.de\/#website","url":"https:\/\/hifmb.de\/","name":"HIFMB Oldenburg","description":"The Helmholtz Institute for Functional Marine Biodiversity (HIFMB)","publisher":{"@id":"https:\/\/hifmb.de\/#organization"},"potentialAction":[{"@type":"SearchAction","target":{"@type":"EntryPoint","urlTemplate":"https:\/\/hifmb.de\/?s={search_term_string}"},"query-input":{"@type":"PropertyValueSpecification","valueRequired":true,"valueName":"search_term_string"}}],"inLanguage":"de-DE"},{"@type":"Organization","@id":"https:\/\/hifmb.de\/#organization","name":"HIFMB Oldenburg","url":"https:\/\/hifmb.de\/","logo":{"@type":"ImageObject","inLanguage":"de-DE","@id":"https:\/\/hifmb.de\/#\/schema\/logo\/image\/","url":"https:\/\/hifmb.de\/wp-content\/uploads\/2021\/01\/hifmb-logo-neg-de.svg","contentUrl":"https:\/\/hifmb.de\/wp-content\/uploads\/2021\/01\/hifmb-logo-neg-de.svg","width":300,"height":87,"caption":"HIFMB Oldenburg"},"image":{"@id":"https:\/\/hifmb.de\/#\/schema\/logo\/image\/"}}]}},"_links":{"self":[{"href":"https:\/\/hifmb.de\/de\/wp-json\/wp\/v2\/pages\/3159","targetHints":{"allow":["GET"]}}],"collection":[{"href":"https:\/\/hifmb.de\/de\/wp-json\/wp\/v2\/pages"}],"about":[{"href":"https:\/\/hifmb.de\/de\/wp-json\/wp\/v2\/types\/page"}],"author":[{"embeddable":true,"href":"https:\/\/hifmb.de\/de\/wp-json\/wp\/v2\/users\/3"}],"replies":[{"embeddable":true,"href":"https:\/\/hifmb.de\/de\/wp-json\/wp\/v2\/comments?post=3159"}],"version-history":[{"count":11,"href":"https:\/\/hifmb.de\/de\/wp-json\/wp\/v2\/pages\/3159\/revisions"}],"predecessor-version":[{"id":17233,"href":"https:\/\/hifmb.de\/de\/wp-json\/wp\/v2\/pages\/3159\/revisions\/17233"}],"up":[{"embeddable":true,"href":"https:\/\/hifmb.de\/de\/wp-json\/wp\/v2\/pages\/3172"}],"wp:featuredmedia":[{"embeddable":true,"href":"https:\/\/hifmb.de\/de\/wp-json\/wp\/v2\/media\/1899"}],"wp:attachment":[{"href":"https:\/\/hifmb.de\/de\/wp-json\/wp\/v2\/media?parent=3159"}],"curies":[{"name":"wp","href":"https:\/\/api.w.org\/{rel}","templated":true}]}}