{"id":3161,"date":"2021-01-07T12:43:04","date_gmt":"2021-01-07T12:43:04","guid":{"rendered":"http:\/\/hifmb.de.w01b8649.kasserver.com\/marine-conservation\/"},"modified":"2026-01-19T09:37:51","modified_gmt":"2026-01-19T08:37:51","slug":"meeresschutz","status":"publish","type":"page","link":"https:\/\/hifmb.de\/de\/forschung\/arbeitsgruppen\/meeresschutz\/","title":{"rendered":"Meeresschutz"},"content":{"rendered":"\n<div class=\"wp-block-theme-spacer  height-xxs\"><\/div>\n\n\n\n<p>Die Arbeitsgruppe f\u00fcr Meeresschutz betreibt Grundlagen- und angewandte Forschung als <strong>Basis f\u00fcr wissenschaftlich fundierte Erhaltungs- und Wiederherstellungsstrategien<\/strong>. Insbesondere kombinieren wir <strong>\u00f6kologische und evolution\u00e4re Ans\u00e4tze<\/strong>, um die f\u00fcr die Entwicklung von Korallenriffen charakteristischen gro\u00dfen zeitlichen und r\u00e4umlichen Skalen zu \u00fcberbr\u00fccken. Wir haben die Vision einer Welt, in der riffbildende Korallen auch in der gegenw\u00e4rtigen Periode des raschen Klimawandels \u00fcberleben.<\/p>\n\n\n\n<h3 class=\"wp-block-heading\">Besuche die <a href=\"http:\/\/baumslab.org\">Baumslab Webseite<\/a> f\u00fcr neueste Informationen aus der Arbeitsgruppe Meeresschutz.<\/h3>\n\n\n\n<div class=\"wp-block-theme-spacer  height-xs\"><\/div>\n\n\n\n<h2 class=\"wp-block-heading\">Unser Team f\u00fcr Meeresschutz<\/h2>\n\n\n\n<div class=\"wp-block-theme-section  pb-none is-fullwidth\" style=\"\"><div class=\"container\">\n<div id=\"people-block\" class=\"wp-block-theme-filter-posts\">\n\n    <h3 class=\"pt-0 mb-xl container-md\">Gruppenleitung<\/h3><div class=\"row\"><article id=\"post-8274\" class=\"people-teaser zoom-onhover col-12 col-sm-6 col-md-4 col-lg-3 mb-xxl post-8274 people type-people status-publish has-post-thumbnail hentry\">\n\n            <a class=\"post-thumbnail\" href=\"https:\/\/hifmb.de\/de\/personen\/iliana-baums\/\" aria-hidden=\"true\" tabindex=\"-1\"><img loading=\"lazy\" decoding=\"async\" width=\"328\" height=\"328\" src=\"https:\/\/hifmb.de\/wp-content\/uploads\/2022\/11\/Iliana_Baums_UOL_Daniel_Schmidt_square-328x328.jpg\" class=\"size-medium w-100 img-bordered people-teaser--img-main wp-post-image\" alt=\"Iliana Baums\" srcset=\"https:\/\/hifmb.de\/wp-content\/uploads\/2022\/11\/Iliana_Baums_UOL_Daniel_Schmidt_square-328x328.jpg 328w, https:\/\/hifmb.de\/wp-content\/uploads\/2022\/11\/Iliana_Baums_UOL_Daniel_Schmidt_square-150x150.jpg 150w, https:\/\/hifmb.de\/wp-content\/uploads\/2022\/11\/Iliana_Baums_UOL_Daniel_Schmidt_square.jpg 561w\" sizes=\"auto, (max-width: 328px) 100vw, 328px\" \/><\/a>    \n    <header class=\"entry-header\">\n\n        <h2 class=\"entry-title pt-2 mb-xxxs\"><a href=\"https:\/\/hifmb.de\/de\/personen\/iliana-baums\/\" rel=\"bookmark\" class=\"no-link-style people-teaser-title\">Iliana Baums<\/a><\/h2>\n        <div><strong>Gruppenleiterin<\/strong><\/div>\n        <span>Molekular\u00f6kologin<\/span>\n\n\n\n    <\/header>\n\n<\/article>\n<article id=\"post-11702\" class=\"people-teaser zoom-onhover col-12 col-sm-6 col-md-4 col-lg-3 mb-xxl post-11702 people type-people status-publish has-post-thumbnail hentry\">\n\n            <a class=\"post-thumbnail\" href=\"https:\/\/hifmb.de\/de\/personen\/kelly-gomez-campo\/\" aria-hidden=\"true\" tabindex=\"-1\"><img loading=\"lazy\" decoding=\"async\" width=\"328\" height=\"328\" src=\"https:\/\/hifmb.de\/wp-content\/uploads\/2023\/10\/Kelly-Gomez-Campo-328x328.jpg\" class=\"size-medium w-100 img-bordered people-teaser--img-main wp-post-image\" alt=\"Kelly Gomez-Campo\" srcset=\"https:\/\/hifmb.de\/wp-content\/uploads\/2023\/10\/Kelly-Gomez-Campo-328x328.jpg 328w, https:\/\/hifmb.de\/wp-content\/uploads\/2023\/10\/Kelly-Gomez-Campo-150x150.jpg 150w, https:\/\/hifmb.de\/wp-content\/uploads\/2023\/10\/Kelly-Gomez-Campo.jpg 562w\" sizes=\"auto, (max-width: 328px) 100vw, 328px\" \/><\/a>    \n    <header class=\"entry-header\">\n\n        <h2 class=\"entry-title pt-2 mb-xxxs\"><a href=\"https:\/\/hifmb.de\/de\/personen\/kelly-gomez-campo\/\" rel=\"bookmark\" class=\"no-link-style people-teaser-title\">Kelly Gomez-Campo<\/a><\/h2>\n        \n        <span>Wissenschaftliche Mitarbeiterin<\/span>\n\n\n\n    <\/header>\n\n<\/article>\n<\/div>\n        <h3 class=\"pt-0 mb-xl container-md\">Team<\/h3>\n    \n    <div id=\"append-people-block_41feb03fa748d2fddc7e2eae19b89ead\" class=\"people-query row\" aria-live=\"polite\">\n\n        \n        <article id=\"post-12779\" class=\"people-teaser zoom-onhover col-12 col-sm-6 col-md-4 col-lg-3 mb-xxl post-12779 people type-people status-publish has-post-thumbnail hentry\">\n\n            <a class=\"post-thumbnail\" href=\"https:\/\/hifmb.de\/de\/personen\/abigail-turnland\/\" aria-hidden=\"true\" tabindex=\"-1\"><img loading=\"lazy\" decoding=\"async\" width=\"328\" height=\"328\" src=\"https:\/\/hifmb.de\/wp-content\/uploads\/2024\/03\/Abigail-Turnland-328x328.jpg\" class=\"size-medium w-100 img-bordered people-teaser--img-main wp-post-image\" alt=\"Abigail Turnlund\" srcset=\"https:\/\/hifmb.de\/wp-content\/uploads\/2024\/03\/Abigail-Turnland-328x328.jpg 328w, https:\/\/hifmb.de\/wp-content\/uploads\/2024\/03\/Abigail-Turnland-150x150.jpg 150w, https:\/\/hifmb.de\/wp-content\/uploads\/2024\/03\/Abigail-Turnland.jpg 562w\" sizes=\"auto, (max-width: 328px) 100vw, 328px\" \/><\/a>    \n    <header class=\"entry-header\">\n\n        <h2 class=\"entry-title pt-2 mb-xxxs\"><a href=\"https:\/\/hifmb.de\/de\/personen\/abigail-turnland\/\" rel=\"bookmark\" class=\"no-link-style people-teaser-title\">Abigail Turnlund<\/a><\/h2>\n        \n        <span>\u00d6kologin f\u00fcr mikrobielle Meeresorganismen<\/span>\n\n\n\n    <\/header>\n\n<\/article>\n<article id=\"post-15961\" class=\"people-teaser zoom-onhover col-12 col-sm-6 col-md-4 col-lg-3 mb-xxl post-15961 people type-people status-publish has-post-thumbnail hentry\">\n\n            <a class=\"post-thumbnail\" href=\"https:\/\/hifmb.de\/de\/personen\/fabian-gruner\/\" aria-hidden=\"true\" tabindex=\"-1\"><img loading=\"lazy\" decoding=\"async\" width=\"328\" height=\"328\" src=\"https:\/\/hifmb.de\/wp-content\/uploads\/2025\/07\/Fabian-Gruner-328x328.png\" class=\"size-medium w-100 img-bordered people-teaser--img-main wp-post-image\" alt=\"Fabian Gr\u00fcner\" srcset=\"https:\/\/hifmb.de\/wp-content\/uploads\/2025\/07\/Fabian-Gruner-328x328.png 328w, https:\/\/hifmb.de\/wp-content\/uploads\/2025\/07\/Fabian-Gruner-150x150.png 150w, https:\/\/hifmb.de\/wp-content\/uploads\/2025\/07\/Fabian-Gruner.png 562w\" sizes=\"auto, (max-width: 328px) 100vw, 328px\" \/><\/a>    \n    <header class=\"entry-header\">\n\n        <h2 class=\"entry-title pt-2 mb-xxxs\"><a href=\"https:\/\/hifmb.de\/de\/personen\/fabian-gruner\/\" rel=\"bookmark\" class=\"no-link-style people-teaser-title\">Fabian Gr\u00fcner<\/a><\/h2>\n        \n        <span>Technischer Assistent<\/span>\n\n\n\n    <\/header>\n\n<\/article>\n<article id=\"post-11902\" class=\"people-teaser zoom-onhover col-12 col-sm-6 col-md-4 col-lg-3 mb-xxl post-11902 people type-people status-publish has-post-thumbnail hentry\">\n\n            <a class=\"post-thumbnail\" href=\"https:\/\/hifmb.de\/de\/personen\/isabel-martinez-rugerio\/\" aria-hidden=\"true\" tabindex=\"-1\"><img loading=\"lazy\" decoding=\"async\" width=\"328\" height=\"328\" src=\"https:\/\/hifmb.de\/wp-content\/uploads\/2023\/11\/Isabel-Martinez-Rugerio-328x328.jpg\" class=\"size-medium w-100 img-bordered people-teaser--img-main wp-post-image\" alt=\"Isabel Martinez Rugerio\" srcset=\"https:\/\/hifmb.de\/wp-content\/uploads\/2023\/11\/Isabel-Martinez-Rugerio-328x328.jpg 328w, https:\/\/hifmb.de\/wp-content\/uploads\/2023\/11\/Isabel-Martinez-Rugerio-150x150.jpg 150w, https:\/\/hifmb.de\/wp-content\/uploads\/2023\/11\/Isabel-Martinez-Rugerio.jpg 562w\" sizes=\"auto, (max-width: 328px) 100vw, 328px\" \/><\/a>    \n    <header class=\"entry-header\">\n\n        <h2 class=\"entry-title pt-2 mb-xxxs\"><a href=\"https:\/\/hifmb.de\/de\/personen\/isabel-martinez-rugerio\/\" rel=\"bookmark\" class=\"no-link-style people-teaser-title\">Isabel Martinez Rugerio<\/a><\/h2>\n        \n        <span>Molekular\u00f6kologin<\/span>\n\n\n\n    <\/header>\n\n<\/article>\n<article id=\"post-12962\" class=\"people-teaser zoom-onhover col-12 col-sm-6 col-md-4 col-lg-3 mb-xxl post-12962 people type-people status-publish has-post-thumbnail hentry\">\n\n            <a class=\"post-thumbnail\" href=\"https:\/\/hifmb.de\/de\/personen\/joseane-marques\/\" aria-hidden=\"true\" tabindex=\"-1\"><img loading=\"lazy\" decoding=\"async\" width=\"328\" height=\"328\" src=\"https:\/\/hifmb.de\/wp-content\/uploads\/2024\/03\/Joseane-Marques-328x328.jpg\" class=\"size-medium w-100 img-bordered people-teaser--img-main wp-post-image\" alt=\"Joseane Marques\" srcset=\"https:\/\/hifmb.de\/wp-content\/uploads\/2024\/03\/Joseane-Marques-328x328.jpg 328w, https:\/\/hifmb.de\/wp-content\/uploads\/2024\/03\/Joseane-Marques-150x150.jpg 150w, https:\/\/hifmb.de\/wp-content\/uploads\/2024\/03\/Joseane-Marques.jpg 562w\" sizes=\"auto, (max-width: 328px) 100vw, 328px\" \/><\/a>    \n    <header class=\"entry-header\">\n\n        <h2 class=\"entry-title pt-2 mb-xxxs\"><a href=\"https:\/\/hifmb.de\/de\/personen\/joseane-marques\/\" rel=\"bookmark\" class=\"no-link-style people-teaser-title\">Joseane Marques<\/a><\/h2>\n        \n        <span>\u00d6kophysiologin<\/span>\n\n\n\n    <\/header>\n\n<\/article>\n<article id=\"post-17573\" class=\"people-teaser zoom-onhover col-12 col-sm-6 col-md-4 col-lg-3 mb-xxl post-17573 people type-people status-publish has-post-thumbnail hentry\">\n\n            <a class=\"post-thumbnail\" href=\"https:\/\/hifmb.de\/de\/personen\/kim-de-luca\/\" aria-hidden=\"true\" tabindex=\"-1\"><img loading=\"lazy\" decoding=\"async\" width=\"328\" height=\"328\" src=\"https:\/\/hifmb.de\/wp-content\/uploads\/2026\/03\/Portrait_Kim-de-Luca-328x328.jpg\" class=\"size-medium w-100 img-bordered people-teaser--img-main wp-post-image\" alt=\"Kim de Luca\" srcset=\"https:\/\/hifmb.de\/wp-content\/uploads\/2026\/03\/Portrait_Kim-de-Luca-328x328.jpg 328w, https:\/\/hifmb.de\/wp-content\/uploads\/2026\/03\/Portrait_Kim-de-Luca-150x150.jpg 150w, https:\/\/hifmb.de\/wp-content\/uploads\/2026\/03\/Portrait_Kim-de-Luca.jpg 562w\" sizes=\"auto, (max-width: 328px) 100vw, 328px\" \/><\/a>    \n    <header class=\"entry-header\">\n\n        <h2 class=\"entry-title pt-2 mb-xxxs\"><a href=\"https:\/\/hifmb.de\/de\/personen\/kim-de-luca\/\" rel=\"bookmark\" class=\"no-link-style people-teaser-title\">Kim de Luca<\/a><\/h2>\n        \n        <span>Genomikerin<\/span>\n\n\n\n    <\/header>\n\n<\/article>\n<article id=\"post-15354\" class=\"people-teaser zoom-onhover col-12 col-sm-6 col-md-4 col-lg-3 mb-xxl post-15354 people type-people status-publish has-post-thumbnail hentry\">\n\n            <a class=\"post-thumbnail\" href=\"https:\/\/hifmb.de\/de\/personen\/laura-leiva\/\" aria-hidden=\"true\" tabindex=\"-1\"><img loading=\"lazy\" decoding=\"async\" width=\"328\" height=\"328\" src=\"https:\/\/hifmb.de\/wp-content\/uploads\/2025\/04\/Laura-Leiva-328x328.png\" class=\"size-medium w-100 img-bordered people-teaser--img-main wp-post-image\" alt=\"Laura Leiva\" srcset=\"https:\/\/hifmb.de\/wp-content\/uploads\/2025\/04\/Laura-Leiva-328x328.png 328w, https:\/\/hifmb.de\/wp-content\/uploads\/2025\/04\/Laura-Leiva-150x150.png 150w, https:\/\/hifmb.de\/wp-content\/uploads\/2025\/04\/Laura-Leiva.png 562w\" sizes=\"auto, (max-width: 328px) 100vw, 328px\" \/><\/a>    \n    <header class=\"entry-header\">\n\n        <h2 class=\"entry-title pt-2 mb-xxxs\"><a href=\"https:\/\/hifmb.de\/de\/personen\/laura-leiva\/\" rel=\"bookmark\" class=\"no-link-style people-teaser-title\">Laura Leiva<\/a><\/h2>\n        \n        <span>Meeres\u00f6kologin<\/span>\n\n\n\n    <\/header>\n\n<\/article>\n<article id=\"post-14218\" class=\"people-teaser zoom-onhover col-12 col-sm-6 col-md-4 col-lg-3 mb-xxl post-14218 people type-people status-publish has-post-thumbnail hentry\">\n\n            <a class=\"post-thumbnail\" href=\"https:\/\/hifmb.de\/de\/personen\/nele-eichhorn\/\" aria-hidden=\"true\" tabindex=\"-1\"><img loading=\"lazy\" decoding=\"async\" width=\"328\" height=\"328\" src=\"https:\/\/hifmb.de\/wp-content\/uploads\/2024\/12\/Nele-Eichhorn-328x328.jpg\" class=\"size-medium w-100 img-bordered people-teaser--img-main wp-post-image\" alt=\"Nele Eichhorn\" srcset=\"https:\/\/hifmb.de\/wp-content\/uploads\/2024\/12\/Nele-Eichhorn-328x328.jpg 328w, https:\/\/hifmb.de\/wp-content\/uploads\/2024\/12\/Nele-Eichhorn-150x150.jpg 150w, https:\/\/hifmb.de\/wp-content\/uploads\/2024\/12\/Nele-Eichhorn-300x300.jpg 300w, https:\/\/hifmb.de\/wp-content\/uploads\/2024\/12\/Nele-Eichhorn-400x400.jpg 400w, https:\/\/hifmb.de\/wp-content\/uploads\/2024\/12\/Nele-Eichhorn.jpg 562w\" sizes=\"auto, (max-width: 328px) 100vw, 328px\" \/><\/a>    \n    <header class=\"entry-header\">\n\n        <h2 class=\"entry-title pt-2 mb-xxxs\"><a href=\"https:\/\/hifmb.de\/de\/personen\/nele-eichhorn\/\" rel=\"bookmark\" class=\"no-link-style people-teaser-title\">Nele Eichhorn<\/a><\/h2>\n        \n        <span>Studentische Hilfskraft<\/span>\n\n\n\n    <\/header>\n\n<\/article>\n<article id=\"post-11195\" class=\"people-teaser zoom-onhover col-12 col-sm-6 col-md-4 col-lg-3 mb-xxl post-11195 people type-people status-publish has-post-thumbnail hentry\">\n\n            <a class=\"post-thumbnail\" href=\"https:\/\/hifmb.de\/de\/personen\/severin-korfhage\/\" aria-hidden=\"true\" tabindex=\"-1\"><img loading=\"lazy\" decoding=\"async\" width=\"328\" height=\"328\" src=\"https:\/\/hifmb.de\/wp-content\/uploads\/2023\/07\/Severin-Korfhage-2-328x328.jpg\" class=\"size-medium w-100 img-bordered people-teaser--img-main wp-post-image\" alt=\"Severin Korfhage\" srcset=\"https:\/\/hifmb.de\/wp-content\/uploads\/2023\/07\/Severin-Korfhage-2-328x328.jpg 328w, https:\/\/hifmb.de\/wp-content\/uploads\/2023\/07\/Severin-Korfhage-2-150x150.jpg 150w, https:\/\/hifmb.de\/wp-content\/uploads\/2023\/07\/Severin-Korfhage-2.jpg 562w\" sizes=\"auto, (max-width: 328px) 100vw, 328px\" \/><\/a>    \n    <header class=\"entry-header\">\n\n        <h2 class=\"entry-title pt-2 mb-xxxs\"><a href=\"https:\/\/hifmb.de\/de\/personen\/severin-korfhage\/\" rel=\"bookmark\" class=\"no-link-style people-teaser-title\">Severin Korfhage<\/a><\/h2>\n        \n        <span>Molekularbiologe<\/span>\n\n\n\n    <\/header>\n\n<\/article>\n\n        \n            <div id=\"load-more\" class=\"col-12 mt-5 mb-5 no-link-style\"\n                 data-append-id=\"append-people-block_41feb03fa748d2fddc7e2eae19b89ead\"\n                 data-btn-text=\"Laden...\">\n                            <\/div>\n\n        \n    <\/div> \n    <p id=\"back-to-top\" class=\"container mt-5 text-right\" style=\"display:none\"><a href=\"#page\"\n                                                                                  class=\"btn btn-primary icon-round\">\n            <span class=\"sr-only\">Zur\u00fcck nach oben<\/span>\n            <svg class=\"icon icon-size-xs\">\n                <use xlink:href=\"#arrow-double-up\"\/>\n            <\/svg>\n        <\/a><\/p>\n\n<\/div> \n\n\n\n<\/div><\/div>\n\n\n\n<div class=\"wp-block-theme-spacer  height-xxxl\"><\/div>\n","protected":false},"excerpt":{"rendered":"<p>Vita<\/p>\n<p>2024 &#8211; heute<\/p>\n<p>Doktorand im Meeresschutz Team, HIFMB<\/p>\n<p>2023 \u2013 2024<\/p>\n<p>Wissenschaftlicher Mitarbeiter, HIFMB<\/p>\n<p>2020 \u2013 2023<\/p>\n<p>Master of Science in Biologie, Universit\u00e4t Oldenburg<\/p>\n<p>2016 \u2013 2020<\/p>\n<p>Bachelor of Science in Biologie, Universit\u00e4t Oldenburg<\/p>\n<p>Forschungsschwerpunkte<\/p>\n<p>Biodiversit\u00e4t und Phylogenie der Korallen<\/p>\n<p><a class=\"btn btn-primary theme-read-more-link mt-3 no-link-style\"\n                    href=\"https:\/\/hifmb.de\/de\/forschung\/arbeitsgruppen\/meeresschutz\/\"\n                    aria-describedby=\"teaser-headline-3161\">Weiterlesen<\/a><\/p>\n","protected":false},"author":3,"featured_media":16649,"parent":3172,"menu_order":10,"comment_status":"closed","ping_status":"closed","template":"","meta":{"_acf_changed":false,"footnotes":""},"class_list":["post-3161","page","type-page","status-publish","has-post-thumbnail","hentry"],"acf":[],"yoast_head":"<!-- This site is optimized with the Yoast SEO plugin v27.3 - https:\/\/yoast.com\/product\/yoast-seo-wordpress\/ -->\n<title>Meeresschutz - HIFMB Oldenburg<\/title>\n<meta name=\"robots\" content=\"index, follow, max-snippet:-1, max-image-preview:large, max-video-preview:-1\" \/>\n<link rel=\"canonical\" href=\"https:\/\/hifmb.de\/de\/forschung\/arbeitsgruppen\/meeresschutz\/\" \/>\n<meta property=\"og:locale\" content=\"de_DE\" \/>\n<meta property=\"og:type\" content=\"article\" \/>\n<meta property=\"og:title\" content=\"Meeresschutz - HIFMB Oldenburg\" \/>\n<meta property=\"og:description\" content=\"Vita  2024 &#8211; heute  Doktorand im Meeresschutz Team, HIFMB  2023 \u2013 2024  Wissenschaftlicher Mitarbeiter, HIFMB  2020 \u2013 2023  Master of Science in Biologie, Universit\u00e4t Oldenburg  2016 \u2013 2020  Bachelor of Science in Biologie, Universit\u00e4t Oldenburg    Forschungsschwerpunkte  Biodiversit\u00e4t und Phylogenie der KorallenWeiterlesen\" \/>\n<meta property=\"og:url\" content=\"https:\/\/hifmb.de\/de\/forschung\/arbeitsgruppen\/meeresschutz\/\" \/>\n<meta property=\"og:site_name\" content=\"HIFMB Oldenburg\" \/>\n<meta property=\"article:modified_time\" content=\"2026-01-19T08:37:51+00:00\" \/>\n<meta property=\"og:image\" content=\"https:\/\/hifmb.de\/wp-content\/uploads\/2025\/11\/corals-1080x304.png\" \/>\n\t<meta property=\"og:image:width\" content=\"1080\" \/>\n\t<meta property=\"og:image:height\" content=\"304\" \/>\n\t<meta property=\"og:image:type\" content=\"image\/png\" \/>\n<meta name=\"twitter:card\" content=\"summary_large_image\" \/>\n<meta name=\"twitter:label1\" content=\"Est. reading time\" \/>\n\t<meta name=\"twitter:data1\" content=\"1 minute\" \/>\n<script type=\"application\/ld+json\" class=\"yoast-schema-graph\">{\"@context\":\"https:\\\/\\\/schema.org\",\"@graph\":[{\"@type\":\"WebPage\",\"@id\":\"https:\\\/\\\/hifmb.de\\\/de\\\/forschung\\\/arbeitsgruppen\\\/meeresschutz\\\/\",\"url\":\"https:\\\/\\\/hifmb.de\\\/de\\\/forschung\\\/arbeitsgruppen\\\/meeresschutz\\\/\",\"name\":\"Meeresschutz - HIFMB Oldenburg\",\"isPartOf\":{\"@id\":\"https:\\\/\\\/hifmb.de.w01b8649.kasserver.com\\\/#website\"},\"primaryImageOfPage\":{\"@id\":\"https:\\\/\\\/hifmb.de\\\/de\\\/forschung\\\/arbeitsgruppen\\\/meeresschutz\\\/#primaryimage\"},\"image\":{\"@id\":\"https:\\\/\\\/hifmb.de\\\/de\\\/forschung\\\/arbeitsgruppen\\\/meeresschutz\\\/#primaryimage\"},\"thumbnailUrl\":\"https:\\\/\\\/hifmb.de\\\/wp-content\\\/uploads\\\/2025\\\/11\\\/corals.png\",\"datePublished\":\"2021-01-07T12:43:04+00:00\",\"dateModified\":\"2026-01-19T08:37:51+00:00\",\"breadcrumb\":{\"@id\":\"https:\\\/\\\/hifmb.de\\\/de\\\/forschung\\\/arbeitsgruppen\\\/meeresschutz\\\/#breadcrumb\"},\"inLanguage\":\"de-DE\",\"potentialAction\":[{\"@type\":\"ReadAction\",\"target\":[\"https:\\\/\\\/hifmb.de\\\/de\\\/forschung\\\/arbeitsgruppen\\\/meeresschutz\\\/\"]}]},{\"@type\":\"ImageObject\",\"inLanguage\":\"de-DE\",\"@id\":\"https:\\\/\\\/hifmb.de\\\/de\\\/forschung\\\/arbeitsgruppen\\\/meeresschutz\\\/#primaryimage\",\"url\":\"https:\\\/\\\/hifmb.de\\\/wp-content\\\/uploads\\\/2025\\\/11\\\/corals.png\",\"contentUrl\":\"https:\\\/\\\/hifmb.de\\\/wp-content\\\/uploads\\\/2025\\\/11\\\/corals.png\",\"width\":2560,\"height\":720,\"caption\":\"Corals\"},{\"@type\":\"BreadcrumbList\",\"@id\":\"https:\\\/\\\/hifmb.de\\\/de\\\/forschung\\\/arbeitsgruppen\\\/meeresschutz\\\/#breadcrumb\",\"itemListElement\":[{\"@type\":\"ListItem\",\"position\":1,\"name\":\"Home\",\"item\":\"https:\\\/\\\/hifmb.de\\\/de\\\/\"},{\"@type\":\"ListItem\",\"position\":2,\"name\":\"Forschung\",\"item\":\"https:\\\/\\\/hifmb.de\\\/de\\\/forschung\\\/\"},{\"@type\":\"ListItem\",\"position\":3,\"name\":\"Arbeitsgruppen\",\"item\":\"https:\\\/\\\/hifmb.de\\\/de\\\/forschung\\\/arbeitsgruppen\\\/\"},{\"@type\":\"ListItem\",\"position\":4,\"name\":\"Meeresschutz\"}]},{\"@type\":\"WebSite\",\"@id\":\"https:\\\/\\\/hifmb.de.w01b8649.kasserver.com\\\/#website\",\"url\":\"https:\\\/\\\/hifmb.de.w01b8649.kasserver.com\\\/\",\"name\":\"HIFMB Oldenburg\",\"description\":\"The Helmholtz Institute for Functional Marine Biodiversity (HIFMB)\",\"publisher\":{\"@id\":\"https:\\\/\\\/hifmb.de.w01b8649.kasserver.com\\\/#organization\"},\"potentialAction\":[{\"@type\":\"SearchAction\",\"target\":{\"@type\":\"EntryPoint\",\"urlTemplate\":\"https:\\\/\\\/hifmb.de.w01b8649.kasserver.com\\\/?s={search_term_string}\"},\"query-input\":{\"@type\":\"PropertyValueSpecification\",\"valueRequired\":true,\"valueName\":\"search_term_string\"}}],\"inLanguage\":\"de-DE\"},{\"@type\":\"Organization\",\"@id\":\"https:\\\/\\\/hifmb.de.w01b8649.kasserver.com\\\/#organization\",\"name\":\"HIFMB Oldenburg\",\"url\":\"https:\\\/\\\/hifmb.de.w01b8649.kasserver.com\\\/\",\"logo\":{\"@type\":\"ImageObject\",\"inLanguage\":\"de-DE\",\"@id\":\"https:\\\/\\\/hifmb.de.w01b8649.kasserver.com\\\/#\\\/schema\\\/logo\\\/image\\\/\",\"url\":\"https:\\\/\\\/hifmb.de\\\/wp-content\\\/uploads\\\/2021\\\/01\\\/hifmb-logo-neg-de.svg\",\"contentUrl\":\"https:\\\/\\\/hifmb.de\\\/wp-content\\\/uploads\\\/2021\\\/01\\\/hifmb-logo-neg-de.svg\",\"width\":300,\"height\":87,\"caption\":\"HIFMB Oldenburg\"},\"image\":{\"@id\":\"https:\\\/\\\/hifmb.de.w01b8649.kasserver.com\\\/#\\\/schema\\\/logo\\\/image\\\/\"}}]}<\/script>\n<!-- \/ Yoast SEO plugin. -->","yoast_head_json":{"title":"Meeresschutz - HIFMB Oldenburg","robots":{"index":"index","follow":"follow","max-snippet":"max-snippet:-1","max-image-preview":"max-image-preview:large","max-video-preview":"max-video-preview:-1"},"canonical":"https:\/\/hifmb.de\/de\/forschung\/arbeitsgruppen\/meeresschutz\/","og_locale":"de_DE","og_type":"article","og_title":"Meeresschutz - HIFMB Oldenburg","og_description":"Vita  2024 &#8211; heute  Doktorand im Meeresschutz Team, HIFMB  2023 \u2013 2024  Wissenschaftlicher Mitarbeiter, HIFMB  2020 \u2013 2023  Master of Science in Biologie, Universit\u00e4t Oldenburg  2016 \u2013 2020  Bachelor of Science in Biologie, Universit\u00e4t Oldenburg    Forschungsschwerpunkte  Biodiversit\u00e4t und Phylogenie der KorallenWeiterlesen","og_url":"https:\/\/hifmb.de\/de\/forschung\/arbeitsgruppen\/meeresschutz\/","og_site_name":"HIFMB Oldenburg","article_modified_time":"2026-01-19T08:37:51+00:00","og_image":[{"width":1080,"height":304,"url":"https:\/\/hifmb.de\/wp-content\/uploads\/2025\/11\/corals-1080x304.png","type":"image\/png"}],"twitter_card":"summary_large_image","twitter_misc":{"Est. reading time":"1 minute"},"schema":{"@context":"https:\/\/schema.org","@graph":[{"@type":"WebPage","@id":"https:\/\/hifmb.de\/de\/forschung\/arbeitsgruppen\/meeresschutz\/","url":"https:\/\/hifmb.de\/de\/forschung\/arbeitsgruppen\/meeresschutz\/","name":"Meeresschutz - HIFMB Oldenburg","isPartOf":{"@id":"https:\/\/hifmb.de.w01b8649.kasserver.com\/#website"},"primaryImageOfPage":{"@id":"https:\/\/hifmb.de\/de\/forschung\/arbeitsgruppen\/meeresschutz\/#primaryimage"},"image":{"@id":"https:\/\/hifmb.de\/de\/forschung\/arbeitsgruppen\/meeresschutz\/#primaryimage"},"thumbnailUrl":"https:\/\/hifmb.de\/wp-content\/uploads\/2025\/11\/corals.png","datePublished":"2021-01-07T12:43:04+00:00","dateModified":"2026-01-19T08:37:51+00:00","breadcrumb":{"@id":"https:\/\/hifmb.de\/de\/forschung\/arbeitsgruppen\/meeresschutz\/#breadcrumb"},"inLanguage":"de-DE","potentialAction":[{"@type":"ReadAction","target":["https:\/\/hifmb.de\/de\/forschung\/arbeitsgruppen\/meeresschutz\/"]}]},{"@type":"ImageObject","inLanguage":"de-DE","@id":"https:\/\/hifmb.de\/de\/forschung\/arbeitsgruppen\/meeresschutz\/#primaryimage","url":"https:\/\/hifmb.de\/wp-content\/uploads\/2025\/11\/corals.png","contentUrl":"https:\/\/hifmb.de\/wp-content\/uploads\/2025\/11\/corals.png","width":2560,"height":720,"caption":"Corals"},{"@type":"BreadcrumbList","@id":"https:\/\/hifmb.de\/de\/forschung\/arbeitsgruppen\/meeresschutz\/#breadcrumb","itemListElement":[{"@type":"ListItem","position":1,"name":"Home","item":"https:\/\/hifmb.de\/de\/"},{"@type":"ListItem","position":2,"name":"Forschung","item":"https:\/\/hifmb.de\/de\/forschung\/"},{"@type":"ListItem","position":3,"name":"Arbeitsgruppen","item":"https:\/\/hifmb.de\/de\/forschung\/arbeitsgruppen\/"},{"@type":"ListItem","position":4,"name":"Meeresschutz"}]},{"@type":"WebSite","@id":"https:\/\/hifmb.de.w01b8649.kasserver.com\/#website","url":"https:\/\/hifmb.de.w01b8649.kasserver.com\/","name":"HIFMB Oldenburg","description":"The Helmholtz Institute for Functional Marine Biodiversity (HIFMB)","publisher":{"@id":"https:\/\/hifmb.de.w01b8649.kasserver.com\/#organization"},"potentialAction":[{"@type":"SearchAction","target":{"@type":"EntryPoint","urlTemplate":"https:\/\/hifmb.de.w01b8649.kasserver.com\/?s={search_term_string}"},"query-input":{"@type":"PropertyValueSpecification","valueRequired":true,"valueName":"search_term_string"}}],"inLanguage":"de-DE"},{"@type":"Organization","@id":"https:\/\/hifmb.de.w01b8649.kasserver.com\/#organization","name":"HIFMB Oldenburg","url":"https:\/\/hifmb.de.w01b8649.kasserver.com\/","logo":{"@type":"ImageObject","inLanguage":"de-DE","@id":"https:\/\/hifmb.de.w01b8649.kasserver.com\/#\/schema\/logo\/image\/","url":"https:\/\/hifmb.de\/wp-content\/uploads\/2021\/01\/hifmb-logo-neg-de.svg","contentUrl":"https:\/\/hifmb.de\/wp-content\/uploads\/2021\/01\/hifmb-logo-neg-de.svg","width":300,"height":87,"caption":"HIFMB Oldenburg"},"image":{"@id":"https:\/\/hifmb.de.w01b8649.kasserver.com\/#\/schema\/logo\/image\/"}}]}},"_links":{"self":[{"href":"https:\/\/hifmb.de\/de\/wp-json\/wp\/v2\/pages\/3161","targetHints":{"allow":["GET"]}}],"collection":[{"href":"https:\/\/hifmb.de\/de\/wp-json\/wp\/v2\/pages"}],"about":[{"href":"https:\/\/hifmb.de\/de\/wp-json\/wp\/v2\/types\/page"}],"author":[{"embeddable":true,"href":"https:\/\/hifmb.de\/de\/wp-json\/wp\/v2\/users\/3"}],"replies":[{"embeddable":true,"href":"https:\/\/hifmb.de\/de\/wp-json\/wp\/v2\/comments?post=3161"}],"version-history":[{"count":5,"href":"https:\/\/hifmb.de\/de\/wp-json\/wp\/v2\/pages\/3161\/revisions"}],"predecessor-version":[{"id":17225,"href":"https:\/\/hifmb.de\/de\/wp-json\/wp\/v2\/pages\/3161\/revisions\/17225"}],"up":[{"embeddable":true,"href":"https:\/\/hifmb.de\/de\/wp-json\/wp\/v2\/pages\/3172"}],"wp:featuredmedia":[{"embeddable":true,"href":"https:\/\/hifmb.de\/de\/wp-json\/wp\/v2\/media\/16649"}],"wp:attachment":[{"href":"https:\/\/hifmb.de\/de\/wp-json\/wp\/v2\/media?parent=3161"}],"curies":[{"name":"wp","href":"https:\/\/api.w.org\/{rel}","templated":true}]}}