{"id":3164,"date":"2020-12-15T13:10:08","date_gmt":"2020-12-15T13:10:08","guid":{"rendered":"http:\/\/hifmb.de.w01b8649.kasserver.com\/ecosystem-data-science\/"},"modified":"2026-01-19T09:24:50","modified_gmt":"2026-01-19T08:24:50","slug":"ecosystem-data-science","status":"publish","type":"page","link":"https:\/\/hifmb.de\/de\/forschung\/arbeitsgruppen\/ecosystem-data-science\/","title":{"rendered":"Ecosystem Data Science"},"content":{"rendered":"\n<div class=\"wp-block-theme-spacer  height-xxs\"><\/div>\n\n\n\n<p><strong>Die Arbeitsgruppe Ecosystem Data Science transformiert die Bereiche Biodiversit\u00e4tsbewertung und \u00d6kosystemfunktionen mit international anerkannter Expertise in den Datenwissenschaften.<\/strong><\/p>\n\n\n\n<p>Das umfasst die hochdimensionale, multidisziplin\u00e4re und komplexe Datenanalyse einschlie\u00dflich der Entwicklung bioinformatischer Werkzeuge, Datenintegration und Visualisierung und schlie\u00dft verschiedene Datentypen ein \u2013 von molekularen Daten [(meta-)omics] bis hin zu r\u00e4umlich und zeitlich aufgel\u00f6sten Beobachtungen, zum Beispiel durch Fernerkundung oder geografische Informationen. Konzepte zur Datenintegration werden in empirischer und theoretischer Forschung ermittelt.<\/p>\n\n\n\n<p>M\u00f6chten Sie mehr \u00fcber die Menschen und ihre Projekte erfahren? Dann h\u00f6ren Sie sich unsere Podcast-Folgen an:<\/p>\n\n\n\n<p>Meren \u2013 <a href=\"https:\/\/hifmb.podbean.com\/e\/meren-about-mentoring-in-academia-and-average-bass-playing\/\">About Mentoring in Academia and Average Bass Playing<\/a><\/p>\n\n\n\n<div class=\"wp-block-theme-spacer\"><\/div>\n\n\n\n<h3 class=\"wp-block-heading\">Besuche die&nbsp;<a href=\"https:\/\/merenlab.org\/\">Meren Lab Webseite<\/a>&nbsp;f\u00fcr neueste Informationen aus der Arbeitsgruppe Ecosystem Data Science.<\/h3>\n\n\n\n<div class=\"wp-block-theme-spacer  height-xs\"><\/div>\n\n\n\n<h2 class=\"wp-block-heading\">Unser Team f\u00fcr Ecosystem Data Science<\/h2>\n\n\n\n<div class=\"wp-block-theme-section  pb-none is-fullwidth\" style=\"\"><div class=\"container\">\n<div id=\"people-block\" class=\"wp-block-theme-filter-posts\">\n\n    <h3 class=\"pt-0 mb-xl container-md\">Gruppenleitung<\/h3><div class=\"row\"><article id=\"post-6149\" class=\"people-teaser zoom-onhover col-12 col-sm-6 col-md-4 col-lg-3 mb-xxl post-6149 people type-people status-publish has-post-thumbnail hentry\">\n\n            <a class=\"post-thumbnail\" href=\"https:\/\/hifmb.de\/de\/personen\/a-murat-eren-meren\/\" aria-hidden=\"true\" tabindex=\"-1\"><img loading=\"lazy\" decoding=\"async\" width=\"328\" height=\"328\" src=\"https:\/\/hifmb.de\/wp-content\/uploads\/2022\/02\/Portrait_Meren-328x328.jpg\" class=\"size-medium w-100 img-bordered people-teaser--img-main wp-post-image\" alt=\"A. Murat Eren (Meren)\" srcset=\"https:\/\/hifmb.de\/wp-content\/uploads\/2022\/02\/Portrait_Meren-328x328.jpg 328w, https:\/\/hifmb.de\/wp-content\/uploads\/2022\/02\/Portrait_Meren-150x150.jpg 150w, https:\/\/hifmb.de\/wp-content\/uploads\/2022\/02\/Portrait_Meren.jpg 562w\" sizes=\"auto, (max-width: 328px) 100vw, 328px\" \/><\/a>    \n    <header class=\"entry-header\">\n\n        <h2 class=\"entry-title pt-2 mb-xxxs\"><a href=\"https:\/\/hifmb.de\/de\/personen\/a-murat-eren-meren\/\" rel=\"bookmark\" class=\"no-link-style people-teaser-title\">A. Murat Eren (Meren)<\/a><\/h2>\n        <div><strong>Arbeitsgruppenleiter<\/strong><\/div>\n        <span>Informatiker, Mikrobieller \u00d6kologe<\/span>\n\n\n\n    <\/header>\n\n<\/article>\n<article id=\"post-9518\" class=\"people-teaser zoom-onhover col-12 col-sm-6 col-md-4 col-lg-3 mb-xxl post-9518 people type-people status-publish has-post-thumbnail hentry\">\n\n            <a class=\"post-thumbnail\" href=\"https:\/\/hifmb.de\/de\/personen\/florian-trigodet\/\" aria-hidden=\"true\" tabindex=\"-1\"><img loading=\"lazy\" decoding=\"async\" width=\"328\" height=\"328\" src=\"https:\/\/hifmb.de\/wp-content\/uploads\/2023\/01\/Florian-Trigodet-328x328.jpg\" class=\"size-medium w-100 img-bordered people-teaser--img-main wp-post-image\" alt=\"Florian Trigodet\" srcset=\"https:\/\/hifmb.de\/wp-content\/uploads\/2023\/01\/Florian-Trigodet-328x328.jpg 328w, https:\/\/hifmb.de\/wp-content\/uploads\/2023\/01\/Florian-Trigodet-150x150.jpg 150w, https:\/\/hifmb.de\/wp-content\/uploads\/2023\/01\/Florian-Trigodet.jpg 562w\" sizes=\"auto, (max-width: 328px) 100vw, 328px\" \/><\/a>    \n    <header class=\"entry-header\">\n\n        <h2 class=\"entry-title pt-2 mb-xxxs\"><a href=\"https:\/\/hifmb.de\/de\/personen\/florian-trigodet\/\" rel=\"bookmark\" class=\"no-link-style people-teaser-title\">Florian Trigodet<\/a><\/h2>\n        \n        <span>Postdoktorand<\/span>\n\n\n\n    <\/header>\n\n<\/article>\n<\/div>\n        <h3 class=\"pt-0 mb-xl container-md\">Team<\/h3>\n    \n    <div id=\"append-people-block_6d9de555728f26cc74c306ea95c651dc\" class=\"people-query row\" aria-live=\"polite\">\n\n        \n        <article id=\"post-8095\" class=\"people-teaser zoom-onhover col-12 col-sm-6 col-md-4 col-lg-3 mb-xxl post-8095 people type-people status-publish has-post-thumbnail hentry\">\n\n            <a class=\"post-thumbnail\" href=\"https:\/\/hifmb.de\/de\/personen\/alexander-henoch\/\" aria-hidden=\"true\" tabindex=\"-1\"><img loading=\"lazy\" decoding=\"async\" width=\"328\" height=\"328\" src=\"https:\/\/hifmb.de\/wp-content\/uploads\/2022\/10\/bio-alex-328x328.jpg\" class=\"size-medium w-100 img-bordered people-teaser--img-main wp-post-image\" alt=\"Alexander Henoch\" srcset=\"https:\/\/hifmb.de\/wp-content\/uploads\/2022\/10\/bio-alex-328x328.jpg 328w, https:\/\/hifmb.de\/wp-content\/uploads\/2022\/10\/bio-alex-150x150.jpg 150w, https:\/\/hifmb.de\/wp-content\/uploads\/2022\/10\/bio-alex.jpg 900w\" sizes=\"auto, (max-width: 328px) 100vw, 328px\" \/><\/a>    \n    <header class=\"entry-header\">\n\n        <h2 class=\"entry-title pt-2 mb-xxxs\"><a href=\"https:\/\/hifmb.de\/de\/personen\/alexander-henoch\/\" rel=\"bookmark\" class=\"no-link-style people-teaser-title\">Alexander Henoch<\/a><\/h2>\n        \n        <span>Computer-Wissenschaftler<\/span>\n\n\n\n    <\/header>\n\n<\/article>\n<article id=\"post-12606\" class=\"people-teaser zoom-onhover col-12 col-sm-6 col-md-4 col-lg-3 mb-xxl post-12606 people type-people status-publish has-post-thumbnail hentry\">\n\n            <a class=\"post-thumbnail\" href=\"https:\/\/hifmb.de\/de\/personen\/avril-von-hoyningen-huene\/\" aria-hidden=\"true\" tabindex=\"-1\"><img loading=\"lazy\" decoding=\"async\" width=\"328\" height=\"328\" src=\"https:\/\/hifmb.de\/wp-content\/uploads\/2024\/02\/Avril-von-Hoyningen-Huene_neu-328x328.jpg\" class=\"size-medium w-100 img-bordered people-teaser--img-main wp-post-image\" alt=\"Avril von Hoyningen-Huene\" srcset=\"https:\/\/hifmb.de\/wp-content\/uploads\/2024\/02\/Avril-von-Hoyningen-Huene_neu-328x328.jpg 328w, https:\/\/hifmb.de\/wp-content\/uploads\/2024\/02\/Avril-von-Hoyningen-Huene_neu-150x150.jpg 150w, https:\/\/hifmb.de\/wp-content\/uploads\/2024\/02\/Avril-von-Hoyningen-Huene_neu.jpg 562w\" sizes=\"auto, (max-width: 328px) 100vw, 328px\" \/><\/a>    \n    <header class=\"entry-header\">\n\n        <h2 class=\"entry-title pt-2 mb-xxxs\"><a href=\"https:\/\/hifmb.de\/de\/personen\/avril-von-hoyningen-huene\/\" rel=\"bookmark\" class=\"no-link-style people-teaser-title\">Avril von Hoyningen-Huene<\/a><\/h2>\n        \n        <span>Mikrobielle \u00d6kologin<\/span>\n\n\n\n    <\/header>\n\n<\/article>\n<article id=\"post-11445\" class=\"people-teaser zoom-onhover col-12 col-sm-6 col-md-4 col-lg-3 mb-xxl post-11445 people type-people status-publish has-post-thumbnail hentry\">\n\n            <a class=\"post-thumbnail\" href=\"https:\/\/hifmb.de\/de\/personen\/iva-veseli\/\" aria-hidden=\"true\" tabindex=\"-1\"><img loading=\"lazy\" decoding=\"async\" width=\"328\" height=\"328\" src=\"https:\/\/hifmb.de\/wp-content\/uploads\/2023\/09\/Iva-Veseli_new-328x328.jpg\" class=\"size-medium w-100 img-bordered people-teaser--img-main wp-post-image\" alt=\"Iva Veseli\" srcset=\"https:\/\/hifmb.de\/wp-content\/uploads\/2023\/09\/Iva-Veseli_new-328x328.jpg 328w, https:\/\/hifmb.de\/wp-content\/uploads\/2023\/09\/Iva-Veseli_new-150x150.jpg 150w, https:\/\/hifmb.de\/wp-content\/uploads\/2023\/09\/Iva-Veseli_new-300x300.jpg 300w, https:\/\/hifmb.de\/wp-content\/uploads\/2023\/09\/Iva-Veseli_new-400x400.jpg 400w, https:\/\/hifmb.de\/wp-content\/uploads\/2023\/09\/Iva-Veseli_new.jpg 562w\" sizes=\"auto, (max-width: 328px) 100vw, 328px\" \/><\/a>    \n    <header class=\"entry-header\">\n\n        <h2 class=\"entry-title pt-2 mb-xxxs\"><a href=\"https:\/\/hifmb.de\/de\/personen\/iva-veseli\/\" rel=\"bookmark\" class=\"no-link-style people-teaser-title\">Iva Veseli<\/a><\/h2>\n        \n        <span>Postdoktorandin f\u00fcr mikrobielle &#8216;Omics<\/span>\n\n\n\n    <\/header>\n\n<\/article>\n<article id=\"post-14612\" class=\"people-teaser zoom-onhover col-12 col-sm-6 col-md-4 col-lg-3 mb-xxl post-14612 people type-people status-publish has-post-thumbnail hentry\">\n\n            <a class=\"post-thumbnail\" href=\"https:\/\/hifmb.de\/de\/personen\/katy-lambert-slosarska\/\" aria-hidden=\"true\" tabindex=\"-1\"><img loading=\"lazy\" decoding=\"async\" width=\"328\" height=\"328\" src=\"https:\/\/hifmb.de\/wp-content\/uploads\/2025\/01\/Katy-Lambert-Slosarska-328x328.jpg\" class=\"size-medium w-100 img-bordered people-teaser--img-main wp-post-image\" alt=\"Katy Lambert-Slosarska\" srcset=\"https:\/\/hifmb.de\/wp-content\/uploads\/2025\/01\/Katy-Lambert-Slosarska-328x328.jpg 328w, https:\/\/hifmb.de\/wp-content\/uploads\/2025\/01\/Katy-Lambert-Slosarska-150x150.jpg 150w, https:\/\/hifmb.de\/wp-content\/uploads\/2025\/01\/Katy-Lambert-Slosarska-300x300.jpg 300w, https:\/\/hifmb.de\/wp-content\/uploads\/2025\/01\/Katy-Lambert-Slosarska-400x400.jpg 400w, https:\/\/hifmb.de\/wp-content\/uploads\/2025\/01\/Katy-Lambert-Slosarska-600x600.jpg 600w, https:\/\/hifmb.de\/wp-content\/uploads\/2025\/01\/Katy-Lambert-Slosarska.jpg 900w\" sizes=\"auto, (max-width: 328px) 100vw, 328px\" \/><\/a>    \n    <header class=\"entry-header\">\n\n        <h2 class=\"entry-title pt-2 mb-xxxs\"><a href=\"https:\/\/hifmb.de\/de\/personen\/katy-lambert-slosarska\/\" rel=\"bookmark\" class=\"no-link-style people-teaser-title\">Katy Lambert-Slosarska<\/a><\/h2>\n        \n        <span>\u00d6kologin f\u00fcr marine Mikroorganismen, Bioinformatikerin <\/span>\n\n\n\n    <\/header>\n\n<\/article>\n<article id=\"post-16812\" class=\"people-teaser zoom-onhover col-12 col-sm-6 col-md-4 col-lg-3 mb-xxl post-16812 people type-people status-publish has-post-thumbnail hentry\">\n\n            <a class=\"post-thumbnail\" href=\"https:\/\/hifmb.de\/de\/personen\/nithin-joseph-simon\/\" aria-hidden=\"true\" tabindex=\"-1\"><img loading=\"lazy\" decoding=\"async\" width=\"328\" height=\"328\" src=\"https:\/\/hifmb.de\/wp-content\/uploads\/2025\/11\/Portrait_Nithin-328x328.jpg\" class=\"size-medium w-100 img-bordered people-teaser--img-main wp-post-image\" alt=\"Nithin Joseph Simon\" srcset=\"https:\/\/hifmb.de\/wp-content\/uploads\/2025\/11\/Portrait_Nithin-328x328.jpg 328w, https:\/\/hifmb.de\/wp-content\/uploads\/2025\/11\/Portrait_Nithin-150x150.jpg 150w, https:\/\/hifmb.de\/wp-content\/uploads\/2025\/11\/Portrait_Nithin.jpg 562w\" sizes=\"auto, (max-width: 328px) 100vw, 328px\" \/><\/a>    \n    <header class=\"entry-header\">\n\n        <h2 class=\"entry-title pt-2 mb-xxxs\"><a href=\"https:\/\/hifmb.de\/de\/personen\/nithin-joseph-simon\/\" rel=\"bookmark\" class=\"no-link-style people-teaser-title\">Nithin Joseph Simon<\/a><\/h2>\n        \n        <span>Studentische Hilfskraft<\/span>\n\n\n\n    <\/header>\n\n<\/article>\n<article id=\"post-16932\" class=\"people-teaser zoom-onhover col-12 col-sm-6 col-md-4 col-lg-3 mb-xxl post-16932 people type-people status-publish has-post-thumbnail hentry\">\n\n            <a class=\"post-thumbnail\" href=\"https:\/\/hifmb.de\/de\/personen\/sarah-hahnke\/\" aria-hidden=\"true\" tabindex=\"-1\"><img loading=\"lazy\" decoding=\"async\" width=\"328\" height=\"328\" src=\"https:\/\/hifmb.de\/wp-content\/uploads\/2025\/12\/Portrait-Sarah-Hahnke-328x328.jpg\" class=\"size-medium w-100 img-bordered people-teaser--img-main wp-post-image\" alt=\"Sarah Hahnke\" srcset=\"https:\/\/hifmb.de\/wp-content\/uploads\/2025\/12\/Portrait-Sarah-Hahnke-328x328.jpg 328w, https:\/\/hifmb.de\/wp-content\/uploads\/2025\/12\/Portrait-Sarah-Hahnke-150x150.jpg 150w, https:\/\/hifmb.de\/wp-content\/uploads\/2025\/12\/Portrait-Sarah-Hahnke.jpg 562w\" sizes=\"auto, (max-width: 328px) 100vw, 328px\" \/><\/a>    \n    <header class=\"entry-header\">\n\n        <h2 class=\"entry-title pt-2 mb-xxxs\"><a href=\"https:\/\/hifmb.de\/de\/personen\/sarah-hahnke\/\" rel=\"bookmark\" class=\"no-link-style people-teaser-title\">Sarah Hahnke<\/a><\/h2>\n        \n        <span> Laborleiterin, Mikrobielle \u00d6kologin<\/span>\n\n\n\n    <\/header>\n\n<\/article>\n<article id=\"post-12709\" class=\"people-teaser zoom-onhover col-12 col-sm-6 col-md-4 col-lg-3 mb-xxl post-12709 people type-people status-publish has-post-thumbnail hentry\">\n\n            <a class=\"post-thumbnail\" href=\"https:\/\/hifmb.de\/de\/personen\/xi-chen\/\" aria-hidden=\"true\" tabindex=\"-1\"><img loading=\"lazy\" decoding=\"async\" width=\"328\" height=\"328\" src=\"https:\/\/hifmb.de\/wp-content\/uploads\/2024\/02\/Xi-Chen_new-328x328.jpg\" class=\"size-medium w-100 img-bordered people-teaser--img-main wp-post-image\" alt=\"Xi Chen\" srcset=\"https:\/\/hifmb.de\/wp-content\/uploads\/2024\/02\/Xi-Chen_new-328x328.jpg 328w, https:\/\/hifmb.de\/wp-content\/uploads\/2024\/02\/Xi-Chen_new-150x150.jpg 150w, https:\/\/hifmb.de\/wp-content\/uploads\/2024\/02\/Xi-Chen_new-300x300.jpg 300w, https:\/\/hifmb.de\/wp-content\/uploads\/2024\/02\/Xi-Chen_new-400x400.jpg 400w, https:\/\/hifmb.de\/wp-content\/uploads\/2024\/02\/Xi-Chen_new.jpg 562w\" sizes=\"auto, (max-width: 328px) 100vw, 328px\" \/><\/a>    \n    <header class=\"entry-header\">\n\n        <h2 class=\"entry-title pt-2 mb-xxxs\"><a href=\"https:\/\/hifmb.de\/de\/personen\/xi-chen\/\" rel=\"bookmark\" class=\"no-link-style people-teaser-title\">Xi Chen<\/a><\/h2>\n        \n        <span>Bioinformatikerin <\/span>\n\n\n\n    <\/header>\n\n<\/article>\n\n        \n            <div id=\"load-more\" class=\"col-12 mt-5 mb-5 no-link-style\"\n                 data-append-id=\"append-people-block_6d9de555728f26cc74c306ea95c651dc\"\n                 data-btn-text=\"Laden...\">\n                            <\/div>\n\n        \n    <\/div> \n    <p id=\"back-to-top\" class=\"container mt-5 text-right\" style=\"display:none\"><a href=\"#page\"\n                                                                                  class=\"btn btn-primary icon-round\">\n            <span class=\"sr-only\">Zur\u00fcck nach oben<\/span>\n            <svg class=\"icon icon-size-xs\">\n                <use xlink:href=\"#arrow-double-up\"\/>\n            <\/svg>\n        <\/a><\/p>\n\n<\/div> \n\n\n\n<\/div><\/div>\n\n\n\n<div class=\"wp-block-theme-spacer  height-xxxl\"><\/div>\n","protected":false},"excerpt":{"rendered":"<p>Vita<\/p>\n<p>2024 \u2013 heute<\/p>\n<p>Postdoktorandin am Institut f\u00fcr Funktionelle Marine Biodiversit\u00e4t der Universit\u00e4t Oldenburg (HIFMB), Deutschland<\/p>\n<p>2018 \u2013 2023<\/p>\n<p>Doktorandin an der International Max Planck Research School &#8220;From Molecules to Organisms&#8221;, Universit\u00e4t T\u00fcbingen, Deutschland<\/p>\n<p>2014 \u2013 2017<\/p>\n<p>MSc an der Sun Yat-sen Universit\u00e4t, China<\/p>\n<p>2010 \u2013 2014<\/p>\n<p>BSc an der Sun Yat-sen Universit\u00e4t, China<\/p>\n<p>Forschungsschwerpunkte<\/p>\n<p>Ich bin Bioinformatikerin und mikrobielle \u00d6kologin. Es macht mir Spa\u00df, &#8230;<\/p>\n<p><a class=\"btn btn-primary theme-read-more-link mt-3 no-link-style\"\n                    href=\"https:\/\/hifmb.de\/de\/forschung\/arbeitsgruppen\/ecosystem-data-science\/\"\n                    aria-describedby=\"teaser-headline-3164\">Weiterlesen<\/a><\/p>\n","protected":false},"author":1,"featured_media":1854,"parent":3172,"menu_order":0,"comment_status":"closed","ping_status":"closed","template":"","meta":{"_acf_changed":false,"footnotes":""},"class_list":["post-3164","page","type-page","status-publish","has-post-thumbnail","hentry"],"acf":[],"yoast_head":"<!-- This site is optimized with the Yoast SEO plugin v27.4 - https:\/\/yoast.com\/product\/yoast-seo-wordpress\/ -->\n<title>Ecosystem Data Science - HIFMB Oldenburg<\/title>\n<meta name=\"robots\" content=\"index, follow, max-snippet:-1, max-image-preview:large, max-video-preview:-1\" \/>\n<link rel=\"canonical\" href=\"https:\/\/hifmb.de\/de\/forschung\/arbeitsgruppen\/ecosystem-data-science\/\" \/>\n<meta property=\"og:locale\" content=\"de_DE\" \/>\n<meta property=\"og:type\" content=\"article\" \/>\n<meta property=\"og:title\" content=\"Ecosystem Data Science - HIFMB Oldenburg\" \/>\n<meta property=\"og:description\" content=\"Vita  2024 \u2013 heute  Postdoktorandin am Institut f\u00fcr Funktionelle Marine Biodiversit\u00e4t der Universit\u00e4t Oldenburg (HIFMB), Deutschland  2018 \u2013 2023  Doktorandin an der International Max Planck Research School &#8220;From Molecules to Organisms&#8221;, Universit\u00e4t T\u00fcbingen, Deutschland  2014 \u2013 2017  MSc an der Sun Yat-sen Universit\u00e4t, China  2010 \u2013 2014  BSc an der Sun Yat-sen Universit\u00e4t, China    Forschungsschwerpunkte  Ich bin Bioinformatikerin und mikrobielle \u00d6kologin. Es macht mir Spa\u00df, ...Weiterlesen\" \/>\n<meta property=\"og:url\" content=\"https:\/\/hifmb.de\/de\/forschung\/arbeitsgruppen\/ecosystem-data-science\/\" \/>\n<meta property=\"og:site_name\" content=\"HIFMB Oldenburg\" \/>\n<meta property=\"article:modified_time\" content=\"2026-01-19T08:24:50+00:00\" \/>\n<meta property=\"og:image\" content=\"https:\/\/hifmb.de\/wp-content\/uploads\/2021\/01\/AG_Ecosystem_Data_Science_TITEL_HEADER_Koralle_Pixabay_marcelokato_CC0.png\" \/>\n\t<meta property=\"og:image:width\" content=\"2560\" \/>\n\t<meta property=\"og:image:height\" content=\"720\" \/>\n\t<meta property=\"og:image:type\" content=\"image\/png\" \/>\n<meta name=\"twitter:card\" content=\"summary_large_image\" \/>\n<meta name=\"twitter:label1\" content=\"Est. reading time\" \/>\n\t<meta name=\"twitter:data1\" content=\"1 minute\" \/>\n<script type=\"application\/ld+json\" class=\"yoast-schema-graph\">{\"@context\":\"https:\\\/\\\/schema.org\",\"@graph\":[{\"@type\":\"WebPage\",\"@id\":\"https:\\\/\\\/hifmb.de\\\/de\\\/forschung\\\/arbeitsgruppen\\\/ecosystem-data-science\\\/\",\"url\":\"https:\\\/\\\/hifmb.de\\\/de\\\/forschung\\\/arbeitsgruppen\\\/ecosystem-data-science\\\/\",\"name\":\"Ecosystem Data Science - HIFMB Oldenburg\",\"isPartOf\":{\"@id\":\"https:\\\/\\\/hifmb.de\\\/de\\\/#website\"},\"primaryImageOfPage\":{\"@id\":\"https:\\\/\\\/hifmb.de\\\/de\\\/forschung\\\/arbeitsgruppen\\\/ecosystem-data-science\\\/#primaryimage\"},\"image\":{\"@id\":\"https:\\\/\\\/hifmb.de\\\/de\\\/forschung\\\/arbeitsgruppen\\\/ecosystem-data-science\\\/#primaryimage\"},\"thumbnailUrl\":\"https:\\\/\\\/hifmb.de\\\/wp-content\\\/uploads\\\/2021\\\/01\\\/AG_Ecosystem_Data_Science_TITEL_HEADER_Koralle_Pixabay_marcelokato_CC0.png\",\"datePublished\":\"2020-12-15T13:10:08+00:00\",\"dateModified\":\"2026-01-19T08:24:50+00:00\",\"breadcrumb\":{\"@id\":\"https:\\\/\\\/hifmb.de\\\/de\\\/forschung\\\/arbeitsgruppen\\\/ecosystem-data-science\\\/#breadcrumb\"},\"inLanguage\":\"de-DE\",\"potentialAction\":[{\"@type\":\"ReadAction\",\"target\":[\"https:\\\/\\\/hifmb.de\\\/de\\\/forschung\\\/arbeitsgruppen\\\/ecosystem-data-science\\\/\"]}]},{\"@type\":\"ImageObject\",\"inLanguage\":\"de-DE\",\"@id\":\"https:\\\/\\\/hifmb.de\\\/de\\\/forschung\\\/arbeitsgruppen\\\/ecosystem-data-science\\\/#primaryimage\",\"url\":\"https:\\\/\\\/hifmb.de\\\/wp-content\\\/uploads\\\/2021\\\/01\\\/AG_Ecosystem_Data_Science_TITEL_HEADER_Koralle_Pixabay_marcelokato_CC0.png\",\"contentUrl\":\"https:\\\/\\\/hifmb.de\\\/wp-content\\\/uploads\\\/2021\\\/01\\\/AG_Ecosystem_Data_Science_TITEL_HEADER_Koralle_Pixabay_marcelokato_CC0.png\",\"width\":2560,\"height\":720},{\"@type\":\"BreadcrumbList\",\"@id\":\"https:\\\/\\\/hifmb.de\\\/de\\\/forschung\\\/arbeitsgruppen\\\/ecosystem-data-science\\\/#breadcrumb\",\"itemListElement\":[{\"@type\":\"ListItem\",\"position\":1,\"name\":\"Home\",\"item\":\"https:\\\/\\\/hifmb.de\\\/de\\\/\"},{\"@type\":\"ListItem\",\"position\":2,\"name\":\"Forschung\",\"item\":\"https:\\\/\\\/hifmb.de\\\/de\\\/forschung\\\/\"},{\"@type\":\"ListItem\",\"position\":3,\"name\":\"Arbeitsgruppen\",\"item\":\"https:\\\/\\\/hifmb.de\\\/de\\\/forschung\\\/arbeitsgruppen\\\/\"},{\"@type\":\"ListItem\",\"position\":4,\"name\":\"Ecosystem Data Science\"}]},{\"@type\":\"WebSite\",\"@id\":\"https:\\\/\\\/hifmb.de\\\/de\\\/#website\",\"url\":\"https:\\\/\\\/hifmb.de\\\/de\\\/\",\"name\":\"HIFMB Oldenburg\",\"description\":\"The Helmholtz Institute for Functional Marine Biodiversity (HIFMB)\",\"publisher\":{\"@id\":\"https:\\\/\\\/hifmb.de\\\/de\\\/#organization\"},\"potentialAction\":[{\"@type\":\"SearchAction\",\"target\":{\"@type\":\"EntryPoint\",\"urlTemplate\":\"https:\\\/\\\/hifmb.de\\\/de\\\/?s={search_term_string}\"},\"query-input\":{\"@type\":\"PropertyValueSpecification\",\"valueRequired\":true,\"valueName\":\"search_term_string\"}}],\"inLanguage\":\"de-DE\"},{\"@type\":\"Organization\",\"@id\":\"https:\\\/\\\/hifmb.de\\\/de\\\/#organization\",\"name\":\"HIFMB Oldenburg\",\"url\":\"https:\\\/\\\/hifmb.de\\\/de\\\/\",\"logo\":{\"@type\":\"ImageObject\",\"inLanguage\":\"de-DE\",\"@id\":\"https:\\\/\\\/hifmb.de\\\/de\\\/#\\\/schema\\\/logo\\\/image\\\/\",\"url\":\"https:\\\/\\\/hifmb.de\\\/wp-content\\\/uploads\\\/2021\\\/01\\\/hifmb-logo-neg-de.svg\",\"contentUrl\":\"https:\\\/\\\/hifmb.de\\\/wp-content\\\/uploads\\\/2021\\\/01\\\/hifmb-logo-neg-de.svg\",\"width\":300,\"height\":87,\"caption\":\"HIFMB Oldenburg\"},\"image\":{\"@id\":\"https:\\\/\\\/hifmb.de\\\/de\\\/#\\\/schema\\\/logo\\\/image\\\/\"}}]}<\/script>\n<!-- \/ Yoast SEO plugin. -->","yoast_head_json":{"title":"Ecosystem Data Science - HIFMB Oldenburg","robots":{"index":"index","follow":"follow","max-snippet":"max-snippet:-1","max-image-preview":"max-image-preview:large","max-video-preview":"max-video-preview:-1"},"canonical":"https:\/\/hifmb.de\/de\/forschung\/arbeitsgruppen\/ecosystem-data-science\/","og_locale":"de_DE","og_type":"article","og_title":"Ecosystem Data Science - HIFMB Oldenburg","og_description":"Vita  2024 \u2013 heute  Postdoktorandin am Institut f\u00fcr Funktionelle Marine Biodiversit\u00e4t der Universit\u00e4t Oldenburg (HIFMB), Deutschland  2018 \u2013 2023  Doktorandin an der International Max Planck Research School &#8220;From Molecules to Organisms&#8221;, Universit\u00e4t T\u00fcbingen, Deutschland  2014 \u2013 2017  MSc an der Sun Yat-sen Universit\u00e4t, China  2010 \u2013 2014  BSc an der Sun Yat-sen Universit\u00e4t, China    Forschungsschwerpunkte  Ich bin Bioinformatikerin und mikrobielle \u00d6kologin. Es macht mir Spa\u00df, ...Weiterlesen","og_url":"https:\/\/hifmb.de\/de\/forschung\/arbeitsgruppen\/ecosystem-data-science\/","og_site_name":"HIFMB Oldenburg","article_modified_time":"2026-01-19T08:24:50+00:00","og_image":[{"width":2560,"height":720,"url":"https:\/\/hifmb.de\/wp-content\/uploads\/2021\/01\/AG_Ecosystem_Data_Science_TITEL_HEADER_Koralle_Pixabay_marcelokato_CC0.png","type":"image\/png"}],"twitter_card":"summary_large_image","twitter_misc":{"Est. reading time":"1 minute"},"schema":{"@context":"https:\/\/schema.org","@graph":[{"@type":"WebPage","@id":"https:\/\/hifmb.de\/de\/forschung\/arbeitsgruppen\/ecosystem-data-science\/","url":"https:\/\/hifmb.de\/de\/forschung\/arbeitsgruppen\/ecosystem-data-science\/","name":"Ecosystem Data Science - HIFMB Oldenburg","isPartOf":{"@id":"https:\/\/hifmb.de\/de\/#website"},"primaryImageOfPage":{"@id":"https:\/\/hifmb.de\/de\/forschung\/arbeitsgruppen\/ecosystem-data-science\/#primaryimage"},"image":{"@id":"https:\/\/hifmb.de\/de\/forschung\/arbeitsgruppen\/ecosystem-data-science\/#primaryimage"},"thumbnailUrl":"https:\/\/hifmb.de\/wp-content\/uploads\/2021\/01\/AG_Ecosystem_Data_Science_TITEL_HEADER_Koralle_Pixabay_marcelokato_CC0.png","datePublished":"2020-12-15T13:10:08+00:00","dateModified":"2026-01-19T08:24:50+00:00","breadcrumb":{"@id":"https:\/\/hifmb.de\/de\/forschung\/arbeitsgruppen\/ecosystem-data-science\/#breadcrumb"},"inLanguage":"de-DE","potentialAction":[{"@type":"ReadAction","target":["https:\/\/hifmb.de\/de\/forschung\/arbeitsgruppen\/ecosystem-data-science\/"]}]},{"@type":"ImageObject","inLanguage":"de-DE","@id":"https:\/\/hifmb.de\/de\/forschung\/arbeitsgruppen\/ecosystem-data-science\/#primaryimage","url":"https:\/\/hifmb.de\/wp-content\/uploads\/2021\/01\/AG_Ecosystem_Data_Science_TITEL_HEADER_Koralle_Pixabay_marcelokato_CC0.png","contentUrl":"https:\/\/hifmb.de\/wp-content\/uploads\/2021\/01\/AG_Ecosystem_Data_Science_TITEL_HEADER_Koralle_Pixabay_marcelokato_CC0.png","width":2560,"height":720},{"@type":"BreadcrumbList","@id":"https:\/\/hifmb.de\/de\/forschung\/arbeitsgruppen\/ecosystem-data-science\/#breadcrumb","itemListElement":[{"@type":"ListItem","position":1,"name":"Home","item":"https:\/\/hifmb.de\/de\/"},{"@type":"ListItem","position":2,"name":"Forschung","item":"https:\/\/hifmb.de\/de\/forschung\/"},{"@type":"ListItem","position":3,"name":"Arbeitsgruppen","item":"https:\/\/hifmb.de\/de\/forschung\/arbeitsgruppen\/"},{"@type":"ListItem","position":4,"name":"Ecosystem Data Science"}]},{"@type":"WebSite","@id":"https:\/\/hifmb.de\/de\/#website","url":"https:\/\/hifmb.de\/de\/","name":"HIFMB Oldenburg","description":"The Helmholtz Institute for Functional Marine Biodiversity (HIFMB)","publisher":{"@id":"https:\/\/hifmb.de\/de\/#organization"},"potentialAction":[{"@type":"SearchAction","target":{"@type":"EntryPoint","urlTemplate":"https:\/\/hifmb.de\/de\/?s={search_term_string}"},"query-input":{"@type":"PropertyValueSpecification","valueRequired":true,"valueName":"search_term_string"}}],"inLanguage":"de-DE"},{"@type":"Organization","@id":"https:\/\/hifmb.de\/de\/#organization","name":"HIFMB Oldenburg","url":"https:\/\/hifmb.de\/de\/","logo":{"@type":"ImageObject","inLanguage":"de-DE","@id":"https:\/\/hifmb.de\/de\/#\/schema\/logo\/image\/","url":"https:\/\/hifmb.de\/wp-content\/uploads\/2021\/01\/hifmb-logo-neg-de.svg","contentUrl":"https:\/\/hifmb.de\/wp-content\/uploads\/2021\/01\/hifmb-logo-neg-de.svg","width":300,"height":87,"caption":"HIFMB Oldenburg"},"image":{"@id":"https:\/\/hifmb.de\/de\/#\/schema\/logo\/image\/"}}]}},"_links":{"self":[{"href":"https:\/\/hifmb.de\/de\/wp-json\/wp\/v2\/pages\/3164","targetHints":{"allow":["GET"]}}],"collection":[{"href":"https:\/\/hifmb.de\/de\/wp-json\/wp\/v2\/pages"}],"about":[{"href":"https:\/\/hifmb.de\/de\/wp-json\/wp\/v2\/types\/page"}],"author":[{"embeddable":true,"href":"https:\/\/hifmb.de\/de\/wp-json\/wp\/v2\/users\/1"}],"replies":[{"embeddable":true,"href":"https:\/\/hifmb.de\/de\/wp-json\/wp\/v2\/comments?post=3164"}],"version-history":[{"count":7,"href":"https:\/\/hifmb.de\/de\/wp-json\/wp\/v2\/pages\/3164\/revisions"}],"predecessor-version":[{"id":17220,"href":"https:\/\/hifmb.de\/de\/wp-json\/wp\/v2\/pages\/3164\/revisions\/17220"}],"up":[{"embeddable":true,"href":"https:\/\/hifmb.de\/de\/wp-json\/wp\/v2\/pages\/3172"}],"wp:featuredmedia":[{"embeddable":true,"href":"https:\/\/hifmb.de\/de\/wp-json\/wp\/v2\/media\/1854"}],"wp:attachment":[{"href":"https:\/\/hifmb.de\/de\/wp-json\/wp\/v2\/media?parent=3164"}],"curies":[{"name":"wp","href":"https:\/\/api.w.org\/{rel}","templated":true}]}}