{"id":3170,"date":"2020-09-23T13:09:19","date_gmt":"2020-09-23T13:09:19","guid":{"rendered":"http:\/\/hifmb.de.w01b8649.kasserver.com\/contact\/"},"modified":"2025-10-01T12:58:17","modified_gmt":"2025-10-01T10:58:17","slug":"kontakt","status":"publish","type":"page","link":"https:\/\/hifmb.de\/de\/kontakt\/","title":{"rendered":"Kontakt"},"content":{"rendered":"\n<div class=\"wp-block-theme-spacer  height-xxs\"><\/div>\n\n\n\n<p class=\"mb-xxxxs\"><strong>Helmholtz-Institut f\u00fcr Funktionelle Marine Biodiversit\u00e4t <\/strong><br><strong>an der Universit\u00e4t Oldenburg (HIFMB)<\/strong><\/p>\n\n\n\n<p>Im Technologiepark 5<br>26129 Oldenburg<\/p>\n\n\n\n<div class=\"wp-block-buttons mt-xxxxs mb-xxxxs is-layout-flex wp-block-buttons-is-layout-flex\">\n<div class=\"wp-block-button\"><a class=\"wp-block-button__link wp-element-button\" href=\"https:\/\/goo.gl\/maps\/8FF4m3JvZHAkuc8PA\" target=\"_blank\" rel=\"noreferrer noopener\">Google Maps<\/a><\/div>\n<\/div>\n\n\n\n<p><a href=\"mailto:info@hifmb.de\">info@hifmb.de<\/a><\/p>\n\n\n\n<p><a href=\"tel:004947148312546\">+49 471 4831-2546<\/a><\/p>\n\n\n\n<p><\/p>\n\n\n\n<div class=\"wp-block-theme-spacer  height-xxl\"><\/div>\n\n\n\n<div class=\"wp-block-theme-section  is-fullwidth\" style=\"\"><div class=\"container\">\n<figure class=\"wp-block-image alignwide size-large\"><img loading=\"lazy\" decoding=\"async\" width=\"1080\" height=\"545\" src=\"https:\/\/hifmb.de\/wp-content\/uploads\/2024\/08\/hifmb-karte-1080x545.webp\" alt=\"\" class=\"wp-image-13671\" srcset=\"https:\/\/hifmb.de\/wp-content\/uploads\/2024\/08\/hifmb-karte-1080x545.webp 1080w, https:\/\/hifmb.de\/wp-content\/uploads\/2024\/08\/hifmb-karte-328x165.webp 328w, https:\/\/hifmb.de\/wp-content\/uploads\/2024\/08\/hifmb-karte-1536x775.webp 1536w, https:\/\/hifmb.de\/wp-content\/uploads\/2024\/08\/hifmb-karte.webp 2048w\" sizes=\"auto, (max-width: 1080px) 100vw, 1080px\" \/><\/figure>\n\n\n\n<div class=\"wp-block-theme-spacer  height-xxl\"><\/div>\n<\/div><\/div>\n","protected":false},"excerpt":{"rendered":"<p>Helmholtz-Institut f\u00fcr Funktionelle Marine Biodiversit\u00e4t an der Universit\u00e4t Oldenburg (HIFMB)<\/p>\n<p>Im Technologiepark 526129 Oldenburg<\/p>\n<p>Google Maps<\/p>\n<p>info@hifmb.de<\/p>\n<p>+49 471 4831-2546<\/p>\n<p><a class=\"btn btn-primary theme-read-more-link mt-3 no-link-style\"\n                    href=\"https:\/\/hifmb.de\/de\/kontakt\/\"\n                    aria-describedby=\"teaser-headline-3170\">Weiterlesen<\/a><\/p>\n","protected":false},"author":1,"featured_media":1840,"parent":0,"menu_order":22,"comment_status":"closed","ping_status":"closed","template":"","meta":{"_acf_changed":false,"footnotes":""},"class_list":["post-3170","page","type-page","status-publish","has-post-thumbnail","hentry"],"acf":[],"yoast_head":"<!-- This site is optimized with the Yoast SEO plugin v27.3 - https:\/\/yoast.com\/product\/yoast-seo-wordpress\/ -->\n<title>Kontakt - HIFMB Oldenburg<\/title>\n<meta name=\"robots\" content=\"index, follow, max-snippet:-1, max-image-preview:large, max-video-preview:-1\" \/>\n<link rel=\"canonical\" href=\"https:\/\/hifmb.de\/de\/kontakt\/\" \/>\n<meta property=\"og:locale\" content=\"de_DE\" \/>\n<meta property=\"og:type\" content=\"article\" \/>\n<meta property=\"og:title\" content=\"Kontakt - HIFMB Oldenburg\" \/>\n<meta property=\"og:description\" content=\"Helmholtz-Institut f\u00fcr Funktionelle Marine Biodiversit\u00e4t an der Universit\u00e4t Oldenburg (HIFMB)  Im Technologiepark 526129 Oldenburg   Google Maps   info@hifmb.de  +49 471 4831-2546Weiterlesen\" \/>\n<meta property=\"og:url\" content=\"https:\/\/hifmb.de\/de\/kontakt\/\" \/>\n<meta property=\"og:site_name\" content=\"HIFMB Oldenburg\" \/>\n<meta property=\"article:modified_time\" content=\"2025-10-01T10:58:17+00:00\" \/>\n<meta property=\"og:image\" content=\"https:\/\/hifmb.de\/wp-content\/uploads\/2021\/01\/hifmb-contact.jpg\" \/>\n\t<meta property=\"og:image:width\" content=\"2560\" \/>\n\t<meta property=\"og:image:height\" content=\"720\" \/>\n\t<meta property=\"og:image:type\" content=\"image\/jpeg\" \/>\n<meta name=\"twitter:card\" content=\"summary_large_image\" \/>\n<meta name=\"twitter:label1\" content=\"Est. reading time\" \/>\n\t<meta name=\"twitter:data1\" content=\"1 minute\" \/>\n<script type=\"application\/ld+json\" class=\"yoast-schema-graph\">{\"@context\":\"https:\\\/\\\/schema.org\",\"@graph\":[{\"@type\":\"WebPage\",\"@id\":\"https:\\\/\\\/hifmb.de\\\/de\\\/kontakt\\\/\",\"url\":\"https:\\\/\\\/hifmb.de\\\/de\\\/kontakt\\\/\",\"name\":\"Kontakt - HIFMB Oldenburg\",\"isPartOf\":{\"@id\":\"https:\\\/\\\/hifmb.de\\\/#website\"},\"primaryImageOfPage\":{\"@id\":\"https:\\\/\\\/hifmb.de\\\/de\\\/kontakt\\\/#primaryimage\"},\"image\":{\"@id\":\"https:\\\/\\\/hifmb.de\\\/de\\\/kontakt\\\/#primaryimage\"},\"thumbnailUrl\":\"https:\\\/\\\/hifmb.de\\\/wp-content\\\/uploads\\\/2021\\\/01\\\/hifmb-contact.jpg\",\"datePublished\":\"2020-09-23T13:09:19+00:00\",\"dateModified\":\"2025-10-01T10:58:17+00:00\",\"breadcrumb\":{\"@id\":\"https:\\\/\\\/hifmb.de\\\/de\\\/kontakt\\\/#breadcrumb\"},\"inLanguage\":\"de-DE\",\"potentialAction\":[{\"@type\":\"ReadAction\",\"target\":[\"https:\\\/\\\/hifmb.de\\\/de\\\/kontakt\\\/\"]}]},{\"@type\":\"ImageObject\",\"inLanguage\":\"de-DE\",\"@id\":\"https:\\\/\\\/hifmb.de\\\/de\\\/kontakt\\\/#primaryimage\",\"url\":\"https:\\\/\\\/hifmb.de\\\/wp-content\\\/uploads\\\/2021\\\/01\\\/hifmb-contact.jpg\",\"contentUrl\":\"https:\\\/\\\/hifmb.de\\\/wp-content\\\/uploads\\\/2021\\\/01\\\/hifmb-contact.jpg\",\"width\":2560,\"height\":720},{\"@type\":\"BreadcrumbList\",\"@id\":\"https:\\\/\\\/hifmb.de\\\/de\\\/kontakt\\\/#breadcrumb\",\"itemListElement\":[{\"@type\":\"ListItem\",\"position\":1,\"name\":\"Home\",\"item\":\"https:\\\/\\\/hifmb.de.w01b8649.kasserver.com\\\/de\\\/\"},{\"@type\":\"ListItem\",\"position\":2,\"name\":\"Kontakt\"}]},{\"@type\":\"WebSite\",\"@id\":\"https:\\\/\\\/hifmb.de\\\/#website\",\"url\":\"https:\\\/\\\/hifmb.de\\\/\",\"name\":\"HIFMB Oldenburg\",\"description\":\"The Helmholtz Institute for Functional Marine Biodiversity (HIFMB)\",\"publisher\":{\"@id\":\"https:\\\/\\\/hifmb.de\\\/#organization\"},\"potentialAction\":[{\"@type\":\"SearchAction\",\"target\":{\"@type\":\"EntryPoint\",\"urlTemplate\":\"https:\\\/\\\/hifmb.de\\\/?s={search_term_string}\"},\"query-input\":{\"@type\":\"PropertyValueSpecification\",\"valueRequired\":true,\"valueName\":\"search_term_string\"}}],\"inLanguage\":\"de-DE\"},{\"@type\":\"Organization\",\"@id\":\"https:\\\/\\\/hifmb.de\\\/#organization\",\"name\":\"HIFMB Oldenburg\",\"url\":\"https:\\\/\\\/hifmb.de\\\/\",\"logo\":{\"@type\":\"ImageObject\",\"inLanguage\":\"de-DE\",\"@id\":\"https:\\\/\\\/hifmb.de\\\/#\\\/schema\\\/logo\\\/image\\\/\",\"url\":\"https:\\\/\\\/hifmb.de\\\/wp-content\\\/uploads\\\/2021\\\/01\\\/hifmb-logo-neg-de.svg\",\"contentUrl\":\"https:\\\/\\\/hifmb.de\\\/wp-content\\\/uploads\\\/2021\\\/01\\\/hifmb-logo-neg-de.svg\",\"width\":300,\"height\":87,\"caption\":\"HIFMB Oldenburg\"},\"image\":{\"@id\":\"https:\\\/\\\/hifmb.de\\\/#\\\/schema\\\/logo\\\/image\\\/\"}}]}<\/script>\n<!-- \/ Yoast SEO plugin. -->","yoast_head_json":{"title":"Kontakt - HIFMB Oldenburg","robots":{"index":"index","follow":"follow","max-snippet":"max-snippet:-1","max-image-preview":"max-image-preview:large","max-video-preview":"max-video-preview:-1"},"canonical":"https:\/\/hifmb.de\/de\/kontakt\/","og_locale":"de_DE","og_type":"article","og_title":"Kontakt - HIFMB Oldenburg","og_description":"Helmholtz-Institut f\u00fcr Funktionelle Marine Biodiversit\u00e4t an der Universit\u00e4t Oldenburg (HIFMB)  Im Technologiepark 526129 Oldenburg   Google Maps   info@hifmb.de  +49 471 4831-2546Weiterlesen","og_url":"https:\/\/hifmb.de\/de\/kontakt\/","og_site_name":"HIFMB Oldenburg","article_modified_time":"2025-10-01T10:58:17+00:00","og_image":[{"width":2560,"height":720,"url":"https:\/\/hifmb.de\/wp-content\/uploads\/2021\/01\/hifmb-contact.jpg","type":"image\/jpeg"}],"twitter_card":"summary_large_image","twitter_misc":{"Est. reading time":"1 minute"},"schema":{"@context":"https:\/\/schema.org","@graph":[{"@type":"WebPage","@id":"https:\/\/hifmb.de\/de\/kontakt\/","url":"https:\/\/hifmb.de\/de\/kontakt\/","name":"Kontakt - HIFMB Oldenburg","isPartOf":{"@id":"https:\/\/hifmb.de\/#website"},"primaryImageOfPage":{"@id":"https:\/\/hifmb.de\/de\/kontakt\/#primaryimage"},"image":{"@id":"https:\/\/hifmb.de\/de\/kontakt\/#primaryimage"},"thumbnailUrl":"https:\/\/hifmb.de\/wp-content\/uploads\/2021\/01\/hifmb-contact.jpg","datePublished":"2020-09-23T13:09:19+00:00","dateModified":"2025-10-01T10:58:17+00:00","breadcrumb":{"@id":"https:\/\/hifmb.de\/de\/kontakt\/#breadcrumb"},"inLanguage":"de-DE","potentialAction":[{"@type":"ReadAction","target":["https:\/\/hifmb.de\/de\/kontakt\/"]}]},{"@type":"ImageObject","inLanguage":"de-DE","@id":"https:\/\/hifmb.de\/de\/kontakt\/#primaryimage","url":"https:\/\/hifmb.de\/wp-content\/uploads\/2021\/01\/hifmb-contact.jpg","contentUrl":"https:\/\/hifmb.de\/wp-content\/uploads\/2021\/01\/hifmb-contact.jpg","width":2560,"height":720},{"@type":"BreadcrumbList","@id":"https:\/\/hifmb.de\/de\/kontakt\/#breadcrumb","itemListElement":[{"@type":"ListItem","position":1,"name":"Home","item":"https:\/\/hifmb.de.w01b8649.kasserver.com\/de\/"},{"@type":"ListItem","position":2,"name":"Kontakt"}]},{"@type":"WebSite","@id":"https:\/\/hifmb.de\/#website","url":"https:\/\/hifmb.de\/","name":"HIFMB Oldenburg","description":"The Helmholtz Institute for Functional Marine Biodiversity (HIFMB)","publisher":{"@id":"https:\/\/hifmb.de\/#organization"},"potentialAction":[{"@type":"SearchAction","target":{"@type":"EntryPoint","urlTemplate":"https:\/\/hifmb.de\/?s={search_term_string}"},"query-input":{"@type":"PropertyValueSpecification","valueRequired":true,"valueName":"search_term_string"}}],"inLanguage":"de-DE"},{"@type":"Organization","@id":"https:\/\/hifmb.de\/#organization","name":"HIFMB Oldenburg","url":"https:\/\/hifmb.de\/","logo":{"@type":"ImageObject","inLanguage":"de-DE","@id":"https:\/\/hifmb.de\/#\/schema\/logo\/image\/","url":"https:\/\/hifmb.de\/wp-content\/uploads\/2021\/01\/hifmb-logo-neg-de.svg","contentUrl":"https:\/\/hifmb.de\/wp-content\/uploads\/2021\/01\/hifmb-logo-neg-de.svg","width":300,"height":87,"caption":"HIFMB Oldenburg"},"image":{"@id":"https:\/\/hifmb.de\/#\/schema\/logo\/image\/"}}]}},"_links":{"self":[{"href":"https:\/\/hifmb.de\/de\/wp-json\/wp\/v2\/pages\/3170","targetHints":{"allow":["GET"]}}],"collection":[{"href":"https:\/\/hifmb.de\/de\/wp-json\/wp\/v2\/pages"}],"about":[{"href":"https:\/\/hifmb.de\/de\/wp-json\/wp\/v2\/types\/page"}],"author":[{"embeddable":true,"href":"https:\/\/hifmb.de\/de\/wp-json\/wp\/v2\/users\/1"}],"replies":[{"embeddable":true,"href":"https:\/\/hifmb.de\/de\/wp-json\/wp\/v2\/comments?post=3170"}],"version-history":[{"count":2,"href":"https:\/\/hifmb.de\/de\/wp-json\/wp\/v2\/pages\/3170\/revisions"}],"predecessor-version":[{"id":16435,"href":"https:\/\/hifmb.de\/de\/wp-json\/wp\/v2\/pages\/3170\/revisions\/16435"}],"wp:featuredmedia":[{"embeddable":true,"href":"https:\/\/hifmb.de\/de\/wp-json\/wp\/v2\/media\/1840"}],"wp:attachment":[{"href":"https:\/\/hifmb.de\/de\/wp-json\/wp\/v2\/media?parent=3170"}],"curies":[{"name":"wp","href":"https:\/\/api.w.org\/{rel}","templated":true}]}}