{"id":3172,"date":"2020-09-23T13:08:50","date_gmt":"2020-09-23T13:08:50","guid":{"rendered":"http:\/\/hifmb.de.w01b8649.kasserver.com\/working-groups\/"},"modified":"2026-01-22T11:31:47","modified_gmt":"2026-01-22T10:31:47","slug":"arbeitsgruppen","status":"publish","type":"page","link":"https:\/\/hifmb.de\/de\/forschung\/arbeitsgruppen\/","title":{"rendered":"Arbeitsgruppen"},"content":{"rendered":"\n<div class=\"wp-block-theme-spacer  height-xl\"><\/div>\n\n\n\n<h2 class=\"wp-block-heading mb-lg2\" id=\"kerngruppen\">Kerngruppen<\/h2>\n\n\n\n<div class=\"wp-block-group is-style-cards-wrapper-3 is-layout-constrained wp-block-group-is-layout-constrained\">\n<div class=\"wp-block-group is-style-card has-primary-background-color has-background is-layout-flow wp-block-group-is-layout-flow\">\n<figure class=\"wp-block-image size-full\"><img loading=\"lazy\" decoding=\"async\" width=\"438\" height=\"438\" src=\"https:\/\/hifmb.de\/wp-content\/uploads\/2021\/01\/AG_Biodiversity_Theory_TITEL_BOX_Manseok_Kim_Pixabay_License.png\" alt=\"\" class=\"wp-image-1859\" srcset=\"https:\/\/hifmb.de\/wp-content\/uploads\/2021\/01\/AG_Biodiversity_Theory_TITEL_BOX_Manseok_Kim_Pixabay_License.png 438w, https:\/\/hifmb.de\/wp-content\/uploads\/2021\/01\/AG_Biodiversity_Theory_TITEL_BOX_Manseok_Kim_Pixabay_License-328x328.png 328w, https:\/\/hifmb.de\/wp-content\/uploads\/2021\/01\/AG_Biodiversity_Theory_TITEL_BOX_Manseok_Kim_Pixabay_License-150x150.png 150w\" sizes=\"auto, (max-width: 438px) 100vw, 438px\" \/><\/figure>\n\n\n\n<h3 class=\"wp-block-heading\" id=\"biodiversitatstheorie\"><a href=\"https:\/\/hifmb.de\/de\/forschung\/arbeitsgruppen\/biodiversitaetstheorie\/\" target=\"_blank\" rel=\"noreferrer noopener\">Biodiversit\u00e4tstheorie<\/a><\/h3>\n<\/div>\n\n\n\n<div class=\"wp-block-group is-style-card has-primary-background-color has-background is-layout-flow wp-block-group-is-layout-flow\">\n<figure class=\"wp-block-image size-full\"><img loading=\"lazy\" decoding=\"async\" width=\"438\" height=\"438\" src=\"https:\/\/hifmb.de\/wp-content\/uploads\/2021\/01\/AG_Ecosystem_Data_Science_TITEL_BOX_Koralle_Pixabay_marcelokato_CC0.png\" alt=\"\" class=\"wp-image-1856\" srcset=\"https:\/\/hifmb.de\/wp-content\/uploads\/2021\/01\/AG_Ecosystem_Data_Science_TITEL_BOX_Koralle_Pixabay_marcelokato_CC0.png 438w, https:\/\/hifmb.de\/wp-content\/uploads\/2021\/01\/AG_Ecosystem_Data_Science_TITEL_BOX_Koralle_Pixabay_marcelokato_CC0-328x328.png 328w, https:\/\/hifmb.de\/wp-content\/uploads\/2021\/01\/AG_Ecosystem_Data_Science_TITEL_BOX_Koralle_Pixabay_marcelokato_CC0-150x150.png 150w\" sizes=\"auto, (max-width: 438px) 100vw, 438px\" \/><\/figure>\n\n\n\n<h3 class=\"wp-block-heading\" id=\"ecosystem-data-science\"><a href=\"https:\/\/hifmb.de\/de\/forschung\/arbeitsgruppen\/ecosystem-data-science\/\">Ecosystem Data Science<\/a><\/h3>\n<\/div>\n\n\n\n<div class=\"wp-block-group is-style-card has-primary-background-color has-background is-layout-flow wp-block-group-is-layout-flow\">\n<figure class=\"wp-block-image size-full\"><img loading=\"lazy\" decoding=\"async\" width=\"438\" height=\"438\" src=\"https:\/\/hifmb.de\/wp-content\/uploads\/2021\/01\/AG_Marine_Conservation_TITEL_BOX_pexels-marc-coenen.png\" alt=\"\" class=\"wp-image-1863\" srcset=\"https:\/\/hifmb.de\/wp-content\/uploads\/2021\/01\/AG_Marine_Conservation_TITEL_BOX_pexels-marc-coenen.png 438w, https:\/\/hifmb.de\/wp-content\/uploads\/2021\/01\/AG_Marine_Conservation_TITEL_BOX_pexels-marc-coenen-328x328.png 328w, https:\/\/hifmb.de\/wp-content\/uploads\/2021\/01\/AG_Marine_Conservation_TITEL_BOX_pexels-marc-coenen-150x150.png 150w\" sizes=\"auto, (max-width: 438px) 100vw, 438px\" \/><\/figure>\n\n\n\n<h3 class=\"wp-block-heading\" id=\"meeresschutz\"><a href=\"https:\/\/hifmb.de\/de\/forschung\/arbeitsgruppen\/meeresschutz\/\">Meeresschutz<\/a><\/h3>\n<\/div>\n\n\n\n<div class=\"wp-block-group is-style-card has-primary-background-color has-background is-layout-flow wp-block-group-is-layout-flow\">\n<figure class=\"wp-block-image size-full\"><img loading=\"lazy\" decoding=\"async\" width=\"438\" height=\"438\" src=\"https:\/\/hifmb.de\/wp-content\/uploads\/2021\/01\/AG_Marine_Governance_TITEL_BOX_Pixabay_Viola_Pixabay_License.png\" alt=\"\" class=\"wp-image-1867\" srcset=\"https:\/\/hifmb.de\/wp-content\/uploads\/2021\/01\/AG_Marine_Governance_TITEL_BOX_Pixabay_Viola_Pixabay_License.png 438w, https:\/\/hifmb.de\/wp-content\/uploads\/2021\/01\/AG_Marine_Governance_TITEL_BOX_Pixabay_Viola_Pixabay_License-328x328.png 328w, https:\/\/hifmb.de\/wp-content\/uploads\/2021\/01\/AG_Marine_Governance_TITEL_BOX_Pixabay_Viola_Pixabay_License-150x150.png 150w\" sizes=\"auto, (max-width: 438px) 100vw, 438px\" \/><\/figure>\n\n\n\n<h3 class=\"wp-block-heading\" id=\"marine-governance\"><a href=\"https:\/\/hifmb.de\/de\/forschung\/arbeitsgruppen\/marine-governance\/\">Marine Governance<\/a><\/h3>\n<\/div>\n\n\n\n<div class=\"wp-block-group is-style-card has-primary-background-color has-background is-layout-constrained wp-block-group-is-layout-constrained\">\n<figure class=\"wp-block-image size-full\"><img loading=\"lazy\" decoding=\"async\" width=\"438\" height=\"438\" src=\"https:\/\/hifmb.de\/wp-content\/uploads\/2026\/01\/WG_sqaure_MarPolMan_yang-song-unsplash.png\" alt=\"\" class=\"wp-image-17340\" srcset=\"https:\/\/hifmb.de\/wp-content\/uploads\/2026\/01\/WG_sqaure_MarPolMan_yang-song-unsplash.png 438w, https:\/\/hifmb.de\/wp-content\/uploads\/2026\/01\/WG_sqaure_MarPolMan_yang-song-unsplash-328x328.png 328w, https:\/\/hifmb.de\/wp-content\/uploads\/2026\/01\/WG_sqaure_MarPolMan_yang-song-unsplash-150x150.png 150w\" sizes=\"auto, (max-width: 438px) 100vw, 438px\" \/><\/figure>\n\n\n\n<h3 class=\"wp-block-heading\" id=\"marine-molekularokologie\"><a href=\"https:\/\/hifmb.de\/de\/forschung\/arbeitsgruppen\/marine-policy-and-management\/\" type=\"page\" id=\"17344\">Marine Policy and Management<\/a><\/h3>\n<\/div>\n\n\n\n<div class=\"wp-block-group is-style-card has-primary-background-color has-background is-layout-constrained wp-block-group-is-layout-constrained\">\n<figure class=\"wp-block-image size-full\"><img loading=\"lazy\" decoding=\"async\" width=\"701\" height=\"701\" src=\"https:\/\/hifmb.de\/wp-content\/uploads\/2024\/12\/AG_Photosymbiose.png\" alt=\"\" class=\"wp-image-14274\" srcset=\"https:\/\/hifmb.de\/wp-content\/uploads\/2024\/12\/AG_Photosymbiose.png 701w, https:\/\/hifmb.de\/wp-content\/uploads\/2024\/12\/AG_Photosymbiose-328x328.png 328w, https:\/\/hifmb.de\/wp-content\/uploads\/2024\/12\/AG_Photosymbiose-150x150.png 150w, https:\/\/hifmb.de\/wp-content\/uploads\/2024\/12\/AG_Photosymbiose-300x300.png 300w, https:\/\/hifmb.de\/wp-content\/uploads\/2024\/12\/AG_Photosymbiose-400x400.png 400w, https:\/\/hifmb.de\/wp-content\/uploads\/2024\/12\/AG_Photosymbiose-600x600.png 600w\" sizes=\"auto, (max-width: 701px) 100vw, 701px\" \/><\/figure>\n\n\n\n<h3 class=\"wp-block-heading\" id=\"marine-molekularokologie\"><a href=\"https:\/\/hifmb.de\/de\/forschung\/arbeitsgruppen\/photosymbiosis\/\">Photosymbiose<\/a><\/h3>\n<\/div>\n\n\n\n<div class=\"wp-block-group is-style-card has-primary-background-color has-background is-layout-constrained wp-block-group-is-layout-constrained\">\n<figure class=\"wp-block-image size-full\"><img loading=\"lazy\" decoding=\"async\" width=\"438\" height=\"438\" src=\"https:\/\/hifmb.de\/wp-content\/uploads\/2021\/01\/FG_Marine_Molecular_Ecology_TITEL_BOX_pexels-francesco-ungaro.png\" alt=\"\" class=\"wp-image-1870\" srcset=\"https:\/\/hifmb.de\/wp-content\/uploads\/2021\/01\/FG_Marine_Molecular_Ecology_TITEL_BOX_pexels-francesco-ungaro.png 438w, https:\/\/hifmb.de\/wp-content\/uploads\/2021\/01\/FG_Marine_Molecular_Ecology_TITEL_BOX_pexels-francesco-ungaro-328x328.png 328w, https:\/\/hifmb.de\/wp-content\/uploads\/2021\/01\/FG_Marine_Molecular_Ecology_TITEL_BOX_pexels-francesco-ungaro-150x150.png 150w\" sizes=\"auto, (max-width: 438px) 100vw, 438px\" \/><\/figure>\n\n\n\n<h3 class=\"wp-block-heading\" id=\"marine-molekularokologie\"><a href=\"https:\/\/hifmb.de\/de\/forschung\/arbeitsgruppen\/planktologie\/\">Planktologie<\/a><\/h3>\n<\/div>\n<\/div>\n\n\n\n<div class=\"wp-block-theme-spacer  height-sm\"><\/div>\n\n\n\n<h2 class=\"wp-block-heading mb-lg\" id=\"weitere-arbeitsgruppen\">Weitere Arbeitsgruppen<\/h2>\n\n\n\n<div class=\"wp-block-group is-style-cards-wrapper-4 is-layout-flow wp-block-group-is-layout-flow\">\n<div class=\"wp-block-group is-style-card has-primary-background-color has-background is-layout-flow wp-block-group-is-layout-flow\">\n<h3 class=\"wp-block-heading\" id=\"biodiversitat-und-evolution-der-tiere\"><a href=\"https:\/\/hifmb.de\/de\/forschung\/arbeitsgruppen\/biodiversitaet-und-evolution-der-tiere\/\">Biodiversit\u00e4t und Evolution der Tiere<\/a><\/h3>\n<\/div>\n\n\n\n<div class=\"wp-block-group is-style-card has-primary-background-color has-background is-layout-flow wp-block-group-is-layout-flow\">\n<h3 class=\"wp-block-heading\" id=\"biologie-geologischer-prozesse\"><a href=\"https:\/\/uol.de\/en\/icbm\/biology-of-geological-processes\" target=\"_blank\" rel=\"noreferrer noopener\">Biologie geologischer Prozesse<\/a><\/h3>\n<\/div>\n\n\n\n<div class=\"wp-block-group is-style-card has-primary-background-color has-background is-layout-flow wp-block-group-is-layout-flow\">\n<h3 class=\"wp-block-heading\" id=\"oko-evolutionare-genomik\"><strong><a href=\"https:\/\/hifmb.de\/de\/forschung\/arbeitsgruppen\/oeko-evolutionaere-genomik\/\">\u00d6ko-evolution\u00e4re Genomik<\/a><\/strong><\/h3>\n<\/div>\n\n\n\n<div class=\"wp-block-group is-style-card has-primary-background-color has-background is-layout-flow wp-block-group-is-layout-flow\">\n<h3 class=\"wp-block-heading\" id=\"umwelt-biochemie\"><a href=\"http:\/\/www.icbm.de\/umweltbiochemie\/\" target=\"_blank\" rel=\"noreferrer noopener\">Umwelt-Biochemie<\/a><\/h3>\n<\/div>\n\n\n\n<div class=\"wp-block-group is-style-card has-primary-background-color has-background is-layout-flow wp-block-group-is-layout-flow\">\n<h3 class=\"wp-block-heading\" id=\"okophysiologie-pelagischer-schlusselarten\"><a href=\"https:\/\/hifmb.de\/de\/forschung\/arbeitsgruppen\/oekophysiologie-pelagischer-schluesselarten\/\">\u00d6kophysiologie pelagischer Schl\u00fcsselarten<\/a><\/h3>\n<\/div>\n\n\n\n<div class=\"wp-block-group is-style-card has-primary-background-color has-background is-layout-flow wp-block-group-is-layout-flow\">\n<h3 class=\"wp-block-heading\" id=\"marine-akustik-unterwasser-diversitat-maud\"><a href=\"https:\/\/hifmb.de\/de\/forschung\/arbeitsgruppen\/marine-akustik-unterwasser-vielfalt-maud\/\">Marine Akustik Unterwasser-Diversit\u00e4t (MAUD)<\/a><\/h3>\n<\/div>\n\n\n\n<div class=\"wp-block-group is-style-card has-primary-background-color has-background is-layout-flow wp-block-group-is-layout-flow\">\n<h3 class=\"wp-block-heading\" id=\"icbm-mpi-bruckengruppe-fur-marine-geochemie\"><a href=\"https:\/\/uol.de\/en\/icbm\/marine-geochemistry\" target=\"_blank\" rel=\"noreferrer noopener\">ICBM-MPI-Br\u00fcckengruppe f\u00fcr Marine Geochemie<\/a><\/h3>\n<\/div>\n\n\n\n<div class=\"wp-block-group is-style-card has-primary-background-color has-background is-layout-flow wp-block-group-is-layout-flow\">\n<h3 class=\"wp-block-heading\" id=\"mathematische-modellierung\"><a href=\"https:\/\/hifmb.de\/de\/forschung\/arbeitsgruppen\/mathematische-modellierung\/\">Mathematische Modellierung<\/a><\/h3>\n<\/div>\n\n\n\n<div class=\"wp-block-group is-style-card has-primary-background-color has-background is-layout-flow wp-block-group-is-layout-flow\">\n<h3 class=\"wp-block-heading\" id=\"molekulare-biodiversitat-eukaryotischer-mikroben\"><a href=\"https:\/\/www.awi.de\/en\/science\/biosciences\/polar-biological-oceanography\/main-research-focus\/molecular-biodiversity-of-eukaryotic-microbes.html\" target=\"_blank\" rel=\"noreferrer noopener\">Molekulare Biodiversit\u00e4t eukaryotischer Mikroben<\/a><\/h3>\n<\/div>\n\n\n\n<div class=\"wp-block-group is-style-card has-primary-background-color has-background is-layout-flow wp-block-group-is-layout-flow\">\n<h3 class=\"wp-block-heading\" id=\"planktologie\"><a href=\"https:\/\/miint.org\/\">Pelagische Mikrobiologie<\/a><\/h3>\n<\/div>\n\n\n\n<div class=\"wp-block-group is-style-card has-primary-background-color has-background is-layout-flow wp-block-group-is-layout-flow\">\n<h3 class=\"wp-block-heading\" id=\"planktologie\"><a href=\"https:\/\/uol.de\/icbm\/planktologie\">Planktologie<\/a><\/h3>\n<\/div>\n\n\n\n<div class=\"wp-block-group is-style-card has-primary-background-color has-background is-layout-flow wp-block-group-is-layout-flow\">\n<h3 class=\"wp-block-heading\" id=\"bruckengruppe-value-of-information\"><a href=\"https:\/\/www.uni-bielefeld.de\/fakultaeten\/wirtschaftswissenschaften\/einrichtungen\/voi\/index.xml\" target=\"_blank\" rel=\"noreferrer noopener\">Br\u00fcckengruppe Value of Information<\/a><\/h3>\n<\/div>\n<\/div>\n\n\n\n<div class=\"wp-block-theme-spacer  height-xxxs\"><\/div>\n\n\n\n<div class=\"wp-block-theme-spacer  height-xxxxl\"><\/div>\n","protected":false},"excerpt":{"rendered":"<p>Kerngruppen<\/p>\n<p>Biodiversit\u00e4tstheorie<\/p>\n<p>Ecosystem Data Science<\/p>\n<p>Meeresschutz<\/p>\n<p>Marine Governance<\/p>\n<p>Marine Policy and Management<\/p>\n<p>Photosymbiose<\/p>\n<p>Planktologie<\/p>\n<p>Weitere Arbeitsgruppen<\/p>\n<p>Biodiversit\u00e4t und Evolution der Tiere<\/p>\n<p>Biologie geologischer Prozesse<\/p>\n<p>\u00d6ko-evolution\u00e4re Genomik<\/p>\n<p>Umwelt-Biochemie<\/p>\n<p>\u00d6kophysiologie pelagischer Schl\u00fcsselarten<\/p>\n<p>Marine Akustik Unterwasser-Diversit\u00e4t (MAUD)<\/p>\n<p>ICBM-MPI-Br\u00fcckengruppe f\u00fcr Marine Geochemie<\/p>\n<p>Mathematische Modellierung<\/p>\n<p>Molekulare Biodiversit\u00e4t eukaryotischer Mikroben<\/p>\n<p>Pelagische Mikrobiologie<\/p>\n<p>Planktologie<\/p>\n<p>Br\u00fcckengruppe Value of Information<\/p>\n<p><a class=\"btn btn-primary theme-read-more-link mt-3 no-link-style\"\n                    href=\"https:\/\/hifmb.de\/de\/forschung\/arbeitsgruppen\/\"\n                    aria-describedby=\"teaser-headline-3172\">Weiterlesen<\/a><\/p>\n","protected":false},"author":1,"featured_media":841,"parent":3174,"menu_order":3,"comment_status":"closed","ping_status":"closed","template":"","meta":{"_acf_changed":false,"footnotes":""},"class_list":["post-3172","page","type-page","status-publish","has-post-thumbnail","hentry"],"acf":[],"yoast_head":"<!-- This site is optimized with the Yoast SEO plugin v27.5 - https:\/\/yoast.com\/product\/yoast-seo-wordpress\/ -->\n<title>Arbeitsgruppen - HIFMB Oldenburg<\/title>\n<meta name=\"robots\" content=\"index, follow, max-snippet:-1, max-image-preview:large, max-video-preview:-1\" \/>\n<link rel=\"canonical\" href=\"https:\/\/hifmb.de\/de\/forschung\/arbeitsgruppen\/\" \/>\n<meta property=\"og:locale\" content=\"de_DE\" \/>\n<meta property=\"og:type\" content=\"article\" \/>\n<meta property=\"og:title\" content=\"Arbeitsgruppen - HIFMB Oldenburg\" \/>\n<meta property=\"og:description\" content=\"Kerngruppen     Biodiversit\u00e4tstheorie     Ecosystem Data Science     Meeresschutz     Marine Governance     Marine Policy and Management     Photosymbiose     Planktologie     Weitere Arbeitsgruppen   Biodiversit\u00e4t und Evolution der Tiere   Biologie geologischer Prozesse   \u00d6ko-evolution\u00e4re Genomik   Umwelt-Biochemie   \u00d6kophysiologie pelagischer Schl\u00fcsselarten   Marine Akustik Unterwasser-Diversit\u00e4t (MAUD)   ICBM-MPI-Br\u00fcckengruppe f\u00fcr Marine Geochemie   Mathematische Modellierung   Molekulare Biodiversit\u00e4t eukaryotischer Mikroben   Pelagische Mikrobiologie   Planktologie   Br\u00fcckengruppe Value of InformationWeiterlesen\" \/>\n<meta property=\"og:url\" content=\"https:\/\/hifmb.de\/de\/forschung\/arbeitsgruppen\/\" \/>\n<meta property=\"og:site_name\" content=\"HIFMB Oldenburg\" \/>\n<meta property=\"article:modified_time\" content=\"2026-01-22T10:31:47+00:00\" \/>\n<meta property=\"og:image\" content=\"https:\/\/hifmb.de\/wp-content\/uploads\/2020\/10\/hifmb-working-groups-ewww.jpg\" \/>\n\t<meta property=\"og:image:width\" content=\"2560\" \/>\n\t<meta property=\"og:image:height\" content=\"720\" \/>\n\t<meta property=\"og:image:type\" content=\"image\/jpeg\" \/>\n<meta name=\"twitter:card\" content=\"summary_large_image\" \/>\n<meta name=\"twitter:label1\" content=\"Est. reading time\" \/>\n\t<meta name=\"twitter:data1\" content=\"2 minutes\" \/>\n<script type=\"application\/ld+json\" class=\"yoast-schema-graph\">{\"@context\":\"https:\\\/\\\/schema.org\",\"@graph\":[{\"@type\":\"WebPage\",\"@id\":\"https:\\\/\\\/hifmb.de\\\/de\\\/forschung\\\/arbeitsgruppen\\\/\",\"url\":\"https:\\\/\\\/hifmb.de\\\/de\\\/forschung\\\/arbeitsgruppen\\\/\",\"name\":\"Arbeitsgruppen - HIFMB Oldenburg\",\"isPartOf\":{\"@id\":\"https:\\\/\\\/hifmb.de.w01b8649.kasserver.com\\\/#website\"},\"primaryImageOfPage\":{\"@id\":\"https:\\\/\\\/hifmb.de\\\/de\\\/forschung\\\/arbeitsgruppen\\\/#primaryimage\"},\"image\":{\"@id\":\"https:\\\/\\\/hifmb.de\\\/de\\\/forschung\\\/arbeitsgruppen\\\/#primaryimage\"},\"thumbnailUrl\":\"https:\\\/\\\/hifmb.de\\\/wp-content\\\/uploads\\\/2020\\\/10\\\/hifmb-working-groups-ewww.jpg\",\"datePublished\":\"2020-09-23T13:08:50+00:00\",\"dateModified\":\"2026-01-22T10:31:47+00:00\",\"breadcrumb\":{\"@id\":\"https:\\\/\\\/hifmb.de\\\/de\\\/forschung\\\/arbeitsgruppen\\\/#breadcrumb\"},\"inLanguage\":\"de-DE\",\"potentialAction\":[{\"@type\":\"ReadAction\",\"target\":[\"https:\\\/\\\/hifmb.de\\\/de\\\/forschung\\\/arbeitsgruppen\\\/\"]}]},{\"@type\":\"ImageObject\",\"inLanguage\":\"de-DE\",\"@id\":\"https:\\\/\\\/hifmb.de\\\/de\\\/forschung\\\/arbeitsgruppen\\\/#primaryimage\",\"url\":\"https:\\\/\\\/hifmb.de\\\/wp-content\\\/uploads\\\/2020\\\/10\\\/hifmb-working-groups-ewww.jpg\",\"contentUrl\":\"https:\\\/\\\/hifmb.de\\\/wp-content\\\/uploads\\\/2020\\\/10\\\/hifmb-working-groups-ewww.jpg\",\"width\":2560,\"height\":720},{\"@type\":\"BreadcrumbList\",\"@id\":\"https:\\\/\\\/hifmb.de\\\/de\\\/forschung\\\/arbeitsgruppen\\\/#breadcrumb\",\"itemListElement\":[{\"@type\":\"ListItem\",\"position\":1,\"name\":\"Home\",\"item\":\"https:\\\/\\\/hifmb.de\\\/de\\\/\"},{\"@type\":\"ListItem\",\"position\":2,\"name\":\"Forschung\",\"item\":\"https:\\\/\\\/hifmb.de\\\/de\\\/forschung\\\/\"},{\"@type\":\"ListItem\",\"position\":3,\"name\":\"Arbeitsgruppen\"}]},{\"@type\":\"WebSite\",\"@id\":\"https:\\\/\\\/hifmb.de.w01b8649.kasserver.com\\\/#website\",\"url\":\"https:\\\/\\\/hifmb.de.w01b8649.kasserver.com\\\/\",\"name\":\"HIFMB Oldenburg\",\"description\":\"The Helmholtz Institute for Functional Marine Biodiversity (HIFMB)\",\"publisher\":{\"@id\":\"https:\\\/\\\/hifmb.de.w01b8649.kasserver.com\\\/#organization\"},\"potentialAction\":[{\"@type\":\"SearchAction\",\"target\":{\"@type\":\"EntryPoint\",\"urlTemplate\":\"https:\\\/\\\/hifmb.de.w01b8649.kasserver.com\\\/?s={search_term_string}\"},\"query-input\":{\"@type\":\"PropertyValueSpecification\",\"valueRequired\":true,\"valueName\":\"search_term_string\"}}],\"inLanguage\":\"de-DE\"},{\"@type\":\"Organization\",\"@id\":\"https:\\\/\\\/hifmb.de.w01b8649.kasserver.com\\\/#organization\",\"name\":\"HIFMB Oldenburg\",\"url\":\"https:\\\/\\\/hifmb.de.w01b8649.kasserver.com\\\/\",\"logo\":{\"@type\":\"ImageObject\",\"inLanguage\":\"de-DE\",\"@id\":\"https:\\\/\\\/hifmb.de.w01b8649.kasserver.com\\\/#\\\/schema\\\/logo\\\/image\\\/\",\"url\":\"https:\\\/\\\/hifmb.de\\\/wp-content\\\/uploads\\\/2021\\\/01\\\/hifmb-logo-neg-de.svg\",\"contentUrl\":\"https:\\\/\\\/hifmb.de\\\/wp-content\\\/uploads\\\/2021\\\/01\\\/hifmb-logo-neg-de.svg\",\"width\":300,\"height\":87,\"caption\":\"HIFMB Oldenburg\"},\"image\":{\"@id\":\"https:\\\/\\\/hifmb.de.w01b8649.kasserver.com\\\/#\\\/schema\\\/logo\\\/image\\\/\"}}]}<\/script>\n<!-- \/ Yoast SEO plugin. -->","yoast_head_json":{"title":"Arbeitsgruppen - HIFMB Oldenburg","robots":{"index":"index","follow":"follow","max-snippet":"max-snippet:-1","max-image-preview":"max-image-preview:large","max-video-preview":"max-video-preview:-1"},"canonical":"https:\/\/hifmb.de\/de\/forschung\/arbeitsgruppen\/","og_locale":"de_DE","og_type":"article","og_title":"Arbeitsgruppen - HIFMB Oldenburg","og_description":"Kerngruppen     Biodiversit\u00e4tstheorie     Ecosystem Data Science     Meeresschutz     Marine Governance     Marine Policy and Management     Photosymbiose     Planktologie     Weitere Arbeitsgruppen   Biodiversit\u00e4t und Evolution der Tiere   Biologie geologischer Prozesse   \u00d6ko-evolution\u00e4re Genomik   Umwelt-Biochemie   \u00d6kophysiologie pelagischer Schl\u00fcsselarten   Marine Akustik Unterwasser-Diversit\u00e4t (MAUD)   ICBM-MPI-Br\u00fcckengruppe f\u00fcr Marine Geochemie   Mathematische Modellierung   Molekulare Biodiversit\u00e4t eukaryotischer Mikroben   Pelagische Mikrobiologie   Planktologie   Br\u00fcckengruppe Value of InformationWeiterlesen","og_url":"https:\/\/hifmb.de\/de\/forschung\/arbeitsgruppen\/","og_site_name":"HIFMB Oldenburg","article_modified_time":"2026-01-22T10:31:47+00:00","og_image":[{"width":2560,"height":720,"url":"https:\/\/hifmb.de\/wp-content\/uploads\/2020\/10\/hifmb-working-groups-ewww.jpg","type":"image\/jpeg"}],"twitter_card":"summary_large_image","twitter_misc":{"Est. reading time":"2 minutes"},"schema":{"@context":"https:\/\/schema.org","@graph":[{"@type":"WebPage","@id":"https:\/\/hifmb.de\/de\/forschung\/arbeitsgruppen\/","url":"https:\/\/hifmb.de\/de\/forschung\/arbeitsgruppen\/","name":"Arbeitsgruppen - HIFMB Oldenburg","isPartOf":{"@id":"https:\/\/hifmb.de.w01b8649.kasserver.com\/#website"},"primaryImageOfPage":{"@id":"https:\/\/hifmb.de\/de\/forschung\/arbeitsgruppen\/#primaryimage"},"image":{"@id":"https:\/\/hifmb.de\/de\/forschung\/arbeitsgruppen\/#primaryimage"},"thumbnailUrl":"https:\/\/hifmb.de\/wp-content\/uploads\/2020\/10\/hifmb-working-groups-ewww.jpg","datePublished":"2020-09-23T13:08:50+00:00","dateModified":"2026-01-22T10:31:47+00:00","breadcrumb":{"@id":"https:\/\/hifmb.de\/de\/forschung\/arbeitsgruppen\/#breadcrumb"},"inLanguage":"de-DE","potentialAction":[{"@type":"ReadAction","target":["https:\/\/hifmb.de\/de\/forschung\/arbeitsgruppen\/"]}]},{"@type":"ImageObject","inLanguage":"de-DE","@id":"https:\/\/hifmb.de\/de\/forschung\/arbeitsgruppen\/#primaryimage","url":"https:\/\/hifmb.de\/wp-content\/uploads\/2020\/10\/hifmb-working-groups-ewww.jpg","contentUrl":"https:\/\/hifmb.de\/wp-content\/uploads\/2020\/10\/hifmb-working-groups-ewww.jpg","width":2560,"height":720},{"@type":"BreadcrumbList","@id":"https:\/\/hifmb.de\/de\/forschung\/arbeitsgruppen\/#breadcrumb","itemListElement":[{"@type":"ListItem","position":1,"name":"Home","item":"https:\/\/hifmb.de\/de\/"},{"@type":"ListItem","position":2,"name":"Forschung","item":"https:\/\/hifmb.de\/de\/forschung\/"},{"@type":"ListItem","position":3,"name":"Arbeitsgruppen"}]},{"@type":"WebSite","@id":"https:\/\/hifmb.de.w01b8649.kasserver.com\/#website","url":"https:\/\/hifmb.de.w01b8649.kasserver.com\/","name":"HIFMB Oldenburg","description":"The Helmholtz Institute for Functional Marine Biodiversity (HIFMB)","publisher":{"@id":"https:\/\/hifmb.de.w01b8649.kasserver.com\/#organization"},"potentialAction":[{"@type":"SearchAction","target":{"@type":"EntryPoint","urlTemplate":"https:\/\/hifmb.de.w01b8649.kasserver.com\/?s={search_term_string}"},"query-input":{"@type":"PropertyValueSpecification","valueRequired":true,"valueName":"search_term_string"}}],"inLanguage":"de-DE"},{"@type":"Organization","@id":"https:\/\/hifmb.de.w01b8649.kasserver.com\/#organization","name":"HIFMB Oldenburg","url":"https:\/\/hifmb.de.w01b8649.kasserver.com\/","logo":{"@type":"ImageObject","inLanguage":"de-DE","@id":"https:\/\/hifmb.de.w01b8649.kasserver.com\/#\/schema\/logo\/image\/","url":"https:\/\/hifmb.de\/wp-content\/uploads\/2021\/01\/hifmb-logo-neg-de.svg","contentUrl":"https:\/\/hifmb.de\/wp-content\/uploads\/2021\/01\/hifmb-logo-neg-de.svg","width":300,"height":87,"caption":"HIFMB Oldenburg"},"image":{"@id":"https:\/\/hifmb.de.w01b8649.kasserver.com\/#\/schema\/logo\/image\/"}}]}},"_links":{"self":[{"href":"https:\/\/hifmb.de\/de\/wp-json\/wp\/v2\/pages\/3172","targetHints":{"allow":["GET"]}}],"collection":[{"href":"https:\/\/hifmb.de\/de\/wp-json\/wp\/v2\/pages"}],"about":[{"href":"https:\/\/hifmb.de\/de\/wp-json\/wp\/v2\/types\/page"}],"author":[{"embeddable":true,"href":"https:\/\/hifmb.de\/de\/wp-json\/wp\/v2\/users\/1"}],"replies":[{"embeddable":true,"href":"https:\/\/hifmb.de\/de\/wp-json\/wp\/v2\/comments?post=3172"}],"version-history":[{"count":14,"href":"https:\/\/hifmb.de\/de\/wp-json\/wp\/v2\/pages\/3172\/revisions"}],"predecessor-version":[{"id":17352,"href":"https:\/\/hifmb.de\/de\/wp-json\/wp\/v2\/pages\/3172\/revisions\/17352"}],"up":[{"embeddable":true,"href":"https:\/\/hifmb.de\/de\/wp-json\/wp\/v2\/pages\/3174"}],"wp:featuredmedia":[{"embeddable":true,"href":"https:\/\/hifmb.de\/de\/wp-json\/wp\/v2\/media\/841"}],"wp:attachment":[{"href":"https:\/\/hifmb.de\/de\/wp-json\/wp\/v2\/media?parent=3172"}],"curies":[{"name":"wp","href":"https:\/\/api.w.org\/{rel}","templated":true}]}}