{"id":3173,"date":"2020-09-23T13:08:20","date_gmt":"2020-09-23T13:08:20","guid":{"rendered":"http:\/\/hifmb.de.w01b8649.kasserver.com\/institute\/mission\/"},"modified":"2025-01-20T14:35:01","modified_gmt":"2025-01-20T13:35:01","slug":"mission","status":"publish","type":"page","link":"https:\/\/hifmb.de\/de\/institut\/mission\/","title":{"rendered":"Mission"},"content":{"rendered":"\n<div class=\"wp-block-theme-spacer  height-xxs\"><\/div>\n\n\n\n<p>Das HIFMB wurde 2017 gegr\u00fcndet und ist eine institutionelle Kooperation zwischen dem Alfred-Wegener-Institut in Bremerhaven, Helmholtz-Zentrum f\u00fcr Polar- und Meeresforschung (AWI), und der Carl von Ossietzky Universit\u00e4t in Oldenburg. Es erforscht die marine Biodiversit\u00e4t und ihre Bedeutung f\u00fcr die Funktion der marinen \u00d6kosysteme. Dabei entwickelt es die wissenschaftlichen Grundlagen f\u00fcr den Meeresnaturschutz und das \u00d6kosystemmanagement.<\/p>\n\n\n\n<div class=\"wp-block-theme-seperator\"><div class=\"container\"><\/div><\/div>\n\n\n\n<p><strong><strong>Das Leben im Meer zeichnet sich durch eine un\u00fcbertroffene Vielfalt an Lebensformen und Wechselwirkungen aus. Gleichzeitig sichert diese biologische Diversit\u00e4t die Bewohnbarkeit der Erde f\u00fcr den Menschen, <\/strong><\/strong>indem sie zu den wichtigsten globalen \u00d6kosystemprozessen beitr\u00e4gt, darunter die Sauerstoffproduktion, die Kohlenstoffbindung, der Energietransfer in den Nahrungsnetzen und die Stoffkreisl\u00e4ufe.<\/p>\n\n\n\n<p>Der Schutz der biologischen Vielfalt dient daher unmittelbar (Nahrungsmittelproduktion, Wasserqualit\u00e4t, Tourismus) und mittelbar (Klimastabilisierung, K\u00fcstenschutz) der Sicherung des menschlichen Wohlbefindens. Die marine Biodiversit\u00e4t reagiert jedoch sensitiv auf (anthropogene) globale Umweltver\u00e4nderungen, mit dem Resultat einer sich rapide ver\u00e4ndernden Zusammensetzung von Lebensgemeinschaften im Meer.<\/p>\n\n\n\n<div class=\"wp-block-theme-section  pt-xxs pb-sm is-fullwidth\" style=\"\"><div class=\"container\">\n<h2 class=\"wp-block-heading mb-xl\">Unsere wissenschaftlichen Ziele<\/h2>\n\n\n\n<div class=\"wp-block-columns is-style-fullheight-cols is-layout-flex wp-container-core-columns-is-layout-9d6595d7 wp-block-columns-is-layout-flex\">\n<div class=\"wp-block-column is-layout-flow wp-block-column-is-layout-flow\">\n<div class=\"wp-block-group is-style-rounded-corners has-secondary-background-color has-background card-with-number is-layout-flow wp-block-group-is-layout-flow\">\n<p class=\"is-style-round-number\">1<\/p>\n\n\n\n<p>Bestimmen und Vorhersagen, wie die Vielfalt des Lebens in den Meeren (Biodiversit\u00e4t) auf den globalen Wandel reagiert<\/p>\n<\/div>\n<\/div>\n\n\n\n<div class=\"wp-block-column is-layout-flow wp-block-column-is-layout-flow\">\n<div class=\"wp-block-group is-style-rounded-corners has-secondary-background-color has-background card-with-number is-layout-flow wp-block-group-is-layout-flow\">\n<p class=\"is-style-round-number\">2<\/p>\n\n\n\n<p>Verstehen, wie Ver\u00e4nderungen der biologischen Vielfalt die Funktionsweise von Meeres\u00f6kosystemen und ihren Beitrag zum menschlichen Wohlbefinden ver\u00e4ndern<\/p>\n<\/div>\n<\/div>\n\n\n\n<div class=\"wp-block-column is-layout-flow wp-block-column-is-layout-flow\">\n<div class=\"wp-block-group is-style-rounded-corners has-secondary-background-color has-background card-with-number is-layout-flow wp-block-group-is-layout-flow\">\n<p class=\"is-style-round-number\">3<\/p>\n\n\n\n<p>Bereitstellen nachhaltiger Erhaltungskonzepte f\u00fcr ein anpassungsf\u00e4higes \u00d6kosystem-Management<\/p>\n<\/div>\n<\/div>\n<\/div>\n\n\n\n<div class=\"wp-block-theme-spacer  height-md\"><\/div>\n\n\n\n<h2 class=\"wp-block-heading mb-xl\">Unsere strategischen Ziele<\/h2>\n\n\n\n<div class=\"wp-block-columns is-style-fullheight-cols is-layout-flex wp-container-core-columns-is-layout-9d6595d7 wp-block-columns-is-layout-flex\">\n<div class=\"wp-block-column is-layout-flow wp-block-column-is-layout-flow\">\n<div class=\"wp-block-group is-style-rounded-corners has-primary-dark-background-color has-background card-with-number is-layout-flow wp-block-group-is-layout-flow\">\n<p class=\"is-style-round-number\">1<\/p>\n\n\n\n<p>F\u00f6rderung der integrativen Forschung \u00fcber Disziplinen hinweg und in einem transdisziplin\u00e4ren Umfeld<\/p>\n<\/div>\n<\/div>\n\n\n\n<div class=\"wp-block-column is-layout-flow wp-block-column-is-layout-flow\">\n<div class=\"wp-block-group is-style-rounded-corners has-primary-dark-background-color has-background card-with-number is-layout-flow wp-block-group-is-layout-flow\">\n<p class=\"is-style-round-number\">2<\/p>\n\n\n\n<p>Bereitstellung von wissenschaftlichen M\u00f6glichkeiten und Mentoring f\u00fcr Nachwuchsforscherinnen und Nachwuchsforscher<\/p>\n<\/div>\n<\/div>\n\n\n\n<div class=\"wp-block-column is-layout-flow wp-block-column-is-layout-flow\">\n<div class=\"wp-block-group is-style-rounded-corners has-primary-dark-background-color has-background card-with-number is-layout-flow wp-block-group-is-layout-flow\">\n<p class=\"is-style-round-number\">3<\/p>\n\n\n\n<p>Vielfalt und Chancengleichheit in der Wissenschaft erh\u00f6hen<\/p>\n<\/div>\n<\/div>\n<\/div>\n\n\n\n<div class=\"wp-block-theme-spacer  height-xxs\"><\/div>\n<\/div><\/div>\n\n\n\n<p>Um die Rolle dieses Biodiversit\u00e4tswandels f\u00fcr \u00d6kosystemfunktionen zu verstehen und Konzepte zum Schutz der marinen Biodiversit\u00e4t zu entwickeln, bedarf es einer <strong>integrativen Forschung<\/strong>, welche <strong>grundlegende naturwissenschaftliche (\u00d6kologie, Evolutionsbiologie, Biogeochemie) und sozialwissenschaftliche Disziplinen (Governance, Politologie, \u00d6konomie)<\/strong> mit transdisziplin\u00e4ren Herangehensweisen an Schutzkonzepte und das Management von Nutzungen vereint.<\/p>\n\n\n\n<h2 class=\"wp-block-heading\">Biologische Komplexit\u00e4t in unterschiedlichen Dimensionen erfassen<\/h2>\n\n\n\n<p>Das HIFMB analysiert verschiedene Dimensionen der biologischen Vielfalt (von der taxonomischen Zusammensetzung der Artengemeinschaften bis zur funktionellen und genetischen Diversit\u00e4t), um zu <strong>ermitteln, wie sich die Vielfalt des marinen Lebens unter den Bedingungen des globalen Wandels ver\u00e4ndert<\/strong> (zeitlicher Wandel, Verschiebungen der Verbreitungsgebiete, Aussterben).<\/p>\n\n\n\n<div class=\"wp-block-theme-copepod is-fullwidth \">\n\n\t<div class=\"container-md\">\n\n\t\t<div class=\"wp-block-theme-copepod-innen\" data-position-x=\"right\" data-position-y=\"top\">\n\n\t\t\t\n\t\t\t<img decoding=\"async\" src=\"https:\/\/hifmb.de\/wp-content\/themes\/acb-theme\/assets\/images\/hifmb-copepoden.gif\" alt=\"find the others\" class=\"copepod-img\">\n\n\t\t<\/div>\n\n\t<\/div>\n\n<\/div>\n\n\n\n\n<p>Unter funktionellen Gesichtspunkten interessiert dabei vor allem, wie die Diversit\u00e4t die Prozesse in und Eigenschaften von \u00d6kosystem steuert. Zusammengefasst als \u00d6kosystemfunktion sind hier die Stoff- und Energiestr\u00f6me gemeint, die sich aus den Eigenschaften der Arten und ihrer Wechselwirkungen ergeben. Diese Forschung flie\u00dft in wissenschaftliche Betrachtungen der marinen Governance, also der Management- und der Steuerungsinstrumente, die es erlauben, den Nutzen und Schutz mariner Biodiversit\u00e4t zu regeln. <\/p>\n\n\n\n<p>Durch diesen interdisziplin\u00e4ren Ansatz entwickelt das HIFMB verfeinerte Konzepte f\u00fcr die adaptive Erhaltung und Bewirtschaftung der Meere. Diese zielen auf den effektiven Schutz von robusten Lebensgemeinschaften auch unter Umweltver\u00e4nderungen funktionierende \u00d6kosysteme ab. <\/p>\n\n\n\n<h2 class=\"wp-block-heading mb-xl\">Grundlagenforschung und innovative Analysemethoden kombinieren<\/h2>\n\n\n\n<p>Auf der Grundlage dieser Strategie kombiniert das HIFMB regelm\u00e4\u00dfige beobachtende und prozessorientierte Feldstudien mit kontrollierten Experimenten und Expertinnen und liefert so grundlegende Daten \u00fcber die Ver\u00e4nderung der biologischen Vielfalt in einem breiten Spektrum mariner Lebensformen. <\/p>\n\n\n\n<p>Dazu geh\u00f6ren langlebige, \u00f6kosystemstrukturierende Arten (z.B. Schl\u00fcsselarten wie Krill, Seegras, Korallen oder Makroalgen) bis hin zu mikrobiellen Taxa, die durch ihre Kopplung mit anderen Organismen und mit geochemischen Kreisl\u00e4ufen wichtige \u00d6kosystemfunktionen erf\u00fcllen.<\/p>\n\n\n\n<div class=\"wp-block-columns is-layout-flex wp-container-core-columns-is-layout-9d6595d7 wp-block-columns-is-layout-flex\">\n<div class=\"wp-block-column is-layout-flow wp-block-column-is-layout-flow\">\n<figure class=\"wp-block-image size-large\"><img loading=\"lazy\" decoding=\"async\" width=\"500\" height=\"500\" src=\"https:\/\/hifmb.de\/wp-content\/uploads\/2021\/01\/Krill_Carsten_Pape.png\" alt=\"\" class=\"wp-image-2963\" srcset=\"https:\/\/hifmb.de\/wp-content\/uploads\/2021\/01\/Krill_Carsten_Pape.png 500w, https:\/\/hifmb.de\/wp-content\/uploads\/2021\/01\/Krill_Carsten_Pape-328x328.png 328w, https:\/\/hifmb.de\/wp-content\/uploads\/2021\/01\/Krill_Carsten_Pape-150x150.png 150w\" sizes=\"auto, (max-width: 500px) 100vw, 500px\" \/><figcaption class=\"wp-element-caption\">Krill hat eine strukturgebende Funktion f\u00fcr \u00d6kosysteme. Photo: Carsten Pape<\/figcaption><\/figure>\n<\/div>\n\n\n\n<div class=\"wp-block-column is-layout-flow wp-block-column-is-layout-flow\">\n<p>Dar\u00fcber hinaus entwickelt und nutzt das HIFMB <strong>neue Wege in der \u00d6kosysteminformatik<\/strong>, um Biodiversit\u00e4ts- und Funktionsdaten zu analysieren und diese in die Entwicklung von Theorien und numerischen Modellen einflie\u00dfen zu lassen.&nbsp; Hier stellt das HIFMB integriertes Wissen \u00fcber die <strong>Rolle von Netzwerken und Interaktionen<\/strong> zur Verf\u00fcgung, die <strong>f\u00fcr ein besseres Verst\u00e4ndnis des Biodiversit\u00e4tswandels<\/strong> und die Vorhersage funktioneller Konsequenzen auf \u00d6kosystem-Skalen ben\u00f6tigt werden.<\/p>\n<\/div>\n<\/div>\n\n\n\n<h2 class=\"wp-block-heading mb-lg\">Folgen vorhersagen und Schutzkonzepte entwickeln<\/h2>\n\n\n\n<p>Das Verst\u00e4ndnis von Biodiversit\u00e4tswandel und daran gekoppelter \u00d6kosystemfunktionen bildet sodann die wissenschaftliche Grundlage f\u00fcr Konzepte des Meeresschutzes, die die nachhaltige Nutzung und die Widerstandsf\u00e4higkeit der marinen \u00d6kosystemdienstleistungen in einem sich wandelnden Klima gew\u00e4hrleistet. <\/p>\n\n\n\n<p>Das HIFMB arbeitet theoretisch und praktisch an mariner Governance, denn es entwickelt und evaluiert Instrumente, die f\u00fcr <strong>das Management mariner \u00d6kosysteme unter vorhergesagten zuk\u00fcnftigen Ver\u00e4nderungen<\/strong> der Biodiversit\u00e4t eingesetzt werden, und <strong>betrachtet potentielle Folgen solcher Managementstrategien f\u00fcr die menschliche Gesellschaft<\/strong>. Dies erfordert vom HIFMB, transdisziplin\u00e4re Forschungsmodi zu entwickeln, die wissenschaftliche Fragestellungen gemeinsam mit verschiedenen Interessengruppen entwickeln und in interdisziplin\u00e4re Forschung umsetzen.<\/p>\n\n\n\n<h2 class=\"wp-block-heading\">Disziplin- und l\u00e4nder\u00fcbergreifende L\u00f6sungen<\/h2>\n\n\n\n<div class=\"wp-block-columns is-layout-flex wp-container-core-columns-is-layout-9d6595d7 wp-block-columns-is-layout-flex\">\n<div class=\"wp-block-column is-layout-flow wp-block-column-is-layout-flow\">\n<p>Mit seiner integrativen Forschung unterst\u00fctzt das HIFMB auch die Ziele der UN-Dekade der Ozeanforschung f\u00fcr nachhaltige Entwicklung, die die Vereinten Nationen f\u00fcr die Jahre 2021 bis 2030 ausgerufen hat. <\/p>\n\n\n\n<p><\/p>\n<\/div>\n\n\n\n<div class=\"wp-block-column is-layout-flow wp-block-column-is-layout-flow\">\n<figure class=\"wp-block-image size-large is-style-default\"><img loading=\"lazy\" decoding=\"async\" width=\"1080\" height=\"487\" src=\"https:\/\/hifmb.de\/wp-content\/uploads\/2024\/03\/ODK_Mitgliederlabel_TEAL_Netzwerkpartner-des_RGB-1080x487.png\" alt=\"\" class=\"wp-image-12948\" srcset=\"https:\/\/hifmb.de\/wp-content\/uploads\/2024\/03\/ODK_Mitgliederlabel_TEAL_Netzwerkpartner-des_RGB-1080x487.png 1080w, https:\/\/hifmb.de\/wp-content\/uploads\/2024\/03\/ODK_Mitgliederlabel_TEAL_Netzwerkpartner-des_RGB-328x148.png 328w, https:\/\/hifmb.de\/wp-content\/uploads\/2024\/03\/ODK_Mitgliederlabel_TEAL_Netzwerkpartner-des_RGB.png 1182w\" sizes=\"auto, (max-width: 1080px) 100vw, 1080px\" \/><\/figure>\n<\/div>\n<\/div>\n\n\n\n<p>Die Ozeandekade macht auf die besondere Bedeutung der Meere f\u00fcr das menschliche Wohlergehen aufmerksam. Unter dem Motto \u201eThe Science We Need for the Ocean We Want\u201d sollen <strong>disziplin- und l\u00e4nder\u00fcbergreifend transformative L\u00f6sungen f\u00fcr den Schutz und den nachhaltigen Nutzen der Ozeane<\/strong> entwickelt und umgesetzt werden. Das <strong>HIFMB ist offizieller Netzwerkpartner der UN-Ozeandekade<\/strong>.<\/p>\n\n\n\n<p>Unter den zehn von der UN-Dekade definierten Herausforderungen leisten wir insbesondere einen Beitrag dazu:<\/p>\n\n\n\n<ul class=\"wp-block-list\">\n<li>die Auswirkungen verschiedener Stressfaktoren auf Ozean\u00f6kosysteme verstehen und L\u00f6sungen entwickeln, um \u00d6kosysteme zu sch\u00fctzen, zu managen und wiederherzustellen,<\/li>\n\n\n\n<li>L\u00f6sungen f\u00fcr eine faire und nachhaltige Entwicklung der maritimen Wirtschaft zu unterst\u00fctzen &#8211; unter sich \u00e4ndernden \u00f6kologischen, sozialen and klimatischen Bedingungen,<\/li>\n\n\n\n<li>die vielf\u00e4ltigen \u00f6kologischen und \u00f6konomischen Leistungen des Ozeans f\u00fcr das menschliche Wohlergehen, die Kultur und die nachhaltige Entwicklung verst\u00e4ndlich zu machen.<\/li>\n<\/ul>\n\n\n\n<div class=\"wp-block-theme-spacer  height-xxxxl\"><\/div>\n","protected":false},"excerpt":{"rendered":"<p>Das HIFMB wurde 2017 gegr\u00fcndet und ist eine institutionelle Kooperation zwischen dem Alfred-Wegener-Institut in Bremerhaven, Helmholtz-Zentrum f\u00fcr Polar- und Meeresforschung (AWI), und der Carl von Ossietzky Universit\u00e4t in Oldenburg. Es erforscht die marine Biodiversit\u00e4t und ihre Bedeutung f\u00fcr die Funktion der marinen \u00d6kosysteme. Dabei entwickelt es die wissenschaftlichen Grundlagen f\u00fcr den Meeresnaturschutz und das \u00d6kosystemmanagement.<\/p>\n<p>Das &#8230;<\/p>\n<p><a class=\"btn btn-primary theme-read-more-link mt-3 no-link-style\"\n                    href=\"https:\/\/hifmb.de\/de\/institut\/mission\/\"\n                    aria-describedby=\"teaser-headline-3173\">Weiterlesen<\/a><\/p>\n","protected":false},"author":1,"featured_media":2312,"parent":3167,"menu_order":5,"comment_status":"closed","ping_status":"closed","template":"","meta":{"_acf_changed":false,"footnotes":""},"class_list":["post-3173","page","type-page","status-publish","has-post-thumbnail","hentry"],"acf":[],"yoast_head":"<!-- This site is optimized with the Yoast SEO plugin v27.5 - https:\/\/yoast.com\/product\/yoast-seo-wordpress\/ -->\n<title>Mission - HIFMB Oldenburg<\/title>\n<meta name=\"robots\" content=\"index, follow, max-snippet:-1, max-image-preview:large, max-video-preview:-1\" \/>\n<link rel=\"canonical\" href=\"https:\/\/hifmb.de.w01b8649.kasserver.com\/de\/institut\/mission\/\" \/>\n<meta property=\"og:locale\" content=\"de_DE\" \/>\n<meta property=\"og:type\" content=\"article\" \/>\n<meta property=\"og:title\" content=\"Mission - HIFMB Oldenburg\" \/>\n<meta property=\"og:description\" content=\"Das HIFMB wurde 2017 gegr\u00fcndet und ist eine institutionelle Kooperation zwischen dem Alfred-Wegener-Institut in Bremerhaven, Helmholtz-Zentrum f\u00fcr Polar- und Meeresforschung (AWI), und der Carl von Ossietzky Universit\u00e4t in Oldenburg. Es erforscht die marine Biodiversit\u00e4t und ihre Bedeutung f\u00fcr die Funktion der marinen \u00d6kosysteme. Dabei entwickelt es die wissenschaftlichen Grundlagen f\u00fcr den Meeresnaturschutz und das \u00d6kosystemmanagement.    Das ...Weiterlesen\" \/>\n<meta property=\"og:url\" content=\"https:\/\/hifmb.de.w01b8649.kasserver.com\/de\/institut\/mission\/\" \/>\n<meta property=\"og:site_name\" content=\"HIFMB Oldenburg\" \/>\n<meta property=\"article:modified_time\" content=\"2025-01-20T13:35:01+00:00\" \/>\n<meta property=\"og:image\" content=\"https:\/\/hifmb.de.w01b8649.kasserver.com\/wp-content\/uploads\/2021\/01\/hifmb-mission.jpg\" \/>\n\t<meta property=\"og:image:width\" content=\"2560\" \/>\n\t<meta property=\"og:image:height\" content=\"720\" \/>\n\t<meta property=\"og:image:type\" content=\"image\/jpeg\" \/>\n<meta name=\"twitter:card\" content=\"summary_large_image\" \/>\n<meta name=\"twitter:label1\" content=\"Est. reading time\" \/>\n\t<meta name=\"twitter:data1\" content=\"5 minutes\" \/>\n<script type=\"application\/ld+json\" class=\"yoast-schema-graph\">{\"@context\":\"https:\\\/\\\/schema.org\",\"@graph\":[{\"@type\":\"WebPage\",\"@id\":\"https:\\\/\\\/hifmb.de.w01b8649.kasserver.com\\\/de\\\/institut\\\/mission\\\/\",\"url\":\"https:\\\/\\\/hifmb.de.w01b8649.kasserver.com\\\/de\\\/institut\\\/mission\\\/\",\"name\":\"Mission - HIFMB Oldenburg\",\"isPartOf\":{\"@id\":\"https:\\\/\\\/hifmb.de.w01b8649.kasserver.com\\\/#website\"},\"primaryImageOfPage\":{\"@id\":\"https:\\\/\\\/hifmb.de.w01b8649.kasserver.com\\\/de\\\/institut\\\/mission\\\/#primaryimage\"},\"image\":{\"@id\":\"https:\\\/\\\/hifmb.de.w01b8649.kasserver.com\\\/de\\\/institut\\\/mission\\\/#primaryimage\"},\"thumbnailUrl\":\"https:\\\/\\\/hifmb.de\\\/wp-content\\\/uploads\\\/2021\\\/01\\\/hifmb-mission.jpg\",\"datePublished\":\"2020-09-23T13:08:20+00:00\",\"dateModified\":\"2025-01-20T13:35:01+00:00\",\"breadcrumb\":{\"@id\":\"https:\\\/\\\/hifmb.de.w01b8649.kasserver.com\\\/de\\\/institut\\\/mission\\\/#breadcrumb\"},\"inLanguage\":\"de-DE\",\"potentialAction\":[{\"@type\":\"ReadAction\",\"target\":[\"https:\\\/\\\/hifmb.de.w01b8649.kasserver.com\\\/de\\\/institut\\\/mission\\\/\"]}]},{\"@type\":\"ImageObject\",\"inLanguage\":\"de-DE\",\"@id\":\"https:\\\/\\\/hifmb.de.w01b8649.kasserver.com\\\/de\\\/institut\\\/mission\\\/#primaryimage\",\"url\":\"https:\\\/\\\/hifmb.de\\\/wp-content\\\/uploads\\\/2021\\\/01\\\/hifmb-mission.jpg\",\"contentUrl\":\"https:\\\/\\\/hifmb.de\\\/wp-content\\\/uploads\\\/2021\\\/01\\\/hifmb-mission.jpg\",\"width\":2560,\"height\":720,\"caption\":\"Blick auf Wasseroberfl\u00e4che\"},{\"@type\":\"BreadcrumbList\",\"@id\":\"https:\\\/\\\/hifmb.de.w01b8649.kasserver.com\\\/de\\\/institut\\\/mission\\\/#breadcrumb\",\"itemListElement\":[{\"@type\":\"ListItem\",\"position\":1,\"name\":\"Home\",\"item\":\"https:\\\/\\\/hifmb.de\\\/de\\\/\"},{\"@type\":\"ListItem\",\"position\":2,\"name\":\"Institut\",\"item\":\"https:\\\/\\\/hifmb.de.w01b8649.kasserver.com\\\/de\\\/institut\\\/\"},{\"@type\":\"ListItem\",\"position\":3,\"name\":\"Mission\"}]},{\"@type\":\"WebSite\",\"@id\":\"https:\\\/\\\/hifmb.de.w01b8649.kasserver.com\\\/#website\",\"url\":\"https:\\\/\\\/hifmb.de.w01b8649.kasserver.com\\\/\",\"name\":\"HIFMB Oldenburg\",\"description\":\"The Helmholtz Institute for Functional Marine Biodiversity (HIFMB)\",\"publisher\":{\"@id\":\"https:\\\/\\\/hifmb.de.w01b8649.kasserver.com\\\/#organization\"},\"potentialAction\":[{\"@type\":\"SearchAction\",\"target\":{\"@type\":\"EntryPoint\",\"urlTemplate\":\"https:\\\/\\\/hifmb.de.w01b8649.kasserver.com\\\/?s={search_term_string}\"},\"query-input\":{\"@type\":\"PropertyValueSpecification\",\"valueRequired\":true,\"valueName\":\"search_term_string\"}}],\"inLanguage\":\"de-DE\"},{\"@type\":\"Organization\",\"@id\":\"https:\\\/\\\/hifmb.de.w01b8649.kasserver.com\\\/#organization\",\"name\":\"HIFMB Oldenburg\",\"url\":\"https:\\\/\\\/hifmb.de.w01b8649.kasserver.com\\\/\",\"logo\":{\"@type\":\"ImageObject\",\"inLanguage\":\"de-DE\",\"@id\":\"https:\\\/\\\/hifmb.de.w01b8649.kasserver.com\\\/#\\\/schema\\\/logo\\\/image\\\/\",\"url\":\"https:\\\/\\\/hifmb.de\\\/wp-content\\\/uploads\\\/2021\\\/01\\\/hifmb-logo-neg-de.svg\",\"contentUrl\":\"https:\\\/\\\/hifmb.de\\\/wp-content\\\/uploads\\\/2021\\\/01\\\/hifmb-logo-neg-de.svg\",\"width\":300,\"height\":87,\"caption\":\"HIFMB Oldenburg\"},\"image\":{\"@id\":\"https:\\\/\\\/hifmb.de.w01b8649.kasserver.com\\\/#\\\/schema\\\/logo\\\/image\\\/\"}}]}<\/script>\n<!-- \/ Yoast SEO plugin. -->","yoast_head_json":{"title":"Mission - HIFMB Oldenburg","robots":{"index":"index","follow":"follow","max-snippet":"max-snippet:-1","max-image-preview":"max-image-preview:large","max-video-preview":"max-video-preview:-1"},"canonical":"https:\/\/hifmb.de.w01b8649.kasserver.com\/de\/institut\/mission\/","og_locale":"de_DE","og_type":"article","og_title":"Mission - HIFMB Oldenburg","og_description":"Das HIFMB wurde 2017 gegr\u00fcndet und ist eine institutionelle Kooperation zwischen dem Alfred-Wegener-Institut in Bremerhaven, Helmholtz-Zentrum f\u00fcr Polar- und Meeresforschung (AWI), und der Carl von Ossietzky Universit\u00e4t in Oldenburg. Es erforscht die marine Biodiversit\u00e4t und ihre Bedeutung f\u00fcr die Funktion der marinen \u00d6kosysteme. Dabei entwickelt es die wissenschaftlichen Grundlagen f\u00fcr den Meeresnaturschutz und das \u00d6kosystemmanagement.    Das ...Weiterlesen","og_url":"https:\/\/hifmb.de.w01b8649.kasserver.com\/de\/institut\/mission\/","og_site_name":"HIFMB Oldenburg","article_modified_time":"2025-01-20T13:35:01+00:00","og_image":[{"width":2560,"height":720,"url":"https:\/\/hifmb.de.w01b8649.kasserver.com\/wp-content\/uploads\/2021\/01\/hifmb-mission.jpg","type":"image\/jpeg"}],"twitter_card":"summary_large_image","twitter_misc":{"Est. reading time":"5 minutes"},"schema":{"@context":"https:\/\/schema.org","@graph":[{"@type":"WebPage","@id":"https:\/\/hifmb.de.w01b8649.kasserver.com\/de\/institut\/mission\/","url":"https:\/\/hifmb.de.w01b8649.kasserver.com\/de\/institut\/mission\/","name":"Mission - HIFMB Oldenburg","isPartOf":{"@id":"https:\/\/hifmb.de.w01b8649.kasserver.com\/#website"},"primaryImageOfPage":{"@id":"https:\/\/hifmb.de.w01b8649.kasserver.com\/de\/institut\/mission\/#primaryimage"},"image":{"@id":"https:\/\/hifmb.de.w01b8649.kasserver.com\/de\/institut\/mission\/#primaryimage"},"thumbnailUrl":"https:\/\/hifmb.de\/wp-content\/uploads\/2021\/01\/hifmb-mission.jpg","datePublished":"2020-09-23T13:08:20+00:00","dateModified":"2025-01-20T13:35:01+00:00","breadcrumb":{"@id":"https:\/\/hifmb.de.w01b8649.kasserver.com\/de\/institut\/mission\/#breadcrumb"},"inLanguage":"de-DE","potentialAction":[{"@type":"ReadAction","target":["https:\/\/hifmb.de.w01b8649.kasserver.com\/de\/institut\/mission\/"]}]},{"@type":"ImageObject","inLanguage":"de-DE","@id":"https:\/\/hifmb.de.w01b8649.kasserver.com\/de\/institut\/mission\/#primaryimage","url":"https:\/\/hifmb.de\/wp-content\/uploads\/2021\/01\/hifmb-mission.jpg","contentUrl":"https:\/\/hifmb.de\/wp-content\/uploads\/2021\/01\/hifmb-mission.jpg","width":2560,"height":720,"caption":"Blick auf Wasseroberfl\u00e4che"},{"@type":"BreadcrumbList","@id":"https:\/\/hifmb.de.w01b8649.kasserver.com\/de\/institut\/mission\/#breadcrumb","itemListElement":[{"@type":"ListItem","position":1,"name":"Home","item":"https:\/\/hifmb.de\/de\/"},{"@type":"ListItem","position":2,"name":"Institut","item":"https:\/\/hifmb.de.w01b8649.kasserver.com\/de\/institut\/"},{"@type":"ListItem","position":3,"name":"Mission"}]},{"@type":"WebSite","@id":"https:\/\/hifmb.de.w01b8649.kasserver.com\/#website","url":"https:\/\/hifmb.de.w01b8649.kasserver.com\/","name":"HIFMB Oldenburg","description":"The Helmholtz Institute for Functional Marine Biodiversity (HIFMB)","publisher":{"@id":"https:\/\/hifmb.de.w01b8649.kasserver.com\/#organization"},"potentialAction":[{"@type":"SearchAction","target":{"@type":"EntryPoint","urlTemplate":"https:\/\/hifmb.de.w01b8649.kasserver.com\/?s={search_term_string}"},"query-input":{"@type":"PropertyValueSpecification","valueRequired":true,"valueName":"search_term_string"}}],"inLanguage":"de-DE"},{"@type":"Organization","@id":"https:\/\/hifmb.de.w01b8649.kasserver.com\/#organization","name":"HIFMB Oldenburg","url":"https:\/\/hifmb.de.w01b8649.kasserver.com\/","logo":{"@type":"ImageObject","inLanguage":"de-DE","@id":"https:\/\/hifmb.de.w01b8649.kasserver.com\/#\/schema\/logo\/image\/","url":"https:\/\/hifmb.de\/wp-content\/uploads\/2021\/01\/hifmb-logo-neg-de.svg","contentUrl":"https:\/\/hifmb.de\/wp-content\/uploads\/2021\/01\/hifmb-logo-neg-de.svg","width":300,"height":87,"caption":"HIFMB Oldenburg"},"image":{"@id":"https:\/\/hifmb.de.w01b8649.kasserver.com\/#\/schema\/logo\/image\/"}}]}},"_links":{"self":[{"href":"https:\/\/hifmb.de\/de\/wp-json\/wp\/v2\/pages\/3173","targetHints":{"allow":["GET"]}}],"collection":[{"href":"https:\/\/hifmb.de\/de\/wp-json\/wp\/v2\/pages"}],"about":[{"href":"https:\/\/hifmb.de\/de\/wp-json\/wp\/v2\/types\/page"}],"author":[{"embeddable":true,"href":"https:\/\/hifmb.de\/de\/wp-json\/wp\/v2\/users\/1"}],"replies":[{"embeddable":true,"href":"https:\/\/hifmb.de\/de\/wp-json\/wp\/v2\/comments?post=3173"}],"version-history":[{"count":6,"href":"https:\/\/hifmb.de\/de\/wp-json\/wp\/v2\/pages\/3173\/revisions"}],"predecessor-version":[{"id":14621,"href":"https:\/\/hifmb.de\/de\/wp-json\/wp\/v2\/pages\/3173\/revisions\/14621"}],"up":[{"embeddable":true,"href":"https:\/\/hifmb.de\/de\/wp-json\/wp\/v2\/pages\/3167"}],"wp:featuredmedia":[{"embeddable":true,"href":"https:\/\/hifmb.de\/de\/wp-json\/wp\/v2\/media\/2312"}],"wp:attachment":[{"href":"https:\/\/hifmb.de\/de\/wp-json\/wp\/v2\/media?parent=3173"}],"curies":[{"name":"wp","href":"https:\/\/api.w.org\/{rel}","templated":true}]}}