{"id":3561,"date":"2021-02-10T13:18:12","date_gmt":"2021-02-10T13:18:12","guid":{"rendered":"http:\/\/hifmb.de.w01b8649.kasserver.com\/accessibility\/"},"modified":"2022-02-01T16:31:20","modified_gmt":"2022-02-01T15:31:20","slug":"barrierefreiheit","status":"publish","type":"page","link":"https:\/\/hifmb.de\/de\/barrierefreiheit\/","title":{"rendered":"Barrierefreiheit"},"content":{"rendered":"\n<h2 class=\"wp-block-heading\" id=\"erklarung-zur-barrierefreiheit\">Erkl\u00e4rung zur Barrierefreiheit<\/h2>\n\n\n\n<p>Wir bem\u00fchen uns, diesen Webauftritt oder mobile Anwendung barrierefrei zu machen. Die Erkl\u00e4rung zur Barrierefreiheit wird im <a href=\"https:\/\/www.transparenz.bremen.de\/sixcms\/detail.php?gsid=bremen2014_tp.c.124514.de&amp;asl=bremen203_tpgesetz.c.55340.de&amp;template=20_gp_ifg_meta_detail_d\">Bremischen Behindertengleichstellungsgesetz<\/a> verlangt. Die technischen Anforderungen zur Barrierefreiheit ergeben sich aus der <a href=\"http:\/\/www.gesetze-im-internet.de\/bitv_2_0\/\">BITV 2.0<\/a>.<\/p>\n\n\n\n<p>Diese Erkl\u00e4rung zur digitalen Barrierefreiheit gilt f\u00fcr den unter www.hifmb.de ver\u00f6ffentlichten Webauftritt des Helmholtz-Instituts f\u00fcr Funktionelle Marine Biodiversit\u00e4t an der Universit\u00e4t Oldenburg.<\/p>\n\n\n\n<h2 class=\"wp-block-heading\" id=\"wie-barrierefrei-ist-das-angebot\">Wie barrierefrei ist das Angebot?<\/h2>\n\n\n\n<p>Dieses Angebot ist im Wesentlichen barrierefrei. Es werden die Anforderungen der BITV 2.0 im Wesentlichen erf\u00fcllt.<br>Die \u00dcberpr\u00fcfung der Einhaltung der Anforderungen beruht auf einer am 10.02.2020 durchgef\u00fchrten Selbstbewertung.<\/p>\n\n\n\n<h2 class=\"wp-block-heading\" id=\"welche-bereiche-sind-nicht-barrierefrei\">Welche Bereiche sind nicht barrierefrei?<\/h2>\n\n\n\n<p>Diese Bereiche sind aus folgenden Gr\u00fcnden nicht barrierefrei:<\/p>\n\n\n\n<p><strong>Unvereinbarkeit mit BITV 2.0<\/strong><\/p>\n\n\n\n<div class=\"wp-block-theme-spacer\"><\/div>\n\n\n\n<p>Teilbereiche, die nicht oder noch nicht barrierefrei sind:<\/p>\n\n\n\n<p><strong>1. Barriere: PDF<\/strong><br>Beschreibung: Nicht alle PDFs auf der Website sind barrierefrei.<br>Ma\u00dfnahmen: Bei der Erstellung neuer PDFs wird auf die barrierefreie Gestaltung geachtet.<\/p>\n\n\n\n<h2 class=\"wp-block-heading\" id=\"unverhaltnismassige-belastung\">Unverh\u00e4ltnism\u00e4\u00dfige Belastung<\/h2>\n\n\n\n<p>Teilbereiche, die nicht barrierefrei gestaltet sind, da es eine unverh\u00e4ltnism\u00e4\u00dfige Belastung w\u00e4re (BremBGG \u00a7 13 (5)):<\/p>\n\n\n\n<p><strong>Teilbereich: Kontraste<\/strong><br>Beschreibung: Der Kontrast zwischen Textfarbe und Hintergrundfarbe ist bei einigen wenigen Elementen ungen\u00fcgend.<br>Ausf\u00fchrung, warum unverh\u00e4ltnism\u00e4\u00dfige Belastung vorliegt: Das HIFMB baut sein Corporate Design auf den Corporate-Design-Farben der Elterninstitute Universit\u00e4t Oldenburg und Alfred-Wegener-Institut, Helmholtz-Zentrum f\u00fcr Polar- und Meeresforschung, auf, um optisch die Zusammengeh\u00f6rigkeit zu verdeutlichen. Diese Farben finden auch im Design der Webseite Anwendung. Es stellt eine unverh\u00e4ltnism\u00e4\u00dfige Belastung dar, das Corporate Design zweier Organisationen in ma\u00dfgeblichen Belangen zu ver\u00e4ndern.<\/p>\n\n\n\n<h2 class=\"wp-block-heading\" id=\"wann-wurde-die-erklarung-zur-barrierefreiheit-erstellt\">Wann wurde die Erkl\u00e4rung zur Barrierefreiheit erstellt?<\/h2>\n\n\n\n<p>Diese Erkl\u00e4rung wurde am 10.02.2021 erstellt und zuletzt am 11.01.2022 \u00fcberarbeitet.<\/p>\n\n\n\n<h2 class=\"wp-block-heading\" id=\"mochten-sie-barrieren-melden-feedback-moglichkeit\">M\u00f6chten Sie Barrieren melden? (Feedback-M\u00f6glichkeit)<\/h2>\n\n\n\n<p>Wir m\u00f6chten unser Angebot gerne weiter verbessern. Teilen Sie uns Ihre Probleme und Fragen zur digitalen Barrierefreiheit gerne mit: <a href=\"mailto:info@hifmb.de\">info@hifmb.de<\/a><\/p>\n\n\n\n<h2 class=\"wp-block-heading\" id=\"kontakt-zur-zentralstelle-fur-barrierefreie-informationstechnik\">Kontakt zur Zentralstelle f\u00fcr barrierefreie Informationstechnik<\/h2>\n\n\n\n<p>Falls Ihre Kontaktaufnahme mit der \u00f6ffentlichen Stelle nicht erfolgreich war, k\u00f6nnen Sie sich an die <a href=\"https:\/\/www.behindertenbeauftragter.bremen.de\/der_beauftragte\/zentralstelle_fuer_barrierefreie_informationstechnik\/beschwerdeformular_zentralstelle-28047\">Zentralstelle f\u00fcr barrierefreie Informationstechnik<\/a> wenden. Diese bietet auch weitere <a href=\"https:\/\/www.behindertenbeauftragter.bremen.de\/der_beauftragte\/zentralstelle_fuer_barrierefreie_informationstechnik-28011\">Informationen zur Durchsetzung<\/a>.<\/p>\n\n\n\n<div class=\"wp-block-theme-spacer  height-xxxl\"><\/div>\n","protected":false},"excerpt":{"rendered":"<p>Erkl\u00e4rung zur Barrierefreiheit<\/p>\n<p>Wir bem\u00fchen uns, diesen Webauftritt oder mobile Anwendung barrierefrei zu machen. Die Erkl\u00e4rung zur Barrierefreiheit wird im Bremischen Behindertengleichstellungsgesetz verlangt. Die technischen Anforderungen zur Barrierefreiheit ergeben sich aus der BITV 2.0.<\/p>\n<p>Diese Erkl\u00e4rung zur digitalen Barrierefreiheit gilt f\u00fcr den unter www.hifmb.de ver\u00f6ffentlichten Webauftritt des Helmholtz-Instituts f\u00fcr Funktionelle Marine Biodiversit\u00e4t an der Universit\u00e4t Oldenburg.<\/p>\n<p>Wie barrierefrei &#8230;<\/p>\n<p><a class=\"btn btn-primary theme-read-more-link mt-3 no-link-style\"\n                    href=\"https:\/\/hifmb.de\/de\/barrierefreiheit\/\"\n                    aria-describedby=\"teaser-headline-3561\">Weiterlesen<\/a><\/p>\n","protected":false},"author":1,"featured_media":6291,"parent":0,"menu_order":16,"comment_status":"closed","ping_status":"closed","template":"","meta":{"_acf_changed":false,"footnotes":""},"class_list":["post-3561","page","type-page","status-publish","has-post-thumbnail","hentry"],"acf":[],"yoast_head":"<!-- This site is optimized with the Yoast SEO plugin v27.3 - https:\/\/yoast.com\/product\/yoast-seo-wordpress\/ -->\n<title>Barrierefreiheit - HIFMB Oldenburg<\/title>\n<meta name=\"robots\" content=\"index, follow, max-snippet:-1, max-image-preview:large, max-video-preview:-1\" \/>\n<link rel=\"canonical\" href=\"https:\/\/hifmb.de\/de\/barrierefreiheit\/\" \/>\n<meta property=\"og:locale\" content=\"de_DE\" \/>\n<meta property=\"og:type\" content=\"article\" \/>\n<meta property=\"og:title\" content=\"Barrierefreiheit - HIFMB Oldenburg\" \/>\n<meta property=\"og:description\" content=\"Erkl\u00e4rung zur Barrierefreiheit  Wir bem\u00fchen uns, diesen Webauftritt oder mobile Anwendung barrierefrei zu machen. Die Erkl\u00e4rung zur Barrierefreiheit wird im Bremischen Behindertengleichstellungsgesetz verlangt. Die technischen Anforderungen zur Barrierefreiheit ergeben sich aus der BITV 2.0.  Diese Erkl\u00e4rung zur digitalen Barrierefreiheit gilt f\u00fcr den unter www.hifmb.de ver\u00f6ffentlichten Webauftritt des Helmholtz-Instituts f\u00fcr Funktionelle Marine Biodiversit\u00e4t an der Universit\u00e4t Oldenburg.  Wie barrierefrei ...Weiterlesen\" \/>\n<meta property=\"og:url\" content=\"https:\/\/hifmb.de\/de\/barrierefreiheit\/\" \/>\n<meta property=\"og:site_name\" content=\"HIFMB Oldenburg\" \/>\n<meta property=\"article:modified_time\" content=\"2022-02-01T15:31:20+00:00\" \/>\n<meta property=\"og:image\" content=\"https:\/\/hifmb.de\/wp-content\/uploads\/2022\/02\/barrierefrei_Pixabay_Solene_Dejardins.jpeg\" \/>\n\t<meta property=\"og:image:width\" content=\"2560\" \/>\n\t<meta property=\"og:image:height\" content=\"720\" \/>\n\t<meta property=\"og:image:type\" content=\"image\/jpeg\" \/>\n<meta name=\"twitter:card\" content=\"summary_large_image\" \/>\n<meta name=\"twitter:label1\" content=\"Est. reading time\" \/>\n\t<meta name=\"twitter:data1\" content=\"2 minutes\" \/>\n<script type=\"application\/ld+json\" class=\"yoast-schema-graph\">{\"@context\":\"https:\\\/\\\/schema.org\",\"@graph\":[{\"@type\":\"WebPage\",\"@id\":\"https:\\\/\\\/hifmb.de\\\/de\\\/barrierefreiheit\\\/\",\"url\":\"https:\\\/\\\/hifmb.de\\\/de\\\/barrierefreiheit\\\/\",\"name\":\"Barrierefreiheit - HIFMB Oldenburg\",\"isPartOf\":{\"@id\":\"https:\\\/\\\/hifmb.de.w01b8649.kasserver.com\\\/#website\"},\"primaryImageOfPage\":{\"@id\":\"https:\\\/\\\/hifmb.de\\\/de\\\/barrierefreiheit\\\/#primaryimage\"},\"image\":{\"@id\":\"https:\\\/\\\/hifmb.de\\\/de\\\/barrierefreiheit\\\/#primaryimage\"},\"thumbnailUrl\":\"https:\\\/\\\/hifmb.de\\\/wp-content\\\/uploads\\\/2022\\\/02\\\/barrierefrei_Pixabay_Solene_Dejardins.jpeg\",\"datePublished\":\"2021-02-10T13:18:12+00:00\",\"dateModified\":\"2022-02-01T15:31:20+00:00\",\"breadcrumb\":{\"@id\":\"https:\\\/\\\/hifmb.de\\\/de\\\/barrierefreiheit\\\/#breadcrumb\"},\"inLanguage\":\"de-DE\",\"potentialAction\":[{\"@type\":\"ReadAction\",\"target\":[\"https:\\\/\\\/hifmb.de\\\/de\\\/barrierefreiheit\\\/\"]}]},{\"@type\":\"ImageObject\",\"inLanguage\":\"de-DE\",\"@id\":\"https:\\\/\\\/hifmb.de\\\/de\\\/barrierefreiheit\\\/#primaryimage\",\"url\":\"https:\\\/\\\/hifmb.de\\\/wp-content\\\/uploads\\\/2022\\\/02\\\/barrierefrei_Pixabay_Solene_Dejardins.jpeg\",\"contentUrl\":\"https:\\\/\\\/hifmb.de\\\/wp-content\\\/uploads\\\/2022\\\/02\\\/barrierefrei_Pixabay_Solene_Dejardins.jpeg\",\"width\":2560,\"height\":720},{\"@type\":\"BreadcrumbList\",\"@id\":\"https:\\\/\\\/hifmb.de\\\/de\\\/barrierefreiheit\\\/#breadcrumb\",\"itemListElement\":[{\"@type\":\"ListItem\",\"position\":1,\"name\":\"Home\",\"item\":\"https:\\\/\\\/hifmb.de\\\/de\\\/\"},{\"@type\":\"ListItem\",\"position\":2,\"name\":\"Barrierefreiheit\"}]},{\"@type\":\"WebSite\",\"@id\":\"https:\\\/\\\/hifmb.de.w01b8649.kasserver.com\\\/#website\",\"url\":\"https:\\\/\\\/hifmb.de.w01b8649.kasserver.com\\\/\",\"name\":\"HIFMB Oldenburg\",\"description\":\"The Helmholtz Institute for Functional Marine Biodiversity (HIFMB)\",\"publisher\":{\"@id\":\"https:\\\/\\\/hifmb.de.w01b8649.kasserver.com\\\/#organization\"},\"potentialAction\":[{\"@type\":\"SearchAction\",\"target\":{\"@type\":\"EntryPoint\",\"urlTemplate\":\"https:\\\/\\\/hifmb.de.w01b8649.kasserver.com\\\/?s={search_term_string}\"},\"query-input\":{\"@type\":\"PropertyValueSpecification\",\"valueRequired\":true,\"valueName\":\"search_term_string\"}}],\"inLanguage\":\"de-DE\"},{\"@type\":\"Organization\",\"@id\":\"https:\\\/\\\/hifmb.de.w01b8649.kasserver.com\\\/#organization\",\"name\":\"HIFMB Oldenburg\",\"url\":\"https:\\\/\\\/hifmb.de.w01b8649.kasserver.com\\\/\",\"logo\":{\"@type\":\"ImageObject\",\"inLanguage\":\"de-DE\",\"@id\":\"https:\\\/\\\/hifmb.de.w01b8649.kasserver.com\\\/#\\\/schema\\\/logo\\\/image\\\/\",\"url\":\"https:\\\/\\\/hifmb.de\\\/wp-content\\\/uploads\\\/2021\\\/01\\\/hifmb-logo-neg-de.svg\",\"contentUrl\":\"https:\\\/\\\/hifmb.de\\\/wp-content\\\/uploads\\\/2021\\\/01\\\/hifmb-logo-neg-de.svg\",\"width\":300,\"height\":87,\"caption\":\"HIFMB Oldenburg\"},\"image\":{\"@id\":\"https:\\\/\\\/hifmb.de.w01b8649.kasserver.com\\\/#\\\/schema\\\/logo\\\/image\\\/\"}}]}<\/script>\n<!-- \/ Yoast SEO plugin. -->","yoast_head_json":{"title":"Barrierefreiheit - HIFMB Oldenburg","robots":{"index":"index","follow":"follow","max-snippet":"max-snippet:-1","max-image-preview":"max-image-preview:large","max-video-preview":"max-video-preview:-1"},"canonical":"https:\/\/hifmb.de\/de\/barrierefreiheit\/","og_locale":"de_DE","og_type":"article","og_title":"Barrierefreiheit - HIFMB Oldenburg","og_description":"Erkl\u00e4rung zur Barrierefreiheit  Wir bem\u00fchen uns, diesen Webauftritt oder mobile Anwendung barrierefrei zu machen. Die Erkl\u00e4rung zur Barrierefreiheit wird im Bremischen Behindertengleichstellungsgesetz verlangt. Die technischen Anforderungen zur Barrierefreiheit ergeben sich aus der BITV 2.0.  Diese Erkl\u00e4rung zur digitalen Barrierefreiheit gilt f\u00fcr den unter www.hifmb.de ver\u00f6ffentlichten Webauftritt des Helmholtz-Instituts f\u00fcr Funktionelle Marine Biodiversit\u00e4t an der Universit\u00e4t Oldenburg.  Wie barrierefrei ...Weiterlesen","og_url":"https:\/\/hifmb.de\/de\/barrierefreiheit\/","og_site_name":"HIFMB Oldenburg","article_modified_time":"2022-02-01T15:31:20+00:00","og_image":[{"width":2560,"height":720,"url":"https:\/\/hifmb.de\/wp-content\/uploads\/2022\/02\/barrierefrei_Pixabay_Solene_Dejardins.jpeg","type":"image\/jpeg"}],"twitter_card":"summary_large_image","twitter_misc":{"Est. reading time":"2 minutes"},"schema":{"@context":"https:\/\/schema.org","@graph":[{"@type":"WebPage","@id":"https:\/\/hifmb.de\/de\/barrierefreiheit\/","url":"https:\/\/hifmb.de\/de\/barrierefreiheit\/","name":"Barrierefreiheit - HIFMB Oldenburg","isPartOf":{"@id":"https:\/\/hifmb.de.w01b8649.kasserver.com\/#website"},"primaryImageOfPage":{"@id":"https:\/\/hifmb.de\/de\/barrierefreiheit\/#primaryimage"},"image":{"@id":"https:\/\/hifmb.de\/de\/barrierefreiheit\/#primaryimage"},"thumbnailUrl":"https:\/\/hifmb.de\/wp-content\/uploads\/2022\/02\/barrierefrei_Pixabay_Solene_Dejardins.jpeg","datePublished":"2021-02-10T13:18:12+00:00","dateModified":"2022-02-01T15:31:20+00:00","breadcrumb":{"@id":"https:\/\/hifmb.de\/de\/barrierefreiheit\/#breadcrumb"},"inLanguage":"de-DE","potentialAction":[{"@type":"ReadAction","target":["https:\/\/hifmb.de\/de\/barrierefreiheit\/"]}]},{"@type":"ImageObject","inLanguage":"de-DE","@id":"https:\/\/hifmb.de\/de\/barrierefreiheit\/#primaryimage","url":"https:\/\/hifmb.de\/wp-content\/uploads\/2022\/02\/barrierefrei_Pixabay_Solene_Dejardins.jpeg","contentUrl":"https:\/\/hifmb.de\/wp-content\/uploads\/2022\/02\/barrierefrei_Pixabay_Solene_Dejardins.jpeg","width":2560,"height":720},{"@type":"BreadcrumbList","@id":"https:\/\/hifmb.de\/de\/barrierefreiheit\/#breadcrumb","itemListElement":[{"@type":"ListItem","position":1,"name":"Home","item":"https:\/\/hifmb.de\/de\/"},{"@type":"ListItem","position":2,"name":"Barrierefreiheit"}]},{"@type":"WebSite","@id":"https:\/\/hifmb.de.w01b8649.kasserver.com\/#website","url":"https:\/\/hifmb.de.w01b8649.kasserver.com\/","name":"HIFMB Oldenburg","description":"The Helmholtz Institute for Functional Marine Biodiversity (HIFMB)","publisher":{"@id":"https:\/\/hifmb.de.w01b8649.kasserver.com\/#organization"},"potentialAction":[{"@type":"SearchAction","target":{"@type":"EntryPoint","urlTemplate":"https:\/\/hifmb.de.w01b8649.kasserver.com\/?s={search_term_string}"},"query-input":{"@type":"PropertyValueSpecification","valueRequired":true,"valueName":"search_term_string"}}],"inLanguage":"de-DE"},{"@type":"Organization","@id":"https:\/\/hifmb.de.w01b8649.kasserver.com\/#organization","name":"HIFMB Oldenburg","url":"https:\/\/hifmb.de.w01b8649.kasserver.com\/","logo":{"@type":"ImageObject","inLanguage":"de-DE","@id":"https:\/\/hifmb.de.w01b8649.kasserver.com\/#\/schema\/logo\/image\/","url":"https:\/\/hifmb.de\/wp-content\/uploads\/2021\/01\/hifmb-logo-neg-de.svg","contentUrl":"https:\/\/hifmb.de\/wp-content\/uploads\/2021\/01\/hifmb-logo-neg-de.svg","width":300,"height":87,"caption":"HIFMB Oldenburg"},"image":{"@id":"https:\/\/hifmb.de.w01b8649.kasserver.com\/#\/schema\/logo\/image\/"}}]}},"_links":{"self":[{"href":"https:\/\/hifmb.de\/de\/wp-json\/wp\/v2\/pages\/3561","targetHints":{"allow":["GET"]}}],"collection":[{"href":"https:\/\/hifmb.de\/de\/wp-json\/wp\/v2\/pages"}],"about":[{"href":"https:\/\/hifmb.de\/de\/wp-json\/wp\/v2\/types\/page"}],"author":[{"embeddable":true,"href":"https:\/\/hifmb.de\/de\/wp-json\/wp\/v2\/users\/1"}],"replies":[{"embeddable":true,"href":"https:\/\/hifmb.de\/de\/wp-json\/wp\/v2\/comments?post=3561"}],"version-history":[{"count":7,"href":"https:\/\/hifmb.de\/de\/wp-json\/wp\/v2\/pages\/3561\/revisions"}],"predecessor-version":[{"id":6295,"href":"https:\/\/hifmb.de\/de\/wp-json\/wp\/v2\/pages\/3561\/revisions\/6295"}],"wp:featuredmedia":[{"embeddable":true,"href":"https:\/\/hifmb.de\/de\/wp-json\/wp\/v2\/media\/6291"}],"wp:attachment":[{"href":"https:\/\/hifmb.de\/de\/wp-json\/wp\/v2\/media?parent=3561"}],"curies":[{"name":"wp","href":"https:\/\/api.w.org\/{rel}","templated":true}]}}