{"id":4243,"date":"2021-05-18T10:12:32","date_gmt":"2021-05-18T10:12:32","guid":{"rendered":"https:\/\/hifmb.de\/?page_id=4243"},"modified":"2023-08-14T10:28:34","modified_gmt":"2023-08-14T08:28:34","slug":"leichte-sprache-hifmb","status":"publish","type":"page","link":"https:\/\/hifmb.de\/de\/leichte-sprache-hifmb\/","title":{"rendered":"Leichte Sprache"},"content":{"rendered":"\n<h2 class=\"wp-block-heading\">Das HIFMB<\/h2>\n\n\n\n<h3 class=\"wp-block-heading\"><strong>Wer sind wir?<\/strong><\/h3>\n\n\n\n<p>Wir sind das Helmholtz Institut f\u00fcr Funktionelle Marine Biodiversit\u00e4t.<\/p>\n\n\n\n<p>Das kurze Wort daf\u00fcr ist: <strong>HIFMB<\/strong>.<\/p>\n\n\n\n<p>Wir sind eine Forschungs-Einrichtung in der Stadt Oldenburg.&nbsp;<\/p>\n\n\n\n<p>Das HIFMB gibt es seit dem Jahr 2017.<\/p>\n\n\n\n<p>Im HIFMB arbeiten 2 Einrichtungen zusammen:<\/p>\n\n\n\n<ul class=\"wp-block-list\">\n<li>das Alfred-Wegener-Institut, Helmholtz-Zentrum<br>f\u00fcr Polar- und Meeresforschung in Bremerhaven.<br>Das kurze Wort daf\u00fcr ist: AWI.<\/li>\n\n\n\n<li>die Carl von Ossietzky Universit\u00e4t in Oldenburg<\/li>\n<\/ul>\n\n\n\n<div class=\"wp-block-theme-spacer  height-default\"><\/div>\n\n\n\n<h3 class=\"wp-block-heading\"><strong>Was machen wir?<\/strong><\/h3>\n\n\n\n<p>Wir erforschen die Meere.<\/p>\n\n\n\n<p>Wir wollen wissen: Welche Lebewesen leben im Meer?<\/p>\n\n\n\n<p>Zum Beispiel:<\/p>\n\n\n\n<ul class=\"wp-block-list\">\n<li>Tiere<\/li>\n\n\n\n<li>Pflanzen<\/li>\n\n\n\n<li>Pilze<\/li>\n\n\n\n<li>Bakterien<\/li>\n<\/ul>\n\n\n\n<p>Wie viele verschiedene Lebewesen gibt es im Meer?&nbsp;<\/p>\n\n\n\n<p>Wie unterscheiden sich die Lebewesen im Meer voneinander?<\/p>\n\n\n\n<p>Man nennt das auch: <strong>Marine Biodiversit\u00e4t.<\/strong><\/p>\n\n\n\n<p>Wir wollen auch wissen:<\/p>\n\n\n\n<p>Warum sind verschiedene Lebewesen wichtig&nbsp;<\/p>\n\n\n\n<p>f\u00fcr das Meer und f\u00fcr die Menschen?<\/p>\n\n\n\n<p>Unsere Forschung ist wichtig f\u00fcr den Schutz von den Meeren.<\/p>\n\n\n\n<div class=\"wp-block-theme-spacer  height-default\"><\/div>\n\n\n\n<h3 class=\"wp-block-heading\"><strong>Die Meere<\/strong><\/h3>\n\n\n\n<p>Die meisten Lebewesen auf der Erde leben im Meer.<\/p>\n\n\n\n<p>Darum sagt man auch:&nbsp;<\/p>\n\n\n\n<p>Die Meere sind der gr\u00f6\u00dfte Lebensraum auf der Erde.<\/p>\n\n\n\n<p>Ein Lebensraum mit verschiedenen Lebewesen nennt man: <strong>\u00d6kosystem<\/strong>.<\/p>\n\n\n\n<p>In den Meeren gibt es viele \u00d6kosysteme.<\/p>\n\n\n\n<div class=\"wp-block-theme-spacer  height-xxs\"><\/div>\n\n\n\n<p>Die Meere sind sehr wichtig f\u00fcr den Menschen.<\/p>\n\n\n\n<p>Die Meere<\/p>\n\n\n\n<ul class=\"wp-block-list\">\n<li>k\u00f6nnen das Klima regeln.<br>Zum Beispiel, dass es <strong>nicht<\/strong> zu hei\u00df ist.<\/li>\n\n\n\n<li>holen CO<sub>2<\/sub> aus der Luft.<\/li>\n\n\n\n<li>sind voll mit Tieren, die der Mensch essen kann.<\/li>\n\n\n\n<li>geben Sauerstoff in die Luft ab, den der Mensch zum Atmen braucht.<\/li>\n<\/ul>\n\n\n\n<div class=\"wp-block-theme-spacer  height-xxs\"><\/div>\n\n\n\n<p>Damit die Meere das alles machen k\u00f6nnen, muss es gute \u00d6kosysteme geben.<\/p>\n\n\n\n<p>Darum m\u00fcssen wir die Lebensr\u00e4ume und die Lebewesen sch\u00fctzen.<\/p>\n\n\n\n<div class=\"wp-block-theme-spacer  height-xxs\"><\/div>\n\n\n\n<p>Die Lebewesen in den Meeren sind sehr empfindlich.<\/p>\n\n\n\n<p>Ver\u00e4ndert sich die Umwelt?<\/p>\n\n\n\n<p>Dann ver\u00e4ndern sich auch die Lebewesen.<\/p>\n\n\n\n<p>Ver\u00e4ndern sich die Lebewesen im Meer?<\/p>\n\n\n\n<p>Dann ver\u00e4ndern sich auch die \u00d6kosysteme im Meer.<\/p>\n\n\n\n<p>Wir wollen alle Lebewesen im Meer sch\u00fctzen.<\/p>\n\n\n\n<div class=\"wp-block-theme-spacer  height-xxs\"><\/div>\n\n\n\n<p>Wir wissen noch <strong>nicht<\/strong>:<\/p>\n\n\n\n<ul class=\"wp-block-list\">\n<li>Was macht die Erd-Erw\u00e4rmung mit den Lebewesen im Meer?<\/li>\n\n\n\n<li>Was macht der Mensch mit den Lebewesen im Meer?<\/li>\n\n\n\n<li>Gibt es weniger verschiedene Lebewesen im Meer?<\/li>\n<\/ul>\n\n\n\n<div class=\"wp-block-theme-spacer  height-xxs\"><\/div>\n\n\n\n<p>Der Mensch ver\u00e4ndert die \u00d6kosysteme im Meer.<\/p>\n\n\n\n<p>Dar\u00fcber gibt es eine neue Studie.<\/p>\n\n\n\n<p>In der Studie steht:<\/p>\n\n\n\n<p>Der Mensch hat in den Meeren schon viel ver\u00e4ndert.<\/p>\n\n\n\n<p>Nur wenige Teile von den Meeren sind <strong>nicht<\/strong> ver\u00e4ndert.<\/p>\n\n\n\n<p>Diese Teile hei\u00dfen: Wildnis.<\/p>\n\n\n\n<div class=\"wp-block-theme-spacer  height-xxs\"><\/div>\n\n\n\n<p>Diese Fragen wollen wir beantworten:<\/p>\n\n\n\n<ul class=\"wp-block-list\">\n<li>Was bedeuten die Ver\u00e4nderungen im Meer f\u00fcr den Menschen?<\/li>\n\n\n\n<li>Wie geht der Mensch damit um?<\/li>\n<\/ul>\n\n\n\n<p>Darum arbeiten wir mit anderen Forschern zusammen.<\/p>\n\n\n\n<p>Zum Beispiel: mit Forschern aus der Sozialwissenschaft.<\/p>\n\n\n\n<div class=\"wp-block-theme-spacer  height-default\"><\/div>\n\n\n\n<h3 class=\"wp-block-heading\"><strong>Was sind unsere Forschungs-Ziele?<\/strong><\/h3>\n\n\n\n<p>Die Welt ver\u00e4ndert sich.&nbsp;<\/p>\n\n\n\n<p>Zum Beispiel:&nbsp;<\/p>\n\n\n\n<ul class=\"wp-block-list\">\n<li>Die Erde wird w\u00e4rmer.<\/li>\n\n\n\n<li>Es gibt mehr M\u00fcll.<\/li>\n<\/ul>\n\n\n\n<p>Wir wollen wissen:<\/p>\n\n\n\n<p>Was passiert dann mit den verschiedenen Lebewesen im Meer?&nbsp;<\/p>\n\n\n\n<div class=\"wp-block-theme-spacer  height-xxs\"><\/div>\n\n\n\n<p>Vielleicht gibt es mehr oder weniger Lebewesen im Meer?<\/p>\n\n\n\n<p>Dann ver\u00e4ndern sich auch die \u00d6kosysteme im Meer.<\/p>\n\n\n\n<p>Wir wollen verstehen: Warum ist das so?<\/p>\n\n\n\n<div class=\"wp-block-theme-spacer  height-xxs\"><\/div>\n\n\n\n<p>Wir wollen erforschen:<\/p>\n\n\n\n<p>Wie kann man die \u00d6kosysteme im Meer sch\u00fctzen?<\/p>\n\n\n\n<div class=\"wp-block-theme-spacer\"><\/div>\n\n\n\n<h3 class=\"wp-block-heading\"><strong>Wie wollen wir arbeiten?<\/strong><\/h3>\n\n\n\n<ul class=\"wp-block-list\">\n<li>Wir wollen mit Forschern aus anderen Wissenschaften zusammenarbeiten.<\/li>\n\n\n\n<li>Wir wollen junge Forscher unterst\u00fctzen.<\/li>\n\n\n\n<li>Wir wollen: Alle Menschen k\u00f6nnen in der Wissenschaft arbeiten.<\/li>\n<\/ul>\n\n\n\n<div class=\"wp-block-theme-spacer\"><\/div>\n\n\n\n<h3 class=\"wp-block-heading\">Forschen, verstehen und sch\u00fctzen<\/h3>\n\n\n\n<p>Wir wollen wissen:<\/p>\n\n\n\n<p>Was passiert mit den Meeren heute und in der Zukunft?<\/p>\n\n\n\n<p>Darum m\u00fcssen wir viel beobachten.<\/p>\n\n\n\n<p>Und wir machen viele Experimente.<\/p>\n\n\n\n<div class=\"wp-block-theme-spacer  height-xxs\"><\/div>\n\n\n\n<p>Unsere Forschung hilft uns, die Lebewesen besser zu verstehen.<\/p>\n\n\n\n<p>Verstehen wir die Lebewesen?<\/p>\n\n\n\n<p>Dann k\u00f6nnen wir die Lebewesen besser sch\u00fctzen.<\/p>\n\n\n\n<p>Sch\u00fctzen wir die Lebewesen?<\/p>\n\n\n\n<p>Dann sch\u00fctzen wir die \u00d6kosysteme im Meer.<\/p>\n\n\n\n<p>Sch\u00fctzen wir die \u00d6kosysteme im Meer?<\/p>\n\n\n\n<p>Dann sch\u00fctzen wir auch das Leben von den Menschen.<\/p>\n\n\n\n<div class=\"wp-block-theme-spacer  height-lg\"><\/div>\n\n\n\n<div class=\"wp-block-theme-section  is-fullwidth\" style=\"\"><div class=\"container\">\n<div class=\"wp-block-columns is-layout-flex wp-container-core-columns-is-layout-9d6595d7 wp-block-columns-is-layout-flex\">\n<div class=\"wp-block-column is-style-default is-layout-flow wp-block-column-is-layout-flow\" style=\"flex-basis:33.33%\">\n<figure class=\"wp-block-image aligncenter size-thumbnail is-style-default\"><img loading=\"lazy\" decoding=\"async\" width=\"150\" height=\"150\" src=\"https:\/\/hifmb.de\/wp-content\/uploads\/2021\/05\/leichte-sprache-logo-150x150.jpg\" alt=\"\" class=\"wp-image-4248\" srcset=\"https:\/\/hifmb.de\/wp-content\/uploads\/2021\/05\/leichte-sprache-logo-150x150.jpg 150w, https:\/\/hifmb.de\/wp-content\/uploads\/2021\/05\/leichte-sprache-logo.jpg 293w\" sizes=\"auto, (max-width: 150px) 100vw, 150px\" \/><\/figure>\n<\/div>\n\n\n\n<div class=\"wp-block-column is-layout-flow wp-block-column-is-layout-flow\" style=\"flex-basis:66.66%\">\n<p>Text in Leichter Sprache: \u00a9 B\u00fcro f\u00fcr Leichte Sprache, Lebenshilfe f\u00fcr Menschen mit geistiger Behinderung Bremen e.V., 2021.<br>Siegel: Lebenshilfe-Gesellschaft f\u00fcr Leichte Sprache eG.<\/p>\n<\/div>\n<\/div>\n<\/div><\/div>\n\n\n\n<div class=\"wp-block-theme-spacer  height-xxxxl\"><\/div>\n","protected":false},"excerpt":{"rendered":"<p>Das HIFMB<\/p>\n<p>Wer sind wir?<\/p>\n<p>Wir sind das Helmholtz Institut f\u00fcr Funktionelle Marine Biodiversit\u00e4t.<\/p>\n<p>Das kurze Wort daf\u00fcr ist: HIFMB.<\/p>\n<p>Wir sind eine Forschungs-Einrichtung in der Stadt Oldenburg.&nbsp;<\/p>\n<p>Das HIFMB gibt es seit dem Jahr 2017.<\/p>\n<p>Im HIFMB arbeiten 2 Einrichtungen zusammen:<\/p>\n<p>das Alfred-Wegener-Institut, Helmholtz-Zentrumf\u00fcr Polar- und Meeresforschung in Bremerhaven.Das kurze Wort daf\u00fcr ist: AWI.<\/p>\n<p>die Carl von Ossietzky Universit\u00e4t in Oldenburg<\/p>\n<p>Was machen &#8230;<\/p>\n<p><a class=\"btn btn-primary theme-read-more-link mt-3 no-link-style\"\n                    href=\"https:\/\/hifmb.de\/de\/leichte-sprache-hifmb\/\"\n                    aria-describedby=\"teaser-headline-4243\">Weiterlesen<\/a><\/p>\n","protected":false},"author":3,"featured_media":4244,"parent":0,"menu_order":1,"comment_status":"closed","ping_status":"closed","template":"","meta":{"_acf_changed":false,"footnotes":""},"class_list":["post-4243","page","type-page","status-publish","has-post-thumbnail","hentry"],"acf":[],"yoast_head":"<!-- This site is optimized with the Yoast SEO plugin v27.5 - https:\/\/yoast.com\/product\/yoast-seo-wordpress\/ -->\n<title>Leichte Sprache - HIFMB Oldenburg<\/title>\n<meta name=\"robots\" content=\"index, follow, max-snippet:-1, max-image-preview:large, max-video-preview:-1\" \/>\n<link rel=\"canonical\" href=\"https:\/\/hifmb.de\/de\/leichte-sprache-hifmb\/\" \/>\n<meta property=\"og:locale\" content=\"de_DE\" \/>\n<meta property=\"og:type\" content=\"article\" \/>\n<meta property=\"og:title\" content=\"Leichte Sprache - HIFMB Oldenburg\" \/>\n<meta property=\"og:description\" content=\"Das HIFMB  Wer sind wir?  Wir sind das Helmholtz Institut f\u00fcr Funktionelle Marine Biodiversit\u00e4t.  Das kurze Wort daf\u00fcr ist: HIFMB.  Wir sind eine Forschungs-Einrichtung in der Stadt Oldenburg.&nbsp;  Das HIFMB gibt es seit dem Jahr 2017.  Im HIFMB arbeiten 2 Einrichtungen zusammen:   das Alfred-Wegener-Institut, Helmholtz-Zentrumf\u00fcr Polar- und Meeresforschung in Bremerhaven.Das kurze Wort daf\u00fcr ist: AWI.  die Carl von Ossietzky Universit\u00e4t in Oldenburg     Was machen ...Weiterlesen\" \/>\n<meta property=\"og:url\" content=\"https:\/\/hifmb.de\/de\/leichte-sprache-hifmb\/\" \/>\n<meta property=\"og:site_name\" content=\"HIFMB Oldenburg\" \/>\n<meta property=\"article:modified_time\" content=\"2023-08-14T08:28:34+00:00\" \/>\n<meta property=\"og:image\" content=\"https:\/\/hifmb.de\/wp-content\/uploads\/2021\/05\/Boje_Strand_Martin_Huijzer_PixabayLicense-2.jpg\" \/>\n\t<meta property=\"og:image:width\" content=\"1200\" \/>\n\t<meta property=\"og:image:height\" content=\"798\" \/>\n\t<meta property=\"og:image:type\" content=\"image\/jpeg\" \/>\n<meta name=\"twitter:card\" content=\"summary_large_image\" \/>\n<meta name=\"twitter:label1\" content=\"Est. reading time\" \/>\n\t<meta name=\"twitter:data1\" content=\"3 minutes\" \/>\n<script type=\"application\/ld+json\" class=\"yoast-schema-graph\">{\"@context\":\"https:\\\/\\\/schema.org\",\"@graph\":[{\"@type\":\"WebPage\",\"@id\":\"https:\\\/\\\/hifmb.de\\\/de\\\/leichte-sprache-hifmb\\\/\",\"url\":\"https:\\\/\\\/hifmb.de\\\/de\\\/leichte-sprache-hifmb\\\/\",\"name\":\"Leichte Sprache - HIFMB Oldenburg\",\"isPartOf\":{\"@id\":\"https:\\\/\\\/hifmb.de.w01b8649.kasserver.com\\\/#website\"},\"primaryImageOfPage\":{\"@id\":\"https:\\\/\\\/hifmb.de\\\/de\\\/leichte-sprache-hifmb\\\/#primaryimage\"},\"image\":{\"@id\":\"https:\\\/\\\/hifmb.de\\\/de\\\/leichte-sprache-hifmb\\\/#primaryimage\"},\"thumbnailUrl\":\"https:\\\/\\\/hifmb.de\\\/wp-content\\\/uploads\\\/2021\\\/05\\\/Boje_Strand_Martin_Huijzer_PixabayLicense-2.jpg\",\"datePublished\":\"2021-05-18T10:12:32+00:00\",\"dateModified\":\"2023-08-14T08:28:34+00:00\",\"breadcrumb\":{\"@id\":\"https:\\\/\\\/hifmb.de\\\/de\\\/leichte-sprache-hifmb\\\/#breadcrumb\"},\"inLanguage\":\"de-DE\",\"potentialAction\":[{\"@type\":\"ReadAction\",\"target\":[\"https:\\\/\\\/hifmb.de\\\/de\\\/leichte-sprache-hifmb\\\/\"]}]},{\"@type\":\"ImageObject\",\"inLanguage\":\"de-DE\",\"@id\":\"https:\\\/\\\/hifmb.de\\\/de\\\/leichte-sprache-hifmb\\\/#primaryimage\",\"url\":\"https:\\\/\\\/hifmb.de\\\/wp-content\\\/uploads\\\/2021\\\/05\\\/Boje_Strand_Martin_Huijzer_PixabayLicense-2.jpg\",\"contentUrl\":\"https:\\\/\\\/hifmb.de\\\/wp-content\\\/uploads\\\/2021\\\/05\\\/Boje_Strand_Martin_Huijzer_PixabayLicense-2.jpg\",\"width\":1200,\"height\":798,\"caption\":\"Rote Boje liegt am Strand\"},{\"@type\":\"BreadcrumbList\",\"@id\":\"https:\\\/\\\/hifmb.de\\\/de\\\/leichte-sprache-hifmb\\\/#breadcrumb\",\"itemListElement\":[{\"@type\":\"ListItem\",\"position\":1,\"name\":\"Home\",\"item\":\"https:\\\/\\\/hifmb.de\\\/de\\\/\"},{\"@type\":\"ListItem\",\"position\":2,\"name\":\"Leichte Sprache\"}]},{\"@type\":\"WebSite\",\"@id\":\"https:\\\/\\\/hifmb.de.w01b8649.kasserver.com\\\/#website\",\"url\":\"https:\\\/\\\/hifmb.de.w01b8649.kasserver.com\\\/\",\"name\":\"HIFMB Oldenburg\",\"description\":\"The Helmholtz Institute for Functional Marine Biodiversity (HIFMB)\",\"publisher\":{\"@id\":\"https:\\\/\\\/hifmb.de.w01b8649.kasserver.com\\\/#organization\"},\"potentialAction\":[{\"@type\":\"SearchAction\",\"target\":{\"@type\":\"EntryPoint\",\"urlTemplate\":\"https:\\\/\\\/hifmb.de.w01b8649.kasserver.com\\\/?s={search_term_string}\"},\"query-input\":{\"@type\":\"PropertyValueSpecification\",\"valueRequired\":true,\"valueName\":\"search_term_string\"}}],\"inLanguage\":\"de-DE\"},{\"@type\":\"Organization\",\"@id\":\"https:\\\/\\\/hifmb.de.w01b8649.kasserver.com\\\/#organization\",\"name\":\"HIFMB Oldenburg\",\"url\":\"https:\\\/\\\/hifmb.de.w01b8649.kasserver.com\\\/\",\"logo\":{\"@type\":\"ImageObject\",\"inLanguage\":\"de-DE\",\"@id\":\"https:\\\/\\\/hifmb.de.w01b8649.kasserver.com\\\/#\\\/schema\\\/logo\\\/image\\\/\",\"url\":\"https:\\\/\\\/hifmb.de\\\/wp-content\\\/uploads\\\/2021\\\/01\\\/hifmb-logo-neg-de.svg\",\"contentUrl\":\"https:\\\/\\\/hifmb.de\\\/wp-content\\\/uploads\\\/2021\\\/01\\\/hifmb-logo-neg-de.svg\",\"width\":300,\"height\":87,\"caption\":\"HIFMB Oldenburg\"},\"image\":{\"@id\":\"https:\\\/\\\/hifmb.de.w01b8649.kasserver.com\\\/#\\\/schema\\\/logo\\\/image\\\/\"}}]}<\/script>\n<!-- \/ Yoast SEO plugin. -->","yoast_head_json":{"title":"Leichte Sprache - HIFMB Oldenburg","robots":{"index":"index","follow":"follow","max-snippet":"max-snippet:-1","max-image-preview":"max-image-preview:large","max-video-preview":"max-video-preview:-1"},"canonical":"https:\/\/hifmb.de\/de\/leichte-sprache-hifmb\/","og_locale":"de_DE","og_type":"article","og_title":"Leichte Sprache - HIFMB Oldenburg","og_description":"Das HIFMB  Wer sind wir?  Wir sind das Helmholtz Institut f\u00fcr Funktionelle Marine Biodiversit\u00e4t.  Das kurze Wort daf\u00fcr ist: HIFMB.  Wir sind eine Forschungs-Einrichtung in der Stadt Oldenburg.&nbsp;  Das HIFMB gibt es seit dem Jahr 2017.  Im HIFMB arbeiten 2 Einrichtungen zusammen:   das Alfred-Wegener-Institut, Helmholtz-Zentrumf\u00fcr Polar- und Meeresforschung in Bremerhaven.Das kurze Wort daf\u00fcr ist: AWI.  die Carl von Ossietzky Universit\u00e4t in Oldenburg     Was machen ...Weiterlesen","og_url":"https:\/\/hifmb.de\/de\/leichte-sprache-hifmb\/","og_site_name":"HIFMB Oldenburg","article_modified_time":"2023-08-14T08:28:34+00:00","og_image":[{"width":1200,"height":798,"url":"https:\/\/hifmb.de\/wp-content\/uploads\/2021\/05\/Boje_Strand_Martin_Huijzer_PixabayLicense-2.jpg","type":"image\/jpeg"}],"twitter_card":"summary_large_image","twitter_misc":{"Est. reading time":"3 minutes"},"schema":{"@context":"https:\/\/schema.org","@graph":[{"@type":"WebPage","@id":"https:\/\/hifmb.de\/de\/leichte-sprache-hifmb\/","url":"https:\/\/hifmb.de\/de\/leichte-sprache-hifmb\/","name":"Leichte Sprache - HIFMB Oldenburg","isPartOf":{"@id":"https:\/\/hifmb.de.w01b8649.kasserver.com\/#website"},"primaryImageOfPage":{"@id":"https:\/\/hifmb.de\/de\/leichte-sprache-hifmb\/#primaryimage"},"image":{"@id":"https:\/\/hifmb.de\/de\/leichte-sprache-hifmb\/#primaryimage"},"thumbnailUrl":"https:\/\/hifmb.de\/wp-content\/uploads\/2021\/05\/Boje_Strand_Martin_Huijzer_PixabayLicense-2.jpg","datePublished":"2021-05-18T10:12:32+00:00","dateModified":"2023-08-14T08:28:34+00:00","breadcrumb":{"@id":"https:\/\/hifmb.de\/de\/leichte-sprache-hifmb\/#breadcrumb"},"inLanguage":"de-DE","potentialAction":[{"@type":"ReadAction","target":["https:\/\/hifmb.de\/de\/leichte-sprache-hifmb\/"]}]},{"@type":"ImageObject","inLanguage":"de-DE","@id":"https:\/\/hifmb.de\/de\/leichte-sprache-hifmb\/#primaryimage","url":"https:\/\/hifmb.de\/wp-content\/uploads\/2021\/05\/Boje_Strand_Martin_Huijzer_PixabayLicense-2.jpg","contentUrl":"https:\/\/hifmb.de\/wp-content\/uploads\/2021\/05\/Boje_Strand_Martin_Huijzer_PixabayLicense-2.jpg","width":1200,"height":798,"caption":"Rote Boje liegt am Strand"},{"@type":"BreadcrumbList","@id":"https:\/\/hifmb.de\/de\/leichte-sprache-hifmb\/#breadcrumb","itemListElement":[{"@type":"ListItem","position":1,"name":"Home","item":"https:\/\/hifmb.de\/de\/"},{"@type":"ListItem","position":2,"name":"Leichte Sprache"}]},{"@type":"WebSite","@id":"https:\/\/hifmb.de.w01b8649.kasserver.com\/#website","url":"https:\/\/hifmb.de.w01b8649.kasserver.com\/","name":"HIFMB Oldenburg","description":"The Helmholtz Institute for Functional Marine Biodiversity (HIFMB)","publisher":{"@id":"https:\/\/hifmb.de.w01b8649.kasserver.com\/#organization"},"potentialAction":[{"@type":"SearchAction","target":{"@type":"EntryPoint","urlTemplate":"https:\/\/hifmb.de.w01b8649.kasserver.com\/?s={search_term_string}"},"query-input":{"@type":"PropertyValueSpecification","valueRequired":true,"valueName":"search_term_string"}}],"inLanguage":"de-DE"},{"@type":"Organization","@id":"https:\/\/hifmb.de.w01b8649.kasserver.com\/#organization","name":"HIFMB Oldenburg","url":"https:\/\/hifmb.de.w01b8649.kasserver.com\/","logo":{"@type":"ImageObject","inLanguage":"de-DE","@id":"https:\/\/hifmb.de.w01b8649.kasserver.com\/#\/schema\/logo\/image\/","url":"https:\/\/hifmb.de\/wp-content\/uploads\/2021\/01\/hifmb-logo-neg-de.svg","contentUrl":"https:\/\/hifmb.de\/wp-content\/uploads\/2021\/01\/hifmb-logo-neg-de.svg","width":300,"height":87,"caption":"HIFMB Oldenburg"},"image":{"@id":"https:\/\/hifmb.de.w01b8649.kasserver.com\/#\/schema\/logo\/image\/"}}]}},"_links":{"self":[{"href":"https:\/\/hifmb.de\/de\/wp-json\/wp\/v2\/pages\/4243","targetHints":{"allow":["GET"]}}],"collection":[{"href":"https:\/\/hifmb.de\/de\/wp-json\/wp\/v2\/pages"}],"about":[{"href":"https:\/\/hifmb.de\/de\/wp-json\/wp\/v2\/types\/page"}],"author":[{"embeddable":true,"href":"https:\/\/hifmb.de\/de\/wp-json\/wp\/v2\/users\/3"}],"replies":[{"embeddable":true,"href":"https:\/\/hifmb.de\/de\/wp-json\/wp\/v2\/comments?post=4243"}],"version-history":[{"count":13,"href":"https:\/\/hifmb.de\/de\/wp-json\/wp\/v2\/pages\/4243\/revisions"}],"predecessor-version":[{"id":11257,"href":"https:\/\/hifmb.de\/de\/wp-json\/wp\/v2\/pages\/4243\/revisions\/11257"}],"wp:featuredmedia":[{"embeddable":true,"href":"https:\/\/hifmb.de\/de\/wp-json\/wp\/v2\/media\/4244"}],"wp:attachment":[{"href":"https:\/\/hifmb.de\/de\/wp-json\/wp\/v2\/media?parent=4243"}],"curies":[{"name":"wp","href":"https:\/\/api.w.org\/{rel}","templated":true}]}}