{"id":6034,"date":"2022-01-18T19:47:31","date_gmt":"2022-01-18T18:47:31","guid":{"rendered":"https:\/\/hifmb.de\/?page_id=6034"},"modified":"2022-02-01T16:29:20","modified_gmt":"2022-02-01T15:29:20","slug":"gebaerdensprache","status":"publish","type":"page","link":"https:\/\/hifmb.de\/de\/gebaerdensprache\/","title":{"rendered":"Informationen in Geb\u00e4rdensprache"},"content":{"rendered":"\n<p>Hier stellt sich das HIFMB in Deutscher Geb\u00e4rdensprache vor. Das erste Video beinhaltet allgemeine Informationen \u00fcber das HIFMB und seine Forschung. Im zweiten Video erkl\u00e4ren wir, welche Ziele wir mit unserer Arbeit verfolgen. Und das dritte Video erm\u00f6glicht einen tieferen Einblick in unsere drei Forschungsfelder.<\/p>\n\n\n\n<h3 class=\"wp-block-heading\" id=\"das-grosse-ganze\">Das gro\u00dfe Ganze<\/h3>\n\n\n\n<div class=\"wp-block-group is-style-rounded-corners has-secondary-background-color has-background is-layout-flow wp-block-group-is-layout-flow\">\n<figure id=\"video\" class=\"wp-block-video\"><video height=\"1080\" style=\"aspect-ratio: 1920 \/ 1080;\" width=\"1920\" controls poster=\"https:\/\/hifmb.de\/wp-content\/uploads\/2022\/01\/hifmb_das_grosse_ganze_gsf_2021.jpeg\" src=\"https:\/\/hifmb.de\/wp-content\/uploads\/2022\/01\/hifmb_das_grosse_ganze_gsf_2021.mp4\"><track src=\"https:\/\/hifmb.de\/wp-content\/uploads\/2022\/01\/hifmb_das_grosse_ganze_gsf_2021.vtt\" label=\"Untertitel\" srclang=\"de\" kind=\"subtitles\"\/><\/video><\/figure>\n<\/div>\n\n\n\n<div class=\"wp-block-theme-spacer\"><\/div>\n\n\n\n<h3 class=\"wp-block-heading\" id=\"unsere-strategischen-und-wissenschaftlichen-ziele\">Unsere strategischen und wissenschaftlichen Ziele<\/h3>\n\n\n\n<div class=\"wp-block-group is-style-rounded-corners has-secondary-background-color has-background is-layout-flow wp-block-group-is-layout-flow\">\n<figure class=\"wp-block-video\"><video height=\"1080\" style=\"aspect-ratio: 1920 \/ 1080;\" width=\"1920\" controls poster=\"https:\/\/hifmb.de\/wp-content\/uploads\/2022\/01\/hifmb_ziele_gsf_2021.jpeg\" src=\"https:\/\/hifmb.de\/wp-content\/uploads\/2022\/01\/hifmb_ziele_gsf_2021.mp4\"><track src=\"https:\/\/hifmb.de\/wp-content\/uploads\/2022\/01\/hifmb_ziele_gsf_2021.vtt\" label=\"Untertitel\" srclang=\"de\" kind=\"captions\"\/><\/video><\/figure>\n<\/div>\n\n\n\n<div class=\"wp-block-theme-spacer\"><\/div>\n\n\n\n<h3 class=\"wp-block-heading\" id=\"unsere-forschungsfelder\">Unsere Forschungsfelder<\/h3>\n\n\n\n<div class=\"wp-block-group is-style-rounded-corners has-secondary-background-color has-background is-layout-flow wp-block-group-is-layout-flow\">\n<figure class=\"wp-block-video\"><video height=\"1080\" style=\"aspect-ratio: 1920 \/ 1080;\" width=\"1920\" controls poster=\"https:\/\/hifmb.de\/wp-content\/uploads\/2022\/01\/hifmb_forschungsfelder_gsf_2021.jpeg\" src=\"https:\/\/hifmb.de\/wp-content\/uploads\/2022\/01\/hifmb_forschungsfelder_gsf_2021.mp4\"><track src=\"https:\/\/hifmb.de\/wp-content\/uploads\/2022\/01\/hifmb_forschungsfelder_gsf_2021.vtt\" label=\"Untertitel\" srclang=\"de\" kind=\"captions\"\/><\/video><\/figure>\n<\/div>\n\n\n\n<div class=\"wp-block-theme-spacer  height-xxxl\"><\/div>\n","protected":false},"excerpt":{"rendered":"<p>Hier stellt sich das HIFMB in Deutscher Geb\u00e4rdensprache vor. Das erste Video beinhaltet allgemeine Informationen \u00fcber das HIFMB und seine Forschung. Im zweiten Video erkl\u00e4ren wir, welche Ziele wir mit unserer Arbeit verfolgen. Und das dritte Video erm\u00f6glicht einen tieferen Einblick in unsere drei Forschungsfelder.<\/p>\n<p>Das gro\u00dfe Ganze<\/p>\n<p>Unsere strategischen und wissenschaftlichen Ziele<\/p>\n<p>Unsere Forschungsfelder<\/p>\n<p><a class=\"btn btn-primary theme-read-more-link mt-3 no-link-style\"\n                    href=\"https:\/\/hifmb.de\/de\/gebaerdensprache\/\"\n                    aria-describedby=\"teaser-headline-6034\">Weiterlesen<\/a><\/p>\n","protected":false},"author":1,"featured_media":6287,"parent":0,"menu_order":0,"comment_status":"closed","ping_status":"closed","template":"","meta":{"_acf_changed":false,"footnotes":""},"class_list":["post-6034","page","type-page","status-publish","has-post-thumbnail","hentry"],"acf":[],"yoast_head":"<!-- This site is optimized with the Yoast SEO plugin v27.4 - https:\/\/yoast.com\/product\/yoast-seo-wordpress\/ -->\n<title>Informationen in Geb\u00e4rdensprache - HIFMB Oldenburg<\/title>\n<meta name=\"robots\" content=\"index, follow, max-snippet:-1, max-image-preview:large, max-video-preview:-1\" \/>\n<link rel=\"canonical\" href=\"https:\/\/hifmb.de\/de\/gebaerdensprache\/\" \/>\n<meta property=\"og:locale\" content=\"de_DE\" \/>\n<meta property=\"og:type\" content=\"article\" \/>\n<meta property=\"og:title\" content=\"Informationen in Geb\u00e4rdensprache - HIFMB Oldenburg\" \/>\n<meta property=\"og:description\" content=\"Hier stellt sich das HIFMB in Deutscher Geb\u00e4rdensprache vor. Das erste Video beinhaltet allgemeine Informationen \u00fcber das HIFMB und seine Forschung. Im zweiten Video erkl\u00e4ren wir, welche Ziele wir mit unserer Arbeit verfolgen. Und das dritte Video erm\u00f6glicht einen tieferen Einblick in unsere drei Forschungsfelder.  Das gro\u00dfe Ganze       Unsere strategischen und wissenschaftlichen Ziele       Unsere ForschungsfelderWeiterlesen\" \/>\n<meta property=\"og:url\" content=\"https:\/\/hifmb.de\/de\/gebaerdensprache\/\" \/>\n<meta property=\"og:site_name\" content=\"HIFMB Oldenburg\" \/>\n<meta property=\"article:modified_time\" content=\"2022-02-01T15:29:20+00:00\" \/>\n<meta property=\"og:image\" content=\"https:\/\/hifmb.de\/wp-content\/uploads\/2022\/02\/gebaerdensprache_pexels-egor-kamelev.jpeg\" \/>\n\t<meta property=\"og:image:width\" content=\"2560\" \/>\n\t<meta property=\"og:image:height\" content=\"720\" \/>\n\t<meta property=\"og:image:type\" content=\"image\/jpeg\" \/>\n<meta name=\"twitter:card\" content=\"summary_large_image\" \/>\n<meta name=\"twitter:label1\" content=\"Est. reading time\" \/>\n\t<meta name=\"twitter:data1\" content=\"1 minute\" \/>\n<script type=\"application\/ld+json\" class=\"yoast-schema-graph\">{\"@context\":\"https:\\\/\\\/schema.org\",\"@graph\":[{\"@type\":\"WebPage\",\"@id\":\"https:\\\/\\\/hifmb.de\\\/de\\\/gebaerdensprache\\\/\",\"url\":\"https:\\\/\\\/hifmb.de\\\/de\\\/gebaerdensprache\\\/\",\"name\":\"Informationen in Geb\u00e4rdensprache - HIFMB Oldenburg\",\"isPartOf\":{\"@id\":\"https:\\\/\\\/hifmb.de\\\/de\\\/#website\"},\"primaryImageOfPage\":{\"@id\":\"https:\\\/\\\/hifmb.de\\\/de\\\/gebaerdensprache\\\/#primaryimage\"},\"image\":{\"@id\":\"https:\\\/\\\/hifmb.de\\\/de\\\/gebaerdensprache\\\/#primaryimage\"},\"thumbnailUrl\":\"https:\\\/\\\/hifmb.de\\\/wp-content\\\/uploads\\\/2022\\\/02\\\/gebaerdensprache_pexels-egor-kamelev.jpeg\",\"datePublished\":\"2022-01-18T18:47:31+00:00\",\"dateModified\":\"2022-02-01T15:29:20+00:00\",\"breadcrumb\":{\"@id\":\"https:\\\/\\\/hifmb.de\\\/de\\\/gebaerdensprache\\\/#breadcrumb\"},\"inLanguage\":\"de-DE\",\"potentialAction\":[{\"@type\":\"ReadAction\",\"target\":[\"https:\\\/\\\/hifmb.de\\\/de\\\/gebaerdensprache\\\/\"]}]},{\"@type\":\"ImageObject\",\"inLanguage\":\"de-DE\",\"@id\":\"https:\\\/\\\/hifmb.de\\\/de\\\/gebaerdensprache\\\/#primaryimage\",\"url\":\"https:\\\/\\\/hifmb.de\\\/wp-content\\\/uploads\\\/2022\\\/02\\\/gebaerdensprache_pexels-egor-kamelev.jpeg\",\"contentUrl\":\"https:\\\/\\\/hifmb.de\\\/wp-content\\\/uploads\\\/2022\\\/02\\\/gebaerdensprache_pexels-egor-kamelev.jpeg\",\"width\":2560,\"height\":720},{\"@type\":\"BreadcrumbList\",\"@id\":\"https:\\\/\\\/hifmb.de\\\/de\\\/gebaerdensprache\\\/#breadcrumb\",\"itemListElement\":[{\"@type\":\"ListItem\",\"position\":1,\"name\":\"Home\",\"item\":\"https:\\\/\\\/hifmb.de\\\/de\\\/\"},{\"@type\":\"ListItem\",\"position\":2,\"name\":\"Geb\u00e4rdensprache\"}]},{\"@type\":\"WebSite\",\"@id\":\"https:\\\/\\\/hifmb.de\\\/de\\\/#website\",\"url\":\"https:\\\/\\\/hifmb.de\\\/de\\\/\",\"name\":\"HIFMB Oldenburg\",\"description\":\"The Helmholtz Institute for Functional Marine Biodiversity (HIFMB)\",\"publisher\":{\"@id\":\"https:\\\/\\\/hifmb.de\\\/de\\\/#organization\"},\"potentialAction\":[{\"@type\":\"SearchAction\",\"target\":{\"@type\":\"EntryPoint\",\"urlTemplate\":\"https:\\\/\\\/hifmb.de\\\/de\\\/?s={search_term_string}\"},\"query-input\":{\"@type\":\"PropertyValueSpecification\",\"valueRequired\":true,\"valueName\":\"search_term_string\"}}],\"inLanguage\":\"de-DE\"},{\"@type\":\"Organization\",\"@id\":\"https:\\\/\\\/hifmb.de\\\/de\\\/#organization\",\"name\":\"HIFMB Oldenburg\",\"url\":\"https:\\\/\\\/hifmb.de\\\/de\\\/\",\"logo\":{\"@type\":\"ImageObject\",\"inLanguage\":\"de-DE\",\"@id\":\"https:\\\/\\\/hifmb.de\\\/de\\\/#\\\/schema\\\/logo\\\/image\\\/\",\"url\":\"https:\\\/\\\/hifmb.de\\\/wp-content\\\/uploads\\\/2021\\\/01\\\/hifmb-logo-neg-de.svg\",\"contentUrl\":\"https:\\\/\\\/hifmb.de\\\/wp-content\\\/uploads\\\/2021\\\/01\\\/hifmb-logo-neg-de.svg\",\"width\":300,\"height\":87,\"caption\":\"HIFMB Oldenburg\"},\"image\":{\"@id\":\"https:\\\/\\\/hifmb.de\\\/de\\\/#\\\/schema\\\/logo\\\/image\\\/\"}}]}<\/script>\n<!-- \/ Yoast SEO plugin. -->","yoast_head_json":{"title":"Informationen in Geb\u00e4rdensprache - HIFMB Oldenburg","robots":{"index":"index","follow":"follow","max-snippet":"max-snippet:-1","max-image-preview":"max-image-preview:large","max-video-preview":"max-video-preview:-1"},"canonical":"https:\/\/hifmb.de\/de\/gebaerdensprache\/","og_locale":"de_DE","og_type":"article","og_title":"Informationen in Geb\u00e4rdensprache - HIFMB Oldenburg","og_description":"Hier stellt sich das HIFMB in Deutscher Geb\u00e4rdensprache vor. Das erste Video beinhaltet allgemeine Informationen \u00fcber das HIFMB und seine Forschung. Im zweiten Video erkl\u00e4ren wir, welche Ziele wir mit unserer Arbeit verfolgen. Und das dritte Video erm\u00f6glicht einen tieferen Einblick in unsere drei Forschungsfelder.  Das gro\u00dfe Ganze       Unsere strategischen und wissenschaftlichen Ziele       Unsere ForschungsfelderWeiterlesen","og_url":"https:\/\/hifmb.de\/de\/gebaerdensprache\/","og_site_name":"HIFMB Oldenburg","article_modified_time":"2022-02-01T15:29:20+00:00","og_image":[{"width":2560,"height":720,"url":"https:\/\/hifmb.de\/wp-content\/uploads\/2022\/02\/gebaerdensprache_pexels-egor-kamelev.jpeg","type":"image\/jpeg"}],"twitter_card":"summary_large_image","twitter_misc":{"Est. reading time":"1 minute"},"schema":{"@context":"https:\/\/schema.org","@graph":[{"@type":"WebPage","@id":"https:\/\/hifmb.de\/de\/gebaerdensprache\/","url":"https:\/\/hifmb.de\/de\/gebaerdensprache\/","name":"Informationen in Geb\u00e4rdensprache - HIFMB Oldenburg","isPartOf":{"@id":"https:\/\/hifmb.de\/de\/#website"},"primaryImageOfPage":{"@id":"https:\/\/hifmb.de\/de\/gebaerdensprache\/#primaryimage"},"image":{"@id":"https:\/\/hifmb.de\/de\/gebaerdensprache\/#primaryimage"},"thumbnailUrl":"https:\/\/hifmb.de\/wp-content\/uploads\/2022\/02\/gebaerdensprache_pexels-egor-kamelev.jpeg","datePublished":"2022-01-18T18:47:31+00:00","dateModified":"2022-02-01T15:29:20+00:00","breadcrumb":{"@id":"https:\/\/hifmb.de\/de\/gebaerdensprache\/#breadcrumb"},"inLanguage":"de-DE","potentialAction":[{"@type":"ReadAction","target":["https:\/\/hifmb.de\/de\/gebaerdensprache\/"]}]},{"@type":"ImageObject","inLanguage":"de-DE","@id":"https:\/\/hifmb.de\/de\/gebaerdensprache\/#primaryimage","url":"https:\/\/hifmb.de\/wp-content\/uploads\/2022\/02\/gebaerdensprache_pexels-egor-kamelev.jpeg","contentUrl":"https:\/\/hifmb.de\/wp-content\/uploads\/2022\/02\/gebaerdensprache_pexels-egor-kamelev.jpeg","width":2560,"height":720},{"@type":"BreadcrumbList","@id":"https:\/\/hifmb.de\/de\/gebaerdensprache\/#breadcrumb","itemListElement":[{"@type":"ListItem","position":1,"name":"Home","item":"https:\/\/hifmb.de\/de\/"},{"@type":"ListItem","position":2,"name":"Geb\u00e4rdensprache"}]},{"@type":"WebSite","@id":"https:\/\/hifmb.de\/de\/#website","url":"https:\/\/hifmb.de\/de\/","name":"HIFMB Oldenburg","description":"The Helmholtz Institute for Functional Marine Biodiversity (HIFMB)","publisher":{"@id":"https:\/\/hifmb.de\/de\/#organization"},"potentialAction":[{"@type":"SearchAction","target":{"@type":"EntryPoint","urlTemplate":"https:\/\/hifmb.de\/de\/?s={search_term_string}"},"query-input":{"@type":"PropertyValueSpecification","valueRequired":true,"valueName":"search_term_string"}}],"inLanguage":"de-DE"},{"@type":"Organization","@id":"https:\/\/hifmb.de\/de\/#organization","name":"HIFMB Oldenburg","url":"https:\/\/hifmb.de\/de\/","logo":{"@type":"ImageObject","inLanguage":"de-DE","@id":"https:\/\/hifmb.de\/de\/#\/schema\/logo\/image\/","url":"https:\/\/hifmb.de\/wp-content\/uploads\/2021\/01\/hifmb-logo-neg-de.svg","contentUrl":"https:\/\/hifmb.de\/wp-content\/uploads\/2021\/01\/hifmb-logo-neg-de.svg","width":300,"height":87,"caption":"HIFMB Oldenburg"},"image":{"@id":"https:\/\/hifmb.de\/de\/#\/schema\/logo\/image\/"}}]}},"_links":{"self":[{"href":"https:\/\/hifmb.de\/de\/wp-json\/wp\/v2\/pages\/6034","targetHints":{"allow":["GET"]}}],"collection":[{"href":"https:\/\/hifmb.de\/de\/wp-json\/wp\/v2\/pages"}],"about":[{"href":"https:\/\/hifmb.de\/de\/wp-json\/wp\/v2\/types\/page"}],"author":[{"embeddable":true,"href":"https:\/\/hifmb.de\/de\/wp-json\/wp\/v2\/users\/1"}],"replies":[{"embeddable":true,"href":"https:\/\/hifmb.de\/de\/wp-json\/wp\/v2\/comments?post=6034"}],"version-history":[{"count":30,"href":"https:\/\/hifmb.de\/de\/wp-json\/wp\/v2\/pages\/6034\/revisions"}],"predecessor-version":[{"id":6290,"href":"https:\/\/hifmb.de\/de\/wp-json\/wp\/v2\/pages\/6034\/revisions\/6290"}],"wp:featuredmedia":[{"embeddable":true,"href":"https:\/\/hifmb.de\/de\/wp-json\/wp\/v2\/media\/6287"}],"wp:attachment":[{"href":"https:\/\/hifmb.de\/de\/wp-json\/wp\/v2\/media?parent=6034"}],"curies":[{"name":"wp","href":"https:\/\/api.w.org\/{rel}","templated":true}]}}