{"id":8347,"date":"2022-01-27T13:42:43","date_gmt":"2022-01-27T12:42:43","guid":{"rendered":"https:\/\/hifmb.de\/exchange-program\/"},"modified":"2025-04-09T09:26:11","modified_gmt":"2025-04-09T07:26:11","slug":"exchange-program","status":"publish","type":"page","link":"https:\/\/hifmb.de\/de\/forschung\/projekte\/exchange-program\/","title":{"rendered":"Austauschprogramm &#8211; EXC\u00b2"},"content":{"rendered":"\n<p>Die bestehende Zusammenarbeit zwischen der <strong>Nelson-Mandela-Universit\u00e4t in Gqeberha<\/strong> (NMU) und der <strong>Carl-von-Ossietzky-Universit\u00e4t in Oldenburg<\/strong> (UOL) wurde in den letzten f\u00fcnf Jahren zu einer engen Kooperation zwischen den Meereswissenschaften an beiden Standorten ausgebaut. Dies wurde unmittelbar durch das Institut f\u00fcr K\u00fcsten- und Meeresforschung (CMR) und das Helmholtz-Institut f\u00fcr Funktionelle Marine Biodiversit\u00e4t an der Universit\u00e4t Oldenburg (HIFMB) vorangetrieben.<\/p>\n\n\n\n<p>Diese Zusammenarbeit wird nun um eine weitere Komponente erweitert &#8211; <strong>ein bilaterales Austauschprogramm in den Meereswissenschaften<\/strong>, das Reise- und Lebenshaltungskosten f\u00fcr die ausreisenden Studierenden sowie zus\u00e4tzliche Stipendien f\u00fcr die einreisenden Studierenden der NMU umfasst und aus dem EXC<sup>2<\/sup>-Programm des Nieders\u00e4chsischen Ministeriums f\u00fcr Wissenschaft und Kultur finanziert wird. Familienbeihilfe f\u00fcr unterhaltsberechtigte Kinder und Partner kann ebenfalls beantragt werden.<\/p>\n\n\n\n<p><strong>Weitere Informationen auf der <a href=\"http:\/\/hifmb.de\/exchange-program\">englischen Version dieser Webseite<\/a>. <\/strong><\/p>\n\n\n\n<div class=\"wp-block-buttons is-layout-flex wp-block-buttons-is-layout-flex\">\n<div class=\"wp-block-button\"><a class=\"wp-block-button__link\" href=\"https:\/\/cmr.mandela.ac.za\/\">Institute for Coastal and Marine Research<\/a><\/div>\n\n\n\n<div class=\"wp-block-button\"><a class=\"wp-block-button__link\" href=\"https:\/\/uol.de\">Universit\u00e4t Oldenburg<\/a><\/div>\n\n\n\n\n<\/div>\n\n\n\n<p><\/p>\n\n\n\n<div class=\"wp-block-theme-spacer\"><\/div>\n\n\n\n<p class=\"is-style-default\"><\/p>\n\n\n\n<div class=\"wp-block-theme-spacer\"><\/div>\n\n\n\n<div class=\"wp-block-theme-seperator\"><div class=\"container\"><\/div><\/div>\n\n\n\n<div class=\"wp-block-theme-spacer\"><\/div>\n\n\n\n<p class=\"is-style-default\">EXC\u00b2 is funded by the <a href=\"https:\/\/www.mwk.niedersachsen.de\/startseite\/\" target=\"_blank\" rel=\"noreferrer noopener\">Ministry for Science and Culture of Lower Saxony<\/a> and the <a href=\"https:\/\/www.volkswagenstiftung.de\/en\/foundation\" target=\"_blank\" rel=\"noreferrer noopener\">Volkswagen Foundation<\/a> through the \u201cNieders\u00e4chsisches Vorab\u201d grant program (grant number ZN3672).&nbsp;<\/p>\n\n\n\n<div class=\"wp-block-theme-spacer\"><\/div>\n\n\n\n<figure class=\"wp-block-image size-full is-resized\"><img loading=\"lazy\" decoding=\"async\" src=\"https:\/\/hifmb.de\/wp-content\/uploads\/2022\/11\/logo-MWK.png\" alt=\"\" class=\"wp-image-8290\" width=\"311\" height=\"61\" srcset=\"https:\/\/hifmb.de\/wp-content\/uploads\/2022\/11\/logo-MWK.png 800w, https:\/\/hifmb.de\/wp-content\/uploads\/2022\/11\/logo-MWK-328x64.png 328w\" sizes=\"auto, (max-width: 311px) 100vw, 311px\" \/><\/figure>\n\n\n\n<div class=\"wp-block-theme-spacer\"><\/div>\n","protected":false},"excerpt":{"rendered":"<p>Die bestehende Zusammenarbeit zwischen der Nelson-Mandela-Universit\u00e4t in Gqeberha (NMU) und der Carl-von-Ossietzky-Universit\u00e4t in Oldenburg (UOL) wurde in den letzten f\u00fcnf Jahren zu einer engen Kooperation zwischen den Meereswissenschaften an beiden Standorten ausgebaut. Dies wurde unmittelbar durch das Institut f\u00fcr K\u00fcsten- und Meeresforschung (CMR) und das Helmholtz-Institut f\u00fcr Funktionelle Marine Biodiversit\u00e4t an der Universit\u00e4t Oldenburg (HIFMB) &#8230;<\/p>\n<p><a class=\"btn btn-primary theme-read-more-link mt-3 no-link-style\"\n                    href=\"https:\/\/hifmb.de\/de\/forschung\/projekte\/exchange-program\/\"\n                    aria-describedby=\"teaser-headline-8347\">Weiterlesen<\/a><\/p>\n","protected":false},"author":2,"featured_media":5587,"parent":15427,"menu_order":0,"comment_status":"closed","ping_status":"closed","template":"","meta":{"_acf_changed":false,"footnotes":""},"class_list":["post-8347","page","type-page","status-publish","has-post-thumbnail","hentry"],"acf":[],"yoast_head":"<!-- This site is optimized with the Yoast SEO plugin v27.3 - https:\/\/yoast.com\/product\/yoast-seo-wordpress\/ -->\n<title>Austauschprogramm - EXC\u00b2 - HIFMB Oldenburg<\/title>\n<meta name=\"robots\" content=\"index, follow, max-snippet:-1, max-image-preview:large, max-video-preview:-1\" \/>\n<link rel=\"canonical\" href=\"https:\/\/hifmb.de\/de\/forschung\/projekte\/exchange-program\/\" \/>\n<meta property=\"og:locale\" content=\"de_DE\" \/>\n<meta property=\"og:type\" content=\"article\" \/>\n<meta property=\"og:title\" content=\"Austauschprogramm - EXC\u00b2 - HIFMB Oldenburg\" \/>\n<meta property=\"og:description\" content=\"Die bestehende Zusammenarbeit zwischen der Nelson-Mandela-Universit\u00e4t in Gqeberha (NMU) und der Carl-von-Ossietzky-Universit\u00e4t in Oldenburg (UOL) wurde in den letzten f\u00fcnf Jahren zu einer engen Kooperation zwischen den Meereswissenschaften an beiden Standorten ausgebaut. Dies wurde unmittelbar durch das Institut f\u00fcr K\u00fcsten- und Meeresforschung (CMR) und das Helmholtz-Institut f\u00fcr Funktionelle Marine Biodiversit\u00e4t an der Universit\u00e4t Oldenburg (HIFMB) ...Weiterlesen\" \/>\n<meta property=\"og:url\" content=\"https:\/\/hifmb.de\/de\/forschung\/projekte\/exchange-program\/\" \/>\n<meta property=\"og:site_name\" content=\"HIFMB Oldenburg\" \/>\n<meta property=\"article:modified_time\" content=\"2025-04-09T07:26:11+00:00\" \/>\n<meta property=\"og:image\" content=\"https:\/\/hifmb.de\/wp-content\/uploads\/2021\/11\/seagull-1209815.jpg\" \/>\n\t<meta property=\"og:image:width\" content=\"2560\" \/>\n\t<meta property=\"og:image:height\" content=\"720\" \/>\n\t<meta property=\"og:image:type\" content=\"image\/jpeg\" \/>\n<meta name=\"twitter:card\" content=\"summary_large_image\" \/>\n<meta name=\"twitter:label1\" content=\"Est. reading time\" \/>\n\t<meta name=\"twitter:data1\" content=\"1 minute\" \/>\n<script type=\"application\/ld+json\" class=\"yoast-schema-graph\">{\"@context\":\"https:\\\/\\\/schema.org\",\"@graph\":[{\"@type\":\"WebPage\",\"@id\":\"https:\\\/\\\/hifmb.de\\\/de\\\/forschung\\\/projekte\\\/exchange-program\\\/\",\"url\":\"https:\\\/\\\/hifmb.de\\\/de\\\/forschung\\\/projekte\\\/exchange-program\\\/\",\"name\":\"Austauschprogramm - EXC\u00b2 - HIFMB Oldenburg\",\"isPartOf\":{\"@id\":\"https:\\\/\\\/hifmb.de\\\/#website\"},\"primaryImageOfPage\":{\"@id\":\"https:\\\/\\\/hifmb.de\\\/de\\\/forschung\\\/projekte\\\/exchange-program\\\/#primaryimage\"},\"image\":{\"@id\":\"https:\\\/\\\/hifmb.de\\\/de\\\/forschung\\\/projekte\\\/exchange-program\\\/#primaryimage\"},\"thumbnailUrl\":\"https:\\\/\\\/hifmb.de\\\/wp-content\\\/uploads\\\/2021\\\/11\\\/seagull-1209815.jpg\",\"datePublished\":\"2022-01-27T12:42:43+00:00\",\"dateModified\":\"2025-04-09T07:26:11+00:00\",\"breadcrumb\":{\"@id\":\"https:\\\/\\\/hifmb.de\\\/de\\\/forschung\\\/projekte\\\/exchange-program\\\/#breadcrumb\"},\"inLanguage\":\"de-DE\",\"potentialAction\":[{\"@type\":\"ReadAction\",\"target\":[\"https:\\\/\\\/hifmb.de\\\/de\\\/forschung\\\/projekte\\\/exchange-program\\\/\"]}]},{\"@type\":\"ImageObject\",\"inLanguage\":\"de-DE\",\"@id\":\"https:\\\/\\\/hifmb.de\\\/de\\\/forschung\\\/projekte\\\/exchange-program\\\/#primaryimage\",\"url\":\"https:\\\/\\\/hifmb.de\\\/wp-content\\\/uploads\\\/2021\\\/11\\\/seagull-1209815.jpg\",\"contentUrl\":\"https:\\\/\\\/hifmb.de\\\/wp-content\\\/uploads\\\/2021\\\/11\\\/seagull-1209815.jpg\",\"width\":2560,\"height\":720,\"caption\":\"Photo: Pixabay | Free-Photos\"},{\"@type\":\"BreadcrumbList\",\"@id\":\"https:\\\/\\\/hifmb.de\\\/de\\\/forschung\\\/projekte\\\/exchange-program\\\/#breadcrumb\",\"itemListElement\":[{\"@type\":\"ListItem\",\"position\":1,\"name\":\"Home\",\"item\":\"https:\\\/\\\/hifmb.de\\\/de\\\/\"},{\"@type\":\"ListItem\",\"position\":2,\"name\":\"Forschung\",\"item\":\"https:\\\/\\\/hifmb.de\\\/de\\\/forschung\\\/\"},{\"@type\":\"ListItem\",\"position\":3,\"name\":\"Projekte\",\"item\":\"https:\\\/\\\/hifmb.de\\\/de\\\/forschung\\\/projekte\\\/\"},{\"@type\":\"ListItem\",\"position\":4,\"name\":\"Austauschprogramm &#8211; EXC\u00b2\"}]},{\"@type\":\"WebSite\",\"@id\":\"https:\\\/\\\/hifmb.de\\\/#website\",\"url\":\"https:\\\/\\\/hifmb.de\\\/\",\"name\":\"HIFMB Oldenburg\",\"description\":\"The Helmholtz Institute for Functional Marine Biodiversity (HIFMB)\",\"publisher\":{\"@id\":\"https:\\\/\\\/hifmb.de\\\/#organization\"},\"potentialAction\":[{\"@type\":\"SearchAction\",\"target\":{\"@type\":\"EntryPoint\",\"urlTemplate\":\"https:\\\/\\\/hifmb.de\\\/?s={search_term_string}\"},\"query-input\":{\"@type\":\"PropertyValueSpecification\",\"valueRequired\":true,\"valueName\":\"search_term_string\"}}],\"inLanguage\":\"de-DE\"},{\"@type\":\"Organization\",\"@id\":\"https:\\\/\\\/hifmb.de\\\/#organization\",\"name\":\"HIFMB Oldenburg\",\"url\":\"https:\\\/\\\/hifmb.de\\\/\",\"logo\":{\"@type\":\"ImageObject\",\"inLanguage\":\"de-DE\",\"@id\":\"https:\\\/\\\/hifmb.de\\\/#\\\/schema\\\/logo\\\/image\\\/\",\"url\":\"https:\\\/\\\/hifmb.de\\\/wp-content\\\/uploads\\\/2021\\\/01\\\/hifmb-logo-neg-de.svg\",\"contentUrl\":\"https:\\\/\\\/hifmb.de\\\/wp-content\\\/uploads\\\/2021\\\/01\\\/hifmb-logo-neg-de.svg\",\"width\":300,\"height\":87,\"caption\":\"HIFMB Oldenburg\"},\"image\":{\"@id\":\"https:\\\/\\\/hifmb.de\\\/#\\\/schema\\\/logo\\\/image\\\/\"}}]}<\/script>\n<!-- \/ Yoast SEO plugin. -->","yoast_head_json":{"title":"Austauschprogramm - EXC\u00b2 - HIFMB Oldenburg","robots":{"index":"index","follow":"follow","max-snippet":"max-snippet:-1","max-image-preview":"max-image-preview:large","max-video-preview":"max-video-preview:-1"},"canonical":"https:\/\/hifmb.de\/de\/forschung\/projekte\/exchange-program\/","og_locale":"de_DE","og_type":"article","og_title":"Austauschprogramm - EXC\u00b2 - HIFMB Oldenburg","og_description":"Die bestehende Zusammenarbeit zwischen der Nelson-Mandela-Universit\u00e4t in Gqeberha (NMU) und der Carl-von-Ossietzky-Universit\u00e4t in Oldenburg (UOL) wurde in den letzten f\u00fcnf Jahren zu einer engen Kooperation zwischen den Meereswissenschaften an beiden Standorten ausgebaut. Dies wurde unmittelbar durch das Institut f\u00fcr K\u00fcsten- und Meeresforschung (CMR) und das Helmholtz-Institut f\u00fcr Funktionelle Marine Biodiversit\u00e4t an der Universit\u00e4t Oldenburg (HIFMB) ...Weiterlesen","og_url":"https:\/\/hifmb.de\/de\/forschung\/projekte\/exchange-program\/","og_site_name":"HIFMB Oldenburg","article_modified_time":"2025-04-09T07:26:11+00:00","og_image":[{"width":2560,"height":720,"url":"https:\/\/hifmb.de\/wp-content\/uploads\/2021\/11\/seagull-1209815.jpg","type":"image\/jpeg"}],"twitter_card":"summary_large_image","twitter_misc":{"Est. reading time":"1 minute"},"schema":{"@context":"https:\/\/schema.org","@graph":[{"@type":"WebPage","@id":"https:\/\/hifmb.de\/de\/forschung\/projekte\/exchange-program\/","url":"https:\/\/hifmb.de\/de\/forschung\/projekte\/exchange-program\/","name":"Austauschprogramm - EXC\u00b2 - HIFMB Oldenburg","isPartOf":{"@id":"https:\/\/hifmb.de\/#website"},"primaryImageOfPage":{"@id":"https:\/\/hifmb.de\/de\/forschung\/projekte\/exchange-program\/#primaryimage"},"image":{"@id":"https:\/\/hifmb.de\/de\/forschung\/projekte\/exchange-program\/#primaryimage"},"thumbnailUrl":"https:\/\/hifmb.de\/wp-content\/uploads\/2021\/11\/seagull-1209815.jpg","datePublished":"2022-01-27T12:42:43+00:00","dateModified":"2025-04-09T07:26:11+00:00","breadcrumb":{"@id":"https:\/\/hifmb.de\/de\/forschung\/projekte\/exchange-program\/#breadcrumb"},"inLanguage":"de-DE","potentialAction":[{"@type":"ReadAction","target":["https:\/\/hifmb.de\/de\/forschung\/projekte\/exchange-program\/"]}]},{"@type":"ImageObject","inLanguage":"de-DE","@id":"https:\/\/hifmb.de\/de\/forschung\/projekte\/exchange-program\/#primaryimage","url":"https:\/\/hifmb.de\/wp-content\/uploads\/2021\/11\/seagull-1209815.jpg","contentUrl":"https:\/\/hifmb.de\/wp-content\/uploads\/2021\/11\/seagull-1209815.jpg","width":2560,"height":720,"caption":"Photo: Pixabay | Free-Photos"},{"@type":"BreadcrumbList","@id":"https:\/\/hifmb.de\/de\/forschung\/projekte\/exchange-program\/#breadcrumb","itemListElement":[{"@type":"ListItem","position":1,"name":"Home","item":"https:\/\/hifmb.de\/de\/"},{"@type":"ListItem","position":2,"name":"Forschung","item":"https:\/\/hifmb.de\/de\/forschung\/"},{"@type":"ListItem","position":3,"name":"Projekte","item":"https:\/\/hifmb.de\/de\/forschung\/projekte\/"},{"@type":"ListItem","position":4,"name":"Austauschprogramm &#8211; EXC\u00b2"}]},{"@type":"WebSite","@id":"https:\/\/hifmb.de\/#website","url":"https:\/\/hifmb.de\/","name":"HIFMB Oldenburg","description":"The Helmholtz Institute for Functional Marine Biodiversity (HIFMB)","publisher":{"@id":"https:\/\/hifmb.de\/#organization"},"potentialAction":[{"@type":"SearchAction","target":{"@type":"EntryPoint","urlTemplate":"https:\/\/hifmb.de\/?s={search_term_string}"},"query-input":{"@type":"PropertyValueSpecification","valueRequired":true,"valueName":"search_term_string"}}],"inLanguage":"de-DE"},{"@type":"Organization","@id":"https:\/\/hifmb.de\/#organization","name":"HIFMB Oldenburg","url":"https:\/\/hifmb.de\/","logo":{"@type":"ImageObject","inLanguage":"de-DE","@id":"https:\/\/hifmb.de\/#\/schema\/logo\/image\/","url":"https:\/\/hifmb.de\/wp-content\/uploads\/2021\/01\/hifmb-logo-neg-de.svg","contentUrl":"https:\/\/hifmb.de\/wp-content\/uploads\/2021\/01\/hifmb-logo-neg-de.svg","width":300,"height":87,"caption":"HIFMB Oldenburg"},"image":{"@id":"https:\/\/hifmb.de\/#\/schema\/logo\/image\/"}}]}},"_links":{"self":[{"href":"https:\/\/hifmb.de\/de\/wp-json\/wp\/v2\/pages\/8347","targetHints":{"allow":["GET"]}}],"collection":[{"href":"https:\/\/hifmb.de\/de\/wp-json\/wp\/v2\/pages"}],"about":[{"href":"https:\/\/hifmb.de\/de\/wp-json\/wp\/v2\/types\/page"}],"author":[{"embeddable":true,"href":"https:\/\/hifmb.de\/de\/wp-json\/wp\/v2\/users\/2"}],"replies":[{"embeddable":true,"href":"https:\/\/hifmb.de\/de\/wp-json\/wp\/v2\/comments?post=8347"}],"version-history":[{"count":4,"href":"https:\/\/hifmb.de\/de\/wp-json\/wp\/v2\/pages\/8347\/revisions"}],"predecessor-version":[{"id":8432,"href":"https:\/\/hifmb.de\/de\/wp-json\/wp\/v2\/pages\/8347\/revisions\/8432"}],"up":[{"embeddable":true,"href":"https:\/\/hifmb.de\/de\/wp-json\/wp\/v2\/pages\/15427"}],"wp:featuredmedia":[{"embeddable":true,"href":"https:\/\/hifmb.de\/de\/wp-json\/wp\/v2\/media\/5587"}],"wp:attachment":[{"href":"https:\/\/hifmb.de\/de\/wp-json\/wp\/v2\/media?parent=8347"}],"curies":[{"name":"wp","href":"https:\/\/api.w.org\/{rel}","templated":true}]}}